{"id":74707,"date":"2025-03-25T10:32:26","date_gmt":"2025-03-25T03:32:26","guid":{"rendered":"https:\/\/casanha.com\/product\/intimu-figue-frivole-tinh-dau-khuech-tan\/"},"modified":"2026-02-18T15:52:52","modified_gmt":"2026-02-18T08:52:52","slug":"intimu-figue-frivole-tinh-dau-khuech-tan","status":"publish","type":"product","link":"https:\/\/casanha.com\/en\/product\/intimu-figue-frivole-tinh-dau-khuech-tan\/","title":{"rendered":"INTIMU &#8220;FIGUE FRIVOLE&#8221; &#8211; TINH D\u1ea6U KHU\u1ebeCH T\u00c1N"},"content":{"rendered":"","protected":false},"excerpt":{"rendered":"<p data-start=\"0\" data-end=\"122\">\u0110\u1eafm m\u00ecnh trong <strong data-start=\"15\" data-end=\"32\">Figue Frivole<\/strong>, m\u1ed9t b\u1ea3n h\u00f2a ca \u0111\u1ea7y ng\u1eabu h\u1ee9ng t\u00f4n vinh nh\u1eefng c\u00e2y sung tr\u0129u qu\u1ea3 d\u01b0\u1edbi n\u1eafng \u0110\u1ecba Trung H\u1ea3i. H\u01b0\u01a1ng th\u01a1m kh\u00f4ng gian n\u00e0y t\u00e1i hi\u1ec7n tr\u1ecdn v\u1eb9n linh h\u1ed3n c\u1ee7a c\u00e2y sung qua s\u1ef1 h\u00f2a quy\u1ec7n gi\u1eefa s\u1eafc xanh t\u01b0\u01a1i m\u00e1t c\u1ee7a l\u00e1, v\u1ecb ng\u1ecdt m\u1ecdng c\u1ee7a tr\u00e1i ch\u00edn v\u00e0 nh\u1eefng t\u1ea7ng h\u01b0\u01a1ng g\u1ed7 \u1ea5m \u00e1p. H\u00e3y \u0111\u1ec3 v\u1ebb n\u00ean th\u01a1 c\u1ee7a <strong data-start=\"320\" data-end=\"337\">Figue Frivole<\/strong> \u0111\u01b0a b\u1ea1n l\u1ea1c b\u01b0\u1edbc v\u00e0o khu v\u01b0\u1eddn tr\u00f9 ph\u00fa, g\u1ee3i l\u00ean m\u00f9i h\u01b0\u01a1ng d\u1ecbu d\u00e0ng c\u1ee7a m\u1ed9t bu\u1ed5i chi\u1ec1u h\u00e8 \u0110\u1ecba Trung H\u1ea3i \u0111\u1ea7y m\u00ea say\/ <em>Submerge yourself in Figue Frivole, a whimsical homage to fig trees flourishing under the Mediterranean sun. This home fragrance embodies the essence of a fig tree through its synthesis of verdant foliage, luscious figs, and woody undertones. Allow the idyll of Figue Frivole to take you to an abundant garden, conjuring the delightful scent of a Mediterranean summer&#8217;s eve.<\/em><\/p>\n","protected":false},"featured_media":111517,"comment_status":"open","ping_status":"closed","template":"","meta":[],"product_brand":[17],"product_cat":[2521],"product_tag":[],"class_list":{"0":"post-74707","1":"product","2":"type-product","3":"status-publish","4":"has-post-thumbnail","6":"product_brand-casanha","7":"product_cat-diffuser","8":"product_shipping_class-fragile-items","9":"pa_dimension-l","10":"pa_dimension-s","12":"first","13":"instock","14":"shipping-taxable","15":"purchasable","16":"product-type-variable","17":"rtwpvs-product"},"yoast_head":"<!-- This site is optimized with the Yoast SEO plugin v27.1.1 - https:\/\/yoast.com\/product\/yoast-seo-wordpress\/ -->\n<title>INTIMU &quot;FIGUE FRIVOLE&quot; - TINH D\u1ea6U KHU\u1ebeCH T\u00c1N - Casanha<\/title>\n<meta name=\"robots\" content=\"index, follow, max-snippet:-1, max-image-preview:large, max-video-preview:-1\" \/>\n<link rel=\"canonical\" href=\"https:\/\/casanha.com\/en\/san-pham\/intimu-figue-frivole-tinh-dau-khuech-tan\/\" \/>\n<meta property=\"og:locale\" content=\"en_US\" \/>\n<meta property=\"og:type\" content=\"article\" \/>\n<meta property=\"og:title\" content=\"INTIMU &quot;FIGUE FRIVOLE&quot; - TINH D\u1ea6U KHU\u1ebeCH T\u00c1N - Casanha\" \/>\n<meta property=\"og:description\" content=\"\u0110\u1eafm m\u00ecnh trong Figue Frivole, m\u1ed9t b\u1ea3n h\u00f2a ca \u0111\u1ea7y ng\u1eabu h\u1ee9ng t\u00f4n vinh nh\u1eefng c\u00e2y sung tr\u0129u qu\u1ea3 d\u01b0\u1edbi n\u1eafng \u0110\u1ecba Trung H\u1ea3i. H\u01b0\u01a1ng th\u01a1m kh\u00f4ng gian n\u00e0y t\u00e1i hi\u1ec7n tr\u1ecdn v\u1eb9n linh h\u1ed3n c\u1ee7a c\u00e2y sung qua s\u1ef1 h\u00f2a quy\u1ec7n gi\u1eefa s\u1eafc xanh t\u01b0\u01a1i m\u00e1t c\u1ee7a l\u00e1, v\u1ecb ng\u1ecdt m\u1ecdng c\u1ee7a tr\u00e1i ch\u00edn v\u00e0 nh\u1eefng t\u1ea7ng h\u01b0\u01a1ng g\u1ed7 \u1ea5m \u00e1p. H\u00e3y \u0111\u1ec3 v\u1ebb n\u00ean th\u01a1 c\u1ee7a Figue Frivole \u0111\u01b0a b\u1ea1n l\u1ea1c b\u01b0\u1edbc v\u00e0o khu v\u01b0\u1eddn tr\u00f9 ph\u00fa, g\u1ee3i l\u00ean m\u00f9i h\u01b0\u01a1ng d\u1ecbu d\u00e0ng c\u1ee7a m\u1ed9t bu\u1ed5i chi\u1ec1u h\u00e8 \u0110\u1ecba Trung H\u1ea3i \u0111\u1ea7y m\u00ea say\/ Submerge yourself in Figue Frivole, a whimsical homage to fig trees flourishing under the Mediterranean sun. This home fragrance embodies the essence of a fig tree through its synthesis of verdant foliage, luscious figs, and woody undertones. Allow the idyll of Figue Frivole to take you to an abundant garden, conjuring the delightful scent of a Mediterranean summer&#039;s eve.\" \/>\n<meta property=\"og:url\" content=\"https:\/\/casanha.com\/en\/san-pham\/intimu-figue-frivole-tinh-dau-khuech-tan\/\" \/>\n<meta property=\"og:site_name\" content=\"Casanha\" \/>\n<meta property=\"article:publisher\" content=\"https:\/\/www.facebook.com\/CasanhaHome\" \/>\n<meta property=\"article:modified_time\" content=\"2026-02-18T08:52:52+00:00\" \/>\n<meta property=\"og:image\" content=\"https:\/\/casanha-beta.s3.ap-southeast-1.amazonaws.com\/2025\/03\/Intimu-diffuseur-S-Fig-pic-1.png\" \/>\n\t<meta property=\"og:image:width\" content=\"1080\" \/>\n\t<meta property=\"og:image:height\" content=\"1350\" \/>\n\t<meta property=\"og:image:type\" content=\"image\/png\" \/>\n<meta name=\"twitter:card\" content=\"summary_large_image\" \/>\n<script type=\"application\/ld+json\" class=\"yoast-schema-graph\">{\"@context\":\"https:\/\/schema.org\",\"@graph\":[{\"@type\":\"WebPage\",\"@id\":\"https:\/\/casanha.com\/vi\/san-pham\/intimu-figue-frivole-tinh-dau-khuech-tan\/\",\"url\":\"https:\/\/casanha.com\/vi\/san-pham\/intimu-figue-frivole-tinh-dau-khuech-tan\/\",\"name\":\"INTIMU \\\"FIGUE FRIVOLE\\\" - TINH D\u1ea6U KHU\u1ebeCH T\u00c1N - Casanha\",\"isPartOf\":{\"@id\":\"https:\/\/casanha.com\/vi\/#website\"},\"primaryImageOfPage\":{\"@id\":\"https:\/\/casanha.com\/vi\/san-pham\/intimu-figue-frivole-tinh-dau-khuech-tan\/#primaryimage\"},\"image\":{\"@id\":\"https:\/\/casanha.com\/vi\/san-pham\/intimu-figue-frivole-tinh-dau-khuech-tan\/#primaryimage\"},\"thumbnailUrl\":\"https:\/\/casanha-beta.s3.ap-southeast-1.amazonaws.com\/2025\/03\/Intimu-diffuseur-S-Fig-pic-1.png\",\"datePublished\":\"2025-03-25T03:32:26+00:00\",\"dateModified\":\"2026-02-18T08:52:52+00:00\",\"breadcrumb\":{\"@id\":\"https:\/\/casanha.com\/vi\/san-pham\/intimu-figue-frivole-tinh-dau-khuech-tan\/#breadcrumb\"},\"inLanguage\":\"en-US\",\"potentialAction\":[{\"@type\":\"ReadAction\",\"target\":[\"https:\/\/casanha.com\/vi\/san-pham\/intimu-figue-frivole-tinh-dau-khuech-tan\/\"]}]},{\"@type\":\"ImageObject\",\"inLanguage\":\"en-US\",\"@id\":\"https:\/\/casanha.com\/vi\/san-pham\/intimu-figue-frivole-tinh-dau-khuech-tan\/#primaryimage\",\"url\":\"https:\/\/casanha-beta.s3.ap-southeast-1.amazonaws.com\/2025\/03\/Intimu-diffuseur-S-Fig-pic-1.png\",\"contentUrl\":\"https:\/\/casanha-beta.s3.ap-southeast-1.amazonaws.com\/2025\/03\/Intimu-diffuseur-S-Fig-pic-1.png\",\"width\":1080,\"height\":1350},{\"@type\":\"BreadcrumbList\",\"@id\":\"https:\/\/casanha.com\/vi\/san-pham\/intimu-figue-frivole-tinh-dau-khuech-tan\/#breadcrumb\",\"itemListElement\":[{\"@type\":\"ListItem\",\"position\":1,\"name\":\"Home\",\"item\":\"https:\/\/casanha.com\/\"},{\"@type\":\"ListItem\",\"position\":2,\"name\":\"C\u1eeda h\u00e0ng\",\"item\":\"https:\/\/casanha.com\/vi\/cua-hang\/\"},{\"@type\":\"ListItem\",\"position\":3,\"name\":\"INTIMU &#8220;FIGUE FRIVOLE&#8221; &#8211; TINH D\u1ea6U KHU\u1ebeCH T\u00c1N\"}]},{\"@type\":\"WebSite\",\"@id\":\"https:\/\/casanha.com\/vi\/#website\",\"url\":\"https:\/\/casanha.com\/vi\/\",\"name\":\"Casanha\",\"description\":\"Home Decor &amp; Furniture\",\"publisher\":{\"@id\":\"https:\/\/casanha.com\/vi\/#organization\"},\"potentialAction\":[{\"@type\":\"SearchAction\",\"target\":{\"@type\":\"EntryPoint\",\"urlTemplate\":\"https:\/\/casanha.com\/vi\/?s={search_term_string}\"},\"query-input\":{\"@type\":\"PropertyValueSpecification\",\"valueRequired\":true,\"valueName\":\"search_term_string\"}}],\"inLanguage\":\"en-US\"},{\"@type\":\"Organization\",\"@id\":\"https:\/\/casanha.com\/vi\/#organization\",\"name\":\"Casanha\",\"url\":\"https:\/\/casanha.com\/vi\/\",\"logo\":{\"@type\":\"ImageObject\",\"inLanguage\":\"en-US\",\"@id\":\"https:\/\/casanha.com\/vi\/#\/schema\/logo\/image\/\",\"url\":\"https:\/\/casanha-beta.s3.ap-southeast-1.amazonaws.com\/2026\/02\/logo-2026.jpg\",\"contentUrl\":\"https:\/\/casanha-beta.s3.ap-southeast-1.amazonaws.com\/2026\/02\/logo-2026.jpg\",\"width\":1500,\"height\":1500,\"caption\":\"Casanha\"},\"image\":{\"@id\":\"https:\/\/casanha.com\/vi\/#\/schema\/logo\/image\/\"},\"sameAs\":[\"https:\/\/www.facebook.com\/CasanhaHome\",\"https:\/\/www.instagram.com\/casanhahome\/\",\"https:\/\/www.youtube.com\/@casanha\",\"https:\/\/www.tiktok.com\/@casanha.com\",\"https:\/\/zalo.me\/casanhahome\"]}]}<\/script>\n<!-- \/ Yoast SEO plugin. -->","yoast_head_json":{"title":"INTIMU \"FIGUE FRIVOLE\" - TINH D\u1ea6U KHU\u1ebeCH T\u00c1N - Casanha","robots":{"index":"index","follow":"follow","max-snippet":"max-snippet:-1","max-image-preview":"max-image-preview:large","max-video-preview":"max-video-preview:-1"},"canonical":"https:\/\/casanha.com\/en\/san-pham\/intimu-figue-frivole-tinh-dau-khuech-tan\/","og_locale":"en_US","og_type":"article","og_title":"INTIMU \"FIGUE FRIVOLE\" - TINH D\u1ea6U KHU\u1ebeCH T\u00c1N - Casanha","og_description":"\u0110\u1eafm m\u00ecnh trong Figue Frivole, m\u1ed9t b\u1ea3n h\u00f2a ca \u0111\u1ea7y ng\u1eabu h\u1ee9ng t\u00f4n vinh nh\u1eefng c\u00e2y sung tr\u0129u qu\u1ea3 d\u01b0\u1edbi n\u1eafng \u0110\u1ecba Trung H\u1ea3i. H\u01b0\u01a1ng th\u01a1m kh\u00f4ng gian n\u00e0y t\u00e1i hi\u1ec7n tr\u1ecdn v\u1eb9n linh h\u1ed3n c\u1ee7a c\u00e2y sung qua s\u1ef1 h\u00f2a quy\u1ec7n gi\u1eefa s\u1eafc xanh t\u01b0\u01a1i m\u00e1t c\u1ee7a l\u00e1, v\u1ecb ng\u1ecdt m\u1ecdng c\u1ee7a tr\u00e1i ch\u00edn v\u00e0 nh\u1eefng t\u1ea7ng h\u01b0\u01a1ng g\u1ed7 \u1ea5m \u00e1p. H\u00e3y \u0111\u1ec3 v\u1ebb n\u00ean th\u01a1 c\u1ee7a Figue Frivole \u0111\u01b0a b\u1ea1n l\u1ea1c b\u01b0\u1edbc v\u00e0o khu v\u01b0\u1eddn tr\u00f9 ph\u00fa, g\u1ee3i l\u00ean m\u00f9i h\u01b0\u01a1ng d\u1ecbu d\u00e0ng c\u1ee7a m\u1ed9t bu\u1ed5i chi\u1ec1u h\u00e8 \u0110\u1ecba Trung H\u1ea3i \u0111\u1ea7y m\u00ea say\/ Submerge yourself in Figue Frivole, a whimsical homage to fig trees flourishing under the Mediterranean sun. This home fragrance embodies the essence of a fig tree through its synthesis of verdant foliage, luscious figs, and woody undertones. Allow the idyll of Figue Frivole to take you to an abundant garden, conjuring the delightful scent of a Mediterranean summer's eve.","og_url":"https:\/\/casanha.com\/en\/san-pham\/intimu-figue-frivole-tinh-dau-khuech-tan\/","og_site_name":"Casanha","article_publisher":"https:\/\/www.facebook.com\/CasanhaHome","article_modified_time":"2026-02-18T08:52:52+00:00","og_image":[{"width":1080,"height":1350,"url":"https:\/\/casanha-beta.s3.ap-southeast-1.amazonaws.com\/2025\/03\/Intimu-diffuseur-S-Fig-pic-1.png","type":"image\/png"}],"twitter_card":"summary_large_image","schema":{"@context":"https:\/\/schema.org","@graph":[{"@type":"WebPage","@id":"https:\/\/casanha.com\/vi\/san-pham\/intimu-figue-frivole-tinh-dau-khuech-tan\/","url":"https:\/\/casanha.com\/vi\/san-pham\/intimu-figue-frivole-tinh-dau-khuech-tan\/","name":"INTIMU \"FIGUE FRIVOLE\" - TINH D\u1ea6U KHU\u1ebeCH T\u00c1N - Casanha","isPartOf":{"@id":"https:\/\/casanha.com\/vi\/#website"},"primaryImageOfPage":{"@id":"https:\/\/casanha.com\/vi\/san-pham\/intimu-figue-frivole-tinh-dau-khuech-tan\/#primaryimage"},"image":{"@id":"https:\/\/casanha.com\/vi\/san-pham\/intimu-figue-frivole-tinh-dau-khuech-tan\/#primaryimage"},"thumbnailUrl":"https:\/\/casanha-beta.s3.ap-southeast-1.amazonaws.com\/2025\/03\/Intimu-diffuseur-S-Fig-pic-1.png","datePublished":"2025-03-25T03:32:26+00:00","dateModified":"2026-02-18T08:52:52+00:00","breadcrumb":{"@id":"https:\/\/casanha.com\/vi\/san-pham\/intimu-figue-frivole-tinh-dau-khuech-tan\/#breadcrumb"},"inLanguage":"en-US","potentialAction":[{"@type":"ReadAction","target":["https:\/\/casanha.com\/vi\/san-pham\/intimu-figue-frivole-tinh-dau-khuech-tan\/"]}]},{"@type":"ImageObject","inLanguage":"en-US","@id":"https:\/\/casanha.com\/vi\/san-pham\/intimu-figue-frivole-tinh-dau-khuech-tan\/#primaryimage","url":"https:\/\/casanha-beta.s3.ap-southeast-1.amazonaws.com\/2025\/03\/Intimu-diffuseur-S-Fig-pic-1.png","contentUrl":"https:\/\/casanha-beta.s3.ap-southeast-1.amazonaws.com\/2025\/03\/Intimu-diffuseur-S-Fig-pic-1.png","width":1080,"height":1350},{"@type":"BreadcrumbList","@id":"https:\/\/casanha.com\/vi\/san-pham\/intimu-figue-frivole-tinh-dau-khuech-tan\/#breadcrumb","itemListElement":[{"@type":"ListItem","position":1,"name":"Home","item":"https:\/\/casanha.com\/"},{"@type":"ListItem","position":2,"name":"C\u1eeda h\u00e0ng","item":"https:\/\/casanha.com\/vi\/cua-hang\/"},{"@type":"ListItem","position":3,"name":"INTIMU &#8220;FIGUE FRIVOLE&#8221; &#8211; TINH D\u1ea6U KHU\u1ebeCH T\u00c1N"}]},{"@type":"WebSite","@id":"https:\/\/casanha.com\/vi\/#website","url":"https:\/\/casanha.com\/vi\/","name":"Casanha","description":"Home Decor &amp; Furniture","publisher":{"@id":"https:\/\/casanha.com\/vi\/#organization"},"potentialAction":[{"@type":"SearchAction","target":{"@type":"EntryPoint","urlTemplate":"https:\/\/casanha.com\/vi\/?s={search_term_string}"},"query-input":{"@type":"PropertyValueSpecification","valueRequired":true,"valueName":"search_term_string"}}],"inLanguage":"en-US"},{"@type":"Organization","@id":"https:\/\/casanha.com\/vi\/#organization","name":"Casanha","url":"https:\/\/casanha.com\/vi\/","logo":{"@type":"ImageObject","inLanguage":"en-US","@id":"https:\/\/casanha.com\/vi\/#\/schema\/logo\/image\/","url":"https:\/\/casanha-beta.s3.ap-southeast-1.amazonaws.com\/2026\/02\/logo-2026.jpg","contentUrl":"https:\/\/casanha-beta.s3.ap-southeast-1.amazonaws.com\/2026\/02\/logo-2026.jpg","width":1500,"height":1500,"caption":"Casanha"},"image":{"@id":"https:\/\/casanha.com\/vi\/#\/schema\/logo\/image\/"},"sameAs":["https:\/\/www.facebook.com\/CasanhaHome","https:\/\/www.instagram.com\/casanhahome\/","https:\/\/www.youtube.com\/@casanha","https:\/\/www.tiktok.com\/@casanha.com","https:\/\/zalo.me\/casanhahome"]}]}},"_links":{"self":[{"href":"https:\/\/casanha.com\/en\/wp-json\/wp\/v2\/product\/74707","targetHints":{"allow":["GET"]}}],"collection":[{"href":"https:\/\/casanha.com\/en\/wp-json\/wp\/v2\/product"}],"about":[{"href":"https:\/\/casanha.com\/en\/wp-json\/wp\/v2\/types\/product"}],"replies":[{"embeddable":true,"href":"https:\/\/casanha.com\/en\/wp-json\/wp\/v2\/comments?post=74707"}],"version-history":[{"count":5,"href":"https:\/\/casanha.com\/en\/wp-json\/wp\/v2\/product\/74707\/revisions"}],"predecessor-version":[{"id":111535,"href":"https:\/\/casanha.com\/en\/wp-json\/wp\/v2\/product\/74707\/revisions\/111535"}],"wp:featuredmedia":[{"embeddable":true,"href":"https:\/\/casanha.com\/en\/wp-json\/wp\/v2\/media\/111517"}],"wp:attachment":[{"href":"https:\/\/casanha.com\/en\/wp-json\/wp\/v2\/media?parent=74707"}],"wp:term":[{"taxonomy":"product_brand","embeddable":true,"href":"https:\/\/casanha.com\/en\/wp-json\/wp\/v2\/product_brand?post=74707"},{"taxonomy":"product_cat","embeddable":true,"href":"https:\/\/casanha.com\/en\/wp-json\/wp\/v2\/product_cat?post=74707"},{"taxonomy":"product_tag","embeddable":true,"href":"https:\/\/casanha.com\/en\/wp-json\/wp\/v2\/product_tag?post=74707"}],"curies":[{"name":"wp","href":"https:\/\/api.w.org\/{rel}","templated":true}]}}