{"id":73951,"date":"2025-02-22T13:05:42","date_gmt":"2025-02-22T06:05:42","guid":{"rendered":"https:\/\/casanha.com\/product\/palem-hoa-kho\/"},"modified":"2026-02-20T15:19:23","modified_gmt":"2026-02-20T08:19:23","slug":"palem-hoa-kho","status":"publish","type":"product","link":"https:\/\/casanha.com\/en\/product\/palem-hoa-kho\/","title":{"rendered":"PALEM &#8211; HOA KH\u00d4"},"content":{"rendered":"","protected":false},"excerpt":{"rendered":"<div class=\"kv-card\">\n<div class=\"kv-card-body\">\n<div class=\"text-desciption ng-binding\"><strong><span lang=\"EN-US\">Th\u00f4ng tin s\u1ea3n ph\u1ea9m\/\u00a0<em>Product information<\/em><\/span><\/strong><span lang=\"EN-US\">M\u00e0u s\u1eafc\/\u00a0<em>Color:\u00a0<\/em><\/span><span lang=\"VI\">T\u1ef1 nhi\u00ean<\/span><span lang=\"EN-US\">\/\u00a0<em>Natural<br \/>\n<\/em><\/span><span lang=\"EN-US\">Ch\u1ea5t li\u1ec7u\/\u00a0<em>Materials<\/em>:\u00a0<\/span><span lang=\"EN-US\">C\u00e2y kh\u00f4 &amp; c<\/span><span lang=\"VI\">\u00e2y tre<\/span><span lang=\"EN-US\">\/\u00a0<em>Dried plant &amp; bamboo<br \/>\n<\/em><\/span>K\u00edch th\u01b0\u1edbc\/\u00a0<em>Dimensions<\/em>: H200cm<span lang=\"EN-US\">B\u1ed9 s\u01b0u t\u1eadp\/\u00a0<em>Collection<\/em>: Kh\u00f4ng c\u00f3\/<em>\u00a0None<br \/>\n<\/em><\/span><span lang=\"EN-US\">Phong c\u00e1ch\/\u00a0<em>Style<\/em>: Casanh\u00e0<\/span>C\u00e2n n\u1eb7ng\/\u00a0<em>Weight<\/em>: kg<br \/>\n<span lang=\"EN-US\">Bao b\u00ec\/\u00a0<em>Packaging<\/em>: Standard<br \/>\n<\/span><span lang=\"EN-US\">N\u01b0\u1edbc xu\u1ea5t x\u1ee9\/\u00a0<em>Country of origin<\/em>: Indonesia<\/span><\/p>\n<\/div>\n<\/div>\n<\/div>\n","protected":false},"featured_media":98717,"comment_status":"open","ping_status":"closed","template":"","meta":[],"product_brand":[18],"product_cat":[2561],"product_tag":[],"class_list":{"0":"post-73951","1":"product","2":"type-product","3":"status-publish","4":"has-post-thumbnail","6":"product_brand-nomanha","7":"product_cat-dried-plants","8":"product_shipping_class-fragile-items","10":"first","11":"instock","12":"shipping-taxable","13":"purchasable","14":"product-type-simple"},"yoast_head":"<!-- This site is optimized with the Yoast SEO plugin v27.1.1 - https:\/\/yoast.com\/product\/yoast-seo-wordpress\/ -->\n<title>PALEM - HOA KH\u00d4 - Casanha<\/title>\n<meta name=\"robots\" content=\"index, follow, max-snippet:-1, max-image-preview:large, max-video-preview:-1\" \/>\n<link rel=\"canonical\" href=\"https:\/\/casanha.com\/en\/product\/palem-hoa-kho\/\" \/>\n<meta property=\"og:locale\" content=\"en_US\" \/>\n<meta property=\"og:type\" content=\"article\" \/>\n<meta property=\"og:title\" content=\"PALEM - HOA KH\u00d4 - Casanha\" \/>\n<meta property=\"og:description\" content=\"Th\u00f4ng tin s\u1ea3n ph\u1ea9m\/\u00a0Product informationM\u00e0u s\u1eafc\/\u00a0Color:\u00a0T\u1ef1 nhi\u00ean\/\u00a0Natural Ch\u1ea5t li\u1ec7u\/\u00a0Materials:\u00a0C\u00e2y kh\u00f4 &amp; c\u00e2y tre\/\u00a0Dried plant &amp; bamboo K\u00edch th\u01b0\u1edbc\/\u00a0Dimensions: H200cmB\u1ed9 s\u01b0u t\u1eadp\/\u00a0Collection: Kh\u00f4ng c\u00f3\/\u00a0None Phong c\u00e1ch\/\u00a0Style: Casanh\u00e0C\u00e2n n\u1eb7ng\/\u00a0Weight: kg Bao b\u00ec\/\u00a0Packaging: Standard N\u01b0\u1edbc xu\u1ea5t x\u1ee9\/\u00a0Country of origin: Indonesia\" \/>\n<meta property=\"og:url\" content=\"https:\/\/casanha.com\/en\/product\/palem-hoa-kho\/\" \/>\n<meta property=\"og:site_name\" content=\"Casanha\" \/>\n<meta property=\"article:modified_time\" content=\"2026-02-20T08:19:23+00:00\" \/>\n<meta property=\"og:image\" content=\"https:\/\/casanha-beta.s3.ap-southeast-1.amazonaws.com\/2025\/06\/kiotviet_a616a99f6ef72401590abc35559a8d3e.jpg\" \/>\n\t<meta property=\"og:image:width\" content=\"600\" \/>\n\t<meta property=\"og:image:height\" content=\"600\" \/>\n\t<meta property=\"og:image:type\" content=\"image\/jpeg\" \/>\n<meta name=\"twitter:card\" content=\"summary_large_image\" \/>\n<script type=\"application\/ld+json\" class=\"yoast-schema-graph\">{\"@context\":\"https:\/\/schema.org\",\"@graph\":[{\"@type\":\"WebPage\",\"@id\":\"https:\/\/casanha.com\/product\/palem-hoa-kho\/\",\"url\":\"https:\/\/casanha.com\/product\/palem-hoa-kho\/\",\"name\":\"PALEM - HOA KH\u00d4 - Casanha\",\"isPartOf\":{\"@id\":\"https:\/\/casanha.com\/vi\/#website\"},\"primaryImageOfPage\":{\"@id\":\"https:\/\/casanha.com\/product\/palem-hoa-kho\/#primaryimage\"},\"image\":{\"@id\":\"https:\/\/casanha.com\/product\/palem-hoa-kho\/#primaryimage\"},\"thumbnailUrl\":\"https:\/\/casanha-beta.s3.ap-southeast-1.amazonaws.com\/2025\/06\/kiotviet_a616a99f6ef72401590abc35559a8d3e.jpg\",\"datePublished\":\"2025-02-22T06:05:42+00:00\",\"dateModified\":\"2026-02-20T08:19:23+00:00\",\"breadcrumb\":{\"@id\":\"https:\/\/casanha.com\/product\/palem-hoa-kho\/#breadcrumb\"},\"inLanguage\":\"en-US\",\"potentialAction\":[{\"@type\":\"ReadAction\",\"target\":[\"https:\/\/casanha.com\/product\/palem-hoa-kho\/\"]}]},{\"@type\":\"ImageObject\",\"inLanguage\":\"en-US\",\"@id\":\"https:\/\/casanha.com\/product\/palem-hoa-kho\/#primaryimage\",\"url\":\"https:\/\/casanha-beta.s3.ap-southeast-1.amazonaws.com\/2025\/06\/kiotviet_a616a99f6ef72401590abc35559a8d3e.jpg\",\"contentUrl\":\"https:\/\/casanha-beta.s3.ap-southeast-1.amazonaws.com\/2025\/06\/kiotviet_a616a99f6ef72401590abc35559a8d3e.jpg\",\"width\":600,\"height\":600},{\"@type\":\"BreadcrumbList\",\"@id\":\"https:\/\/casanha.com\/product\/palem-hoa-kho\/#breadcrumb\",\"itemListElement\":[{\"@type\":\"ListItem\",\"position\":1,\"name\":\"Home\",\"item\":\"https:\/\/casanha.com\/\"},{\"@type\":\"ListItem\",\"position\":2,\"name\":\"C\u1eeda h\u00e0ng\",\"item\":\"https:\/\/casanha.com\/vi\/cua-hang\/\"},{\"@type\":\"ListItem\",\"position\":3,\"name\":\"PALEM &#8211; HOA KH\u00d4\"}]},{\"@type\":\"WebSite\",\"@id\":\"https:\/\/casanha.com\/vi\/#website\",\"url\":\"https:\/\/casanha.com\/vi\/\",\"name\":\"Casanha\",\"description\":\"Home Decor &amp; Furniture\",\"potentialAction\":[{\"@type\":\"SearchAction\",\"target\":{\"@type\":\"EntryPoint\",\"urlTemplate\":\"https:\/\/casanha.com\/vi\/?s={search_term_string}\"},\"query-input\":{\"@type\":\"PropertyValueSpecification\",\"valueRequired\":true,\"valueName\":\"search_term_string\"}}],\"inLanguage\":\"en-US\"}]}<\/script>\n<!-- \/ Yoast SEO plugin. -->","yoast_head_json":{"title":"PALEM - HOA KH\u00d4 - Casanha","robots":{"index":"index","follow":"follow","max-snippet":"max-snippet:-1","max-image-preview":"max-image-preview:large","max-video-preview":"max-video-preview:-1"},"canonical":"https:\/\/casanha.com\/en\/product\/palem-hoa-kho\/","og_locale":"en_US","og_type":"article","og_title":"PALEM - HOA KH\u00d4 - Casanha","og_description":"Th\u00f4ng tin s\u1ea3n ph\u1ea9m\/\u00a0Product informationM\u00e0u s\u1eafc\/\u00a0Color:\u00a0T\u1ef1 nhi\u00ean\/\u00a0Natural Ch\u1ea5t li\u1ec7u\/\u00a0Materials:\u00a0C\u00e2y kh\u00f4 &amp; c\u00e2y tre\/\u00a0Dried plant &amp; bamboo K\u00edch th\u01b0\u1edbc\/\u00a0Dimensions: H200cmB\u1ed9 s\u01b0u t\u1eadp\/\u00a0Collection: Kh\u00f4ng c\u00f3\/\u00a0None Phong c\u00e1ch\/\u00a0Style: Casanh\u00e0C\u00e2n n\u1eb7ng\/\u00a0Weight: kg Bao b\u00ec\/\u00a0Packaging: Standard N\u01b0\u1edbc xu\u1ea5t x\u1ee9\/\u00a0Country of origin: Indonesia","og_url":"https:\/\/casanha.com\/en\/product\/palem-hoa-kho\/","og_site_name":"Casanha","article_modified_time":"2026-02-20T08:19:23+00:00","og_image":[{"width":600,"height":600,"url":"https:\/\/casanha-beta.s3.ap-southeast-1.amazonaws.com\/2025\/06\/kiotviet_a616a99f6ef72401590abc35559a8d3e.jpg","type":"image\/jpeg"}],"twitter_card":"summary_large_image","schema":{"@context":"https:\/\/schema.org","@graph":[{"@type":"WebPage","@id":"https:\/\/casanha.com\/product\/palem-hoa-kho\/","url":"https:\/\/casanha.com\/product\/palem-hoa-kho\/","name":"PALEM - HOA KH\u00d4 - Casanha","isPartOf":{"@id":"https:\/\/casanha.com\/vi\/#website"},"primaryImageOfPage":{"@id":"https:\/\/casanha.com\/product\/palem-hoa-kho\/#primaryimage"},"image":{"@id":"https:\/\/casanha.com\/product\/palem-hoa-kho\/#primaryimage"},"thumbnailUrl":"https:\/\/casanha-beta.s3.ap-southeast-1.amazonaws.com\/2025\/06\/kiotviet_a616a99f6ef72401590abc35559a8d3e.jpg","datePublished":"2025-02-22T06:05:42+00:00","dateModified":"2026-02-20T08:19:23+00:00","breadcrumb":{"@id":"https:\/\/casanha.com\/product\/palem-hoa-kho\/#breadcrumb"},"inLanguage":"en-US","potentialAction":[{"@type":"ReadAction","target":["https:\/\/casanha.com\/product\/palem-hoa-kho\/"]}]},{"@type":"ImageObject","inLanguage":"en-US","@id":"https:\/\/casanha.com\/product\/palem-hoa-kho\/#primaryimage","url":"https:\/\/casanha-beta.s3.ap-southeast-1.amazonaws.com\/2025\/06\/kiotviet_a616a99f6ef72401590abc35559a8d3e.jpg","contentUrl":"https:\/\/casanha-beta.s3.ap-southeast-1.amazonaws.com\/2025\/06\/kiotviet_a616a99f6ef72401590abc35559a8d3e.jpg","width":600,"height":600},{"@type":"BreadcrumbList","@id":"https:\/\/casanha.com\/product\/palem-hoa-kho\/#breadcrumb","itemListElement":[{"@type":"ListItem","position":1,"name":"Home","item":"https:\/\/casanha.com\/"},{"@type":"ListItem","position":2,"name":"C\u1eeda h\u00e0ng","item":"https:\/\/casanha.com\/vi\/cua-hang\/"},{"@type":"ListItem","position":3,"name":"PALEM &#8211; HOA KH\u00d4"}]},{"@type":"WebSite","@id":"https:\/\/casanha.com\/vi\/#website","url":"https:\/\/casanha.com\/vi\/","name":"Casanha","description":"Home Decor &amp; Furniture","potentialAction":[{"@type":"SearchAction","target":{"@type":"EntryPoint","urlTemplate":"https:\/\/casanha.com\/vi\/?s={search_term_string}"},"query-input":{"@type":"PropertyValueSpecification","valueRequired":true,"valueName":"search_term_string"}}],"inLanguage":"en-US"}]}},"_links":{"self":[{"href":"https:\/\/casanha.com\/en\/wp-json\/wp\/v2\/product\/73951","targetHints":{"allow":["GET"]}}],"collection":[{"href":"https:\/\/casanha.com\/en\/wp-json\/wp\/v2\/product"}],"about":[{"href":"https:\/\/casanha.com\/en\/wp-json\/wp\/v2\/types\/product"}],"replies":[{"embeddable":true,"href":"https:\/\/casanha.com\/en\/wp-json\/wp\/v2\/comments?post=73951"}],"version-history":[{"count":10,"href":"https:\/\/casanha.com\/en\/wp-json\/wp\/v2\/product\/73951\/revisions"}],"predecessor-version":[{"id":109461,"href":"https:\/\/casanha.com\/en\/wp-json\/wp\/v2\/product\/73951\/revisions\/109461"}],"wp:featuredmedia":[{"embeddable":true,"href":"https:\/\/casanha.com\/en\/wp-json\/wp\/v2\/media\/98717"}],"wp:attachment":[{"href":"https:\/\/casanha.com\/en\/wp-json\/wp\/v2\/media?parent=73951"}],"wp:term":[{"taxonomy":"product_brand","embeddable":true,"href":"https:\/\/casanha.com\/en\/wp-json\/wp\/v2\/product_brand?post=73951"},{"taxonomy":"product_cat","embeddable":true,"href":"https:\/\/casanha.com\/en\/wp-json\/wp\/v2\/product_cat?post=73951"},{"taxonomy":"product_tag","embeddable":true,"href":"https:\/\/casanha.com\/en\/wp-json\/wp\/v2\/product_tag?post=73951"}],"curies":[{"name":"wp","href":"https:\/\/api.w.org\/{rel}","templated":true}]}}