{"id":73949,"date":"2025-02-22T13:05:40","date_gmt":"2025-02-22T06:05:40","guid":{"rendered":"https:\/\/casanha.com\/product\/susunane-den-treo\/"},"modified":"2026-04-03T08:43:17","modified_gmt":"2026-04-03T01:43:17","slug":"susunane-den-treo","status":"publish","type":"product","link":"https:\/\/casanha.com\/en\/product\/susunane-den-treo\/","title":{"rendered":"SUSUNANE &#8211; \u0110\u00c8N TREO"},"content":{"rendered":"","protected":false},"excerpt":{"rendered":"<p><strong><span lang=\"EN-US\">Th\u00f4ng tin s\u1ea3n ph\u1ea9m\/\u00a0<em>Product information<\/em><\/span><\/strong><\/p>\n<p><span lang=\"EN-US\">M\u00e0u s\u1eafc\/\u00a0<em>Color:\u00a0<\/em><\/span>T\u1ef1 nhi\u00ean &amp; n\u00e2u<span lang=\"EN-US\">\/\u00a0<em>Natural &amp; brown<br \/>\n<\/em><\/span><span lang=\"EN-US\">Ch\u1ea5t li\u1ec7u\/\u00a0<em>Materials<\/em>: M\u00e2y,<\/span><span lang=\"EN-US\">\u00a0k<\/span><span lang=\"EN-US\">im lo\u1ea1i &amp; g<\/span><span lang=\"VI\">\u1ed7 b\u1ea1ch d\u01b0\u01a1ng<\/span><span lang=\"EN-US\">\/\u00a0<em>Rattan, m<\/em><em>etal &amp; albasia wood<br \/>\n<\/em><\/span>K\u00edch th\u01b0\u1edbc\/\u00a0<em>Dimensions<\/em>: D60 x H37cm<br \/>\nKi\u1ec3u c\u00e0i \u0111\u1eb7t\/\u00a0<em>Type of installation<\/em>: \u0110\u1ec3 treo\/\u00a0<em>To hang<br \/>\n<\/em><span lang=\"EN-US\">Ph\u01b0\u01a1ng ph\u00e1p\/\u00a0<em>Method<\/em>: Hoa tay\/\u00a0<em>Handicraft<\/em><br \/>\n<\/span>Ch\u1ee9ng nh\u1eadn\/<em>Certification<\/em>: CE certified<br \/>\n<span lang=\"EN-US\">\u0110<\/span>ui \u0111\u00e8n\/\u00a0<em>Bulb cap<\/em>\u00a0: E27<br \/>\n<span lang=\"EN-US\">Lo\u1ea1i ph\u00edch c\u1eafm\/\u00a0<em>Plug type<\/em>:\u00a0<\/span><span lang=\"EN-US\">K\u1ebft n\u1ed1i c\u00e1p \u0111i\u1ec7n\/\u00a0<em>Electric cable connection<br \/>\n<\/em><\/span><span lang=\"EN-US\">Chi\u1ec1u d\u00e0i c\u00e1p \u0111i\u1ec7n\/\u00a0<em>Electric table length<\/em>: L100cm<br \/>\n<\/span><span lang=\"EN-US\">K\u00e8m b\u00f3ng \u0111\u00e8n\/\u00a0<em>Bulb included<\/em>: Kh\u00f4ng\/\u00a0<em>No<\/em><\/span><\/p>\n<p><span lang=\"EN-US\">B\u1ed9 s\u01b0u t\u1eadp\/\u00a0<em>Collection<\/em>:\u00a0<\/span>Kh\u00f4ng c\u00f3\/\u00a0<em>None<br \/>\n<\/em><span lang=\"EN-US\">Phong c\u00e1ch\/\u00a0<em>Style<\/em>: Casanh\u00e0<\/span><\/p>\n<p>C\u00e2n n\u1eb7ng\/\u00a0<em>Weight<\/em>: kg<br \/>\n<span lang=\"EN-US\">Bao b\u00ec\/\u00a0<em>Packaging<\/em>: Standard<br \/>\n<\/span><span lang=\"EN-US\">Y\u00eau c\u1ea7u l\u1eafp r\u00e1p\/<em>Assembly required<\/em>:\u00a0<\/span>Kh\u00f4ng\/\u00a0<em>No<\/em><\/p>\n<p><span lang=\"EN-US\">N\u01b0\u1edbc xu\u1ea5t x\u1ee9\/\u00a0<em>Country of origin<\/em>: Indonesia<\/span><span lang=\"EN-US\"><em>\u00a0<\/em><\/span><\/p>\n<p><span lang=\"VI\">M\u1ed7i s\u1ea3n ph\u1ea9m l\u00e0 \u0111\u1ed9c nh\u1ea5t; k\u00edch th\u01b0\u1edbc, h\u00ecnh d\u1ea1ng v\u00e0 m\u00e0u s\u1eafc c\u00f3 th\u1ec3 kh\u00e1c nhau gi\u1eefa c\u00e1c s\u1ea3n ph\u1ea9m\/\u00a0<em>Each item is unique; size, shape, and color may vary from one to another<\/em><\/span><\/p>\n","protected":false},"featured_media":101947,"comment_status":"open","ping_status":"closed","template":"","meta":[],"product_brand":[18],"product_cat":[2554,3054],"product_tag":[],"class_list":{"0":"post-73949","1":"product","2":"type-product","3":"status-publish","4":"has-post-thumbnail","6":"product_brand-nomanha","7":"product_cat-pendant-lamp","8":"product_cat-tropindus","9":"product_shipping_class-bulky-items","11":"first","12":"instock","13":"shipping-taxable","14":"purchasable","15":"product-type-simple"},"yoast_head":"<!-- This site is optimized with the Yoast SEO plugin v27.1.1 - https:\/\/yoast.com\/product\/yoast-seo-wordpress\/ -->\n<title>SUSUNANE - \u0110\u00c8N TREO - Casanha<\/title>\n<meta name=\"robots\" content=\"index, follow, max-snippet:-1, max-image-preview:large, max-video-preview:-1\" \/>\n<link rel=\"canonical\" href=\"https:\/\/casanha.com\/en\/product\/susunane-den-treo\/\" \/>\n<meta property=\"og:locale\" content=\"en_US\" \/>\n<meta property=\"og:type\" content=\"article\" \/>\n<meta property=\"og:title\" content=\"SUSUNANE - \u0110\u00c8N TREO - Casanha\" \/>\n<meta property=\"og:description\" content=\"Th\u00f4ng tin s\u1ea3n ph\u1ea9m\/\u00a0Product information  M\u00e0u s\u1eafc\/\u00a0Color:\u00a0T\u1ef1 nhi\u00ean &amp; n\u00e2u\/\u00a0Natural &amp; brown Ch\u1ea5t li\u1ec7u\/\u00a0Materials: M\u00e2y,\u00a0kim lo\u1ea1i &amp; g\u1ed7 b\u1ea1ch d\u01b0\u01a1ng\/\u00a0Rattan, metal &amp; albasia wood K\u00edch th\u01b0\u1edbc\/\u00a0Dimensions: D60 x H37cm Ki\u1ec3u c\u00e0i \u0111\u1eb7t\/\u00a0Type of installation: \u0110\u1ec3 treo\/\u00a0To hang Ph\u01b0\u01a1ng ph\u00e1p\/\u00a0Method: Hoa tay\/\u00a0Handicraft Ch\u1ee9ng nh\u1eadn\/Certification: CE certified \u0110ui \u0111\u00e8n\/\u00a0Bulb cap\u00a0: E27 Lo\u1ea1i ph\u00edch c\u1eafm\/\u00a0Plug type:\u00a0K\u1ebft n\u1ed1i c\u00e1p \u0111i\u1ec7n\/\u00a0Electric cable connection Chi\u1ec1u d\u00e0i c\u00e1p \u0111i\u1ec7n\/\u00a0Electric table length: L100cm K\u00e8m b\u00f3ng \u0111\u00e8n\/\u00a0Bulb included: Kh\u00f4ng\/\u00a0No  B\u1ed9 s\u01b0u t\u1eadp\/\u00a0Collection:\u00a0Kh\u00f4ng c\u00f3\/\u00a0None Phong c\u00e1ch\/\u00a0Style: Casanh\u00e0  C\u00e2n n\u1eb7ng\/\u00a0Weight: kg Bao b\u00ec\/\u00a0Packaging: Standard Y\u00eau c\u1ea7u l\u1eafp r\u00e1p\/Assembly required:\u00a0Kh\u00f4ng\/\u00a0No  N\u01b0\u1edbc xu\u1ea5t x\u1ee9\/\u00a0Country of origin: Indonesia\u00a0  M\u1ed7i s\u1ea3n ph\u1ea9m l\u00e0 \u0111\u1ed9c nh\u1ea5t; k\u00edch th\u01b0\u1edbc, h\u00ecnh d\u1ea1ng v\u00e0 m\u00e0u s\u1eafc c\u00f3 th\u1ec3 kh\u00e1c nhau gi\u1eefa c\u00e1c s\u1ea3n ph\u1ea9m\/\u00a0Each item is unique; size, shape, and color may vary from one to another\" \/>\n<meta property=\"og:url\" content=\"https:\/\/casanha.com\/en\/product\/susunane-den-treo\/\" \/>\n<meta property=\"og:site_name\" content=\"Casanha\" \/>\n<meta property=\"article:modified_time\" content=\"2026-04-03T01:43:17+00:00\" \/>\n<meta property=\"og:image\" content=\"https:\/\/casanha-beta.s3.ap-southeast-1.amazonaws.com\/2025\/07\/kiotviet_4bd40be10d1a85ac8c51b6707a40c6ea.jpg\" \/>\n\t<meta property=\"og:image:width\" content=\"600\" \/>\n\t<meta property=\"og:image:height\" content=\"600\" \/>\n\t<meta property=\"og:image:type\" content=\"image\/jpeg\" \/>\n<meta name=\"twitter:card\" content=\"summary_large_image\" \/>\n<script type=\"application\/ld+json\" class=\"yoast-schema-graph\">{\"@context\":\"https:\/\/schema.org\",\"@graph\":[{\"@type\":\"WebPage\",\"@id\":\"https:\/\/casanha.com\/product\/susunane-den-treo\/\",\"url\":\"https:\/\/casanha.com\/product\/susunane-den-treo\/\",\"name\":\"SUSUNANE - \u0110\u00c8N TREO - Casanha\",\"isPartOf\":{\"@id\":\"https:\/\/casanha.com\/vi\/#website\"},\"primaryImageOfPage\":{\"@id\":\"https:\/\/casanha.com\/product\/susunane-den-treo\/#primaryimage\"},\"image\":{\"@id\":\"https:\/\/casanha.com\/product\/susunane-den-treo\/#primaryimage\"},\"thumbnailUrl\":\"https:\/\/casanha-beta.s3.ap-southeast-1.amazonaws.com\/2025\/07\/kiotviet_4bd40be10d1a85ac8c51b6707a40c6ea.jpg\",\"datePublished\":\"2025-02-22T06:05:40+00:00\",\"dateModified\":\"2026-04-03T01:43:17+00:00\",\"breadcrumb\":{\"@id\":\"https:\/\/casanha.com\/product\/susunane-den-treo\/#breadcrumb\"},\"inLanguage\":\"en-US\",\"potentialAction\":[{\"@type\":\"ReadAction\",\"target\":[\"https:\/\/casanha.com\/product\/susunane-den-treo\/\"]}]},{\"@type\":\"ImageObject\",\"inLanguage\":\"en-US\",\"@id\":\"https:\/\/casanha.com\/product\/susunane-den-treo\/#primaryimage\",\"url\":\"https:\/\/casanha-beta.s3.ap-southeast-1.amazonaws.com\/2025\/07\/kiotviet_4bd40be10d1a85ac8c51b6707a40c6ea.jpg\",\"contentUrl\":\"https:\/\/casanha-beta.s3.ap-southeast-1.amazonaws.com\/2025\/07\/kiotviet_4bd40be10d1a85ac8c51b6707a40c6ea.jpg\",\"width\":600,\"height\":600},{\"@type\":\"BreadcrumbList\",\"@id\":\"https:\/\/casanha.com\/product\/susunane-den-treo\/#breadcrumb\",\"itemListElement\":[{\"@type\":\"ListItem\",\"position\":1,\"name\":\"Home\",\"item\":\"https:\/\/casanha.com\/\"},{\"@type\":\"ListItem\",\"position\":2,\"name\":\"C\u1eeda h\u00e0ng\",\"item\":\"https:\/\/casanha.com\/vi\/cua-hang\/\"},{\"@type\":\"ListItem\",\"position\":3,\"name\":\"SUSUNANE &#8211; \u0110\u00c8N TREO\"}]},{\"@type\":\"WebSite\",\"@id\":\"https:\/\/casanha.com\/vi\/#website\",\"url\":\"https:\/\/casanha.com\/vi\/\",\"name\":\"Casanha\",\"description\":\"Home Decor &amp; Furniture\",\"potentialAction\":[{\"@type\":\"SearchAction\",\"target\":{\"@type\":\"EntryPoint\",\"urlTemplate\":\"https:\/\/casanha.com\/vi\/?s={search_term_string}\"},\"query-input\":{\"@type\":\"PropertyValueSpecification\",\"valueRequired\":true,\"valueName\":\"search_term_string\"}}],\"inLanguage\":\"en-US\"}]}<\/script>\n<!-- \/ Yoast SEO plugin. -->","yoast_head_json":{"title":"SUSUNANE - \u0110\u00c8N TREO - Casanha","robots":{"index":"index","follow":"follow","max-snippet":"max-snippet:-1","max-image-preview":"max-image-preview:large","max-video-preview":"max-video-preview:-1"},"canonical":"https:\/\/casanha.com\/en\/product\/susunane-den-treo\/","og_locale":"en_US","og_type":"article","og_title":"SUSUNANE - \u0110\u00c8N TREO - Casanha","og_description":"Th\u00f4ng tin s\u1ea3n ph\u1ea9m\/\u00a0Product information  M\u00e0u s\u1eafc\/\u00a0Color:\u00a0T\u1ef1 nhi\u00ean &amp; n\u00e2u\/\u00a0Natural &amp; brown Ch\u1ea5t li\u1ec7u\/\u00a0Materials: M\u00e2y,\u00a0kim lo\u1ea1i &amp; g\u1ed7 b\u1ea1ch d\u01b0\u01a1ng\/\u00a0Rattan, metal &amp; albasia wood K\u00edch th\u01b0\u1edbc\/\u00a0Dimensions: D60 x H37cm Ki\u1ec3u c\u00e0i \u0111\u1eb7t\/\u00a0Type of installation: \u0110\u1ec3 treo\/\u00a0To hang Ph\u01b0\u01a1ng ph\u00e1p\/\u00a0Method: Hoa tay\/\u00a0Handicraft Ch\u1ee9ng nh\u1eadn\/Certification: CE certified \u0110ui \u0111\u00e8n\/\u00a0Bulb cap\u00a0: E27 Lo\u1ea1i ph\u00edch c\u1eafm\/\u00a0Plug type:\u00a0K\u1ebft n\u1ed1i c\u00e1p \u0111i\u1ec7n\/\u00a0Electric cable connection Chi\u1ec1u d\u00e0i c\u00e1p \u0111i\u1ec7n\/\u00a0Electric table length: L100cm K\u00e8m b\u00f3ng \u0111\u00e8n\/\u00a0Bulb included: Kh\u00f4ng\/\u00a0No  B\u1ed9 s\u01b0u t\u1eadp\/\u00a0Collection:\u00a0Kh\u00f4ng c\u00f3\/\u00a0None Phong c\u00e1ch\/\u00a0Style: Casanh\u00e0  C\u00e2n n\u1eb7ng\/\u00a0Weight: kg Bao b\u00ec\/\u00a0Packaging: Standard Y\u00eau c\u1ea7u l\u1eafp r\u00e1p\/Assembly required:\u00a0Kh\u00f4ng\/\u00a0No  N\u01b0\u1edbc xu\u1ea5t x\u1ee9\/\u00a0Country of origin: Indonesia\u00a0  M\u1ed7i s\u1ea3n ph\u1ea9m l\u00e0 \u0111\u1ed9c nh\u1ea5t; k\u00edch th\u01b0\u1edbc, h\u00ecnh d\u1ea1ng v\u00e0 m\u00e0u s\u1eafc c\u00f3 th\u1ec3 kh\u00e1c nhau gi\u1eefa c\u00e1c s\u1ea3n ph\u1ea9m\/\u00a0Each item is unique; size, shape, and color may vary from one to another","og_url":"https:\/\/casanha.com\/en\/product\/susunane-den-treo\/","og_site_name":"Casanha","article_modified_time":"2026-04-03T01:43:17+00:00","og_image":[{"width":600,"height":600,"url":"https:\/\/casanha-beta.s3.ap-southeast-1.amazonaws.com\/2025\/07\/kiotviet_4bd40be10d1a85ac8c51b6707a40c6ea.jpg","type":"image\/jpeg"}],"twitter_card":"summary_large_image","schema":{"@context":"https:\/\/schema.org","@graph":[{"@type":"WebPage","@id":"https:\/\/casanha.com\/product\/susunane-den-treo\/","url":"https:\/\/casanha.com\/product\/susunane-den-treo\/","name":"SUSUNANE - \u0110\u00c8N TREO - Casanha","isPartOf":{"@id":"https:\/\/casanha.com\/vi\/#website"},"primaryImageOfPage":{"@id":"https:\/\/casanha.com\/product\/susunane-den-treo\/#primaryimage"},"image":{"@id":"https:\/\/casanha.com\/product\/susunane-den-treo\/#primaryimage"},"thumbnailUrl":"https:\/\/casanha-beta.s3.ap-southeast-1.amazonaws.com\/2025\/07\/kiotviet_4bd40be10d1a85ac8c51b6707a40c6ea.jpg","datePublished":"2025-02-22T06:05:40+00:00","dateModified":"2026-04-03T01:43:17+00:00","breadcrumb":{"@id":"https:\/\/casanha.com\/product\/susunane-den-treo\/#breadcrumb"},"inLanguage":"en-US","potentialAction":[{"@type":"ReadAction","target":["https:\/\/casanha.com\/product\/susunane-den-treo\/"]}]},{"@type":"ImageObject","inLanguage":"en-US","@id":"https:\/\/casanha.com\/product\/susunane-den-treo\/#primaryimage","url":"https:\/\/casanha-beta.s3.ap-southeast-1.amazonaws.com\/2025\/07\/kiotviet_4bd40be10d1a85ac8c51b6707a40c6ea.jpg","contentUrl":"https:\/\/casanha-beta.s3.ap-southeast-1.amazonaws.com\/2025\/07\/kiotviet_4bd40be10d1a85ac8c51b6707a40c6ea.jpg","width":600,"height":600},{"@type":"BreadcrumbList","@id":"https:\/\/casanha.com\/product\/susunane-den-treo\/#breadcrumb","itemListElement":[{"@type":"ListItem","position":1,"name":"Home","item":"https:\/\/casanha.com\/"},{"@type":"ListItem","position":2,"name":"C\u1eeda h\u00e0ng","item":"https:\/\/casanha.com\/vi\/cua-hang\/"},{"@type":"ListItem","position":3,"name":"SUSUNANE &#8211; \u0110\u00c8N TREO"}]},{"@type":"WebSite","@id":"https:\/\/casanha.com\/vi\/#website","url":"https:\/\/casanha.com\/vi\/","name":"Casanha","description":"Home Decor &amp; Furniture","potentialAction":[{"@type":"SearchAction","target":{"@type":"EntryPoint","urlTemplate":"https:\/\/casanha.com\/vi\/?s={search_term_string}"},"query-input":{"@type":"PropertyValueSpecification","valueRequired":true,"valueName":"search_term_string"}}],"inLanguage":"en-US"}]}},"_links":{"self":[{"href":"https:\/\/casanha.com\/en\/wp-json\/wp\/v2\/product\/73949","targetHints":{"allow":["GET"]}}],"collection":[{"href":"https:\/\/casanha.com\/en\/wp-json\/wp\/v2\/product"}],"about":[{"href":"https:\/\/casanha.com\/en\/wp-json\/wp\/v2\/types\/product"}],"replies":[{"embeddable":true,"href":"https:\/\/casanha.com\/en\/wp-json\/wp\/v2\/comments?post=73949"}],"version-history":[{"count":10,"href":"https:\/\/casanha.com\/en\/wp-json\/wp\/v2\/product\/73949\/revisions"}],"predecessor-version":[{"id":110754,"href":"https:\/\/casanha.com\/en\/wp-json\/wp\/v2\/product\/73949\/revisions\/110754"}],"wp:featuredmedia":[{"embeddable":true,"href":"https:\/\/casanha.com\/en\/wp-json\/wp\/v2\/media\/101947"}],"wp:attachment":[{"href":"https:\/\/casanha.com\/en\/wp-json\/wp\/v2\/media?parent=73949"}],"wp:term":[{"taxonomy":"product_brand","embeddable":true,"href":"https:\/\/casanha.com\/en\/wp-json\/wp\/v2\/product_brand?post=73949"},{"taxonomy":"product_cat","embeddable":true,"href":"https:\/\/casanha.com\/en\/wp-json\/wp\/v2\/product_cat?post=73949"},{"taxonomy":"product_tag","embeddable":true,"href":"https:\/\/casanha.com\/en\/wp-json\/wp\/v2\/product_tag?post=73949"}],"curies":[{"name":"wp","href":"https:\/\/api.w.org\/{rel}","templated":true}]}}