{"id":68341,"date":"2024-11-15T12:24:51","date_gmt":"2024-11-15T05:24:51","guid":{"rendered":"https:\/\/casanha.com\/product\/rainef-ghe-dau\/"},"modified":"2026-04-01T10:58:41","modified_gmt":"2026-04-01T03:58:41","slug":"rainef-ghe-dau","status":"publish","type":"product","link":"https:\/\/casanha.com\/en\/product\/rainef-ghe-dau\/","title":{"rendered":"RAINEF &#8211; GH\u1ebe \u0110\u1ea8U"},"content":{"rendered":"","protected":false},"excerpt":{"rendered":"<div class=\"kv-card\">\n<div class=\"kv-card-body\">\n<div class=\"text-desciption ng-binding\">\n<p><strong>Th\u00f4ng tin s\u1ea3n ph\u1ea9m\/\u00a0<em>Product information<\/em><\/strong><\/p>\n<p>M\u00e0u s\u1eafc \/\u00a0<em>Color<\/em>\u00a0: Be &amp;\u00a0<span lang=\"VI\">t\u1ef1 nhi\u00ean<\/span>\/\u00a0<em>Beige &amp; natural<\/em><br \/>\nCh\u1ea5t li\u1ec7u\/\u00a0<em>Materials<\/em><br \/>\nL\u1edbp \u0111\u1ec7m gh\u1ebf &amp; ru\u1ed9t g\u1ed1i\/\u00a0<em>Seating &amp; cushion filling<\/em>\u00a0: M\u00fat \u0111\u00e0n h\u1ed3i cao\/\u00a0<em>High density foam<\/em><br \/>\nB\u1ecdc n\u1ec7m\/\u00a0<em>Upholstery<\/em>: Cotton<br \/>\nCh\u00e2n\/\u00a0<em>Legs<\/em>\u00a0:\u00a0G\u1ed7 h\u00f4ng\/\u00a0<em>Solid paulownia<\/em><br \/>\nK\u1ebft c\u1ea5u\/\u00a0<em>structure<\/em>\u00a0:\u00a0G\u1ed7 h\u00f4ng &amp; MDF\/\u00a0<em>Solid paulownia &amp; MDF<\/em><em><br \/>\n<\/em>K\u00edch th\u01b0\u1edbc\/\u00a0<em>Dimensions<\/em>: D40 x H40cm<br \/>\nH\u01b0\u01a1ng ph\u00e1p\/\u00a0<em>Method<\/em>: Hoa tay\/\u00a0<em>Handicraft<\/em><\/p>\n<p>B\u1ed9 s\u01b0u t\u1eadp\/\u00a0<em>Collection<\/em>: Kh\u00f4ng c\u00f3\/ None<br \/>\nPhong c\u00e1ch\/\u00a0<em>Style<\/em>: Casanh\u00e0<br \/>\n\u00cam \u00e1i\/\u00a0<em>Comfort<\/em>\u00a0: \u0110\u1ec7m c\u1ee9ng v\u1eeba\/\u00a0<em>Firm<\/em><\/p>\n<p>G\u1ed1i c\u00f3 th\u1ec3 th\u00e1o v\u1ecf\/\u00a0<em>Removable cover<\/em>: Kh\u00f4ng\/\u00a0<em>No<\/em><br \/>\nCh\u00e2n c\u00f3 th\u1ec3 \u0111i\u1ec1u ch\u1ec9nh\/\u00a0<em>Adjustable legs<\/em>: Kh\u00f4ng\/\u00a0<em>No<\/em><\/p>\n<p>C\u00e2n n\u1eb7ng\/\u00a0<em>Weight<\/em>: 5.6kg<br \/>\nBao b\u00ec\/\u00a0<em>Packaging<\/em>: 1 carton (W45 x D45 x H45cm)<br \/>\nY\u00eau c\u1ea7u l\u1eafp r\u00e1p\/<em>Assembly required<\/em>: Kh\u00f4ng\/\u00a0<em>No<\/em><\/p>\n<p>N\u01b0\u1edbc xu\u1ea5t x\u1ee9\/\u00a0<em>Country of origin<\/em>:\u00a0<span lang=\"VI\">\u1ea4n \u0110\u1ed9<\/span><span lang=\"EN-US\">\/<em>\u00a0India<\/em><\/span><\/p>\n<p><span lang=\"EN-US\">M\u1ed7i s\u1ea3n ph\u1ea9m l\u00e0 \u0111\u1ed9c nh\u1ea5t; k\u00edch th\u01b0\u1edbc, h\u00ecnh d\u1ea1ng v\u00e0 m\u00e0u s\u1eafc c\u00f3 th\u1ec3 kh\u00e1c nhau gi\u1eefa c\u00e1c s\u1ea3n ph\u1ea9m\/\u00a0<\/span><em>Each item is unique; size, shape, and color may vary from one to another<\/em><span lang=\"EN-US\">\u00a0<\/span><\/p>\n<\/div>\n<\/div>\n<\/div>\n<div class=\"kv-card\">\n<div class=\"kv-card-header\"><\/div>\n<\/div>\n","protected":false},"featured_media":102957,"comment_status":"open","ping_status":"closed","template":"","meta":[],"product_brand":[18],"product_cat":[3045,2504],"product_tag":[],"class_list":{"0":"post-68341","1":"product","2":"type-product","3":"status-publish","4":"has-post-thumbnail","6":"product_brand-nomanha","7":"product_cat-the-coastal-patina","8":"product_cat-pouf-living-stool","9":"product_shipping_class-normal-items","11":"first","12":"instock","13":"shipping-taxable","14":"purchasable","15":"product-type-simple"},"yoast_head":"<!-- This site is optimized with the Yoast SEO plugin v27.1.1 - https:\/\/yoast.com\/product\/yoast-seo-wordpress\/ -->\n<title>RAINEF - GH\u1ebe \u0110\u1ea8U - Casanha<\/title>\n<meta name=\"robots\" content=\"index, follow, max-snippet:-1, max-image-preview:large, max-video-preview:-1\" \/>\n<link rel=\"canonical\" href=\"https:\/\/casanha.com\/en\/product\/rainef-ghe-dau\/\" \/>\n<meta property=\"og:locale\" content=\"en_US\" \/>\n<meta property=\"og:type\" content=\"article\" \/>\n<meta property=\"og:title\" content=\"RAINEF - GH\u1ebe \u0110\u1ea8U - Casanha\" \/>\n<meta property=\"og:description\" content=\"Th\u00f4ng tin s\u1ea3n ph\u1ea9m\/\u00a0Product information  M\u00e0u s\u1eafc \/\u00a0Color\u00a0: Be &amp;\u00a0t\u1ef1 nhi\u00ean\/\u00a0Beige &amp; natural Ch\u1ea5t li\u1ec7u\/\u00a0Materials L\u1edbp \u0111\u1ec7m gh\u1ebf &amp; ru\u1ed9t g\u1ed1i\/\u00a0Seating &amp; cushion filling\u00a0: M\u00fat \u0111\u00e0n h\u1ed3i cao\/\u00a0High density foam B\u1ecdc n\u1ec7m\/\u00a0Upholstery: Cotton Ch\u00e2n\/\u00a0Legs\u00a0:\u00a0G\u1ed7 h\u00f4ng\/\u00a0Solid paulownia K\u1ebft c\u1ea5u\/\u00a0structure\u00a0:\u00a0G\u1ed7 h\u00f4ng &amp; MDF\/\u00a0Solid paulownia &amp; MDF K\u00edch th\u01b0\u1edbc\/\u00a0Dimensions: D40 x H40cm H\u01b0\u01a1ng ph\u00e1p\/\u00a0Method: Hoa tay\/\u00a0Handicraft  B\u1ed9 s\u01b0u t\u1eadp\/\u00a0Collection: Kh\u00f4ng c\u00f3\/ None Phong c\u00e1ch\/\u00a0Style: Casanh\u00e0 \u00cam \u00e1i\/\u00a0Comfort\u00a0: \u0110\u1ec7m c\u1ee9ng v\u1eeba\/\u00a0Firm  G\u1ed1i c\u00f3 th\u1ec3 th\u00e1o v\u1ecf\/\u00a0Removable cover: Kh\u00f4ng\/\u00a0No Ch\u00e2n c\u00f3 th\u1ec3 \u0111i\u1ec1u ch\u1ec9nh\/\u00a0Adjustable legs: Kh\u00f4ng\/\u00a0No  C\u00e2n n\u1eb7ng\/\u00a0Weight: 5.6kg Bao b\u00ec\/\u00a0Packaging: 1 carton (W45 x D45 x H45cm) Y\u00eau c\u1ea7u l\u1eafp r\u00e1p\/Assembly required: Kh\u00f4ng\/\u00a0No  N\u01b0\u1edbc xu\u1ea5t x\u1ee9\/\u00a0Country of origin:\u00a0\u1ea4n \u0110\u1ed9\/\u00a0India  M\u1ed7i s\u1ea3n ph\u1ea9m l\u00e0 \u0111\u1ed9c nh\u1ea5t; k\u00edch th\u01b0\u1edbc, h\u00ecnh d\u1ea1ng v\u00e0 m\u00e0u s\u1eafc c\u00f3 th\u1ec3 kh\u00e1c nhau gi\u1eefa c\u00e1c s\u1ea3n ph\u1ea9m\/\u00a0Each item is unique; size, shape, and color may vary from one to another\u00a0\" \/>\n<meta property=\"og:url\" content=\"https:\/\/casanha.com\/en\/product\/rainef-ghe-dau\/\" \/>\n<meta property=\"og:site_name\" content=\"Casanha\" \/>\n<meta property=\"article:publisher\" content=\"https:\/\/www.facebook.com\/CasanhaHome\" \/>\n<meta property=\"article:modified_time\" content=\"2026-04-01T03:58:41+00:00\" \/>\n<meta property=\"og:image\" content=\"https:\/\/casanha-beta.s3.ap-southeast-1.amazonaws.com\/2024\/11\/RAINEF-POUF.jpg\" \/>\n\t<meta property=\"og:image:width\" content=\"1080\" \/>\n\t<meta property=\"og:image:height\" content=\"1350\" \/>\n\t<meta property=\"og:image:type\" content=\"image\/jpeg\" \/>\n<meta name=\"twitter:card\" content=\"summary_large_image\" \/>\n<script type=\"application\/ld+json\" class=\"yoast-schema-graph\">{\"@context\":\"https:\/\/schema.org\",\"@graph\":[{\"@type\":\"WebPage\",\"@id\":\"https:\/\/casanha.com\/product\/rainef-ghe-dau\/\",\"url\":\"https:\/\/casanha.com\/product\/rainef-ghe-dau\/\",\"name\":\"RAINEF - GH\u1ebe \u0110\u1ea8U - Casanha\",\"isPartOf\":{\"@id\":\"https:\/\/casanha.com\/vi\/#website\"},\"primaryImageOfPage\":{\"@id\":\"https:\/\/casanha.com\/product\/rainef-ghe-dau\/#primaryimage\"},\"image\":{\"@id\":\"https:\/\/casanha.com\/product\/rainef-ghe-dau\/#primaryimage\"},\"thumbnailUrl\":\"https:\/\/casanha-beta.s3.ap-southeast-1.amazonaws.com\/2024\/11\/RAINEF-POUF.jpg\",\"datePublished\":\"2024-11-15T05:24:51+00:00\",\"dateModified\":\"2026-04-01T03:58:41+00:00\",\"breadcrumb\":{\"@id\":\"https:\/\/casanha.com\/product\/rainef-ghe-dau\/#breadcrumb\"},\"inLanguage\":\"en-US\",\"potentialAction\":[{\"@type\":\"ReadAction\",\"target\":[\"https:\/\/casanha.com\/product\/rainef-ghe-dau\/\"]}]},{\"@type\":\"ImageObject\",\"inLanguage\":\"en-US\",\"@id\":\"https:\/\/casanha.com\/product\/rainef-ghe-dau\/#primaryimage\",\"url\":\"https:\/\/casanha-beta.s3.ap-southeast-1.amazonaws.com\/2024\/11\/RAINEF-POUF.jpg\",\"contentUrl\":\"https:\/\/casanha-beta.s3.ap-southeast-1.amazonaws.com\/2024\/11\/RAINEF-POUF.jpg\",\"width\":1080,\"height\":1350},{\"@type\":\"BreadcrumbList\",\"@id\":\"https:\/\/casanha.com\/product\/rainef-ghe-dau\/#breadcrumb\",\"itemListElement\":[{\"@type\":\"ListItem\",\"position\":1,\"name\":\"Home\",\"item\":\"https:\/\/casanha.com\/\"},{\"@type\":\"ListItem\",\"position\":2,\"name\":\"C\u1eeda h\u00e0ng\",\"item\":\"https:\/\/casanha.com\/vi\/cua-hang\/\"},{\"@type\":\"ListItem\",\"position\":3,\"name\":\"RAINEF &#8211; GH\u1ebe \u0110\u1ea8U\"}]},{\"@type\":\"WebSite\",\"@id\":\"https:\/\/casanha.com\/vi\/#website\",\"url\":\"https:\/\/casanha.com\/vi\/\",\"name\":\"Casanha\",\"description\":\"Home Decor &amp; Furniture\",\"publisher\":{\"@id\":\"https:\/\/casanha.com\/vi\/#organization\"},\"potentialAction\":[{\"@type\":\"SearchAction\",\"target\":{\"@type\":\"EntryPoint\",\"urlTemplate\":\"https:\/\/casanha.com\/vi\/?s={search_term_string}\"},\"query-input\":{\"@type\":\"PropertyValueSpecification\",\"valueRequired\":true,\"valueName\":\"search_term_string\"}}],\"inLanguage\":\"en-US\"},{\"@type\":\"Organization\",\"@id\":\"https:\/\/casanha.com\/vi\/#organization\",\"name\":\"Casanha\",\"url\":\"https:\/\/casanha.com\/vi\/\",\"logo\":{\"@type\":\"ImageObject\",\"inLanguage\":\"en-US\",\"@id\":\"https:\/\/casanha.com\/vi\/#\/schema\/logo\/image\/\",\"url\":\"https:\/\/casanha-beta.s3.ap-southeast-1.amazonaws.com\/2026\/02\/logo-2026.jpg\",\"contentUrl\":\"https:\/\/casanha-beta.s3.ap-southeast-1.amazonaws.com\/2026\/02\/logo-2026.jpg\",\"width\":1500,\"height\":1500,\"caption\":\"Casanha\"},\"image\":{\"@id\":\"https:\/\/casanha.com\/vi\/#\/schema\/logo\/image\/\"},\"sameAs\":[\"https:\/\/www.facebook.com\/CasanhaHome\",\"https:\/\/www.instagram.com\/casanhahome\/\",\"https:\/\/www.youtube.com\/@casanha\",\"https:\/\/www.tiktok.com\/@casanha.com\",\"https:\/\/zalo.me\/casanhahome\"]}]}<\/script>\n<!-- \/ Yoast SEO plugin. -->","yoast_head_json":{"title":"RAINEF - GH\u1ebe \u0110\u1ea8U - Casanha","robots":{"index":"index","follow":"follow","max-snippet":"max-snippet:-1","max-image-preview":"max-image-preview:large","max-video-preview":"max-video-preview:-1"},"canonical":"https:\/\/casanha.com\/en\/product\/rainef-ghe-dau\/","og_locale":"en_US","og_type":"article","og_title":"RAINEF - GH\u1ebe \u0110\u1ea8U - Casanha","og_description":"Th\u00f4ng tin s\u1ea3n ph\u1ea9m\/\u00a0Product information  M\u00e0u s\u1eafc \/\u00a0Color\u00a0: Be &amp;\u00a0t\u1ef1 nhi\u00ean\/\u00a0Beige &amp; natural Ch\u1ea5t li\u1ec7u\/\u00a0Materials L\u1edbp \u0111\u1ec7m gh\u1ebf &amp; ru\u1ed9t g\u1ed1i\/\u00a0Seating &amp; cushion filling\u00a0: M\u00fat \u0111\u00e0n h\u1ed3i cao\/\u00a0High density foam B\u1ecdc n\u1ec7m\/\u00a0Upholstery: Cotton Ch\u00e2n\/\u00a0Legs\u00a0:\u00a0G\u1ed7 h\u00f4ng\/\u00a0Solid paulownia K\u1ebft c\u1ea5u\/\u00a0structure\u00a0:\u00a0G\u1ed7 h\u00f4ng &amp; MDF\/\u00a0Solid paulownia &amp; MDF K\u00edch th\u01b0\u1edbc\/\u00a0Dimensions: D40 x H40cm H\u01b0\u01a1ng ph\u00e1p\/\u00a0Method: Hoa tay\/\u00a0Handicraft  B\u1ed9 s\u01b0u t\u1eadp\/\u00a0Collection: Kh\u00f4ng c\u00f3\/ None Phong c\u00e1ch\/\u00a0Style: Casanh\u00e0 \u00cam \u00e1i\/\u00a0Comfort\u00a0: \u0110\u1ec7m c\u1ee9ng v\u1eeba\/\u00a0Firm  G\u1ed1i c\u00f3 th\u1ec3 th\u00e1o v\u1ecf\/\u00a0Removable cover: Kh\u00f4ng\/\u00a0No Ch\u00e2n c\u00f3 th\u1ec3 \u0111i\u1ec1u ch\u1ec9nh\/\u00a0Adjustable legs: Kh\u00f4ng\/\u00a0No  C\u00e2n n\u1eb7ng\/\u00a0Weight: 5.6kg Bao b\u00ec\/\u00a0Packaging: 1 carton (W45 x D45 x H45cm) Y\u00eau c\u1ea7u l\u1eafp r\u00e1p\/Assembly required: Kh\u00f4ng\/\u00a0No  N\u01b0\u1edbc xu\u1ea5t x\u1ee9\/\u00a0Country of origin:\u00a0\u1ea4n \u0110\u1ed9\/\u00a0India  M\u1ed7i s\u1ea3n ph\u1ea9m l\u00e0 \u0111\u1ed9c nh\u1ea5t; k\u00edch th\u01b0\u1edbc, h\u00ecnh d\u1ea1ng v\u00e0 m\u00e0u s\u1eafc c\u00f3 th\u1ec3 kh\u00e1c nhau gi\u1eefa c\u00e1c s\u1ea3n ph\u1ea9m\/\u00a0Each item is unique; size, shape, and color may vary from one to another\u00a0","og_url":"https:\/\/casanha.com\/en\/product\/rainef-ghe-dau\/","og_site_name":"Casanha","article_publisher":"https:\/\/www.facebook.com\/CasanhaHome","article_modified_time":"2026-04-01T03:58:41+00:00","og_image":[{"width":1080,"height":1350,"url":"https:\/\/casanha-beta.s3.ap-southeast-1.amazonaws.com\/2024\/11\/RAINEF-POUF.jpg","type":"image\/jpeg"}],"twitter_card":"summary_large_image","schema":{"@context":"https:\/\/schema.org","@graph":[{"@type":"WebPage","@id":"https:\/\/casanha.com\/product\/rainef-ghe-dau\/","url":"https:\/\/casanha.com\/product\/rainef-ghe-dau\/","name":"RAINEF - GH\u1ebe \u0110\u1ea8U - Casanha","isPartOf":{"@id":"https:\/\/casanha.com\/vi\/#website"},"primaryImageOfPage":{"@id":"https:\/\/casanha.com\/product\/rainef-ghe-dau\/#primaryimage"},"image":{"@id":"https:\/\/casanha.com\/product\/rainef-ghe-dau\/#primaryimage"},"thumbnailUrl":"https:\/\/casanha-beta.s3.ap-southeast-1.amazonaws.com\/2024\/11\/RAINEF-POUF.jpg","datePublished":"2024-11-15T05:24:51+00:00","dateModified":"2026-04-01T03:58:41+00:00","breadcrumb":{"@id":"https:\/\/casanha.com\/product\/rainef-ghe-dau\/#breadcrumb"},"inLanguage":"en-US","potentialAction":[{"@type":"ReadAction","target":["https:\/\/casanha.com\/product\/rainef-ghe-dau\/"]}]},{"@type":"ImageObject","inLanguage":"en-US","@id":"https:\/\/casanha.com\/product\/rainef-ghe-dau\/#primaryimage","url":"https:\/\/casanha-beta.s3.ap-southeast-1.amazonaws.com\/2024\/11\/RAINEF-POUF.jpg","contentUrl":"https:\/\/casanha-beta.s3.ap-southeast-1.amazonaws.com\/2024\/11\/RAINEF-POUF.jpg","width":1080,"height":1350},{"@type":"BreadcrumbList","@id":"https:\/\/casanha.com\/product\/rainef-ghe-dau\/#breadcrumb","itemListElement":[{"@type":"ListItem","position":1,"name":"Home","item":"https:\/\/casanha.com\/"},{"@type":"ListItem","position":2,"name":"C\u1eeda h\u00e0ng","item":"https:\/\/casanha.com\/vi\/cua-hang\/"},{"@type":"ListItem","position":3,"name":"RAINEF &#8211; GH\u1ebe \u0110\u1ea8U"}]},{"@type":"WebSite","@id":"https:\/\/casanha.com\/vi\/#website","url":"https:\/\/casanha.com\/vi\/","name":"Casanha","description":"Home Decor &amp; Furniture","publisher":{"@id":"https:\/\/casanha.com\/vi\/#organization"},"potentialAction":[{"@type":"SearchAction","target":{"@type":"EntryPoint","urlTemplate":"https:\/\/casanha.com\/vi\/?s={search_term_string}"},"query-input":{"@type":"PropertyValueSpecification","valueRequired":true,"valueName":"search_term_string"}}],"inLanguage":"en-US"},{"@type":"Organization","@id":"https:\/\/casanha.com\/vi\/#organization","name":"Casanha","url":"https:\/\/casanha.com\/vi\/","logo":{"@type":"ImageObject","inLanguage":"en-US","@id":"https:\/\/casanha.com\/vi\/#\/schema\/logo\/image\/","url":"https:\/\/casanha-beta.s3.ap-southeast-1.amazonaws.com\/2026\/02\/logo-2026.jpg","contentUrl":"https:\/\/casanha-beta.s3.ap-southeast-1.amazonaws.com\/2026\/02\/logo-2026.jpg","width":1500,"height":1500,"caption":"Casanha"},"image":{"@id":"https:\/\/casanha.com\/vi\/#\/schema\/logo\/image\/"},"sameAs":["https:\/\/www.facebook.com\/CasanhaHome","https:\/\/www.instagram.com\/casanhahome\/","https:\/\/www.youtube.com\/@casanha","https:\/\/www.tiktok.com\/@casanha.com","https:\/\/zalo.me\/casanhahome"]}]}},"_links":{"self":[{"href":"https:\/\/casanha.com\/en\/wp-json\/wp\/v2\/product\/68341","targetHints":{"allow":["GET"]}}],"collection":[{"href":"https:\/\/casanha.com\/en\/wp-json\/wp\/v2\/product"}],"about":[{"href":"https:\/\/casanha.com\/en\/wp-json\/wp\/v2\/types\/product"}],"replies":[{"embeddable":true,"href":"https:\/\/casanha.com\/en\/wp-json\/wp\/v2\/comments?post=68341"}],"version-history":[{"count":3,"href":"https:\/\/casanha.com\/en\/wp-json\/wp\/v2\/product\/68341\/revisions"}],"predecessor-version":[{"id":114085,"href":"https:\/\/casanha.com\/en\/wp-json\/wp\/v2\/product\/68341\/revisions\/114085"}],"wp:featuredmedia":[{"embeddable":true,"href":"https:\/\/casanha.com\/en\/wp-json\/wp\/v2\/media\/102957"}],"wp:attachment":[{"href":"https:\/\/casanha.com\/en\/wp-json\/wp\/v2\/media?parent=68341"}],"wp:term":[{"taxonomy":"product_brand","embeddable":true,"href":"https:\/\/casanha.com\/en\/wp-json\/wp\/v2\/product_brand?post=68341"},{"taxonomy":"product_cat","embeddable":true,"href":"https:\/\/casanha.com\/en\/wp-json\/wp\/v2\/product_cat?post=68341"},{"taxonomy":"product_tag","embeddable":true,"href":"https:\/\/casanha.com\/en\/wp-json\/wp\/v2\/product_tag?post=68341"}],"curies":[{"name":"wp","href":"https:\/\/api.w.org\/{rel}","templated":true}]}}