{"id":68067,"date":"2024-11-15T12:18:19","date_gmt":"2024-11-15T05:18:19","guid":{"rendered":"https:\/\/casanha.com\/?post_type=product_variation&#038;p=68067"},"modified":"2026-04-03T08:32:33","modified_gmt":"2026-04-03T01:32:33","slug":"trident-ghe-an-go-soi-chay-burnt-oak","status":"publish","type":"product","link":"https:\/\/casanha.com\/en\/product\/trident-ghe-an-go-soi-chay-burnt-oak\/","title":{"rendered":"TRIDENT &#8211; GH\u1ebe \u0102N &#8211; \u0110EN\/ BLACK"},"content":{"rendered":"<p><strong>CH\u1ea4T L\u01af\u1ee2NG\/ <\/strong><em><strong>QUALITY<\/strong><\/em><\/p>\n<p>Ch\u1ea5t l\u01b0\u1ee3ng kh\u00f4ng ch\u1ec9 n\u1eb1m \u1edf v\u1eadt li\u1ec7u, c\u0169ng kh\u00f4ng ch\u1ec9 n\u1eb1m \u1edf thi\u1ebft k\u1ebf, m\u00e0 l\u00e0 k\u1ebft qu\u1ea3 c\u1ee7a s\u1ef1 k\u1ebft h\u1ee3p h\u00e0i h\u00f2a gi\u1eefa c\u1ea3 hai.N\u1ed7 l\u1ef1c ho\u00e0n thi\u1ec7n v\u00e0 tinh ch\u1ec9nh \u0111\u01b0\u1ee3c th\u1ec3 hi\u1ec7n qua t\u1eebng chi ti\u1ebft nh\u1ecf, h\u01b0\u1edbng \u0111\u1ebfn k\u1ebft qu\u1ea3 t\u1ed1t nh\u1ea5t m\u00e0 b\u1ea1n c\u00f3 th\u1ec3 c\u1ea3m nh\u1eadn \u0111\u01b0\u1ee3c \u2013 s\u1ef1 tho\u1ea3i m\u00e1i. \u201cB\u1ea1n c\u00f3 th\u1ec3 sao ch\u00e9p thi\u1ebft k\u1ebf, nh\u01b0ng b\u1ea1n kh\u00f4ng th\u1ec3 sao ch\u00e9p c\u1ea3m gi\u00e1c tho\u1ea3i m\u00e1i\u201d \/ <em>Quality isn\u2019t only about the materials, it isn&#8217;t only about the design, but about the result of both combined. The effort to improve, to refine, lies in small details that lead to the best outcome you could have &#8211; the comfortability. \u201cYou can copy the design, but you can\u2019t copy the comfort\u201d.<\/em><\/p>\n<p><strong>IN QUEST OF INNOVATION &amp; CREATIVITY\/ <\/strong><strong><em>TRUY T\u00ccM S\u1ef0 \u0110\u1ed4I M\u1edaI &amp; S\u00c1NG T\u1ea0O<\/em><\/strong><\/p>\n<p>Casanh\u00e0 l\u00e0 m\u1ed9t c\u00f4ng ty c\u00f3 tr\u1ee5 s\u1edf t\u1ea1i S\u00e0i G\u00f2n, lu\u00f4n n\u1ed7 l\u1ef1c h\u1ee3p t\u00e1c c\u00f9ng c\u00e1c \u0111\u1ed1i t\u00e1c tr\u00ean to\u00e0n th\u1ebf gi\u1edbi \u0111\u1ec3 mang \u0111\u1ebfn nh\u1eefng s\u1ea3n ph\u1ea9m n\u1ed9i th\u1ea5t tinh t\u1ebf, ti\u1ec7n d\u1ee5ng, b\u1eaft k\u1ecbp xu h\u01b0\u1edbng hi\u1ec7n \u0111\u1ea1i nh\u01b0ng v\u1eabn gi\u1eef \u0111\u01b0\u1ee3c n\u00e9t truy\u1ec1n th\u1ed1ng c\u1ee7a g\u1ed7 t\u1ef1 nhi\u00ean v\u00e0 tay ngh\u1ec1 th\u1ee7 c\u00f4ng tinh x\u1ea3o. Ch\u00fang t\u00f4i tin r\u1eb1ng c\u00e1c s\u1ea3n ph\u1ea9m c\u1ee7a m\u00ecnh mang trong ch\u00fang n\u00e9t c\u00e1 t\u00ednh ri\u00eang bi\u1ec7t, \u0111\u01b0\u1ee3c t\u1ea1o n\u00ean t\u1eeb s\u1ef1 tr\u00e2n tr\u1ecdng ch\u1ea5t l\u01b0\u1ee3ng v\u00e0 kh\u00f4ng b\u1ecb r\u00e0ng bu\u1ed9c b\u1edfi gi\u00e1 c\u1ea3. Ch\u00ednh \u0111i\u1ec1u \u0111\u00f3 th\u1ec3 hi\u1ec7n c\u00e1ch ch\u00fang \u0111\u01b0\u1ee3c ch\u1ebf t\u00e1c v\u00e0 gi\u00fap ch\u00fang n\u1ed5i b\u1eadt gi\u1eefa th\u1ecb tr\u01b0\u1eddng hi\u1ec7n nay\/ <em>Casanh\u00e0 is a Saigon-based company that works tirelessly with partners all over the world to fulfill the need to have fine and well-functioned home goods with the latest in trend, combined with a traditional sense of fine woods and fine craftsmanship.We believe that our products have an inherent individuality, with the appreciation of quality and the lack of price constraints, revealing how they have been made, setting them apart from the current market.<\/em><\/p>\n","protected":false},"excerpt":{"rendered":"<p>M\u1ed9t chi\u1ebfc gh\u1ebf ba ch\u00e2n n\u1ed5i b\u1eadt v\u1edbi khung \u0111en m\u1edd v\u00e0 l\u1edbp b\u1ecdc v\u1ea3i x\u00e1m m\u1ec1m m\u1ea1i. K\u1ebft c\u1ea5u ba ch\u00e2n \u0111\u1ed9c \u0111\u00e1o mang l\u1ea1i s\u1ef1 \u1ed5n \u0111\u1ecbnh v\u00e0 v\u1ebb \u0111\u1eb9p kh\u00e1c l\u1ea1, \u0111\u1ed3ng th\u1eddi \u0111em \u0111\u1ebfn c\u1ea3m gi\u00e1c ng\u1ed3i tho\u1ea3i m\u00e1i\/ <em>A striking three-legged chair with a matte black frame and soft grey fabric upholstery. Its unconventional tripod structure offers both stability and a unique, sculptural look \u2014 all while providing cozy, comfortable seating.<\/em><\/p>\n<p><strong><span lang=\"EN-US\">Th\u00f4ng tin s\u1ea3n ph\u1ea9m\/\u00a0<em>Product<\/em>\u00a0<em>information<\/em><br \/>\n<\/span><\/strong><\/p>\n<p><span lang=\"EN-US\">M\u00e0u s\u1eafc\/\u00a0<em>Color<\/em>:\u00a0<\/span><span lang=\"EN-US\">\u0110en &amp; x\u00e1m<\/span><span lang=\"EN-US\">\/<em>\u00a0Black &amp; grey<br \/>\n<\/em><\/span><span lang=\"EN-US\">Ch\u1ea5t li\u1ec7u\/\u00a0<em>Materials<br \/>\n<\/em><\/span><span lang=\"EN-US\">Gh\u1ebf ng\u1ed3i\/<em>\u00a0Seat<\/em>\u00a0:\u00a0<\/span>G\u1ed7 s\u1ed3i nguy\u00ean kh\u1ed1i, MDF, m<span lang=\"EN-US\">\u00fat \u0111\u00e0n h\u1ed3i cao &amp; v<\/span>\u1ea3i\/\u00a0<em>Solid oak, MDF, high density foam &amp; fabric<br \/>\n<\/em><span lang=\"EN-US\">T\u1ef1a l\u01b0ng\/\u00a0<em>Backrest<\/em>\u00a0:\u00a0<\/span>V\u00e1n \u00e9p,\u00a0m<span lang=\"EN-US\">\u00fat \u0111\u00e0n h\u1ed3i cao &amp; v<\/span>\u1ea3i\/\u00a0<em>Plywood,\u00a0<\/em><em>high density foam &amp; fabric<br \/>\n<\/em><span lang=\"EN-US\">Tay v\u1ecbn\/\u00a0<em>Armrest<\/em>\u00a0:\u00a0<\/span>Kh\u00f4ng c\u00f3 \/\u00a0<em>None<br \/>\n<\/em><span lang=\"EN-US\">B\u1ecdc n\u1ec7m\/\u00a0<em>Upholstery<\/em>: 10<\/span>0% Polyester,<br \/>\n<span lang=\"EN-US\">Ch\u00e2n\/\u00a0<em>Legs<\/em>\u00a0:\u00a0<\/span><span lang=\"EN-US\">G\u1ed7 s\u1ed3i nguy\u00ean kh\u1ed1i\/\u00a0<em>Solid oak<br \/>\n<\/em><\/span>K\u00edch th\u01b0\u1edbc\/\u00a0<em>Dimensions<\/em>: W53 x D57 x H80cm<br \/>\nCh\u1ee9ng nh\u1eadn\/<em>Certification<\/em>: FSC 100%<\/p>\n<p>B\u1ed9 s\u01b0u t\u1eadp\/\u00a0<em>Collection<\/em>: Kh\u00f4ng c\u00f3\/\u00a0<em>None<br \/>\n<\/em>Phong c\u00e1ch\/\u00a0<em>Style<\/em>: Casanh\u00e0<\/p>\n<p><span lang=\"EN-US\">G\u1ed1i c\u00f3 th\u1ec3 th\u00e1o v\u1ecf\/<em>\u00a0Removable cover:\u00a0<\/em>Kh\u00f4ng\/\u00a0<em>No<br \/>\n<\/em><\/span><span lang=\"EN-US\">Ch\u00e2n c\u00f3 th\u1ec3 \u0111i\u1ec1u ch\u1ec9nh\/\u00a0<em>Adjustable l<\/em>egs: Kh\u00f4ng\/\u00a0<em>No<\/em><\/span><\/p>\n<p><span lang=\"EN-US\">C\u00e2n n\u1eb7ng\/\u00a0<em>Weight<\/em>: 6.5kg<br \/>\n<\/span><span lang=\"EN-US\">Bao b\u00ec\/\u00a0<em>Packaging<\/em>: Standard<br \/>\n<\/span><span lang=\"EN-US\">Y\u00eau c\u1ea7u l\u1eafp r\u00e1p\/<em>Assembly required<\/em>: Kh\u00f4ng\/\u00a0<em>No<\/em><\/span><\/p>\n<p><span lang=\"EN-US\">N\u01b0\u1edbc xu\u1ea5t x\u1ee9\/\u00a0<em>Country of origin<\/em>: Vi\u1ec7t Nam\/\u00a0<em>Vietnam<\/em><\/span><\/p>\n","protected":false},"featured_media":99758,"comment_status":"open","ping_status":"closed","template":"","meta":[],"product_brand":[17],"product_cat":[3054,2509],"product_tag":[],"class_list":{"0":"post-68067","1":"product","2":"type-product","3":"status-publish","4":"has-post-thumbnail","6":"product_brand-casanha","7":"product_cat-tropindus","8":"product_cat-chair","9":"product_shipping_class-bulky-items","11":"first","12":"instock","13":"shipping-taxable","14":"purchasable","15":"product-type-simple"},"yoast_head":"<!-- This site is optimized with the Yoast SEO plugin v27.1.1 - https:\/\/yoast.com\/product\/yoast-seo-wordpress\/ -->\n<title>TRIDENT - GH\u1ebe \u0102N - \u0110EN\/ BLACK - Casanha<\/title>\n<meta name=\"robots\" content=\"index, follow, max-snippet:-1, max-image-preview:large, max-video-preview:-1\" \/>\n<link rel=\"canonical\" href=\"https:\/\/casanha.com\/en\/product\/trident-ghe-an-go-soi-chay-burnt-oak\/\" \/>\n<meta property=\"og:locale\" content=\"en_US\" \/>\n<meta property=\"og:type\" content=\"article\" \/>\n<meta property=\"og:title\" content=\"TRIDENT - GH\u1ebe \u0102N - \u0110EN\/ BLACK - Casanha\" \/>\n<meta property=\"og:description\" content=\"M\u1ed9t chi\u1ebfc gh\u1ebf ba ch\u00e2n n\u1ed5i b\u1eadt v\u1edbi khung \u0111en m\u1edd v\u00e0 l\u1edbp b\u1ecdc v\u1ea3i x\u00e1m m\u1ec1m m\u1ea1i. K\u1ebft c\u1ea5u ba ch\u00e2n \u0111\u1ed9c \u0111\u00e1o mang l\u1ea1i s\u1ef1 \u1ed5n \u0111\u1ecbnh v\u00e0 v\u1ebb \u0111\u1eb9p kh\u00e1c l\u1ea1, \u0111\u1ed3ng th\u1eddi \u0111em \u0111\u1ebfn c\u1ea3m gi\u00e1c ng\u1ed3i tho\u1ea3i m\u00e1i\/ A striking three-legged chair with a matte black frame and soft grey fabric upholstery. Its unconventional tripod structure offers both stability and a unique, sculptural look \u2014 all while providing cozy, comfortable seating.  Th\u00f4ng tin s\u1ea3n ph\u1ea9m\/\u00a0Product\u00a0information   M\u00e0u s\u1eafc\/\u00a0Color:\u00a0\u0110en &amp; x\u00e1m\/\u00a0Black &amp; grey Ch\u1ea5t li\u1ec7u\/\u00a0Materials Gh\u1ebf ng\u1ed3i\/\u00a0Seat\u00a0:\u00a0G\u1ed7 s\u1ed3i nguy\u00ean kh\u1ed1i, MDF, m\u00fat \u0111\u00e0n h\u1ed3i cao &amp; v\u1ea3i\/\u00a0Solid oak, MDF, high density foam &amp; fabric T\u1ef1a l\u01b0ng\/\u00a0Backrest\u00a0:\u00a0V\u00e1n \u00e9p,\u00a0m\u00fat \u0111\u00e0n h\u1ed3i cao &amp; v\u1ea3i\/\u00a0Plywood,\u00a0high density foam &amp; fabric Tay v\u1ecbn\/\u00a0Armrest\u00a0:\u00a0Kh\u00f4ng c\u00f3 \/\u00a0None B\u1ecdc n\u1ec7m\/\u00a0Upholstery: 100% Polyester, Ch\u00e2n\/\u00a0Legs\u00a0:\u00a0G\u1ed7 s\u1ed3i nguy\u00ean kh\u1ed1i\/\u00a0Solid oak K\u00edch th\u01b0\u1edbc\/\u00a0Dimensions: W53 x D57 x H80cm Ch\u1ee9ng nh\u1eadn\/Certification: FSC 100%  B\u1ed9 s\u01b0u t\u1eadp\/\u00a0Collection: Kh\u00f4ng c\u00f3\/\u00a0None Phong c\u00e1ch\/\u00a0Style: Casanh\u00e0  G\u1ed1i c\u00f3 th\u1ec3 th\u00e1o v\u1ecf\/\u00a0Removable cover:\u00a0Kh\u00f4ng\/\u00a0No Ch\u00e2n c\u00f3 th\u1ec3 \u0111i\u1ec1u ch\u1ec9nh\/\u00a0Adjustable legs: Kh\u00f4ng\/\u00a0No  C\u00e2n n\u1eb7ng\/\u00a0Weight: 6.5kg Bao b\u00ec\/\u00a0Packaging: Standard Y\u00eau c\u1ea7u l\u1eafp r\u00e1p\/Assembly required: Kh\u00f4ng\/\u00a0No  N\u01b0\u1edbc xu\u1ea5t x\u1ee9\/\u00a0Country of origin: Vi\u1ec7t Nam\/\u00a0Vietnam\" \/>\n<meta property=\"og:url\" content=\"https:\/\/casanha.com\/en\/product\/trident-ghe-an-go-soi-chay-burnt-oak\/\" \/>\n<meta property=\"og:site_name\" content=\"Casanha\" \/>\n<meta property=\"article:publisher\" content=\"https:\/\/www.facebook.com\/CasanhaHome\" \/>\n<meta property=\"article:modified_time\" content=\"2026-04-03T01:32:33+00:00\" \/>\n<meta property=\"og:image\" content=\"https:\/\/casanha-beta.s3.ap-southeast-1.amazonaws.com\/2025\/06\/kiotviet_c5a4583518624fcc8575d57eae07ef89.jpg\" \/>\n\t<meta property=\"og:image:width\" content=\"600\" \/>\n\t<meta property=\"og:image:height\" content=\"600\" \/>\n\t<meta property=\"og:image:type\" content=\"image\/jpeg\" \/>\n<meta name=\"twitter:card\" content=\"summary_large_image\" \/>\n<script type=\"application\/ld+json\" class=\"yoast-schema-graph\">{\"@context\":\"https:\/\/schema.org\",\"@graph\":[{\"@type\":\"WebPage\",\"@id\":\"https:\/\/casanha.com\/product\/trident-ghe-an-go-soi-chay-burnt-oak\/\",\"url\":\"https:\/\/casanha.com\/product\/trident-ghe-an-go-soi-chay-burnt-oak\/\",\"name\":\"TRIDENT - GH\u1ebe \u0102N - \u0110EN\/ BLACK - Casanha\",\"isPartOf\":{\"@id\":\"https:\/\/casanha.com\/vi\/#website\"},\"primaryImageOfPage\":{\"@id\":\"https:\/\/casanha.com\/product\/trident-ghe-an-go-soi-chay-burnt-oak\/#primaryimage\"},\"image\":{\"@id\":\"https:\/\/casanha.com\/product\/trident-ghe-an-go-soi-chay-burnt-oak\/#primaryimage\"},\"thumbnailUrl\":\"https:\/\/casanha-beta.s3.ap-southeast-1.amazonaws.com\/2025\/06\/kiotviet_c5a4583518624fcc8575d57eae07ef89.jpg\",\"datePublished\":\"2024-11-15T05:18:19+00:00\",\"dateModified\":\"2026-04-03T01:32:33+00:00\",\"breadcrumb\":{\"@id\":\"https:\/\/casanha.com\/product\/trident-ghe-an-go-soi-chay-burnt-oak\/#breadcrumb\"},\"inLanguage\":\"en-US\",\"potentialAction\":[{\"@type\":\"ReadAction\",\"target\":[\"https:\/\/casanha.com\/product\/trident-ghe-an-go-soi-chay-burnt-oak\/\"]}]},{\"@type\":\"ImageObject\",\"inLanguage\":\"en-US\",\"@id\":\"https:\/\/casanha.com\/product\/trident-ghe-an-go-soi-chay-burnt-oak\/#primaryimage\",\"url\":\"https:\/\/casanha-beta.s3.ap-southeast-1.amazonaws.com\/2025\/06\/kiotviet_c5a4583518624fcc8575d57eae07ef89.jpg\",\"contentUrl\":\"https:\/\/casanha-beta.s3.ap-southeast-1.amazonaws.com\/2025\/06\/kiotviet_c5a4583518624fcc8575d57eae07ef89.jpg\",\"width\":600,\"height\":600},{\"@type\":\"BreadcrumbList\",\"@id\":\"https:\/\/casanha.com\/product\/trident-ghe-an-go-soi-chay-burnt-oak\/#breadcrumb\",\"itemListElement\":[{\"@type\":\"ListItem\",\"position\":1,\"name\":\"Home\",\"item\":\"https:\/\/casanha.com\/\"},{\"@type\":\"ListItem\",\"position\":2,\"name\":\"C\u1eeda h\u00e0ng\",\"item\":\"https:\/\/casanha.com\/vi\/cua-hang\/\"},{\"@type\":\"ListItem\",\"position\":3,\"name\":\"TRIDENT &#8211; GH\u1ebe \u0102N &#8211; \u0110EN\/ BLACK\"}]},{\"@type\":\"WebSite\",\"@id\":\"https:\/\/casanha.com\/vi\/#website\",\"url\":\"https:\/\/casanha.com\/vi\/\",\"name\":\"Casanha\",\"description\":\"Home Decor &amp; Furniture\",\"publisher\":{\"@id\":\"https:\/\/casanha.com\/vi\/#organization\"},\"potentialAction\":[{\"@type\":\"SearchAction\",\"target\":{\"@type\":\"EntryPoint\",\"urlTemplate\":\"https:\/\/casanha.com\/vi\/?s={search_term_string}\"},\"query-input\":{\"@type\":\"PropertyValueSpecification\",\"valueRequired\":true,\"valueName\":\"search_term_string\"}}],\"inLanguage\":\"en-US\"},{\"@type\":\"Organization\",\"@id\":\"https:\/\/casanha.com\/vi\/#organization\",\"name\":\"Casanha\",\"url\":\"https:\/\/casanha.com\/vi\/\",\"logo\":{\"@type\":\"ImageObject\",\"inLanguage\":\"en-US\",\"@id\":\"https:\/\/casanha.com\/vi\/#\/schema\/logo\/image\/\",\"url\":\"https:\/\/casanha-beta.s3.ap-southeast-1.amazonaws.com\/2026\/02\/logo-2026.jpg\",\"contentUrl\":\"https:\/\/casanha-beta.s3.ap-southeast-1.amazonaws.com\/2026\/02\/logo-2026.jpg\",\"width\":1500,\"height\":1500,\"caption\":\"Casanha\"},\"image\":{\"@id\":\"https:\/\/casanha.com\/vi\/#\/schema\/logo\/image\/\"},\"sameAs\":[\"https:\/\/www.facebook.com\/CasanhaHome\",\"https:\/\/www.instagram.com\/casanhahome\/\",\"https:\/\/www.youtube.com\/@casanha\",\"https:\/\/www.tiktok.com\/@casanha.com\",\"https:\/\/zalo.me\/casanhahome\"]}]}<\/script>\n<!-- \/ Yoast SEO plugin. -->","yoast_head_json":{"title":"TRIDENT - GH\u1ebe \u0102N - \u0110EN\/ BLACK - Casanha","robots":{"index":"index","follow":"follow","max-snippet":"max-snippet:-1","max-image-preview":"max-image-preview:large","max-video-preview":"max-video-preview:-1"},"canonical":"https:\/\/casanha.com\/en\/product\/trident-ghe-an-go-soi-chay-burnt-oak\/","og_locale":"en_US","og_type":"article","og_title":"TRIDENT - GH\u1ebe \u0102N - \u0110EN\/ BLACK - Casanha","og_description":"M\u1ed9t chi\u1ebfc gh\u1ebf ba ch\u00e2n n\u1ed5i b\u1eadt v\u1edbi khung \u0111en m\u1edd v\u00e0 l\u1edbp b\u1ecdc v\u1ea3i x\u00e1m m\u1ec1m m\u1ea1i. K\u1ebft c\u1ea5u ba ch\u00e2n \u0111\u1ed9c \u0111\u00e1o mang l\u1ea1i s\u1ef1 \u1ed5n \u0111\u1ecbnh v\u00e0 v\u1ebb \u0111\u1eb9p kh\u00e1c l\u1ea1, \u0111\u1ed3ng th\u1eddi \u0111em \u0111\u1ebfn c\u1ea3m gi\u00e1c ng\u1ed3i tho\u1ea3i m\u00e1i\/ A striking three-legged chair with a matte black frame and soft grey fabric upholstery. Its unconventional tripod structure offers both stability and a unique, sculptural look \u2014 all while providing cozy, comfortable seating.  Th\u00f4ng tin s\u1ea3n ph\u1ea9m\/\u00a0Product\u00a0information   M\u00e0u s\u1eafc\/\u00a0Color:\u00a0\u0110en &amp; x\u00e1m\/\u00a0Black &amp; grey Ch\u1ea5t li\u1ec7u\/\u00a0Materials Gh\u1ebf ng\u1ed3i\/\u00a0Seat\u00a0:\u00a0G\u1ed7 s\u1ed3i nguy\u00ean kh\u1ed1i, MDF, m\u00fat \u0111\u00e0n h\u1ed3i cao &amp; v\u1ea3i\/\u00a0Solid oak, MDF, high density foam &amp; fabric T\u1ef1a l\u01b0ng\/\u00a0Backrest\u00a0:\u00a0V\u00e1n \u00e9p,\u00a0m\u00fat \u0111\u00e0n h\u1ed3i cao &amp; v\u1ea3i\/\u00a0Plywood,\u00a0high density foam &amp; fabric Tay v\u1ecbn\/\u00a0Armrest\u00a0:\u00a0Kh\u00f4ng c\u00f3 \/\u00a0None B\u1ecdc n\u1ec7m\/\u00a0Upholstery: 100% Polyester, Ch\u00e2n\/\u00a0Legs\u00a0:\u00a0G\u1ed7 s\u1ed3i nguy\u00ean kh\u1ed1i\/\u00a0Solid oak K\u00edch th\u01b0\u1edbc\/\u00a0Dimensions: W53 x D57 x H80cm Ch\u1ee9ng nh\u1eadn\/Certification: FSC 100%  B\u1ed9 s\u01b0u t\u1eadp\/\u00a0Collection: Kh\u00f4ng c\u00f3\/\u00a0None Phong c\u00e1ch\/\u00a0Style: Casanh\u00e0  G\u1ed1i c\u00f3 th\u1ec3 th\u00e1o v\u1ecf\/\u00a0Removable cover:\u00a0Kh\u00f4ng\/\u00a0No Ch\u00e2n c\u00f3 th\u1ec3 \u0111i\u1ec1u ch\u1ec9nh\/\u00a0Adjustable legs: Kh\u00f4ng\/\u00a0No  C\u00e2n n\u1eb7ng\/\u00a0Weight: 6.5kg Bao b\u00ec\/\u00a0Packaging: Standard Y\u00eau c\u1ea7u l\u1eafp r\u00e1p\/Assembly required: Kh\u00f4ng\/\u00a0No  N\u01b0\u1edbc xu\u1ea5t x\u1ee9\/\u00a0Country of origin: Vi\u1ec7t Nam\/\u00a0Vietnam","og_url":"https:\/\/casanha.com\/en\/product\/trident-ghe-an-go-soi-chay-burnt-oak\/","og_site_name":"Casanha","article_publisher":"https:\/\/www.facebook.com\/CasanhaHome","article_modified_time":"2026-04-03T01:32:33+00:00","og_image":[{"width":600,"height":600,"url":"https:\/\/casanha-beta.s3.ap-southeast-1.amazonaws.com\/2025\/06\/kiotviet_c5a4583518624fcc8575d57eae07ef89.jpg","type":"image\/jpeg"}],"twitter_card":"summary_large_image","schema":{"@context":"https:\/\/schema.org","@graph":[{"@type":"WebPage","@id":"https:\/\/casanha.com\/product\/trident-ghe-an-go-soi-chay-burnt-oak\/","url":"https:\/\/casanha.com\/product\/trident-ghe-an-go-soi-chay-burnt-oak\/","name":"TRIDENT - GH\u1ebe \u0102N - \u0110EN\/ BLACK - Casanha","isPartOf":{"@id":"https:\/\/casanha.com\/vi\/#website"},"primaryImageOfPage":{"@id":"https:\/\/casanha.com\/product\/trident-ghe-an-go-soi-chay-burnt-oak\/#primaryimage"},"image":{"@id":"https:\/\/casanha.com\/product\/trident-ghe-an-go-soi-chay-burnt-oak\/#primaryimage"},"thumbnailUrl":"https:\/\/casanha-beta.s3.ap-southeast-1.amazonaws.com\/2025\/06\/kiotviet_c5a4583518624fcc8575d57eae07ef89.jpg","datePublished":"2024-11-15T05:18:19+00:00","dateModified":"2026-04-03T01:32:33+00:00","breadcrumb":{"@id":"https:\/\/casanha.com\/product\/trident-ghe-an-go-soi-chay-burnt-oak\/#breadcrumb"},"inLanguage":"en-US","potentialAction":[{"@type":"ReadAction","target":["https:\/\/casanha.com\/product\/trident-ghe-an-go-soi-chay-burnt-oak\/"]}]},{"@type":"ImageObject","inLanguage":"en-US","@id":"https:\/\/casanha.com\/product\/trident-ghe-an-go-soi-chay-burnt-oak\/#primaryimage","url":"https:\/\/casanha-beta.s3.ap-southeast-1.amazonaws.com\/2025\/06\/kiotviet_c5a4583518624fcc8575d57eae07ef89.jpg","contentUrl":"https:\/\/casanha-beta.s3.ap-southeast-1.amazonaws.com\/2025\/06\/kiotviet_c5a4583518624fcc8575d57eae07ef89.jpg","width":600,"height":600},{"@type":"BreadcrumbList","@id":"https:\/\/casanha.com\/product\/trident-ghe-an-go-soi-chay-burnt-oak\/#breadcrumb","itemListElement":[{"@type":"ListItem","position":1,"name":"Home","item":"https:\/\/casanha.com\/"},{"@type":"ListItem","position":2,"name":"C\u1eeda h\u00e0ng","item":"https:\/\/casanha.com\/vi\/cua-hang\/"},{"@type":"ListItem","position":3,"name":"TRIDENT &#8211; GH\u1ebe \u0102N &#8211; \u0110EN\/ BLACK"}]},{"@type":"WebSite","@id":"https:\/\/casanha.com\/vi\/#website","url":"https:\/\/casanha.com\/vi\/","name":"Casanha","description":"Home Decor &amp; Furniture","publisher":{"@id":"https:\/\/casanha.com\/vi\/#organization"},"potentialAction":[{"@type":"SearchAction","target":{"@type":"EntryPoint","urlTemplate":"https:\/\/casanha.com\/vi\/?s={search_term_string}"},"query-input":{"@type":"PropertyValueSpecification","valueRequired":true,"valueName":"search_term_string"}}],"inLanguage":"en-US"},{"@type":"Organization","@id":"https:\/\/casanha.com\/vi\/#organization","name":"Casanha","url":"https:\/\/casanha.com\/vi\/","logo":{"@type":"ImageObject","inLanguage":"en-US","@id":"https:\/\/casanha.com\/vi\/#\/schema\/logo\/image\/","url":"https:\/\/casanha-beta.s3.ap-southeast-1.amazonaws.com\/2026\/02\/logo-2026.jpg","contentUrl":"https:\/\/casanha-beta.s3.ap-southeast-1.amazonaws.com\/2026\/02\/logo-2026.jpg","width":1500,"height":1500,"caption":"Casanha"},"image":{"@id":"https:\/\/casanha.com\/vi\/#\/schema\/logo\/image\/"},"sameAs":["https:\/\/www.facebook.com\/CasanhaHome","https:\/\/www.instagram.com\/casanhahome\/","https:\/\/www.youtube.com\/@casanha","https:\/\/www.tiktok.com\/@casanha.com","https:\/\/zalo.me\/casanhahome"]}]}},"_links":{"self":[{"href":"https:\/\/casanha.com\/en\/wp-json\/wp\/v2\/product\/68067","targetHints":{"allow":["GET"]}}],"collection":[{"href":"https:\/\/casanha.com\/en\/wp-json\/wp\/v2\/product"}],"about":[{"href":"https:\/\/casanha.com\/en\/wp-json\/wp\/v2\/types\/product"}],"replies":[{"embeddable":true,"href":"https:\/\/casanha.com\/en\/wp-json\/wp\/v2\/comments?post=68067"}],"version-history":[{"count":6,"href":"https:\/\/casanha.com\/en\/wp-json\/wp\/v2\/product\/68067\/revisions"}],"predecessor-version":[{"id":107688,"href":"https:\/\/casanha.com\/en\/wp-json\/wp\/v2\/product\/68067\/revisions\/107688"}],"wp:featuredmedia":[{"embeddable":true,"href":"https:\/\/casanha.com\/en\/wp-json\/wp\/v2\/media\/99758"}],"wp:attachment":[{"href":"https:\/\/casanha.com\/en\/wp-json\/wp\/v2\/media?parent=68067"}],"wp:term":[{"taxonomy":"product_brand","embeddable":true,"href":"https:\/\/casanha.com\/en\/wp-json\/wp\/v2\/product_brand?post=68067"},{"taxonomy":"product_cat","embeddable":true,"href":"https:\/\/casanha.com\/en\/wp-json\/wp\/v2\/product_cat?post=68067"},{"taxonomy":"product_tag","embeddable":true,"href":"https:\/\/casanha.com\/en\/wp-json\/wp\/v2\/product_tag?post=68067"}],"curies":[{"name":"wp","href":"https:\/\/api.w.org\/{rel}","templated":true}]}}