{"id":66899,"date":"2024-08-13T12:26:13","date_gmt":"2024-08-13T05:26:13","guid":{"rendered":"https:\/\/casanha.com\/product\/hydrangea-nhanh-cay-nhan-tao\/"},"modified":"2026-04-14T10:22:44","modified_gmt":"2026-04-14T03:22:44","slug":"hydrangea-nhanh-cay-nhan-tao","status":"publish","type":"product","link":"https:\/\/casanha.com\/en\/product\/hydrangea-nhanh-cay-nhan-tao\/","title":{"rendered":"HYDRANGEA &#8211; NH\u00c1NH C\u00c2Y NH\u00c2N T\u1ea0O"},"content":{"rendered":"","protected":false},"excerpt":{"rendered":"<p>C\u00e0nh hoa c\u1ea9m t\u00fa c\u1ea7u nh\u00e2n t\u1ea1o n\u00e0y n\u1ed5i b\u1eadt b\u1edfi chi\u1ec1u cao h\u00e0o ph\u00f3ng 83 cm v\u00e0 b\u00f4ng hoa m\u1ecfng manh, b\u1eaft ch\u01b0\u1edbc m\u1ed9t b\u00f4ng hoa c\u1ea9m t\u00fa c\u1ea7u \u0111\u1ebfn m\u1ee9c ho\u00e0n h\u1ea3o. N\u00f3 s\u1ebd cho ph\u00e9p b\u1ea1n so\u1ea1n nh\u1eefng b\u00f3 hoa l\u1edbn c\u0169ng nh\u01b0 tr\u01b0ng b\u00e0y n\u00f3 m\u1ed9t m\u00ecnh. B\u1ea1n c\u00f3 th\u1ec3 d\u1ec5 d\u00e0ng \u0111i\u1ec1u ch\u1ec9nh n\u00f3 v\u1edbi b\u00ecnh hoa c\u1ee7a m\u00ecnh b\u1eb1ng c\u00e1ch c\u1eaft ph\u1ea7n g\u1ed1c c\u1ee7a th\u00e2n c\u00e2y\/ <em>This stem of artificial hydrangea is distinguished by its generous height of 83 cm and its delicate flower, imitating a hydrangea to perfection. It will allow you to compose large bouquets as well as display it alone. You can easily adapt it to your vases by cutting the base of the stem.<\/em><\/p>\n","protected":false},"featured_media":85911,"comment_status":"open","ping_status":"closed","template":"","meta":[],"product_brand":[17],"product_cat":[3056,3047,3043,3062,2562],"product_tag":[],"class_list":{"0":"post-66899","1":"product","2":"type-product","3":"status-publish","4":"has-post-thumbnail","6":"product_brand-casanha","7":"product_cat-goldinosa","8":"product_cat-rivage-dazur","9":"product_cat-the-red-theory","10":"product_cat-whitewashed-horizon","11":"product_cat-stems-bouquets","12":"product_shipping_class-fragile-items","13":"pa_color-do-red","14":"pa_color-hong-pink","15":"pa_color-man-plum","16":"pa_color-trang-ivory","17":"pa_color-vang-yellow","18":"pa_color-xanh-la-green","19":"pa_color-xanh-lam-blue","21":"first","22":"instock","23":"shipping-taxable","24":"purchasable","25":"product-type-variable","26":"rtwpvs-product"},"yoast_head":"<!-- This site is optimized with the Yoast SEO plugin v27.1.1 - https:\/\/yoast.com\/product\/yoast-seo-wordpress\/ -->\n<title>HYDRANGEA - NH\u00c1NH C\u00c2Y NH\u00c2N T\u1ea0O - Casanha<\/title>\n<meta name=\"robots\" content=\"index, follow, max-snippet:-1, max-image-preview:large, max-video-preview:-1\" \/>\n<link rel=\"canonical\" href=\"https:\/\/casanha.com\/en\/product\/hydrangea-nhanh-cay-nhan-tao\/\" \/>\n<meta property=\"og:locale\" content=\"en_US\" \/>\n<meta property=\"og:type\" content=\"article\" \/>\n<meta property=\"og:title\" content=\"HYDRANGEA - NH\u00c1NH C\u00c2Y NH\u00c2N T\u1ea0O - Casanha\" \/>\n<meta property=\"og:description\" content=\"C\u00e0nh hoa c\u1ea9m t\u00fa c\u1ea7u nh\u00e2n t\u1ea1o n\u00e0y n\u1ed5i b\u1eadt b\u1edfi chi\u1ec1u cao h\u00e0o ph\u00f3ng 83 cm v\u00e0 b\u00f4ng hoa m\u1ecfng manh, b\u1eaft ch\u01b0\u1edbc m\u1ed9t b\u00f4ng hoa c\u1ea9m t\u00fa c\u1ea7u \u0111\u1ebfn m\u1ee9c ho\u00e0n h\u1ea3o. N\u00f3 s\u1ebd cho ph\u00e9p b\u1ea1n so\u1ea1n nh\u1eefng b\u00f3 hoa l\u1edbn c\u0169ng nh\u01b0 tr\u01b0ng b\u00e0y n\u00f3 m\u1ed9t m\u00ecnh. B\u1ea1n c\u00f3 th\u1ec3 d\u1ec5 d\u00e0ng \u0111i\u1ec1u ch\u1ec9nh n\u00f3 v\u1edbi b\u00ecnh hoa c\u1ee7a m\u00ecnh b\u1eb1ng c\u00e1ch c\u1eaft ph\u1ea7n g\u1ed1c c\u1ee7a th\u00e2n c\u00e2y\/ This stem of artificial hydrangea is distinguished by its generous height of 83 cm and its delicate flower, imitating a hydrangea to perfection. It will allow you to compose large bouquets as well as display it alone. You can easily adapt it to your vases by cutting the base of the stem.\" \/>\n<meta property=\"og:url\" content=\"https:\/\/casanha.com\/en\/product\/hydrangea-nhanh-cay-nhan-tao\/\" \/>\n<meta property=\"og:site_name\" content=\"Casanha\" \/>\n<meta property=\"article:publisher\" content=\"https:\/\/www.facebook.com\/CasanhaHome\" \/>\n<meta property=\"article:modified_time\" content=\"2026-04-14T03:22:44+00:00\" \/>\n<meta property=\"og:image\" content=\"https:\/\/casanha-beta.s3.ap-southeast-1.amazonaws.com\/2024\/11\/HYDRANGEA-NHANH-CAY-NHAN-TAO.png\" \/>\n\t<meta property=\"og:image:width\" content=\"1080\" \/>\n\t<meta property=\"og:image:height\" content=\"1350\" \/>\n\t<meta property=\"og:image:type\" content=\"image\/png\" \/>\n<meta name=\"twitter:card\" content=\"summary_large_image\" \/>\n<script type=\"application\/ld+json\" class=\"yoast-schema-graph\">{\"@context\":\"https:\/\/schema.org\",\"@graph\":[{\"@type\":\"WebPage\",\"@id\":\"https:\/\/casanha.com\/product\/hydrangea-nhanh-cay-nhan-tao\/\",\"url\":\"https:\/\/casanha.com\/product\/hydrangea-nhanh-cay-nhan-tao\/\",\"name\":\"HYDRANGEA - NH\u00c1NH C\u00c2Y NH\u00c2N T\u1ea0O - Casanha\",\"isPartOf\":{\"@id\":\"https:\/\/casanha.com\/vi\/#website\"},\"primaryImageOfPage\":{\"@id\":\"https:\/\/casanha.com\/product\/hydrangea-nhanh-cay-nhan-tao\/#primaryimage\"},\"image\":{\"@id\":\"https:\/\/casanha.com\/product\/hydrangea-nhanh-cay-nhan-tao\/#primaryimage\"},\"thumbnailUrl\":\"https:\/\/casanha-beta.s3.ap-southeast-1.amazonaws.com\/2024\/11\/HYDRANGEA-NHANH-CAY-NHAN-TAO.png\",\"datePublished\":\"2024-08-13T05:26:13+00:00\",\"dateModified\":\"2026-04-14T03:22:44+00:00\",\"breadcrumb\":{\"@id\":\"https:\/\/casanha.com\/product\/hydrangea-nhanh-cay-nhan-tao\/#breadcrumb\"},\"inLanguage\":\"en-US\",\"potentialAction\":[{\"@type\":\"ReadAction\",\"target\":[\"https:\/\/casanha.com\/product\/hydrangea-nhanh-cay-nhan-tao\/\"]}]},{\"@type\":\"ImageObject\",\"inLanguage\":\"en-US\",\"@id\":\"https:\/\/casanha.com\/product\/hydrangea-nhanh-cay-nhan-tao\/#primaryimage\",\"url\":\"https:\/\/casanha-beta.s3.ap-southeast-1.amazonaws.com\/2024\/11\/HYDRANGEA-NHANH-CAY-NHAN-TAO.png\",\"contentUrl\":\"https:\/\/casanha-beta.s3.ap-southeast-1.amazonaws.com\/2024\/11\/HYDRANGEA-NHANH-CAY-NHAN-TAO.png\",\"width\":1080,\"height\":1350},{\"@type\":\"BreadcrumbList\",\"@id\":\"https:\/\/casanha.com\/product\/hydrangea-nhanh-cay-nhan-tao\/#breadcrumb\",\"itemListElement\":[{\"@type\":\"ListItem\",\"position\":1,\"name\":\"Home\",\"item\":\"https:\/\/casanha.com\/\"},{\"@type\":\"ListItem\",\"position\":2,\"name\":\"C\u1eeda h\u00e0ng\",\"item\":\"https:\/\/casanha.com\/vi\/cua-hang\/\"},{\"@type\":\"ListItem\",\"position\":3,\"name\":\"HYDRANGEA &#8211; NH\u00c1NH C\u00c2Y NH\u00c2N T\u1ea0O\"}]},{\"@type\":\"WebSite\",\"@id\":\"https:\/\/casanha.com\/vi\/#website\",\"url\":\"https:\/\/casanha.com\/vi\/\",\"name\":\"Casanha\",\"description\":\"Home Decor &amp; Furniture\",\"publisher\":{\"@id\":\"https:\/\/casanha.com\/vi\/#organization\"},\"potentialAction\":[{\"@type\":\"SearchAction\",\"target\":{\"@type\":\"EntryPoint\",\"urlTemplate\":\"https:\/\/casanha.com\/vi\/?s={search_term_string}\"},\"query-input\":{\"@type\":\"PropertyValueSpecification\",\"valueRequired\":true,\"valueName\":\"search_term_string\"}}],\"inLanguage\":\"en-US\"},{\"@type\":\"Organization\",\"@id\":\"https:\/\/casanha.com\/vi\/#organization\",\"name\":\"Casanha\",\"url\":\"https:\/\/casanha.com\/vi\/\",\"logo\":{\"@type\":\"ImageObject\",\"inLanguage\":\"en-US\",\"@id\":\"https:\/\/casanha.com\/vi\/#\/schema\/logo\/image\/\",\"url\":\"https:\/\/casanha-beta.s3.ap-southeast-1.amazonaws.com\/2026\/02\/logo-2026.jpg\",\"contentUrl\":\"https:\/\/casanha-beta.s3.ap-southeast-1.amazonaws.com\/2026\/02\/logo-2026.jpg\",\"width\":1500,\"height\":1500,\"caption\":\"Casanha\"},\"image\":{\"@id\":\"https:\/\/casanha.com\/vi\/#\/schema\/logo\/image\/\"},\"sameAs\":[\"https:\/\/www.facebook.com\/CasanhaHome\",\"https:\/\/www.instagram.com\/casanhahome\/\",\"https:\/\/www.youtube.com\/@casanha\",\"https:\/\/www.tiktok.com\/@casanha.com\",\"https:\/\/zalo.me\/casanhahome\"]}]}<\/script>\n<!-- \/ Yoast SEO plugin. -->","yoast_head_json":{"title":"HYDRANGEA - NH\u00c1NH C\u00c2Y NH\u00c2N T\u1ea0O - Casanha","robots":{"index":"index","follow":"follow","max-snippet":"max-snippet:-1","max-image-preview":"max-image-preview:large","max-video-preview":"max-video-preview:-1"},"canonical":"https:\/\/casanha.com\/en\/product\/hydrangea-nhanh-cay-nhan-tao\/","og_locale":"en_US","og_type":"article","og_title":"HYDRANGEA - NH\u00c1NH C\u00c2Y NH\u00c2N T\u1ea0O - Casanha","og_description":"C\u00e0nh hoa c\u1ea9m t\u00fa c\u1ea7u nh\u00e2n t\u1ea1o n\u00e0y n\u1ed5i b\u1eadt b\u1edfi chi\u1ec1u cao h\u00e0o ph\u00f3ng 83 cm v\u00e0 b\u00f4ng hoa m\u1ecfng manh, b\u1eaft ch\u01b0\u1edbc m\u1ed9t b\u00f4ng hoa c\u1ea9m t\u00fa c\u1ea7u \u0111\u1ebfn m\u1ee9c ho\u00e0n h\u1ea3o. N\u00f3 s\u1ebd cho ph\u00e9p b\u1ea1n so\u1ea1n nh\u1eefng b\u00f3 hoa l\u1edbn c\u0169ng nh\u01b0 tr\u01b0ng b\u00e0y n\u00f3 m\u1ed9t m\u00ecnh. B\u1ea1n c\u00f3 th\u1ec3 d\u1ec5 d\u00e0ng \u0111i\u1ec1u ch\u1ec9nh n\u00f3 v\u1edbi b\u00ecnh hoa c\u1ee7a m\u00ecnh b\u1eb1ng c\u00e1ch c\u1eaft ph\u1ea7n g\u1ed1c c\u1ee7a th\u00e2n c\u00e2y\/ This stem of artificial hydrangea is distinguished by its generous height of 83 cm and its delicate flower, imitating a hydrangea to perfection. It will allow you to compose large bouquets as well as display it alone. You can easily adapt it to your vases by cutting the base of the stem.","og_url":"https:\/\/casanha.com\/en\/product\/hydrangea-nhanh-cay-nhan-tao\/","og_site_name":"Casanha","article_publisher":"https:\/\/www.facebook.com\/CasanhaHome","article_modified_time":"2026-04-14T03:22:44+00:00","og_image":[{"width":1080,"height":1350,"url":"https:\/\/casanha-beta.s3.ap-southeast-1.amazonaws.com\/2024\/11\/HYDRANGEA-NHANH-CAY-NHAN-TAO.png","type":"image\/png"}],"twitter_card":"summary_large_image","schema":{"@context":"https:\/\/schema.org","@graph":[{"@type":"WebPage","@id":"https:\/\/casanha.com\/product\/hydrangea-nhanh-cay-nhan-tao\/","url":"https:\/\/casanha.com\/product\/hydrangea-nhanh-cay-nhan-tao\/","name":"HYDRANGEA - NH\u00c1NH C\u00c2Y NH\u00c2N T\u1ea0O - Casanha","isPartOf":{"@id":"https:\/\/casanha.com\/vi\/#website"},"primaryImageOfPage":{"@id":"https:\/\/casanha.com\/product\/hydrangea-nhanh-cay-nhan-tao\/#primaryimage"},"image":{"@id":"https:\/\/casanha.com\/product\/hydrangea-nhanh-cay-nhan-tao\/#primaryimage"},"thumbnailUrl":"https:\/\/casanha-beta.s3.ap-southeast-1.amazonaws.com\/2024\/11\/HYDRANGEA-NHANH-CAY-NHAN-TAO.png","datePublished":"2024-08-13T05:26:13+00:00","dateModified":"2026-04-14T03:22:44+00:00","breadcrumb":{"@id":"https:\/\/casanha.com\/product\/hydrangea-nhanh-cay-nhan-tao\/#breadcrumb"},"inLanguage":"en-US","potentialAction":[{"@type":"ReadAction","target":["https:\/\/casanha.com\/product\/hydrangea-nhanh-cay-nhan-tao\/"]}]},{"@type":"ImageObject","inLanguage":"en-US","@id":"https:\/\/casanha.com\/product\/hydrangea-nhanh-cay-nhan-tao\/#primaryimage","url":"https:\/\/casanha-beta.s3.ap-southeast-1.amazonaws.com\/2024\/11\/HYDRANGEA-NHANH-CAY-NHAN-TAO.png","contentUrl":"https:\/\/casanha-beta.s3.ap-southeast-1.amazonaws.com\/2024\/11\/HYDRANGEA-NHANH-CAY-NHAN-TAO.png","width":1080,"height":1350},{"@type":"BreadcrumbList","@id":"https:\/\/casanha.com\/product\/hydrangea-nhanh-cay-nhan-tao\/#breadcrumb","itemListElement":[{"@type":"ListItem","position":1,"name":"Home","item":"https:\/\/casanha.com\/"},{"@type":"ListItem","position":2,"name":"C\u1eeda h\u00e0ng","item":"https:\/\/casanha.com\/vi\/cua-hang\/"},{"@type":"ListItem","position":3,"name":"HYDRANGEA &#8211; NH\u00c1NH C\u00c2Y NH\u00c2N T\u1ea0O"}]},{"@type":"WebSite","@id":"https:\/\/casanha.com\/vi\/#website","url":"https:\/\/casanha.com\/vi\/","name":"Casanha","description":"Home Decor &amp; Furniture","publisher":{"@id":"https:\/\/casanha.com\/vi\/#organization"},"potentialAction":[{"@type":"SearchAction","target":{"@type":"EntryPoint","urlTemplate":"https:\/\/casanha.com\/vi\/?s={search_term_string}"},"query-input":{"@type":"PropertyValueSpecification","valueRequired":true,"valueName":"search_term_string"}}],"inLanguage":"en-US"},{"@type":"Organization","@id":"https:\/\/casanha.com\/vi\/#organization","name":"Casanha","url":"https:\/\/casanha.com\/vi\/","logo":{"@type":"ImageObject","inLanguage":"en-US","@id":"https:\/\/casanha.com\/vi\/#\/schema\/logo\/image\/","url":"https:\/\/casanha-beta.s3.ap-southeast-1.amazonaws.com\/2026\/02\/logo-2026.jpg","contentUrl":"https:\/\/casanha-beta.s3.ap-southeast-1.amazonaws.com\/2026\/02\/logo-2026.jpg","width":1500,"height":1500,"caption":"Casanha"},"image":{"@id":"https:\/\/casanha.com\/vi\/#\/schema\/logo\/image\/"},"sameAs":["https:\/\/www.facebook.com\/CasanhaHome","https:\/\/www.instagram.com\/casanhahome\/","https:\/\/www.youtube.com\/@casanha","https:\/\/www.tiktok.com\/@casanha.com","https:\/\/zalo.me\/casanhahome"]}]}},"_links":{"self":[{"href":"https:\/\/casanha.com\/en\/wp-json\/wp\/v2\/product\/66899","targetHints":{"allow":["GET"]}}],"collection":[{"href":"https:\/\/casanha.com\/en\/wp-json\/wp\/v2\/product"}],"about":[{"href":"https:\/\/casanha.com\/en\/wp-json\/wp\/v2\/types\/product"}],"replies":[{"embeddable":true,"href":"https:\/\/casanha.com\/en\/wp-json\/wp\/v2\/comments?post=66899"}],"version-history":[{"count":7,"href":"https:\/\/casanha.com\/en\/wp-json\/wp\/v2\/product\/66899\/revisions"}],"predecessor-version":[{"id":115562,"href":"https:\/\/casanha.com\/en\/wp-json\/wp\/v2\/product\/66899\/revisions\/115562"}],"wp:featuredmedia":[{"embeddable":true,"href":"https:\/\/casanha.com\/en\/wp-json\/wp\/v2\/media\/85911"}],"wp:attachment":[{"href":"https:\/\/casanha.com\/en\/wp-json\/wp\/v2\/media?parent=66899"}],"wp:term":[{"taxonomy":"product_brand","embeddable":true,"href":"https:\/\/casanha.com\/en\/wp-json\/wp\/v2\/product_brand?post=66899"},{"taxonomy":"product_cat","embeddable":true,"href":"https:\/\/casanha.com\/en\/wp-json\/wp\/v2\/product_cat?post=66899"},{"taxonomy":"product_tag","embeddable":true,"href":"https:\/\/casanha.com\/en\/wp-json\/wp\/v2\/product_tag?post=66899"}],"curies":[{"name":"wp","href":"https:\/\/api.w.org\/{rel}","templated":true}]}}