{"id":66460,"date":"2024-08-12T12:53:52","date_gmt":"2024-08-12T05:53:52","guid":{"rendered":"https:\/\/casanha.com\/product\/mom-goi-tua\/"},"modified":"2026-05-04T13:04:27","modified_gmt":"2026-05-04T06:04:27","slug":"mom-goi-tua","status":"publish","type":"product","link":"https:\/\/casanha.com\/en\/product\/mom-goi-tua\/","title":{"rendered":"MOM &#8211; G\u1ed0I T\u1ef0A"},"content":{"rendered":"","protected":false},"excerpt":{"rendered":"<p>M\u1ec1m m\u1ea1i v\u00e0 nhi\u1ec1u m\u00e0u s\u1eafc, d\u00f2ng g\u1ed1i MOM c\u1ee7a ch\u00fang t\u00f4i s\u1ebd t\u1ea1o th\u00eam s\u1ef1 m\u1ec1m m\u1ea1i cho gh\u1ebf sofa ho\u1eb7c gi\u01b0\u1eddng ng\u1ee7. Nh\u1eefng s\u1ee3i b\u00f4ng \u0111\u01b0\u1ee3c may xung quanh s\u1ebd mang \u0111\u1ebfn s\u1ef1 k\u1ef3 \u1ea3o cho n\u1ed9i th\u1ea5t c\u1ee7a b\u1ea1n. Ngo\u00e0i ra, n\u00f3 r\u1ea5t d\u1ec5 b\u1ea3o tr\u00ec nh\u1edd c\u00f3 kh\u00f3a zip cho ph\u00e9p th\u00e1o r\u1eddi\/ <em>Soft and colorful, our MOM cushion line will add softness to a sofa or bed. The pompoms sewn all around will bring fantasy to your interior. In addition, it is easy to maintain thanks to the zip which allows it to be removed.<\/em><\/p>\n","protected":false},"featured_media":111071,"comment_status":"open","ping_status":"closed","template":"","meta":[],"product_brand":[17],"product_cat":[2520,3062],"product_tag":[],"class_list":{"0":"post-66460","1":"product","2":"type-product","3":"status-publish","4":"has-post-thumbnail","6":"product_brand-casanha","7":"product_cat-cushion","8":"product_cat-whitewashed-horizon","9":"product_shipping_class-normal-items","10":"pa_color-ghi-bac-stone","11":"pa_color-hong-dat-terracotta","12":"pa_color-hong-pink","13":"pa_color-tho-hoang-ocher","14":"pa_color-trang-ivory","15":"pa_color-xam-grey","16":"pa_color-xanh-lam-blue","18":"first","19":"instock","20":"shipping-taxable","21":"purchasable","22":"product-type-variable","23":"rtwpvs-product"},"yoast_head":"<!-- This site is optimized with the Yoast SEO plugin v27.1.1 - https:\/\/yoast.com\/product\/yoast-seo-wordpress\/ -->\n<title>MOM - G\u1ed0I T\u1ef0A - Casanha<\/title>\n<meta name=\"robots\" content=\"index, follow, max-snippet:-1, max-image-preview:large, max-video-preview:-1\" \/>\n<link rel=\"canonical\" href=\"https:\/\/casanha.com\/en\/product\/mom-goi-tua\/\" \/>\n<meta property=\"og:locale\" content=\"en_US\" \/>\n<meta property=\"og:type\" content=\"article\" \/>\n<meta property=\"og:title\" content=\"MOM - G\u1ed0I T\u1ef0A - Casanha\" \/>\n<meta property=\"og:description\" content=\"M\u1ec1m m\u1ea1i v\u00e0 nhi\u1ec1u m\u00e0u s\u1eafc, d\u00f2ng g\u1ed1i MOM c\u1ee7a ch\u00fang t\u00f4i s\u1ebd t\u1ea1o th\u00eam s\u1ef1 m\u1ec1m m\u1ea1i cho gh\u1ebf sofa ho\u1eb7c gi\u01b0\u1eddng ng\u1ee7. Nh\u1eefng s\u1ee3i b\u00f4ng \u0111\u01b0\u1ee3c may xung quanh s\u1ebd mang \u0111\u1ebfn s\u1ef1 k\u1ef3 \u1ea3o cho n\u1ed9i th\u1ea5t c\u1ee7a b\u1ea1n. Ngo\u00e0i ra, n\u00f3 r\u1ea5t d\u1ec5 b\u1ea3o tr\u00ec nh\u1edd c\u00f3 kh\u00f3a zip cho ph\u00e9p th\u00e1o r\u1eddi\/ Soft and colorful, our MOM cushion line will add softness to a sofa or bed. The pompoms sewn all around will bring fantasy to your interior. In addition, it is easy to maintain thanks to the zip which allows it to be removed.\" \/>\n<meta property=\"og:url\" content=\"https:\/\/casanha.com\/en\/product\/mom-goi-tua\/\" \/>\n<meta property=\"og:site_name\" content=\"Casanha\" \/>\n<meta property=\"article:publisher\" content=\"https:\/\/www.facebook.com\/CasanhaHome\" \/>\n<meta property=\"article:modified_time\" content=\"2026-05-04T06:04:27+00:00\" \/>\n<meta property=\"og:image\" content=\"https:\/\/casanha-beta.s3.ap-southeast-1.amazonaws.com\/2024\/08\/Mom-cushion-terra-pic-1-.png\" \/>\n\t<meta property=\"og:image:width\" content=\"1080\" \/>\n\t<meta property=\"og:image:height\" content=\"1350\" \/>\n\t<meta property=\"og:image:type\" content=\"image\/png\" \/>\n<meta name=\"twitter:card\" content=\"summary_large_image\" \/>\n<script type=\"application\/ld+json\" class=\"yoast-schema-graph\">{\"@context\":\"https:\/\/schema.org\",\"@graph\":[{\"@type\":\"WebPage\",\"@id\":\"https:\/\/casanha.com\/product\/mom-goi-tua\/\",\"url\":\"https:\/\/casanha.com\/product\/mom-goi-tua\/\",\"name\":\"MOM - G\u1ed0I T\u1ef0A - Casanha\",\"isPartOf\":{\"@id\":\"https:\/\/casanha.com\/vi\/#website\"},\"primaryImageOfPage\":{\"@id\":\"https:\/\/casanha.com\/product\/mom-goi-tua\/#primaryimage\"},\"image\":{\"@id\":\"https:\/\/casanha.com\/product\/mom-goi-tua\/#primaryimage\"},\"thumbnailUrl\":\"https:\/\/casanha-beta.s3.ap-southeast-1.amazonaws.com\/2024\/08\/Mom-cushion-terra-pic-1-.png\",\"datePublished\":\"2024-08-12T05:53:52+00:00\",\"dateModified\":\"2026-05-04T06:04:27+00:00\",\"breadcrumb\":{\"@id\":\"https:\/\/casanha.com\/product\/mom-goi-tua\/#breadcrumb\"},\"inLanguage\":\"en-US\",\"potentialAction\":[{\"@type\":\"ReadAction\",\"target\":[\"https:\/\/casanha.com\/product\/mom-goi-tua\/\"]}]},{\"@type\":\"ImageObject\",\"inLanguage\":\"en-US\",\"@id\":\"https:\/\/casanha.com\/product\/mom-goi-tua\/#primaryimage\",\"url\":\"https:\/\/casanha-beta.s3.ap-southeast-1.amazonaws.com\/2024\/08\/Mom-cushion-terra-pic-1-.png\",\"contentUrl\":\"https:\/\/casanha-beta.s3.ap-southeast-1.amazonaws.com\/2024\/08\/Mom-cushion-terra-pic-1-.png\",\"width\":1080,\"height\":1350},{\"@type\":\"BreadcrumbList\",\"@id\":\"https:\/\/casanha.com\/product\/mom-goi-tua\/#breadcrumb\",\"itemListElement\":[{\"@type\":\"ListItem\",\"position\":1,\"name\":\"Home\",\"item\":\"https:\/\/casanha.com\/\"},{\"@type\":\"ListItem\",\"position\":2,\"name\":\"C\u1eeda h\u00e0ng\",\"item\":\"https:\/\/casanha.com\/vi\/cua-hang\/\"},{\"@type\":\"ListItem\",\"position\":3,\"name\":\"MOM &#8211; G\u1ed0I T\u1ef0A\"}]},{\"@type\":\"WebSite\",\"@id\":\"https:\/\/casanha.com\/vi\/#website\",\"url\":\"https:\/\/casanha.com\/vi\/\",\"name\":\"Casanha\",\"description\":\"Home Decor &amp; Furniture\",\"publisher\":{\"@id\":\"https:\/\/casanha.com\/vi\/#organization\"},\"potentialAction\":[{\"@type\":\"SearchAction\",\"target\":{\"@type\":\"EntryPoint\",\"urlTemplate\":\"https:\/\/casanha.com\/vi\/?s={search_term_string}\"},\"query-input\":{\"@type\":\"PropertyValueSpecification\",\"valueRequired\":true,\"valueName\":\"search_term_string\"}}],\"inLanguage\":\"en-US\"},{\"@type\":\"Organization\",\"@id\":\"https:\/\/casanha.com\/vi\/#organization\",\"name\":\"Casanha\",\"url\":\"https:\/\/casanha.com\/vi\/\",\"logo\":{\"@type\":\"ImageObject\",\"inLanguage\":\"en-US\",\"@id\":\"https:\/\/casanha.com\/vi\/#\/schema\/logo\/image\/\",\"url\":\"https:\/\/casanha-beta.s3.ap-southeast-1.amazonaws.com\/2026\/02\/logo-2026.jpg\",\"contentUrl\":\"https:\/\/casanha-beta.s3.ap-southeast-1.amazonaws.com\/2026\/02\/logo-2026.jpg\",\"width\":1500,\"height\":1500,\"caption\":\"Casanha\"},\"image\":{\"@id\":\"https:\/\/casanha.com\/vi\/#\/schema\/logo\/image\/\"},\"sameAs\":[\"https:\/\/www.facebook.com\/CasanhaHome\",\"https:\/\/www.instagram.com\/casanhahome\/\",\"https:\/\/www.youtube.com\/@casanha\",\"https:\/\/www.tiktok.com\/@casanha.com\",\"https:\/\/zalo.me\/casanhahome\"]}]}<\/script>\n<!-- \/ Yoast SEO plugin. -->","yoast_head_json":{"title":"MOM - G\u1ed0I T\u1ef0A - Casanha","robots":{"index":"index","follow":"follow","max-snippet":"max-snippet:-1","max-image-preview":"max-image-preview:large","max-video-preview":"max-video-preview:-1"},"canonical":"https:\/\/casanha.com\/en\/product\/mom-goi-tua\/","og_locale":"en_US","og_type":"article","og_title":"MOM - G\u1ed0I T\u1ef0A - Casanha","og_description":"M\u1ec1m m\u1ea1i v\u00e0 nhi\u1ec1u m\u00e0u s\u1eafc, d\u00f2ng g\u1ed1i MOM c\u1ee7a ch\u00fang t\u00f4i s\u1ebd t\u1ea1o th\u00eam s\u1ef1 m\u1ec1m m\u1ea1i cho gh\u1ebf sofa ho\u1eb7c gi\u01b0\u1eddng ng\u1ee7. Nh\u1eefng s\u1ee3i b\u00f4ng \u0111\u01b0\u1ee3c may xung quanh s\u1ebd mang \u0111\u1ebfn s\u1ef1 k\u1ef3 \u1ea3o cho n\u1ed9i th\u1ea5t c\u1ee7a b\u1ea1n. Ngo\u00e0i ra, n\u00f3 r\u1ea5t d\u1ec5 b\u1ea3o tr\u00ec nh\u1edd c\u00f3 kh\u00f3a zip cho ph\u00e9p th\u00e1o r\u1eddi\/ Soft and colorful, our MOM cushion line will add softness to a sofa or bed. The pompoms sewn all around will bring fantasy to your interior. In addition, it is easy to maintain thanks to the zip which allows it to be removed.","og_url":"https:\/\/casanha.com\/en\/product\/mom-goi-tua\/","og_site_name":"Casanha","article_publisher":"https:\/\/www.facebook.com\/CasanhaHome","article_modified_time":"2026-05-04T06:04:27+00:00","og_image":[{"width":1080,"height":1350,"url":"https:\/\/casanha-beta.s3.ap-southeast-1.amazonaws.com\/2024\/08\/Mom-cushion-terra-pic-1-.png","type":"image\/png"}],"twitter_card":"summary_large_image","schema":{"@context":"https:\/\/schema.org","@graph":[{"@type":"WebPage","@id":"https:\/\/casanha.com\/product\/mom-goi-tua\/","url":"https:\/\/casanha.com\/product\/mom-goi-tua\/","name":"MOM - G\u1ed0I T\u1ef0A - Casanha","isPartOf":{"@id":"https:\/\/casanha.com\/vi\/#website"},"primaryImageOfPage":{"@id":"https:\/\/casanha.com\/product\/mom-goi-tua\/#primaryimage"},"image":{"@id":"https:\/\/casanha.com\/product\/mom-goi-tua\/#primaryimage"},"thumbnailUrl":"https:\/\/casanha-beta.s3.ap-southeast-1.amazonaws.com\/2024\/08\/Mom-cushion-terra-pic-1-.png","datePublished":"2024-08-12T05:53:52+00:00","dateModified":"2026-05-04T06:04:27+00:00","breadcrumb":{"@id":"https:\/\/casanha.com\/product\/mom-goi-tua\/#breadcrumb"},"inLanguage":"en-US","potentialAction":[{"@type":"ReadAction","target":["https:\/\/casanha.com\/product\/mom-goi-tua\/"]}]},{"@type":"ImageObject","inLanguage":"en-US","@id":"https:\/\/casanha.com\/product\/mom-goi-tua\/#primaryimage","url":"https:\/\/casanha-beta.s3.ap-southeast-1.amazonaws.com\/2024\/08\/Mom-cushion-terra-pic-1-.png","contentUrl":"https:\/\/casanha-beta.s3.ap-southeast-1.amazonaws.com\/2024\/08\/Mom-cushion-terra-pic-1-.png","width":1080,"height":1350},{"@type":"BreadcrumbList","@id":"https:\/\/casanha.com\/product\/mom-goi-tua\/#breadcrumb","itemListElement":[{"@type":"ListItem","position":1,"name":"Home","item":"https:\/\/casanha.com\/"},{"@type":"ListItem","position":2,"name":"C\u1eeda h\u00e0ng","item":"https:\/\/casanha.com\/vi\/cua-hang\/"},{"@type":"ListItem","position":3,"name":"MOM &#8211; G\u1ed0I T\u1ef0A"}]},{"@type":"WebSite","@id":"https:\/\/casanha.com\/vi\/#website","url":"https:\/\/casanha.com\/vi\/","name":"Casanha","description":"Home Decor &amp; Furniture","publisher":{"@id":"https:\/\/casanha.com\/vi\/#organization"},"potentialAction":[{"@type":"SearchAction","target":{"@type":"EntryPoint","urlTemplate":"https:\/\/casanha.com\/vi\/?s={search_term_string}"},"query-input":{"@type":"PropertyValueSpecification","valueRequired":true,"valueName":"search_term_string"}}],"inLanguage":"en-US"},{"@type":"Organization","@id":"https:\/\/casanha.com\/vi\/#organization","name":"Casanha","url":"https:\/\/casanha.com\/vi\/","logo":{"@type":"ImageObject","inLanguage":"en-US","@id":"https:\/\/casanha.com\/vi\/#\/schema\/logo\/image\/","url":"https:\/\/casanha-beta.s3.ap-southeast-1.amazonaws.com\/2026\/02\/logo-2026.jpg","contentUrl":"https:\/\/casanha-beta.s3.ap-southeast-1.amazonaws.com\/2026\/02\/logo-2026.jpg","width":1500,"height":1500,"caption":"Casanha"},"image":{"@id":"https:\/\/casanha.com\/vi\/#\/schema\/logo\/image\/"},"sameAs":["https:\/\/www.facebook.com\/CasanhaHome","https:\/\/www.instagram.com\/casanhahome\/","https:\/\/www.youtube.com\/@casanha","https:\/\/www.tiktok.com\/@casanha.com","https:\/\/zalo.me\/casanhahome"]}]}},"_links":{"self":[{"href":"https:\/\/casanha.com\/en\/wp-json\/wp\/v2\/product\/66460","targetHints":{"allow":["GET"]}}],"collection":[{"href":"https:\/\/casanha.com\/en\/wp-json\/wp\/v2\/product"}],"about":[{"href":"https:\/\/casanha.com\/en\/wp-json\/wp\/v2\/types\/product"}],"replies":[{"embeddable":true,"href":"https:\/\/casanha.com\/en\/wp-json\/wp\/v2\/comments?post=66460"}],"version-history":[{"count":7,"href":"https:\/\/casanha.com\/en\/wp-json\/wp\/v2\/product\/66460\/revisions"}],"predecessor-version":[{"id":115115,"href":"https:\/\/casanha.com\/en\/wp-json\/wp\/v2\/product\/66460\/revisions\/115115"}],"wp:featuredmedia":[{"embeddable":true,"href":"https:\/\/casanha.com\/en\/wp-json\/wp\/v2\/media\/111071"}],"wp:attachment":[{"href":"https:\/\/casanha.com\/en\/wp-json\/wp\/v2\/media?parent=66460"}],"wp:term":[{"taxonomy":"product_brand","embeddable":true,"href":"https:\/\/casanha.com\/en\/wp-json\/wp\/v2\/product_brand?post=66460"},{"taxonomy":"product_cat","embeddable":true,"href":"https:\/\/casanha.com\/en\/wp-json\/wp\/v2\/product_cat?post=66460"},{"taxonomy":"product_tag","embeddable":true,"href":"https:\/\/casanha.com\/en\/wp-json\/wp\/v2\/product_tag?post=66460"}],"curies":[{"name":"wp","href":"https:\/\/api.w.org\/{rel}","templated":true}]}}