{"id":65546,"date":"2024-08-01T17:34:55","date_gmt":"2024-08-01T10:34:55","guid":{"rendered":"https:\/\/casanha.com\/product\/theodore-ban-ca-phe\/"},"modified":"2026-04-01T11:03:14","modified_gmt":"2026-04-01T04:03:14","slug":"theodore-ban-ca-phe","status":"publish","type":"product","link":"https:\/\/casanha.com\/en\/product\/theodore-ban-ca-phe\/","title":{"rendered":"THEODORE &#8211; B\u00c0N C\u00c0 PH\u00ca"},"content":{"rendered":"<p>THI\u1ebeT K\u1ebe\/ <em>DESIGN<\/em><\/p>\n<p>V\u1edbi ch\u00fang t\u00f4i, thi\u1ebft k\u1ebf kh\u00f4ng ch\u1ec9 l\u00e0 y\u1ebfu t\u1ed1 th\u1ecb gi\u00e1c m\u00e0 c\u00f2n l\u00e0 s\u1ef1 th\u00f4ng minh, l\u00e0 t\u00ednh h\u1eefu d\u1ee5ng c\u1ee7a s\u1ea3n ph\u1ea9m\/ <em>To us, design isn\u2019t only about the visual, but also about being smart, about the utility of the items as well.<\/em><\/p>\n<p>TRUY T\u00ccM S\u1ef0 S\u00c1NG T\u1ea0O V\u00c0 \u0110\u1ed4I M\u1edaI\/ <em>IN QUEST OF INNOVATION &amp; CREATIVITY<\/em><\/p>\n<p>Casanh\u00e0 l\u00e0 m\u1ed9t c\u00f4ng ty c\u00f3 tr\u1ee5 s\u1edf t\u1ea1i S\u00e0i G\u00f2n, kh\u00f4ng ng\u1eebng h\u1ee3p t\u00e1c v\u1edbi c\u00e1c \u0111\u1ed1i t\u00e1c tr\u00ean to\u00e0n th\u1ebf gi\u1edbi nh\u1eb1m \u0111\u00e1p \u1ee9ng nhu c\u1ea7u v\u1ec1 nh\u1eefng s\u1ea3n ph\u1ea9m n\u1ed9i th\u1ea5t tinh t\u1ebf, ti\u1ec7n d\u1ee5ng, b\u1eaft k\u1ecbp xu h\u01b0\u1edbng hi\u1ec7n \u0111\u1ea1i nh\u01b0ng v\u1eabn mang \u0111\u1eadm n\u00e9t truy\u1ec1n th\u1ed1ng c\u1ee7a g\u1ed7 t\u1ef1 nhi\u00ean v\u00e0 tay ngh\u1ec1 th\u1ee7 c\u00f4ng tinh x\u1ea3o\/ <em>Casanh\u00e0 is a Saigon-based company that works tirelessly with partners all over the world to fulfill the need to have fine and well-functioned home goods with the latest in trend, combined with a traditional sense of fine woods and fine craftsmanship.<\/em><\/p>\n<p>Ch\u00fang t\u00f4i tin r\u1eb1ng c\u00e1c s\u1ea3n ph\u1ea9m c\u1ee7a m\u00ecnh mang m\u1ed9t b\u1ea3n s\u1eafc ri\u00eang bi\u1ec7t, th\u1ec3 hi\u1ec7n s\u1ef1 tr\u00e2n tr\u1ecdng ch\u1ea5t l\u01b0\u1ee3ng v\u00e0 t\u1ef1 do kh\u1ecfi nh\u1eefng r\u00e0ng bu\u1ed9c v\u1ec1 gi\u00e1 c\u1ea3 \u2014 th\u1ec3 hi\u1ec7n r\u00f5 c\u00e1ch ch\u00fang \u0111\u01b0\u1ee3c t\u1ea1o n\u00ean, gi\u00fap ch\u00fang kh\u00e1c bi\u1ec7t so v\u1edbi th\u1ecb tr\u01b0\u1eddng hi\u1ec7n t\u1ea1i\/ <em>We believe that our products have an inherent individuality, with the appreciation of quality and the lack of price constraints, revealing how they have been made, setting them apart from the current market.<\/em><\/p>\n<p>&nbsp;<\/p>\n<p>&nbsp;<\/p>\n","protected":false},"excerpt":{"rendered":"<p><strong>Th\u00f4ng tin s\u1ea3n ph\u1ea9m\/ <em>Product<\/em> <em>information<\/em><\/strong><br \/>\nM\u00e0u s\u1eafc\/ <em>Color<\/em>: G\u1ed7 t\u1ef1 nhi\u00ean\/ <em>Natural wood<\/em><br \/>\nCh\u1ea5t li\u1ec7u\/ <em>Materials<\/em><br \/>\n\u0110\u1ee9ng \u0111\u1ea7u\/ <em>Top<\/em>: G\u1ed7 s\u1ed3i nguy\u00ean kh\u1ed1i\/ <em>Solid oak<\/em><br \/>\nCh\u00e2n\/ <em>Leg(s)<\/em>: G\u1ed7 s\u1ed3i nguy\u00ean kh\u1ed1i\/ <em>Solid oak<\/em><br \/>\nHo\u00e0n thi\u1ec7n\/ <em>Finishing<\/em>: Ch\u00e2n tr\u01a1n\/ <em>Smooth<\/em><br \/>\nK\u00edch th\u01b0\u1edbc\/ <em>Dimensions<\/em>: W135 x D50 x H37cm<br \/>\nCh\u1ee9ng nh\u1eadn\/<em>Certification<\/em>: FSC 100%<\/p>\n<p>B\u1ed9 s\u01b0u t\u1eadp\/ <em>Collection<\/em>: Kh\u00f4ng c\u00f3\/ <em>None<\/em><br \/>\nPhong c\u00e1ch\/ <em>Style<\/em>: Casanh\u00e0<\/p>\n<p>Ch\u00e2n c\u00f3 th\u1ec3 \u0111i\u1ec1u ch\u1ec9nh\/ <em>Adjustable legs<\/em>: \u0110\u00fang\/ <em>Yes<\/em><\/p>\n<p>C\u00e2n n\u1eb7ng\/ <em>Weight<\/em>: 30kg<br \/>\nBao b\u00ec\/ <em>Packaging<\/em>: 1 carton (W140 x D55 x H15cm)<br \/>\nY\u00eau c\u1ea7u l\u1eafp r\u00e1p\/<em>Assembly required<\/em>: \u0110\u00fang\/ <em>Yes<\/em><br \/>\nN\u01b0\u1edbc xu\u1ea5t x\u1ee9\/ <em>Country of origin<\/em>: Vi\u1ec7t Nam<\/p>\n","protected":false},"featured_media":107683,"comment_status":"open","ping_status":"closed","template":"","meta":[],"product_brand":[],"product_cat":[2502],"product_tag":[],"class_list":{"0":"post-65546","1":"product","2":"type-product","3":"status-publish","4":"has-post-thumbnail","6":"product_cat-coffee-table","7":"product_shipping_class-heavy-packages","9":"first","10":"instock","11":"shipping-taxable","12":"purchasable","13":"product-type-simple"},"yoast_head":"<!-- This site is optimized with the Yoast SEO plugin v27.1.1 - https:\/\/yoast.com\/product\/yoast-seo-wordpress\/ -->\n<title>THEODORE - B\u00c0N C\u00c0 PH\u00ca - Casanha<\/title>\n<meta name=\"robots\" content=\"index, follow, max-snippet:-1, max-image-preview:large, max-video-preview:-1\" \/>\n<link rel=\"canonical\" href=\"https:\/\/casanha.com\/en\/product\/theodore-ban-ca-phe\/\" \/>\n<meta property=\"og:locale\" content=\"en_US\" \/>\n<meta property=\"og:type\" content=\"article\" \/>\n<meta property=\"og:title\" content=\"THEODORE - B\u00c0N C\u00c0 PH\u00ca - Casanha\" \/>\n<meta property=\"og:description\" content=\"Th\u00f4ng tin s\u1ea3n ph\u1ea9m\/ Product information M\u00e0u s\u1eafc\/ Color: G\u1ed7 t\u1ef1 nhi\u00ean\/ Natural wood Ch\u1ea5t li\u1ec7u\/ Materials \u0110\u1ee9ng \u0111\u1ea7u\/ Top: G\u1ed7 s\u1ed3i nguy\u00ean kh\u1ed1i\/ Solid oak Ch\u00e2n\/ Leg(s): G\u1ed7 s\u1ed3i nguy\u00ean kh\u1ed1i\/ Solid oak Ho\u00e0n thi\u1ec7n\/ Finishing: Ch\u00e2n tr\u01a1n\/ Smooth K\u00edch th\u01b0\u1edbc\/ Dimensions: W135 x D50 x H37cm Ch\u1ee9ng nh\u1eadn\/Certification: FSC 100%  B\u1ed9 s\u01b0u t\u1eadp\/ Collection: Kh\u00f4ng c\u00f3\/ None Phong c\u00e1ch\/ Style: Casanh\u00e0  Ch\u00e2n c\u00f3 th\u1ec3 \u0111i\u1ec1u ch\u1ec9nh\/ Adjustable legs: \u0110\u00fang\/ Yes  C\u00e2n n\u1eb7ng\/ Weight: 30kg Bao b\u00ec\/ Packaging: 1 carton (W140 x D55 x H15cm) Y\u00eau c\u1ea7u l\u1eafp r\u00e1p\/Assembly required: \u0110\u00fang\/ Yes N\u01b0\u1edbc xu\u1ea5t x\u1ee9\/ Country of origin: Vi\u1ec7t Nam\" \/>\n<meta property=\"og:url\" content=\"https:\/\/casanha.com\/en\/product\/theodore-ban-ca-phe\/\" \/>\n<meta property=\"og:site_name\" content=\"Casanha\" \/>\n<meta property=\"article:publisher\" content=\"https:\/\/www.facebook.com\/CasanhaHome\" \/>\n<meta property=\"article:modified_time\" content=\"2026-04-01T04:03:14+00:00\" \/>\n<meta property=\"og:image\" content=\"https:\/\/casanha-beta.s3.ap-southeast-1.amazonaws.com\/2024\/08\/Theodore-Coffee-table-raw-oak.jpg\" \/>\n\t<meta property=\"og:image:width\" content=\"600\" \/>\n\t<meta property=\"og:image:height\" content=\"600\" \/>\n\t<meta property=\"og:image:type\" content=\"image\/jpeg\" \/>\n<meta name=\"twitter:card\" content=\"summary_large_image\" \/>\n<script type=\"application\/ld+json\" class=\"yoast-schema-graph\">{\"@context\":\"https:\/\/schema.org\",\"@graph\":[{\"@type\":\"WebPage\",\"@id\":\"https:\/\/casanha.com\/product\/theodore-ban-ca-phe\/\",\"url\":\"https:\/\/casanha.com\/product\/theodore-ban-ca-phe\/\",\"name\":\"THEODORE - B\u00c0N C\u00c0 PH\u00ca - Casanha\",\"isPartOf\":{\"@id\":\"https:\/\/casanha.com\/vi\/#website\"},\"primaryImageOfPage\":{\"@id\":\"https:\/\/casanha.com\/product\/theodore-ban-ca-phe\/#primaryimage\"},\"image\":{\"@id\":\"https:\/\/casanha.com\/product\/theodore-ban-ca-phe\/#primaryimage\"},\"thumbnailUrl\":\"https:\/\/casanha-beta.s3.ap-southeast-1.amazonaws.com\/2024\/08\/Theodore-Coffee-table-raw-oak.jpg\",\"datePublished\":\"2024-08-01T10:34:55+00:00\",\"dateModified\":\"2026-04-01T04:03:14+00:00\",\"breadcrumb\":{\"@id\":\"https:\/\/casanha.com\/product\/theodore-ban-ca-phe\/#breadcrumb\"},\"inLanguage\":\"en-US\",\"potentialAction\":[{\"@type\":\"ReadAction\",\"target\":[\"https:\/\/casanha.com\/product\/theodore-ban-ca-phe\/\"]}]},{\"@type\":\"ImageObject\",\"inLanguage\":\"en-US\",\"@id\":\"https:\/\/casanha.com\/product\/theodore-ban-ca-phe\/#primaryimage\",\"url\":\"https:\/\/casanha-beta.s3.ap-southeast-1.amazonaws.com\/2024\/08\/Theodore-Coffee-table-raw-oak.jpg\",\"contentUrl\":\"https:\/\/casanha-beta.s3.ap-southeast-1.amazonaws.com\/2024\/08\/Theodore-Coffee-table-raw-oak.jpg\",\"width\":600,\"height\":600},{\"@type\":\"BreadcrumbList\",\"@id\":\"https:\/\/casanha.com\/product\/theodore-ban-ca-phe\/#breadcrumb\",\"itemListElement\":[{\"@type\":\"ListItem\",\"position\":1,\"name\":\"Home\",\"item\":\"https:\/\/casanha.com\/\"},{\"@type\":\"ListItem\",\"position\":2,\"name\":\"C\u1eeda h\u00e0ng\",\"item\":\"https:\/\/casanha.com\/vi\/cua-hang\/\"},{\"@type\":\"ListItem\",\"position\":3,\"name\":\"THEODORE &#8211; B\u00c0N C\u00c0 PH\u00ca\"}]},{\"@type\":\"WebSite\",\"@id\":\"https:\/\/casanha.com\/vi\/#website\",\"url\":\"https:\/\/casanha.com\/vi\/\",\"name\":\"Casanha\",\"description\":\"Home Decor &amp; Furniture\",\"publisher\":{\"@id\":\"https:\/\/casanha.com\/vi\/#organization\"},\"potentialAction\":[{\"@type\":\"SearchAction\",\"target\":{\"@type\":\"EntryPoint\",\"urlTemplate\":\"https:\/\/casanha.com\/vi\/?s={search_term_string}\"},\"query-input\":{\"@type\":\"PropertyValueSpecification\",\"valueRequired\":true,\"valueName\":\"search_term_string\"}}],\"inLanguage\":\"en-US\"},{\"@type\":\"Organization\",\"@id\":\"https:\/\/casanha.com\/vi\/#organization\",\"name\":\"Casanha\",\"url\":\"https:\/\/casanha.com\/vi\/\",\"logo\":{\"@type\":\"ImageObject\",\"inLanguage\":\"en-US\",\"@id\":\"https:\/\/casanha.com\/vi\/#\/schema\/logo\/image\/\",\"url\":\"https:\/\/casanha-beta.s3.ap-southeast-1.amazonaws.com\/2026\/02\/logo-2026.jpg\",\"contentUrl\":\"https:\/\/casanha-beta.s3.ap-southeast-1.amazonaws.com\/2026\/02\/logo-2026.jpg\",\"width\":1500,\"height\":1500,\"caption\":\"Casanha\"},\"image\":{\"@id\":\"https:\/\/casanha.com\/vi\/#\/schema\/logo\/image\/\"},\"sameAs\":[\"https:\/\/www.facebook.com\/CasanhaHome\",\"https:\/\/www.instagram.com\/casanhahome\/\",\"https:\/\/www.youtube.com\/@casanha\",\"https:\/\/www.tiktok.com\/@casanha.com\",\"https:\/\/zalo.me\/casanhahome\"]}]}<\/script>\n<!-- \/ Yoast SEO plugin. -->","yoast_head_json":{"title":"THEODORE - B\u00c0N C\u00c0 PH\u00ca - Casanha","robots":{"index":"index","follow":"follow","max-snippet":"max-snippet:-1","max-image-preview":"max-image-preview:large","max-video-preview":"max-video-preview:-1"},"canonical":"https:\/\/casanha.com\/en\/product\/theodore-ban-ca-phe\/","og_locale":"en_US","og_type":"article","og_title":"THEODORE - B\u00c0N C\u00c0 PH\u00ca - Casanha","og_description":"Th\u00f4ng tin s\u1ea3n ph\u1ea9m\/ Product information M\u00e0u s\u1eafc\/ Color: G\u1ed7 t\u1ef1 nhi\u00ean\/ Natural wood Ch\u1ea5t li\u1ec7u\/ Materials \u0110\u1ee9ng \u0111\u1ea7u\/ Top: G\u1ed7 s\u1ed3i nguy\u00ean kh\u1ed1i\/ Solid oak Ch\u00e2n\/ Leg(s): G\u1ed7 s\u1ed3i nguy\u00ean kh\u1ed1i\/ Solid oak Ho\u00e0n thi\u1ec7n\/ Finishing: Ch\u00e2n tr\u01a1n\/ Smooth K\u00edch th\u01b0\u1edbc\/ Dimensions: W135 x D50 x H37cm Ch\u1ee9ng nh\u1eadn\/Certification: FSC 100%  B\u1ed9 s\u01b0u t\u1eadp\/ Collection: Kh\u00f4ng c\u00f3\/ None Phong c\u00e1ch\/ Style: Casanh\u00e0  Ch\u00e2n c\u00f3 th\u1ec3 \u0111i\u1ec1u ch\u1ec9nh\/ Adjustable legs: \u0110\u00fang\/ Yes  C\u00e2n n\u1eb7ng\/ Weight: 30kg Bao b\u00ec\/ Packaging: 1 carton (W140 x D55 x H15cm) Y\u00eau c\u1ea7u l\u1eafp r\u00e1p\/Assembly required: \u0110\u00fang\/ Yes N\u01b0\u1edbc xu\u1ea5t x\u1ee9\/ Country of origin: Vi\u1ec7t Nam","og_url":"https:\/\/casanha.com\/en\/product\/theodore-ban-ca-phe\/","og_site_name":"Casanha","article_publisher":"https:\/\/www.facebook.com\/CasanhaHome","article_modified_time":"2026-04-01T04:03:14+00:00","og_image":[{"width":600,"height":600,"url":"https:\/\/casanha-beta.s3.ap-southeast-1.amazonaws.com\/2024\/08\/Theodore-Coffee-table-raw-oak.jpg","type":"image\/jpeg"}],"twitter_card":"summary_large_image","schema":{"@context":"https:\/\/schema.org","@graph":[{"@type":"WebPage","@id":"https:\/\/casanha.com\/product\/theodore-ban-ca-phe\/","url":"https:\/\/casanha.com\/product\/theodore-ban-ca-phe\/","name":"THEODORE - B\u00c0N C\u00c0 PH\u00ca - Casanha","isPartOf":{"@id":"https:\/\/casanha.com\/vi\/#website"},"primaryImageOfPage":{"@id":"https:\/\/casanha.com\/product\/theodore-ban-ca-phe\/#primaryimage"},"image":{"@id":"https:\/\/casanha.com\/product\/theodore-ban-ca-phe\/#primaryimage"},"thumbnailUrl":"https:\/\/casanha-beta.s3.ap-southeast-1.amazonaws.com\/2024\/08\/Theodore-Coffee-table-raw-oak.jpg","datePublished":"2024-08-01T10:34:55+00:00","dateModified":"2026-04-01T04:03:14+00:00","breadcrumb":{"@id":"https:\/\/casanha.com\/product\/theodore-ban-ca-phe\/#breadcrumb"},"inLanguage":"en-US","potentialAction":[{"@type":"ReadAction","target":["https:\/\/casanha.com\/product\/theodore-ban-ca-phe\/"]}]},{"@type":"ImageObject","inLanguage":"en-US","@id":"https:\/\/casanha.com\/product\/theodore-ban-ca-phe\/#primaryimage","url":"https:\/\/casanha-beta.s3.ap-southeast-1.amazonaws.com\/2024\/08\/Theodore-Coffee-table-raw-oak.jpg","contentUrl":"https:\/\/casanha-beta.s3.ap-southeast-1.amazonaws.com\/2024\/08\/Theodore-Coffee-table-raw-oak.jpg","width":600,"height":600},{"@type":"BreadcrumbList","@id":"https:\/\/casanha.com\/product\/theodore-ban-ca-phe\/#breadcrumb","itemListElement":[{"@type":"ListItem","position":1,"name":"Home","item":"https:\/\/casanha.com\/"},{"@type":"ListItem","position":2,"name":"C\u1eeda h\u00e0ng","item":"https:\/\/casanha.com\/vi\/cua-hang\/"},{"@type":"ListItem","position":3,"name":"THEODORE &#8211; B\u00c0N C\u00c0 PH\u00ca"}]},{"@type":"WebSite","@id":"https:\/\/casanha.com\/vi\/#website","url":"https:\/\/casanha.com\/vi\/","name":"Casanha","description":"Home Decor &amp; Furniture","publisher":{"@id":"https:\/\/casanha.com\/vi\/#organization"},"potentialAction":[{"@type":"SearchAction","target":{"@type":"EntryPoint","urlTemplate":"https:\/\/casanha.com\/vi\/?s={search_term_string}"},"query-input":{"@type":"PropertyValueSpecification","valueRequired":true,"valueName":"search_term_string"}}],"inLanguage":"en-US"},{"@type":"Organization","@id":"https:\/\/casanha.com\/vi\/#organization","name":"Casanha","url":"https:\/\/casanha.com\/vi\/","logo":{"@type":"ImageObject","inLanguage":"en-US","@id":"https:\/\/casanha.com\/vi\/#\/schema\/logo\/image\/","url":"https:\/\/casanha-beta.s3.ap-southeast-1.amazonaws.com\/2026\/02\/logo-2026.jpg","contentUrl":"https:\/\/casanha-beta.s3.ap-southeast-1.amazonaws.com\/2026\/02\/logo-2026.jpg","width":1500,"height":1500,"caption":"Casanha"},"image":{"@id":"https:\/\/casanha.com\/vi\/#\/schema\/logo\/image\/"},"sameAs":["https:\/\/www.facebook.com\/CasanhaHome","https:\/\/www.instagram.com\/casanhahome\/","https:\/\/www.youtube.com\/@casanha","https:\/\/www.tiktok.com\/@casanha.com","https:\/\/zalo.me\/casanhahome"]}]}},"_links":{"self":[{"href":"https:\/\/casanha.com\/en\/wp-json\/wp\/v2\/product\/65546","targetHints":{"allow":["GET"]}}],"collection":[{"href":"https:\/\/casanha.com\/en\/wp-json\/wp\/v2\/product"}],"about":[{"href":"https:\/\/casanha.com\/en\/wp-json\/wp\/v2\/types\/product"}],"replies":[{"embeddable":true,"href":"https:\/\/casanha.com\/en\/wp-json\/wp\/v2\/comments?post=65546"}],"version-history":[{"count":15,"href":"https:\/\/casanha.com\/en\/wp-json\/wp\/v2\/product\/65546\/revisions"}],"predecessor-version":[{"id":111631,"href":"https:\/\/casanha.com\/en\/wp-json\/wp\/v2\/product\/65546\/revisions\/111631"}],"wp:featuredmedia":[{"embeddable":true,"href":"https:\/\/casanha.com\/en\/wp-json\/wp\/v2\/media\/107683"}],"wp:attachment":[{"href":"https:\/\/casanha.com\/en\/wp-json\/wp\/v2\/media?parent=65546"}],"wp:term":[{"taxonomy":"product_brand","embeddable":true,"href":"https:\/\/casanha.com\/en\/wp-json\/wp\/v2\/product_brand?post=65546"},{"taxonomy":"product_cat","embeddable":true,"href":"https:\/\/casanha.com\/en\/wp-json\/wp\/v2\/product_cat?post=65546"},{"taxonomy":"product_tag","embeddable":true,"href":"https:\/\/casanha.com\/en\/wp-json\/wp\/v2\/product_tag?post=65546"}],"curies":[{"name":"wp","href":"https:\/\/api.w.org\/{rel}","templated":true}]}}