{"id":63066,"date":"2024-06-04T15:18:09","date_gmt":"2024-06-04T08:18:09","guid":{"rendered":"https:\/\/casanha.com\/product\/cochonou-tam-lot-ban-an\/"},"modified":"2026-03-17T09:10:44","modified_gmt":"2026-03-17T02:10:44","slug":"cochonou-tam-lot-ban-an","status":"publish","type":"product","link":"https:\/\/casanha.com\/en\/product\/cochonou-tam-lot-ban-an\/","title":{"rendered":"COCHONOU &#8211; T\u1ea4M L\u00d3T B\u00c0N \u0102N"},"content":{"rendered":"","protected":false},"excerpt":{"rendered":"<p><strong>Th\u00f4ng tin s\u1ea3n ph\u1ea9m\/ <em>Product information<\/em><\/strong><br \/>\nM\u00e0u s\u1eafc\/ <em>Color<\/em>: \u0110\u1ecf\/ <em>Red<\/em><br \/>\nCh\u1ea5t li\u1ec7u\/ <em>Materials<\/em>: <em>Cotton<\/em> &amp; <em>polyester<\/em><br \/>\nK\u00edch th\u01b0\u1edbc\/ <em>Dimensions<\/em>: W45 x D30cm<br \/>\nCh\u1ee9ng nh\u1eadn\/<em>Certification<\/em> : Oeko-tex\u00ae standard 100<\/p>\n<p>B\u1ed9 s\u01b0u t\u1eadp\/ <em>Collection<\/em> : Kh\u00f4ng c\u00f3\/ <em>None<\/em><br \/>\nPhong c\u00e1ch\/ <em>Style<\/em>: Casanh\u00e0<br \/>\nC\u00e2n n\u1eb7ng\/ <em>Weight<\/em>: 0.03kg<br \/>\nBao b\u00ec\/ <em>Packaging<\/em>: Standard<br \/>\nY\u00eau c\u1ea7u l\u1eafp r\u00e1p\/<em>Assembly required<\/em>: Kh\u00f4ng\/ <em>No<\/em><\/p>\n<p>N\u01b0\u1edbc xu\u1ea5t x\u1ee9\/ <em>Country of origin<\/em>: Trung Qu\u1ed1c\/ <em>China<\/em><\/p>\n","protected":false},"featured_media":110986,"comment_status":"open","ping_status":"closed","template":"","meta":[],"product_brand":[17],"product_cat":[2533],"product_tag":[],"class_list":{"0":"post-63066","1":"product","2":"type-product","3":"status-publish","4":"has-post-thumbnail","6":"product_brand-casanha","7":"product_cat-tablecloth-placemat","8":"product_shipping_class-small-scale-items","10":"first","11":"instock","12":"shipping-taxable","13":"purchasable","14":"product-type-simple"},"yoast_head":"<!-- This site is optimized with the Yoast SEO plugin v27.1.1 - https:\/\/yoast.com\/product\/yoast-seo-wordpress\/ -->\n<title>COCHONOU - T\u1ea4M L\u00d3T B\u00c0N \u0102N - Casanha<\/title>\n<meta name=\"robots\" content=\"index, follow, max-snippet:-1, max-image-preview:large, max-video-preview:-1\" \/>\n<link rel=\"canonical\" href=\"https:\/\/casanha.com\/en\/product\/cochonou-tam-lot-ban-an\/\" \/>\n<meta property=\"og:locale\" content=\"en_US\" \/>\n<meta property=\"og:type\" content=\"article\" \/>\n<meta property=\"og:title\" content=\"COCHONOU - T\u1ea4M L\u00d3T B\u00c0N \u0102N - Casanha\" \/>\n<meta property=\"og:description\" content=\"Th\u00f4ng tin s\u1ea3n ph\u1ea9m\/ Product information M\u00e0u s\u1eafc\/ Color: \u0110\u1ecf\/ Red Ch\u1ea5t li\u1ec7u\/ Materials: Cotton &amp; polyester K\u00edch th\u01b0\u1edbc\/ Dimensions: W45 x D30cm Ch\u1ee9ng nh\u1eadn\/Certification : Oeko-tex\u00ae standard 100  B\u1ed9 s\u01b0u t\u1eadp\/ Collection : Kh\u00f4ng c\u00f3\/ None Phong c\u00e1ch\/ Style: Casanh\u00e0 C\u00e2n n\u1eb7ng\/ Weight: 0.03kg Bao b\u00ec\/ Packaging: Standard Y\u00eau c\u1ea7u l\u1eafp r\u00e1p\/Assembly required: Kh\u00f4ng\/ No  N\u01b0\u1edbc xu\u1ea5t x\u1ee9\/ Country of origin: Trung Qu\u1ed1c\/ China\" \/>\n<meta property=\"og:url\" content=\"https:\/\/casanha.com\/en\/product\/cochonou-tam-lot-ban-an\/\" \/>\n<meta property=\"og:site_name\" content=\"Casanha\" \/>\n<meta property=\"article:publisher\" content=\"https:\/\/www.facebook.com\/CasanhaHome\" \/>\n<meta property=\"article:modified_time\" content=\"2026-03-17T02:10:44+00:00\" \/>\n<meta property=\"og:image\" content=\"https:\/\/casanha-beta.s3.ap-southeast-1.amazonaws.com\/2024\/06\/Cochonou-placemat-pic-1.png\" \/>\n\t<meta property=\"og:image:width\" content=\"1080\" \/>\n\t<meta property=\"og:image:height\" content=\"1350\" \/>\n\t<meta property=\"og:image:type\" content=\"image\/png\" \/>\n<meta name=\"twitter:card\" content=\"summary_large_image\" \/>\n<script type=\"application\/ld+json\" class=\"yoast-schema-graph\">{\"@context\":\"https:\/\/schema.org\",\"@graph\":[{\"@type\":\"WebPage\",\"@id\":\"https:\/\/casanha.com\/product\/cochonou-tam-lot-ban-an\/\",\"url\":\"https:\/\/casanha.com\/product\/cochonou-tam-lot-ban-an\/\",\"name\":\"COCHONOU - T\u1ea4M L\u00d3T B\u00c0N \u0102N - Casanha\",\"isPartOf\":{\"@id\":\"https:\/\/casanha.com\/vi\/#website\"},\"primaryImageOfPage\":{\"@id\":\"https:\/\/casanha.com\/product\/cochonou-tam-lot-ban-an\/#primaryimage\"},\"image\":{\"@id\":\"https:\/\/casanha.com\/product\/cochonou-tam-lot-ban-an\/#primaryimage\"},\"thumbnailUrl\":\"https:\/\/casanha-beta.s3.ap-southeast-1.amazonaws.com\/2024\/06\/Cochonou-placemat-pic-1.png\",\"datePublished\":\"2024-06-04T08:18:09+00:00\",\"dateModified\":\"2026-03-17T02:10:44+00:00\",\"breadcrumb\":{\"@id\":\"https:\/\/casanha.com\/product\/cochonou-tam-lot-ban-an\/#breadcrumb\"},\"inLanguage\":\"en-US\",\"potentialAction\":[{\"@type\":\"ReadAction\",\"target\":[\"https:\/\/casanha.com\/product\/cochonou-tam-lot-ban-an\/\"]}]},{\"@type\":\"ImageObject\",\"inLanguage\":\"en-US\",\"@id\":\"https:\/\/casanha.com\/product\/cochonou-tam-lot-ban-an\/#primaryimage\",\"url\":\"https:\/\/casanha-beta.s3.ap-southeast-1.amazonaws.com\/2024\/06\/Cochonou-placemat-pic-1.png\",\"contentUrl\":\"https:\/\/casanha-beta.s3.ap-southeast-1.amazonaws.com\/2024\/06\/Cochonou-placemat-pic-1.png\",\"width\":1080,\"height\":1350},{\"@type\":\"BreadcrumbList\",\"@id\":\"https:\/\/casanha.com\/product\/cochonou-tam-lot-ban-an\/#breadcrumb\",\"itemListElement\":[{\"@type\":\"ListItem\",\"position\":1,\"name\":\"Home\",\"item\":\"https:\/\/casanha.com\/\"},{\"@type\":\"ListItem\",\"position\":2,\"name\":\"C\u1eeda h\u00e0ng\",\"item\":\"https:\/\/casanha.com\/vi\/cua-hang\/\"},{\"@type\":\"ListItem\",\"position\":3,\"name\":\"COCHONOU &#8211; T\u1ea4M L\u00d3T B\u00c0N \u0102N\"}]},{\"@type\":\"WebSite\",\"@id\":\"https:\/\/casanha.com\/vi\/#website\",\"url\":\"https:\/\/casanha.com\/vi\/\",\"name\":\"Casanha\",\"description\":\"Home Decor &amp; Furniture\",\"publisher\":{\"@id\":\"https:\/\/casanha.com\/vi\/#organization\"},\"potentialAction\":[{\"@type\":\"SearchAction\",\"target\":{\"@type\":\"EntryPoint\",\"urlTemplate\":\"https:\/\/casanha.com\/vi\/?s={search_term_string}\"},\"query-input\":{\"@type\":\"PropertyValueSpecification\",\"valueRequired\":true,\"valueName\":\"search_term_string\"}}],\"inLanguage\":\"en-US\"},{\"@type\":\"Organization\",\"@id\":\"https:\/\/casanha.com\/vi\/#organization\",\"name\":\"Casanha\",\"url\":\"https:\/\/casanha.com\/vi\/\",\"logo\":{\"@type\":\"ImageObject\",\"inLanguage\":\"en-US\",\"@id\":\"https:\/\/casanha.com\/vi\/#\/schema\/logo\/image\/\",\"url\":\"https:\/\/casanha-beta.s3.ap-southeast-1.amazonaws.com\/2026\/02\/logo-2026.jpg\",\"contentUrl\":\"https:\/\/casanha-beta.s3.ap-southeast-1.amazonaws.com\/2026\/02\/logo-2026.jpg\",\"width\":1500,\"height\":1500,\"caption\":\"Casanha\"},\"image\":{\"@id\":\"https:\/\/casanha.com\/vi\/#\/schema\/logo\/image\/\"},\"sameAs\":[\"https:\/\/www.facebook.com\/CasanhaHome\",\"https:\/\/www.instagram.com\/casanhahome\/\",\"https:\/\/www.youtube.com\/@casanha\",\"https:\/\/www.tiktok.com\/@casanha.com\",\"https:\/\/zalo.me\/casanhahome\"]}]}<\/script>\n<!-- \/ Yoast SEO plugin. -->","yoast_head_json":{"title":"COCHONOU - T\u1ea4M L\u00d3T B\u00c0N \u0102N - Casanha","robots":{"index":"index","follow":"follow","max-snippet":"max-snippet:-1","max-image-preview":"max-image-preview:large","max-video-preview":"max-video-preview:-1"},"canonical":"https:\/\/casanha.com\/en\/product\/cochonou-tam-lot-ban-an\/","og_locale":"en_US","og_type":"article","og_title":"COCHONOU - T\u1ea4M L\u00d3T B\u00c0N \u0102N - Casanha","og_description":"Th\u00f4ng tin s\u1ea3n ph\u1ea9m\/ Product information M\u00e0u s\u1eafc\/ Color: \u0110\u1ecf\/ Red Ch\u1ea5t li\u1ec7u\/ Materials: Cotton &amp; polyester K\u00edch th\u01b0\u1edbc\/ Dimensions: W45 x D30cm Ch\u1ee9ng nh\u1eadn\/Certification : Oeko-tex\u00ae standard 100  B\u1ed9 s\u01b0u t\u1eadp\/ Collection : Kh\u00f4ng c\u00f3\/ None Phong c\u00e1ch\/ Style: Casanh\u00e0 C\u00e2n n\u1eb7ng\/ Weight: 0.03kg Bao b\u00ec\/ Packaging: Standard Y\u00eau c\u1ea7u l\u1eafp r\u00e1p\/Assembly required: Kh\u00f4ng\/ No  N\u01b0\u1edbc xu\u1ea5t x\u1ee9\/ Country of origin: Trung Qu\u1ed1c\/ China","og_url":"https:\/\/casanha.com\/en\/product\/cochonou-tam-lot-ban-an\/","og_site_name":"Casanha","article_publisher":"https:\/\/www.facebook.com\/CasanhaHome","article_modified_time":"2026-03-17T02:10:44+00:00","og_image":[{"width":1080,"height":1350,"url":"https:\/\/casanha-beta.s3.ap-southeast-1.amazonaws.com\/2024\/06\/Cochonou-placemat-pic-1.png","type":"image\/png"}],"twitter_card":"summary_large_image","schema":{"@context":"https:\/\/schema.org","@graph":[{"@type":"WebPage","@id":"https:\/\/casanha.com\/product\/cochonou-tam-lot-ban-an\/","url":"https:\/\/casanha.com\/product\/cochonou-tam-lot-ban-an\/","name":"COCHONOU - T\u1ea4M L\u00d3T B\u00c0N \u0102N - Casanha","isPartOf":{"@id":"https:\/\/casanha.com\/vi\/#website"},"primaryImageOfPage":{"@id":"https:\/\/casanha.com\/product\/cochonou-tam-lot-ban-an\/#primaryimage"},"image":{"@id":"https:\/\/casanha.com\/product\/cochonou-tam-lot-ban-an\/#primaryimage"},"thumbnailUrl":"https:\/\/casanha-beta.s3.ap-southeast-1.amazonaws.com\/2024\/06\/Cochonou-placemat-pic-1.png","datePublished":"2024-06-04T08:18:09+00:00","dateModified":"2026-03-17T02:10:44+00:00","breadcrumb":{"@id":"https:\/\/casanha.com\/product\/cochonou-tam-lot-ban-an\/#breadcrumb"},"inLanguage":"en-US","potentialAction":[{"@type":"ReadAction","target":["https:\/\/casanha.com\/product\/cochonou-tam-lot-ban-an\/"]}]},{"@type":"ImageObject","inLanguage":"en-US","@id":"https:\/\/casanha.com\/product\/cochonou-tam-lot-ban-an\/#primaryimage","url":"https:\/\/casanha-beta.s3.ap-southeast-1.amazonaws.com\/2024\/06\/Cochonou-placemat-pic-1.png","contentUrl":"https:\/\/casanha-beta.s3.ap-southeast-1.amazonaws.com\/2024\/06\/Cochonou-placemat-pic-1.png","width":1080,"height":1350},{"@type":"BreadcrumbList","@id":"https:\/\/casanha.com\/product\/cochonou-tam-lot-ban-an\/#breadcrumb","itemListElement":[{"@type":"ListItem","position":1,"name":"Home","item":"https:\/\/casanha.com\/"},{"@type":"ListItem","position":2,"name":"C\u1eeda h\u00e0ng","item":"https:\/\/casanha.com\/vi\/cua-hang\/"},{"@type":"ListItem","position":3,"name":"COCHONOU &#8211; T\u1ea4M L\u00d3T B\u00c0N \u0102N"}]},{"@type":"WebSite","@id":"https:\/\/casanha.com\/vi\/#website","url":"https:\/\/casanha.com\/vi\/","name":"Casanha","description":"Home Decor &amp; Furniture","publisher":{"@id":"https:\/\/casanha.com\/vi\/#organization"},"potentialAction":[{"@type":"SearchAction","target":{"@type":"EntryPoint","urlTemplate":"https:\/\/casanha.com\/vi\/?s={search_term_string}"},"query-input":{"@type":"PropertyValueSpecification","valueRequired":true,"valueName":"search_term_string"}}],"inLanguage":"en-US"},{"@type":"Organization","@id":"https:\/\/casanha.com\/vi\/#organization","name":"Casanha","url":"https:\/\/casanha.com\/vi\/","logo":{"@type":"ImageObject","inLanguage":"en-US","@id":"https:\/\/casanha.com\/vi\/#\/schema\/logo\/image\/","url":"https:\/\/casanha-beta.s3.ap-southeast-1.amazonaws.com\/2026\/02\/logo-2026.jpg","contentUrl":"https:\/\/casanha-beta.s3.ap-southeast-1.amazonaws.com\/2026\/02\/logo-2026.jpg","width":1500,"height":1500,"caption":"Casanha"},"image":{"@id":"https:\/\/casanha.com\/vi\/#\/schema\/logo\/image\/"},"sameAs":["https:\/\/www.facebook.com\/CasanhaHome","https:\/\/www.instagram.com\/casanhahome\/","https:\/\/www.youtube.com\/@casanha","https:\/\/www.tiktok.com\/@casanha.com","https:\/\/zalo.me\/casanhahome"]}]}},"_links":{"self":[{"href":"https:\/\/casanha.com\/en\/wp-json\/wp\/v2\/product\/63066","targetHints":{"allow":["GET"]}}],"collection":[{"href":"https:\/\/casanha.com\/en\/wp-json\/wp\/v2\/product"}],"about":[{"href":"https:\/\/casanha.com\/en\/wp-json\/wp\/v2\/types\/product"}],"replies":[{"embeddable":true,"href":"https:\/\/casanha.com\/en\/wp-json\/wp\/v2\/comments?post=63066"}],"version-history":[{"count":8,"href":"https:\/\/casanha.com\/en\/wp-json\/wp\/v2\/product\/63066\/revisions"}],"predecessor-version":[{"id":110990,"href":"https:\/\/casanha.com\/en\/wp-json\/wp\/v2\/product\/63066\/revisions\/110990"}],"wp:featuredmedia":[{"embeddable":true,"href":"https:\/\/casanha.com\/en\/wp-json\/wp\/v2\/media\/110986"}],"wp:attachment":[{"href":"https:\/\/casanha.com\/en\/wp-json\/wp\/v2\/media?parent=63066"}],"wp:term":[{"taxonomy":"product_brand","embeddable":true,"href":"https:\/\/casanha.com\/en\/wp-json\/wp\/v2\/product_brand?post=63066"},{"taxonomy":"product_cat","embeddable":true,"href":"https:\/\/casanha.com\/en\/wp-json\/wp\/v2\/product_cat?post=63066"},{"taxonomy":"product_tag","embeddable":true,"href":"https:\/\/casanha.com\/en\/wp-json\/wp\/v2\/product_tag?post=63066"}],"curies":[{"name":"wp","href":"https:\/\/api.w.org\/{rel}","templated":true}]}}