{"id":62472,"date":"2024-06-04T12:56:13","date_gmt":"2024-06-04T05:56:13","guid":{"rendered":"https:\/\/casanha.com\/product\/ilan-nen-thom\/"},"modified":"2026-03-26T09:10:45","modified_gmt":"2026-03-26T02:10:45","slug":"ilan-nen-thom","status":"publish","type":"product","link":"https:\/\/casanha.com\/en\/product\/ilan-nen-thom\/","title":{"rendered":"ILAN &#8220;ROUGE VELVET&#8221; &#8211; N\u1ebeN TH\u01a0M"},"content":{"rendered":"","protected":false},"excerpt":{"rendered":"<p>M\u1eabu \u0111\u01a1n, violet v\u00e0 c\u00e1nh hoa anh \u0111\u00e0o h\u00f2a quy\u1ec7n t\u1ea1o n\u00ean h\u01b0\u01a1ng hoa m\u1ec1m m\u1ea1i v\u00e0 bay b\u1ed5ng, n\u01a1i v\u1ecb ng\u1ecdt d\u1ecbu v\u00e0 s\u1eafc th\u00e1i ph\u1ea5n nh\u1eb9 k\u1ebft h\u1ee3p c\u00f9ng s\u1ef1 t\u01b0\u01a1i m\u00e1t \u0111\u1eabm s\u01b0\u01a1ng, g\u1ee3i l\u00ean v\u1ebb \u0111\u1eb9p thanh tao v\u00e0 l\u00e3ng m\u1ea1n c\u1ee7a m\u00f9a xu\u00e2n\/\u00a0<em>Peony, violet, and sakura petals create a soft, airy floral fragrance where delicate sweetness and powdery nuances blend with a fresh, dewy lightness, evoking a graceful, romantic springtime bloom.<\/em><\/p>\n<p><strong><span lang=\"EN-US\">Th\u00f4ng tin s\u1ea3n ph\u1ea9m\/\u00a0<em>Product information<\/em><\/span><\/strong><\/p>\n<p><span lang=\"EN-US\">M\u00e0u s\u1eafc\/\u00a0<em>Color:\u00a0<\/em><\/span><span lang=\"EN-US\">Trong su\u00f4\u0341t &amp;\u00a0<\/span><span lang=\"EN-US\">t<\/span><span lang=\"VI\">r\u1eafng<\/span><span lang=\"EN-US\">\/\u00a0<em>Clear<\/em><em>\u00a0&amp; white<br \/>\n<\/em><\/span><span lang=\"EN-US\">Ch\u1ea5t li\u1ec7u\/\u00a0<em>Materials<\/em>:\u00a0<\/span>K\u00ednh &amp;\u00a0<span lang=\"EN-US\">s<\/span><span lang=\"EN-US\">\u00e1p\/<em>\u00a0Glass &amp; wax<br \/>\n<\/em><\/span><span lang=\"EN-US\">K\u00edch th\u01b0\u1edbc\/\u00a0<em>Dimensions<\/em>: D8 x H9cm<br \/>\n<\/span><span lang=\"EN-US\">H\u01b0\u01a1ng th\u01a1m\/\u00a0<em>Fragranced<\/em>:\u00a0<\/span><span lang=\"EN-US\">\u0110\u00fang\/\u00a0<em>Yes\u00a0<\/em>(<\/span>Hoa m\u1eabu \u0111\u01a1n, hoa violet v\u00e0 c\u00e1nh hoa anh \u0111\u00e0o<span lang=\"EN-US\">\/\u00a0<\/span><em>peony, violet and sakura petals<\/em><span lang=\"EN-US\">)<br \/>\n<\/span><span lang=\"EN-US\">Th\u1eddi gian ch\u00e1y\/\u00a0<em>Burning time<\/em>\u00a0: (+\/-) 20H\u00a0<\/span><\/p>\n<p><span lang=\"EN-US\">B\u1ed9 s\u01b0u t\u1eadp\/\u00a0<em>Collection<\/em>: Ilan line<br \/>\n<\/span><span lang=\"EN-US\">Phong c\u00e1ch\/\u00a0<em>Style<\/em>: Casanh\u00e0<\/span><\/p>\n<p><span lang=\"EN-US\">C\u00e2n n\u1eb7ng\/\u00a0<em>Weight<\/em>: 0.22kg<br \/>\n<\/span><span lang=\"EN-US\">Bao b\u00ec\/\u00a0<em>Packaging<\/em>: Standard<\/span><\/p>\n<p><span lang=\"EN-US\">N\u01b0\u1edbc xu\u1ea5t x\u1ee9\/\u00a0<em>Country of origin<\/em>:\u00a0<\/span><span lang=\"VI\">Trung Qu\u1ed1c\/\u00a0<\/span><em><span lang=\"EN-US\">China<\/span><\/em><\/p>\n","protected":false},"featured_media":111578,"comment_status":"open","ping_status":"closed","template":"","meta":[],"product_brand":[17],"product_cat":[2518],"product_tag":[],"class_list":{"0":"post-62472","1":"product","2":"type-product","3":"status-publish","4":"has-post-thumbnail","6":"product_brand-casanha","7":"product_cat-fragranced-candle","8":"product_shipping_class-fragile-items","9":"pa_specification-amber","10":"pa_specification-bouquet","11":"pa_specification-lily","12":"pa_specification-monoi","13":"pa_specification-red-velvet","15":"first","16":"instock","17":"shipping-taxable","18":"purchasable","19":"product-type-simple"},"yoast_head":"<!-- This site is optimized with the Yoast SEO plugin v27.1.1 - https:\/\/yoast.com\/product\/yoast-seo-wordpress\/ -->\n<title>ILAN &quot;ROUGE VELVET&quot; - N\u1ebeN TH\u01a0M - Casanha<\/title>\n<meta name=\"robots\" content=\"index, follow, max-snippet:-1, max-image-preview:large, max-video-preview:-1\" \/>\n<link rel=\"canonical\" href=\"https:\/\/casanha.com\/en\/product\/ilan-nen-thom\/\" \/>\n<meta property=\"og:locale\" content=\"en_US\" \/>\n<meta property=\"og:type\" content=\"article\" \/>\n<meta property=\"og:title\" content=\"ILAN &quot;ROUGE VELVET&quot; - N\u1ebeN TH\u01a0M - Casanha\" \/>\n<meta property=\"og:description\" content=\"M\u1eabu \u0111\u01a1n, violet v\u00e0 c\u00e1nh hoa anh \u0111\u00e0o h\u00f2a quy\u1ec7n t\u1ea1o n\u00ean h\u01b0\u01a1ng hoa m\u1ec1m m\u1ea1i v\u00e0 bay b\u1ed5ng, n\u01a1i v\u1ecb ng\u1ecdt d\u1ecbu v\u00e0 s\u1eafc th\u00e1i ph\u1ea5n nh\u1eb9 k\u1ebft h\u1ee3p c\u00f9ng s\u1ef1 t\u01b0\u01a1i m\u00e1t \u0111\u1eabm s\u01b0\u01a1ng, g\u1ee3i l\u00ean v\u1ebb \u0111\u1eb9p thanh tao v\u00e0 l\u00e3ng m\u1ea1n c\u1ee7a m\u00f9a xu\u00e2n\/\u00a0Peony, violet, and sakura petals create a soft, airy floral fragrance where delicate sweetness and powdery nuances blend with a fresh, dewy lightness, evoking a graceful, romantic springtime bloom.  Th\u00f4ng tin s\u1ea3n ph\u1ea9m\/\u00a0Product information  M\u00e0u s\u1eafc\/\u00a0Color:\u00a0Trong su\u00f4\u0341t &amp;\u00a0tr\u1eafng\/\u00a0Clear\u00a0&amp; white Ch\u1ea5t li\u1ec7u\/\u00a0Materials:\u00a0K\u00ednh &amp;\u00a0s\u00e1p\/\u00a0Glass &amp; wax K\u00edch th\u01b0\u1edbc\/\u00a0Dimensions: D8 x H9cm H\u01b0\u01a1ng th\u01a1m\/\u00a0Fragranced:\u00a0\u0110\u00fang\/\u00a0Yes\u00a0(Hoa m\u1eabu \u0111\u01a1n, hoa violet v\u00e0 c\u00e1nh hoa anh \u0111\u00e0o\/\u00a0peony, violet and sakura petals) Th\u1eddi gian ch\u00e1y\/\u00a0Burning time\u00a0: (+\/-) 20H\u00a0  B\u1ed9 s\u01b0u t\u1eadp\/\u00a0Collection: Ilan line Phong c\u00e1ch\/\u00a0Style: Casanh\u00e0  C\u00e2n n\u1eb7ng\/\u00a0Weight: 0.22kg Bao b\u00ec\/\u00a0Packaging: Standard  N\u01b0\u1edbc xu\u1ea5t x\u1ee9\/\u00a0Country of origin:\u00a0Trung Qu\u1ed1c\/\u00a0China\" \/>\n<meta property=\"og:url\" content=\"https:\/\/casanha.com\/en\/product\/ilan-nen-thom\/\" \/>\n<meta property=\"og:site_name\" content=\"Casanha\" \/>\n<meta property=\"article:publisher\" content=\"https:\/\/www.facebook.com\/CasanhaHome\" \/>\n<meta property=\"article:modified_time\" content=\"2026-03-26T02:10:45+00:00\" \/>\n<meta property=\"og:image\" content=\"https:\/\/casanha-beta.s3.ap-southeast-1.amazonaws.com\/2024\/06\/Ilan-candle-red-velvet.png\" \/>\n\t<meta property=\"og:image:width\" content=\"1080\" \/>\n\t<meta property=\"og:image:height\" content=\"1350\" \/>\n\t<meta property=\"og:image:type\" content=\"image\/png\" \/>\n<meta name=\"twitter:card\" content=\"summary_large_image\" \/>\n<script type=\"application\/ld+json\" class=\"yoast-schema-graph\">{\"@context\":\"https:\/\/schema.org\",\"@graph\":[{\"@type\":\"WebPage\",\"@id\":\"https:\/\/casanha.com\/product\/ilan-nen-thom\/\",\"url\":\"https:\/\/casanha.com\/product\/ilan-nen-thom\/\",\"name\":\"ILAN \\\"ROUGE VELVET\\\" - N\u1ebeN TH\u01a0M - Casanha\",\"isPartOf\":{\"@id\":\"https:\/\/casanha.com\/vi\/#website\"},\"primaryImageOfPage\":{\"@id\":\"https:\/\/casanha.com\/product\/ilan-nen-thom\/#primaryimage\"},\"image\":{\"@id\":\"https:\/\/casanha.com\/product\/ilan-nen-thom\/#primaryimage\"},\"thumbnailUrl\":\"https:\/\/casanha-beta.s3.ap-southeast-1.amazonaws.com\/2024\/06\/Ilan-candle-red-velvet.png\",\"datePublished\":\"2024-06-04T05:56:13+00:00\",\"dateModified\":\"2026-03-26T02:10:45+00:00\",\"breadcrumb\":{\"@id\":\"https:\/\/casanha.com\/product\/ilan-nen-thom\/#breadcrumb\"},\"inLanguage\":\"en-US\",\"potentialAction\":[{\"@type\":\"ReadAction\",\"target\":[\"https:\/\/casanha.com\/product\/ilan-nen-thom\/\"]}]},{\"@type\":\"ImageObject\",\"inLanguage\":\"en-US\",\"@id\":\"https:\/\/casanha.com\/product\/ilan-nen-thom\/#primaryimage\",\"url\":\"https:\/\/casanha-beta.s3.ap-southeast-1.amazonaws.com\/2024\/06\/Ilan-candle-red-velvet.png\",\"contentUrl\":\"https:\/\/casanha-beta.s3.ap-southeast-1.amazonaws.com\/2024\/06\/Ilan-candle-red-velvet.png\",\"width\":1080,\"height\":1350},{\"@type\":\"BreadcrumbList\",\"@id\":\"https:\/\/casanha.com\/product\/ilan-nen-thom\/#breadcrumb\",\"itemListElement\":[{\"@type\":\"ListItem\",\"position\":1,\"name\":\"Home\",\"item\":\"https:\/\/casanha.com\/\"},{\"@type\":\"ListItem\",\"position\":2,\"name\":\"C\u1eeda h\u00e0ng\",\"item\":\"https:\/\/casanha.com\/vi\/cua-hang\/\"},{\"@type\":\"ListItem\",\"position\":3,\"name\":\"ILAN &#8220;ROUGE VELVET&#8221; &#8211; N\u1ebeN TH\u01a0M\"}]},{\"@type\":\"WebSite\",\"@id\":\"https:\/\/casanha.com\/vi\/#website\",\"url\":\"https:\/\/casanha.com\/vi\/\",\"name\":\"Casanha\",\"description\":\"Home Decor &amp; Furniture\",\"publisher\":{\"@id\":\"https:\/\/casanha.com\/vi\/#organization\"},\"potentialAction\":[{\"@type\":\"SearchAction\",\"target\":{\"@type\":\"EntryPoint\",\"urlTemplate\":\"https:\/\/casanha.com\/vi\/?s={search_term_string}\"},\"query-input\":{\"@type\":\"PropertyValueSpecification\",\"valueRequired\":true,\"valueName\":\"search_term_string\"}}],\"inLanguage\":\"en-US\"},{\"@type\":\"Organization\",\"@id\":\"https:\/\/casanha.com\/vi\/#organization\",\"name\":\"Casanha\",\"url\":\"https:\/\/casanha.com\/vi\/\",\"logo\":{\"@type\":\"ImageObject\",\"inLanguage\":\"en-US\",\"@id\":\"https:\/\/casanha.com\/vi\/#\/schema\/logo\/image\/\",\"url\":\"https:\/\/casanha-beta.s3.ap-southeast-1.amazonaws.com\/2026\/02\/logo-2026.jpg\",\"contentUrl\":\"https:\/\/casanha-beta.s3.ap-southeast-1.amazonaws.com\/2026\/02\/logo-2026.jpg\",\"width\":1500,\"height\":1500,\"caption\":\"Casanha\"},\"image\":{\"@id\":\"https:\/\/casanha.com\/vi\/#\/schema\/logo\/image\/\"},\"sameAs\":[\"https:\/\/www.facebook.com\/CasanhaHome\",\"https:\/\/www.instagram.com\/casanhahome\/\",\"https:\/\/www.youtube.com\/@casanha\",\"https:\/\/www.tiktok.com\/@casanha.com\",\"https:\/\/zalo.me\/casanhahome\"]}]}<\/script>\n<!-- \/ Yoast SEO plugin. -->","yoast_head_json":{"title":"ILAN \"ROUGE VELVET\" - N\u1ebeN TH\u01a0M - Casanha","robots":{"index":"index","follow":"follow","max-snippet":"max-snippet:-1","max-image-preview":"max-image-preview:large","max-video-preview":"max-video-preview:-1"},"canonical":"https:\/\/casanha.com\/en\/product\/ilan-nen-thom\/","og_locale":"en_US","og_type":"article","og_title":"ILAN \"ROUGE VELVET\" - N\u1ebeN TH\u01a0M - Casanha","og_description":"M\u1eabu \u0111\u01a1n, violet v\u00e0 c\u00e1nh hoa anh \u0111\u00e0o h\u00f2a quy\u1ec7n t\u1ea1o n\u00ean h\u01b0\u01a1ng hoa m\u1ec1m m\u1ea1i v\u00e0 bay b\u1ed5ng, n\u01a1i v\u1ecb ng\u1ecdt d\u1ecbu v\u00e0 s\u1eafc th\u00e1i ph\u1ea5n nh\u1eb9 k\u1ebft h\u1ee3p c\u00f9ng s\u1ef1 t\u01b0\u01a1i m\u00e1t \u0111\u1eabm s\u01b0\u01a1ng, g\u1ee3i l\u00ean v\u1ebb \u0111\u1eb9p thanh tao v\u00e0 l\u00e3ng m\u1ea1n c\u1ee7a m\u00f9a xu\u00e2n\/\u00a0Peony, violet, and sakura petals create a soft, airy floral fragrance where delicate sweetness and powdery nuances blend with a fresh, dewy lightness, evoking a graceful, romantic springtime bloom.  Th\u00f4ng tin s\u1ea3n ph\u1ea9m\/\u00a0Product information  M\u00e0u s\u1eafc\/\u00a0Color:\u00a0Trong su\u00f4\u0341t &amp;\u00a0tr\u1eafng\/\u00a0Clear\u00a0&amp; white Ch\u1ea5t li\u1ec7u\/\u00a0Materials:\u00a0K\u00ednh &amp;\u00a0s\u00e1p\/\u00a0Glass &amp; wax K\u00edch th\u01b0\u1edbc\/\u00a0Dimensions: D8 x H9cm H\u01b0\u01a1ng th\u01a1m\/\u00a0Fragranced:\u00a0\u0110\u00fang\/\u00a0Yes\u00a0(Hoa m\u1eabu \u0111\u01a1n, hoa violet v\u00e0 c\u00e1nh hoa anh \u0111\u00e0o\/\u00a0peony, violet and sakura petals) Th\u1eddi gian ch\u00e1y\/\u00a0Burning time\u00a0: (+\/-) 20H\u00a0  B\u1ed9 s\u01b0u t\u1eadp\/\u00a0Collection: Ilan line Phong c\u00e1ch\/\u00a0Style: Casanh\u00e0  C\u00e2n n\u1eb7ng\/\u00a0Weight: 0.22kg Bao b\u00ec\/\u00a0Packaging: Standard  N\u01b0\u1edbc xu\u1ea5t x\u1ee9\/\u00a0Country of origin:\u00a0Trung Qu\u1ed1c\/\u00a0China","og_url":"https:\/\/casanha.com\/en\/product\/ilan-nen-thom\/","og_site_name":"Casanha","article_publisher":"https:\/\/www.facebook.com\/CasanhaHome","article_modified_time":"2026-03-26T02:10:45+00:00","og_image":[{"width":1080,"height":1350,"url":"https:\/\/casanha-beta.s3.ap-southeast-1.amazonaws.com\/2024\/06\/Ilan-candle-red-velvet.png","type":"image\/png"}],"twitter_card":"summary_large_image","schema":{"@context":"https:\/\/schema.org","@graph":[{"@type":"WebPage","@id":"https:\/\/casanha.com\/product\/ilan-nen-thom\/","url":"https:\/\/casanha.com\/product\/ilan-nen-thom\/","name":"ILAN \"ROUGE VELVET\" - N\u1ebeN TH\u01a0M - Casanha","isPartOf":{"@id":"https:\/\/casanha.com\/vi\/#website"},"primaryImageOfPage":{"@id":"https:\/\/casanha.com\/product\/ilan-nen-thom\/#primaryimage"},"image":{"@id":"https:\/\/casanha.com\/product\/ilan-nen-thom\/#primaryimage"},"thumbnailUrl":"https:\/\/casanha-beta.s3.ap-southeast-1.amazonaws.com\/2024\/06\/Ilan-candle-red-velvet.png","datePublished":"2024-06-04T05:56:13+00:00","dateModified":"2026-03-26T02:10:45+00:00","breadcrumb":{"@id":"https:\/\/casanha.com\/product\/ilan-nen-thom\/#breadcrumb"},"inLanguage":"en-US","potentialAction":[{"@type":"ReadAction","target":["https:\/\/casanha.com\/product\/ilan-nen-thom\/"]}]},{"@type":"ImageObject","inLanguage":"en-US","@id":"https:\/\/casanha.com\/product\/ilan-nen-thom\/#primaryimage","url":"https:\/\/casanha-beta.s3.ap-southeast-1.amazonaws.com\/2024\/06\/Ilan-candle-red-velvet.png","contentUrl":"https:\/\/casanha-beta.s3.ap-southeast-1.amazonaws.com\/2024\/06\/Ilan-candle-red-velvet.png","width":1080,"height":1350},{"@type":"BreadcrumbList","@id":"https:\/\/casanha.com\/product\/ilan-nen-thom\/#breadcrumb","itemListElement":[{"@type":"ListItem","position":1,"name":"Home","item":"https:\/\/casanha.com\/"},{"@type":"ListItem","position":2,"name":"C\u1eeda h\u00e0ng","item":"https:\/\/casanha.com\/vi\/cua-hang\/"},{"@type":"ListItem","position":3,"name":"ILAN &#8220;ROUGE VELVET&#8221; &#8211; N\u1ebeN TH\u01a0M"}]},{"@type":"WebSite","@id":"https:\/\/casanha.com\/vi\/#website","url":"https:\/\/casanha.com\/vi\/","name":"Casanha","description":"Home Decor &amp; Furniture","publisher":{"@id":"https:\/\/casanha.com\/vi\/#organization"},"potentialAction":[{"@type":"SearchAction","target":{"@type":"EntryPoint","urlTemplate":"https:\/\/casanha.com\/vi\/?s={search_term_string}"},"query-input":{"@type":"PropertyValueSpecification","valueRequired":true,"valueName":"search_term_string"}}],"inLanguage":"en-US"},{"@type":"Organization","@id":"https:\/\/casanha.com\/vi\/#organization","name":"Casanha","url":"https:\/\/casanha.com\/vi\/","logo":{"@type":"ImageObject","inLanguage":"en-US","@id":"https:\/\/casanha.com\/vi\/#\/schema\/logo\/image\/","url":"https:\/\/casanha-beta.s3.ap-southeast-1.amazonaws.com\/2026\/02\/logo-2026.jpg","contentUrl":"https:\/\/casanha-beta.s3.ap-southeast-1.amazonaws.com\/2026\/02\/logo-2026.jpg","width":1500,"height":1500,"caption":"Casanha"},"image":{"@id":"https:\/\/casanha.com\/vi\/#\/schema\/logo\/image\/"},"sameAs":["https:\/\/www.facebook.com\/CasanhaHome","https:\/\/www.instagram.com\/casanhahome\/","https:\/\/www.youtube.com\/@casanha","https:\/\/www.tiktok.com\/@casanha.com","https:\/\/zalo.me\/casanhahome"]}]}},"_links":{"self":[{"href":"https:\/\/casanha.com\/en\/wp-json\/wp\/v2\/product\/62472","targetHints":{"allow":["GET"]}}],"collection":[{"href":"https:\/\/casanha.com\/en\/wp-json\/wp\/v2\/product"}],"about":[{"href":"https:\/\/casanha.com\/en\/wp-json\/wp\/v2\/types\/product"}],"replies":[{"embeddable":true,"href":"https:\/\/casanha.com\/en\/wp-json\/wp\/v2\/comments?post=62472"}],"version-history":[{"count":6,"href":"https:\/\/casanha.com\/en\/wp-json\/wp\/v2\/product\/62472\/revisions"}],"predecessor-version":[{"id":111580,"href":"https:\/\/casanha.com\/en\/wp-json\/wp\/v2\/product\/62472\/revisions\/111580"}],"wp:featuredmedia":[{"embeddable":true,"href":"https:\/\/casanha.com\/en\/wp-json\/wp\/v2\/media\/111578"}],"wp:attachment":[{"href":"https:\/\/casanha.com\/en\/wp-json\/wp\/v2\/media?parent=62472"}],"wp:term":[{"taxonomy":"product_brand","embeddable":true,"href":"https:\/\/casanha.com\/en\/wp-json\/wp\/v2\/product_brand?post=62472"},{"taxonomy":"product_cat","embeddable":true,"href":"https:\/\/casanha.com\/en\/wp-json\/wp\/v2\/product_cat?post=62472"},{"taxonomy":"product_tag","embeddable":true,"href":"https:\/\/casanha.com\/en\/wp-json\/wp\/v2\/product_tag?post=62472"}],"curies":[{"name":"wp","href":"https:\/\/api.w.org\/{rel}","templated":true}]}}