{"id":59591,"date":"2024-04-15T12:40:42","date_gmt":"2024-04-15T05:40:42","guid":{"rendered":"https:\/\/casanha.com\/product\/perfora-den-san\/"},"modified":"2026-03-31T16:26:43","modified_gmt":"2026-03-31T09:26:43","slug":"perfora-den-san","status":"publish","type":"product","link":"https:\/\/casanha.com\/en\/product\/perfora-den-san\/","title":{"rendered":"PERFORA &#8211; \u0110\u00c8N S\u00c0N"},"content":{"rendered":"","protected":false},"excerpt":{"rendered":"<div class=\"kv-card\">\n<div class=\"kv-card-body\">\n<div class=\"text-desciption ng-binding\"><strong><span lang=\"EN-US\">Th\u00f4ng tin s\u1ea3n ph\u1ea9m\/\u00a0<em>Product information<\/em><\/span><\/strong><span lang=\"EN-US\">M\u00e0u s\u1eafc\/\u00a0<em>Color:\u00a0<\/em><\/span><span lang=\"EN-US\">T<\/span><span lang=\"VI\">r\u1eafng<\/span><span lang=\"EN-US\">\/\u00a0<em>White<br \/>\n<\/em><\/span><span lang=\"EN-US\">Ch\u1ea5t li\u1ec7u\/\u00a0<em>Materials<\/em>:\u00a0<\/span><span lang=\"EN-US\">Kim lo\u1ea1i<\/span><span lang=\"EN-US\">\/\u00a0<\/span><span lang=\"EN-US\"><em>Metal<br \/>\n<\/em><\/span>K\u00edch th\u01b0\u1edbc\/\u00a0<em>Dimensions<\/em>: D27 x H66cm<br \/>\nCh\u1ee9ng nh\u1eadn\/<em>Certification<\/em>: CE certified<br \/>\n<span lang=\"EN-US\">\u0110<\/span>ui \u0111\u00e8n\/\u00a0<em>Bulb cap<\/em>\u00a0: E27<br \/>\n<span lang=\"EN-US\">Lo\u1ea1i ph\u00edch c\u1eafm\/\u00a0<em>Plug type<\/em>: Type C<br \/>\n<\/span><span lang=\"EN-US\">Chi\u1ec1u d\u00e0i c\u00e1p \u0111i\u1ec7n\/\u00a0<em>Electric table length<\/em>: L200cm<br \/>\n<\/span>K\u00e8m b\u00f3ng \u0111\u00e8n\/\u00a0<em>Bulb included<\/em>: Kh\u00f4ng\/\u00a0<em>No<\/em><\/p>\n<p><span lang=\"EN-US\">B\u1ed9 s\u01b0u t\u1eadp\/\u00a0<em>Collection<\/em>:\u00a0<\/span>Kh\u00f4ng c\u00f3\/\u00a0<em>None<br \/>\n<\/em><span lang=\"EN-US\">Phong c\u00e1ch\/\u00a0<em>Style<\/em>: Casanh\u00e0<\/span><\/p>\n<p>C\u00e2n n\u1eb7ng\/\u00a0<em>Weight<\/em>: 2kg<br \/>\n<span lang=\"EN-US\">Bao b\u00ec\/\u00a0<em>Packaging<\/em>: Standard<br \/>\n<\/span><span lang=\"EN-US\">Y\u00eau c\u1ea7u l\u1eafp r\u00e1p\/<em>Assembly required<\/em>:\u00a0<\/span><span lang=\"EN-US\">\u0110\u00fang\/\u00a0<em>Yes<\/em><\/span><\/p>\n<p><span lang=\"EN-US\">N\u01b0\u1edbc xu\u1ea5t x\u1ee9\/\u00a0<em>Country of origin<\/em>:\u00a0<\/span><span lang=\"VI\">\u1ea4n \u0110\u1ed9<\/span><span lang=\"EN-US\">\/<em> India\u00a0<\/em><\/span><\/p>\n<\/div>\n<\/div>\n<\/div>\n","protected":false},"featured_media":99175,"comment_status":"open","ping_status":"closed","template":"","meta":[],"product_brand":[18],"product_cat":[3047,2530],"product_tag":[],"class_list":{"0":"post-59591","1":"product","2":"type-product","3":"status-publish","4":"has-post-thumbnail","6":"product_brand-nomanha","7":"product_cat-rivage-dazur","8":"product_cat-floor-lamp","9":"product_shipping_class-normal-items","11":"first","12":"instock","13":"shipping-taxable","14":"purchasable","15":"product-type-simple"},"yoast_head":"<!-- This site is optimized with the Yoast SEO plugin v27.1.1 - https:\/\/yoast.com\/product\/yoast-seo-wordpress\/ -->\n<title>PERFORA - \u0110\u00c8N S\u00c0N - Casanha<\/title>\n<meta name=\"robots\" content=\"index, follow, max-snippet:-1, max-image-preview:large, max-video-preview:-1\" \/>\n<link rel=\"canonical\" href=\"https:\/\/casanha.com\/en\/product\/perfora-den-san\/\" \/>\n<meta property=\"og:locale\" content=\"en_US\" \/>\n<meta property=\"og:type\" content=\"article\" \/>\n<meta property=\"og:title\" content=\"PERFORA - \u0110\u00c8N S\u00c0N - Casanha\" \/>\n<meta property=\"og:description\" content=\"Th\u00f4ng tin s\u1ea3n ph\u1ea9m\/\u00a0Product informationM\u00e0u s\u1eafc\/\u00a0Color:\u00a0Tr\u1eafng\/\u00a0White Ch\u1ea5t li\u1ec7u\/\u00a0Materials:\u00a0Kim lo\u1ea1i\/\u00a0Metal K\u00edch th\u01b0\u1edbc\/\u00a0Dimensions: D27 x H66cm Ch\u1ee9ng nh\u1eadn\/Certification: CE certified \u0110ui \u0111\u00e8n\/\u00a0Bulb cap\u00a0: E27 Lo\u1ea1i ph\u00edch c\u1eafm\/\u00a0Plug type: Type C Chi\u1ec1u d\u00e0i c\u00e1p \u0111i\u1ec7n\/\u00a0Electric table length: L200cm K\u00e8m b\u00f3ng \u0111\u00e8n\/\u00a0Bulb included: Kh\u00f4ng\/\u00a0No  B\u1ed9 s\u01b0u t\u1eadp\/\u00a0Collection:\u00a0Kh\u00f4ng c\u00f3\/\u00a0None Phong c\u00e1ch\/\u00a0Style: Casanh\u00e0  C\u00e2n n\u1eb7ng\/\u00a0Weight: 2kg Bao b\u00ec\/\u00a0Packaging: Standard Y\u00eau c\u1ea7u l\u1eafp r\u00e1p\/Assembly required:\u00a0\u0110\u00fang\/\u00a0Yes  N\u01b0\u1edbc xu\u1ea5t x\u1ee9\/\u00a0Country of origin:\u00a0\u1ea4n \u0110\u1ed9\/ India\u00a0\" \/>\n<meta property=\"og:url\" content=\"https:\/\/casanha.com\/en\/product\/perfora-den-san\/\" \/>\n<meta property=\"og:site_name\" content=\"Casanha\" \/>\n<meta property=\"article:publisher\" content=\"https:\/\/www.facebook.com\/CasanhaHome\" \/>\n<meta property=\"article:modified_time\" content=\"2026-03-31T09:26:43+00:00\" \/>\n<meta property=\"og:image\" content=\"https:\/\/casanha-beta.s3.ap-southeast-1.amazonaws.com\/2025\/06\/kiotviet_caf3f24ce3a656aed14bf5803ebb105a.jpg\" \/>\n\t<meta property=\"og:image:width\" content=\"600\" \/>\n\t<meta property=\"og:image:height\" content=\"600\" \/>\n\t<meta property=\"og:image:type\" content=\"image\/jpeg\" \/>\n<meta name=\"twitter:card\" content=\"summary_large_image\" \/>\n<script type=\"application\/ld+json\" class=\"yoast-schema-graph\">{\"@context\":\"https:\/\/schema.org\",\"@graph\":[{\"@type\":\"WebPage\",\"@id\":\"https:\/\/casanha.com\/product\/perfora-den-san\/\",\"url\":\"https:\/\/casanha.com\/product\/perfora-den-san\/\",\"name\":\"PERFORA - \u0110\u00c8N S\u00c0N - Casanha\",\"isPartOf\":{\"@id\":\"https:\/\/casanha.com\/vi\/#website\"},\"primaryImageOfPage\":{\"@id\":\"https:\/\/casanha.com\/product\/perfora-den-san\/#primaryimage\"},\"image\":{\"@id\":\"https:\/\/casanha.com\/product\/perfora-den-san\/#primaryimage\"},\"thumbnailUrl\":\"https:\/\/casanha-beta.s3.ap-southeast-1.amazonaws.com\/2025\/06\/kiotviet_caf3f24ce3a656aed14bf5803ebb105a.jpg\",\"datePublished\":\"2024-04-15T05:40:42+00:00\",\"dateModified\":\"2026-03-31T09:26:43+00:00\",\"breadcrumb\":{\"@id\":\"https:\/\/casanha.com\/product\/perfora-den-san\/#breadcrumb\"},\"inLanguage\":\"en-US\",\"potentialAction\":[{\"@type\":\"ReadAction\",\"target\":[\"https:\/\/casanha.com\/product\/perfora-den-san\/\"]}]},{\"@type\":\"ImageObject\",\"inLanguage\":\"en-US\",\"@id\":\"https:\/\/casanha.com\/product\/perfora-den-san\/#primaryimage\",\"url\":\"https:\/\/casanha-beta.s3.ap-southeast-1.amazonaws.com\/2025\/06\/kiotviet_caf3f24ce3a656aed14bf5803ebb105a.jpg\",\"contentUrl\":\"https:\/\/casanha-beta.s3.ap-southeast-1.amazonaws.com\/2025\/06\/kiotviet_caf3f24ce3a656aed14bf5803ebb105a.jpg\",\"width\":600,\"height\":600},{\"@type\":\"BreadcrumbList\",\"@id\":\"https:\/\/casanha.com\/product\/perfora-den-san\/#breadcrumb\",\"itemListElement\":[{\"@type\":\"ListItem\",\"position\":1,\"name\":\"Home\",\"item\":\"https:\/\/casanha.com\/\"},{\"@type\":\"ListItem\",\"position\":2,\"name\":\"C\u1eeda h\u00e0ng\",\"item\":\"https:\/\/casanha.com\/vi\/cua-hang\/\"},{\"@type\":\"ListItem\",\"position\":3,\"name\":\"PERFORA &#8211; \u0110\u00c8N S\u00c0N\"}]},{\"@type\":\"WebSite\",\"@id\":\"https:\/\/casanha.com\/vi\/#website\",\"url\":\"https:\/\/casanha.com\/vi\/\",\"name\":\"Casanha\",\"description\":\"Home Decor &amp; Furniture\",\"publisher\":{\"@id\":\"https:\/\/casanha.com\/vi\/#organization\"},\"potentialAction\":[{\"@type\":\"SearchAction\",\"target\":{\"@type\":\"EntryPoint\",\"urlTemplate\":\"https:\/\/casanha.com\/vi\/?s={search_term_string}\"},\"query-input\":{\"@type\":\"PropertyValueSpecification\",\"valueRequired\":true,\"valueName\":\"search_term_string\"}}],\"inLanguage\":\"en-US\"},{\"@type\":\"Organization\",\"@id\":\"https:\/\/casanha.com\/vi\/#organization\",\"name\":\"Casanha\",\"url\":\"https:\/\/casanha.com\/vi\/\",\"logo\":{\"@type\":\"ImageObject\",\"inLanguage\":\"en-US\",\"@id\":\"https:\/\/casanha.com\/vi\/#\/schema\/logo\/image\/\",\"url\":\"https:\/\/casanha-beta.s3.ap-southeast-1.amazonaws.com\/2026\/02\/logo-2026.jpg\",\"contentUrl\":\"https:\/\/casanha-beta.s3.ap-southeast-1.amazonaws.com\/2026\/02\/logo-2026.jpg\",\"width\":1500,\"height\":1500,\"caption\":\"Casanha\"},\"image\":{\"@id\":\"https:\/\/casanha.com\/vi\/#\/schema\/logo\/image\/\"},\"sameAs\":[\"https:\/\/www.facebook.com\/CasanhaHome\",\"https:\/\/www.instagram.com\/casanhahome\/\",\"https:\/\/www.youtube.com\/@casanha\",\"https:\/\/www.tiktok.com\/@casanha.com\",\"https:\/\/zalo.me\/casanhahome\"]}]}<\/script>\n<!-- \/ Yoast SEO plugin. -->","yoast_head_json":{"title":"PERFORA - \u0110\u00c8N S\u00c0N - Casanha","robots":{"index":"index","follow":"follow","max-snippet":"max-snippet:-1","max-image-preview":"max-image-preview:large","max-video-preview":"max-video-preview:-1"},"canonical":"https:\/\/casanha.com\/en\/product\/perfora-den-san\/","og_locale":"en_US","og_type":"article","og_title":"PERFORA - \u0110\u00c8N S\u00c0N - Casanha","og_description":"Th\u00f4ng tin s\u1ea3n ph\u1ea9m\/\u00a0Product informationM\u00e0u s\u1eafc\/\u00a0Color:\u00a0Tr\u1eafng\/\u00a0White Ch\u1ea5t li\u1ec7u\/\u00a0Materials:\u00a0Kim lo\u1ea1i\/\u00a0Metal K\u00edch th\u01b0\u1edbc\/\u00a0Dimensions: D27 x H66cm Ch\u1ee9ng nh\u1eadn\/Certification: CE certified \u0110ui \u0111\u00e8n\/\u00a0Bulb cap\u00a0: E27 Lo\u1ea1i ph\u00edch c\u1eafm\/\u00a0Plug type: Type C Chi\u1ec1u d\u00e0i c\u00e1p \u0111i\u1ec7n\/\u00a0Electric table length: L200cm K\u00e8m b\u00f3ng \u0111\u00e8n\/\u00a0Bulb included: Kh\u00f4ng\/\u00a0No  B\u1ed9 s\u01b0u t\u1eadp\/\u00a0Collection:\u00a0Kh\u00f4ng c\u00f3\/\u00a0None Phong c\u00e1ch\/\u00a0Style: Casanh\u00e0  C\u00e2n n\u1eb7ng\/\u00a0Weight: 2kg Bao b\u00ec\/\u00a0Packaging: Standard Y\u00eau c\u1ea7u l\u1eafp r\u00e1p\/Assembly required:\u00a0\u0110\u00fang\/\u00a0Yes  N\u01b0\u1edbc xu\u1ea5t x\u1ee9\/\u00a0Country of origin:\u00a0\u1ea4n \u0110\u1ed9\/ India\u00a0","og_url":"https:\/\/casanha.com\/en\/product\/perfora-den-san\/","og_site_name":"Casanha","article_publisher":"https:\/\/www.facebook.com\/CasanhaHome","article_modified_time":"2026-03-31T09:26:43+00:00","og_image":[{"width":600,"height":600,"url":"https:\/\/casanha-beta.s3.ap-southeast-1.amazonaws.com\/2025\/06\/kiotviet_caf3f24ce3a656aed14bf5803ebb105a.jpg","type":"image\/jpeg"}],"twitter_card":"summary_large_image","schema":{"@context":"https:\/\/schema.org","@graph":[{"@type":"WebPage","@id":"https:\/\/casanha.com\/product\/perfora-den-san\/","url":"https:\/\/casanha.com\/product\/perfora-den-san\/","name":"PERFORA - \u0110\u00c8N S\u00c0N - Casanha","isPartOf":{"@id":"https:\/\/casanha.com\/vi\/#website"},"primaryImageOfPage":{"@id":"https:\/\/casanha.com\/product\/perfora-den-san\/#primaryimage"},"image":{"@id":"https:\/\/casanha.com\/product\/perfora-den-san\/#primaryimage"},"thumbnailUrl":"https:\/\/casanha-beta.s3.ap-southeast-1.amazonaws.com\/2025\/06\/kiotviet_caf3f24ce3a656aed14bf5803ebb105a.jpg","datePublished":"2024-04-15T05:40:42+00:00","dateModified":"2026-03-31T09:26:43+00:00","breadcrumb":{"@id":"https:\/\/casanha.com\/product\/perfora-den-san\/#breadcrumb"},"inLanguage":"en-US","potentialAction":[{"@type":"ReadAction","target":["https:\/\/casanha.com\/product\/perfora-den-san\/"]}]},{"@type":"ImageObject","inLanguage":"en-US","@id":"https:\/\/casanha.com\/product\/perfora-den-san\/#primaryimage","url":"https:\/\/casanha-beta.s3.ap-southeast-1.amazonaws.com\/2025\/06\/kiotviet_caf3f24ce3a656aed14bf5803ebb105a.jpg","contentUrl":"https:\/\/casanha-beta.s3.ap-southeast-1.amazonaws.com\/2025\/06\/kiotviet_caf3f24ce3a656aed14bf5803ebb105a.jpg","width":600,"height":600},{"@type":"BreadcrumbList","@id":"https:\/\/casanha.com\/product\/perfora-den-san\/#breadcrumb","itemListElement":[{"@type":"ListItem","position":1,"name":"Home","item":"https:\/\/casanha.com\/"},{"@type":"ListItem","position":2,"name":"C\u1eeda h\u00e0ng","item":"https:\/\/casanha.com\/vi\/cua-hang\/"},{"@type":"ListItem","position":3,"name":"PERFORA &#8211; \u0110\u00c8N S\u00c0N"}]},{"@type":"WebSite","@id":"https:\/\/casanha.com\/vi\/#website","url":"https:\/\/casanha.com\/vi\/","name":"Casanha","description":"Home Decor &amp; Furniture","publisher":{"@id":"https:\/\/casanha.com\/vi\/#organization"},"potentialAction":[{"@type":"SearchAction","target":{"@type":"EntryPoint","urlTemplate":"https:\/\/casanha.com\/vi\/?s={search_term_string}"},"query-input":{"@type":"PropertyValueSpecification","valueRequired":true,"valueName":"search_term_string"}}],"inLanguage":"en-US"},{"@type":"Organization","@id":"https:\/\/casanha.com\/vi\/#organization","name":"Casanha","url":"https:\/\/casanha.com\/vi\/","logo":{"@type":"ImageObject","inLanguage":"en-US","@id":"https:\/\/casanha.com\/vi\/#\/schema\/logo\/image\/","url":"https:\/\/casanha-beta.s3.ap-southeast-1.amazonaws.com\/2026\/02\/logo-2026.jpg","contentUrl":"https:\/\/casanha-beta.s3.ap-southeast-1.amazonaws.com\/2026\/02\/logo-2026.jpg","width":1500,"height":1500,"caption":"Casanha"},"image":{"@id":"https:\/\/casanha.com\/vi\/#\/schema\/logo\/image\/"},"sameAs":["https:\/\/www.facebook.com\/CasanhaHome","https:\/\/www.instagram.com\/casanhahome\/","https:\/\/www.youtube.com\/@casanha","https:\/\/www.tiktok.com\/@casanha.com","https:\/\/zalo.me\/casanhahome"]}]}},"_links":{"self":[{"href":"https:\/\/casanha.com\/en\/wp-json\/wp\/v2\/product\/59591","targetHints":{"allow":["GET"]}}],"collection":[{"href":"https:\/\/casanha.com\/en\/wp-json\/wp\/v2\/product"}],"about":[{"href":"https:\/\/casanha.com\/en\/wp-json\/wp\/v2\/types\/product"}],"replies":[{"embeddable":true,"href":"https:\/\/casanha.com\/en\/wp-json\/wp\/v2\/comments?post=59591"}],"version-history":[{"count":5,"href":"https:\/\/casanha.com\/en\/wp-json\/wp\/v2\/product\/59591\/revisions"}],"predecessor-version":[{"id":110813,"href":"https:\/\/casanha.com\/en\/wp-json\/wp\/v2\/product\/59591\/revisions\/110813"}],"wp:featuredmedia":[{"embeddable":true,"href":"https:\/\/casanha.com\/en\/wp-json\/wp\/v2\/media\/99175"}],"wp:attachment":[{"href":"https:\/\/casanha.com\/en\/wp-json\/wp\/v2\/media?parent=59591"}],"wp:term":[{"taxonomy":"product_brand","embeddable":true,"href":"https:\/\/casanha.com\/en\/wp-json\/wp\/v2\/product_brand?post=59591"},{"taxonomy":"product_cat","embeddable":true,"href":"https:\/\/casanha.com\/en\/wp-json\/wp\/v2\/product_cat?post=59591"},{"taxonomy":"product_tag","embeddable":true,"href":"https:\/\/casanha.com\/en\/wp-json\/wp\/v2\/product_tag?post=59591"}],"curies":[{"name":"wp","href":"https:\/\/api.w.org\/{rel}","templated":true}]}}