{"id":53049,"date":"2023-12-27T16:18:59","date_gmt":"2023-12-27T09:18:59","guid":{"rendered":"https:\/\/casanha.com\/product\/rose-vo-goi-tua\/"},"modified":"2026-03-10T08:58:11","modified_gmt":"2026-03-10T01:58:11","slug":"rose-vo-goi-tua","status":"publish","type":"product","link":"https:\/\/casanha.com\/en\/product\/rose-vo-goi-tua\/","title":{"rendered":"ROSE &#8211; V\u1ece G\u1ed0I T\u1ef0A"},"content":{"rendered":"","protected":false},"excerpt":{"rendered":"<p>V\u1ecf g\u1ed1i ROSE \u0111\u01b0\u1ee3c \u0111\u1eb7c tr\u01b0ng b\u1edfi c\u00e1c hoa v\u0103n d\u00e2n t\u1ed9c \u0111\u1ea7y m\u00e0u s\u1eafc v\u00e0 hai h\u00e0ng pompom. Ph\u1ee5 ki\u1ec7n n\u00e0y s\u1ebd r\u1ea5t ph\u00f9 h\u1ee3p v\u1edbi n\u1ed9i th\u1ea5t c\u00f3 xu h\u01b0\u1edbng t\u1eeb n\u01a1i n\u00e0y \u0111\u1ebfn n\u01a1i kh\u00e1c\/ <em>Our ROSE Cushion Cover will certainly make you want to get away from it all. It is characterized by its colorful ethnic patterns and its two rows of pompoms. This accessory will fit very well in an interior with trends from here and elsewhere.<\/em><\/p>\n<p>Th\u00f4ng tin s\u1ea3n ph\u1ea9m\/<em>Product Informatio<\/em>n<br \/>\nM\u00e0u s\u1eafc\/Color: Tr\u1eafng (White), V\u00e0ng th\u1ed5 ho\u00e0ng (Ocer), \u0110\u1ecf (Red).<br \/>\nCh\u1ea5t li\u1ec7u\/<em>Material<\/em>: Cotton.<\/p>\n<p>K\u00edch th\u01b0\u1edbc\/ <em>Product Dimension: <\/em>D40 x H40cm<br \/>\n&#8211; 0.107kg.<\/p>\n","protected":false},"featured_media":85390,"comment_status":"open","ping_status":"closed","template":"","meta":[],"product_brand":[17],"product_cat":[2563],"product_tag":[],"class_list":{"0":"post-53049","1":"product","2":"type-product","3":"status-publish","4":"has-post-thumbnail","6":"product_brand-casanha","7":"product_cat-cushion-cover","8":"product_shipping_class-small-scale-items","10":"first","11":"instock","12":"shipping-taxable","13":"purchasable","14":"product-type-simple"},"yoast_head":"<!-- This site is optimized with the Yoast SEO plugin v27.1.1 - https:\/\/yoast.com\/product\/yoast-seo-wordpress\/ -->\n<title>ROSE - V\u1ece G\u1ed0I T\u1ef0A - Casanha<\/title>\n<meta name=\"robots\" content=\"index, follow, max-snippet:-1, max-image-preview:large, max-video-preview:-1\" \/>\n<link rel=\"canonical\" href=\"https:\/\/casanha.com\/en\/product\/rose-vo-goi-tua\/\" \/>\n<meta property=\"og:locale\" content=\"en_US\" \/>\n<meta property=\"og:type\" content=\"article\" \/>\n<meta property=\"og:title\" content=\"ROSE - V\u1ece G\u1ed0I T\u1ef0A - Casanha\" \/>\n<meta property=\"og:description\" content=\"V\u1ecf g\u1ed1i ROSE \u0111\u01b0\u1ee3c \u0111\u1eb7c tr\u01b0ng b\u1edfi c\u00e1c hoa v\u0103n d\u00e2n t\u1ed9c \u0111\u1ea7y m\u00e0u s\u1eafc v\u00e0 hai h\u00e0ng pompom. Ph\u1ee5 ki\u1ec7n n\u00e0y s\u1ebd r\u1ea5t ph\u00f9 h\u1ee3p v\u1edbi n\u1ed9i th\u1ea5t c\u00f3 xu h\u01b0\u1edbng t\u1eeb n\u01a1i n\u00e0y \u0111\u1ebfn n\u01a1i kh\u00e1c\/ Our ROSE Cushion Cover will certainly make you want to get away from it all. It is characterized by its colorful ethnic patterns and its two rows of pompoms. This accessory will fit very well in an interior with trends from here and elsewhere.  Th\u00f4ng tin s\u1ea3n ph\u1ea9m\/Product Information M\u00e0u s\u1eafc\/Color: Tr\u1eafng (White), V\u00e0ng th\u1ed5 ho\u00e0ng (Ocer), \u0110\u1ecf (Red). Ch\u1ea5t li\u1ec7u\/Material: Cotton.  K\u00edch th\u01b0\u1edbc\/ Product Dimension: D40 x H40cm - 0.107kg.\" \/>\n<meta property=\"og:url\" content=\"https:\/\/casanha.com\/en\/product\/rose-vo-goi-tua\/\" \/>\n<meta property=\"og:site_name\" content=\"Casanha\" \/>\n<meta property=\"article:publisher\" content=\"https:\/\/www.facebook.com\/CasanhaHome\" \/>\n<meta property=\"article:modified_time\" content=\"2026-03-10T01:58:11+00:00\" \/>\n<meta property=\"og:image\" content=\"https:\/\/casanha-beta.s3.ap-southeast-1.amazonaws.com\/2023\/12\/ROSE-\u2013-VO-GOI-TUA.png\" \/>\n\t<meta property=\"og:image:width\" content=\"1080\" \/>\n\t<meta property=\"og:image:height\" content=\"1350\" \/>\n\t<meta property=\"og:image:type\" content=\"image\/png\" \/>\n<meta name=\"twitter:card\" content=\"summary_large_image\" \/>\n<script type=\"application\/ld+json\" class=\"yoast-schema-graph\">{\"@context\":\"https:\/\/schema.org\",\"@graph\":[{\"@type\":\"WebPage\",\"@id\":\"https:\/\/casanha.com\/en\/product\/rose-vo-goi-tua\/\",\"url\":\"https:\/\/casanha.com\/en\/product\/rose-vo-goi-tua\/\",\"name\":\"ROSE - V\u1ece G\u1ed0I T\u1ef0A - Casanha\",\"isPartOf\":{\"@id\":\"https:\/\/casanha.com\/vi\/#website\"},\"primaryImageOfPage\":{\"@id\":\"https:\/\/casanha.com\/en\/product\/rose-vo-goi-tua\/#primaryimage\"},\"image\":{\"@id\":\"https:\/\/casanha.com\/en\/product\/rose-vo-goi-tua\/#primaryimage\"},\"thumbnailUrl\":\"https:\/\/casanha-beta.s3.ap-southeast-1.amazonaws.com\/2023\/12\/ROSE-\u2013-VO-GOI-TUA.png\",\"datePublished\":\"2023-12-27T09:18:59+00:00\",\"dateModified\":\"2026-03-10T01:58:11+00:00\",\"breadcrumb\":{\"@id\":\"https:\/\/casanha.com\/en\/product\/rose-vo-goi-tua\/#breadcrumb\"},\"inLanguage\":\"en-US\",\"potentialAction\":[{\"@type\":\"ReadAction\",\"target\":[\"https:\/\/casanha.com\/en\/product\/rose-vo-goi-tua\/\"]}]},{\"@type\":\"ImageObject\",\"inLanguage\":\"en-US\",\"@id\":\"https:\/\/casanha.com\/en\/product\/rose-vo-goi-tua\/#primaryimage\",\"url\":\"https:\/\/casanha-beta.s3.ap-southeast-1.amazonaws.com\/2023\/12\/ROSE-\u2013-VO-GOI-TUA.png\",\"contentUrl\":\"https:\/\/casanha-beta.s3.ap-southeast-1.amazonaws.com\/2023\/12\/ROSE-\u2013-VO-GOI-TUA.png\",\"width\":1080,\"height\":1350},{\"@type\":\"BreadcrumbList\",\"@id\":\"https:\/\/casanha.com\/en\/product\/rose-vo-goi-tua\/#breadcrumb\",\"itemListElement\":[{\"@type\":\"ListItem\",\"position\":1,\"name\":\"Home\",\"item\":\"https:\/\/casanha.com\/\"},{\"@type\":\"ListItem\",\"position\":2,\"name\":\"C\u1eeda h\u00e0ng\",\"item\":\"https:\/\/casanha.com\/vi\/cua-hang\/\"},{\"@type\":\"ListItem\",\"position\":3,\"name\":\"ROSE &#8211; V\u1ece G\u1ed0I T\u1ef0A\"}]},{\"@type\":\"WebSite\",\"@id\":\"https:\/\/casanha.com\/vi\/#website\",\"url\":\"https:\/\/casanha.com\/vi\/\",\"name\":\"Casanha\",\"description\":\"Home Decor &amp; Furniture\",\"publisher\":{\"@id\":\"https:\/\/casanha.com\/vi\/#organization\"},\"potentialAction\":[{\"@type\":\"SearchAction\",\"target\":{\"@type\":\"EntryPoint\",\"urlTemplate\":\"https:\/\/casanha.com\/vi\/?s={search_term_string}\"},\"query-input\":{\"@type\":\"PropertyValueSpecification\",\"valueRequired\":true,\"valueName\":\"search_term_string\"}}],\"inLanguage\":\"en-US\"},{\"@type\":\"Organization\",\"@id\":\"https:\/\/casanha.com\/vi\/#organization\",\"name\":\"Casanha\",\"url\":\"https:\/\/casanha.com\/vi\/\",\"logo\":{\"@type\":\"ImageObject\",\"inLanguage\":\"en-US\",\"@id\":\"https:\/\/casanha.com\/vi\/#\/schema\/logo\/image\/\",\"url\":\"https:\/\/casanha-beta.s3.ap-southeast-1.amazonaws.com\/2026\/02\/logo-2026.jpg\",\"contentUrl\":\"https:\/\/casanha-beta.s3.ap-southeast-1.amazonaws.com\/2026\/02\/logo-2026.jpg\",\"width\":1500,\"height\":1500,\"caption\":\"Casanha\"},\"image\":{\"@id\":\"https:\/\/casanha.com\/vi\/#\/schema\/logo\/image\/\"},\"sameAs\":[\"https:\/\/www.facebook.com\/CasanhaHome\",\"https:\/\/www.instagram.com\/casanhahome\/\",\"https:\/\/www.youtube.com\/@casanha\",\"https:\/\/www.tiktok.com\/@casanha.com\",\"https:\/\/zalo.me\/casanhahome\"]}]}<\/script>\n<!-- \/ Yoast SEO plugin. -->","yoast_head_json":{"title":"ROSE - V\u1ece G\u1ed0I T\u1ef0A - Casanha","robots":{"index":"index","follow":"follow","max-snippet":"max-snippet:-1","max-image-preview":"max-image-preview:large","max-video-preview":"max-video-preview:-1"},"canonical":"https:\/\/casanha.com\/en\/product\/rose-vo-goi-tua\/","og_locale":"en_US","og_type":"article","og_title":"ROSE - V\u1ece G\u1ed0I T\u1ef0A - Casanha","og_description":"V\u1ecf g\u1ed1i ROSE \u0111\u01b0\u1ee3c \u0111\u1eb7c tr\u01b0ng b\u1edfi c\u00e1c hoa v\u0103n d\u00e2n t\u1ed9c \u0111\u1ea7y m\u00e0u s\u1eafc v\u00e0 hai h\u00e0ng pompom. Ph\u1ee5 ki\u1ec7n n\u00e0y s\u1ebd r\u1ea5t ph\u00f9 h\u1ee3p v\u1edbi n\u1ed9i th\u1ea5t c\u00f3 xu h\u01b0\u1edbng t\u1eeb n\u01a1i n\u00e0y \u0111\u1ebfn n\u01a1i kh\u00e1c\/ Our ROSE Cushion Cover will certainly make you want to get away from it all. It is characterized by its colorful ethnic patterns and its two rows of pompoms. This accessory will fit very well in an interior with trends from here and elsewhere.  Th\u00f4ng tin s\u1ea3n ph\u1ea9m\/Product Information M\u00e0u s\u1eafc\/Color: Tr\u1eafng (White), V\u00e0ng th\u1ed5 ho\u00e0ng (Ocer), \u0110\u1ecf (Red). Ch\u1ea5t li\u1ec7u\/Material: Cotton.  K\u00edch th\u01b0\u1edbc\/ Product Dimension: D40 x H40cm - 0.107kg.","og_url":"https:\/\/casanha.com\/en\/product\/rose-vo-goi-tua\/","og_site_name":"Casanha","article_publisher":"https:\/\/www.facebook.com\/CasanhaHome","article_modified_time":"2026-03-10T01:58:11+00:00","og_image":[{"width":1080,"height":1350,"url":"https:\/\/casanha-beta.s3.ap-southeast-1.amazonaws.com\/2023\/12\/ROSE-\u2013-VO-GOI-TUA.png","type":"image\/png"}],"twitter_card":"summary_large_image","schema":{"@context":"https:\/\/schema.org","@graph":[{"@type":"WebPage","@id":"https:\/\/casanha.com\/en\/product\/rose-vo-goi-tua\/","url":"https:\/\/casanha.com\/en\/product\/rose-vo-goi-tua\/","name":"ROSE - V\u1ece G\u1ed0I T\u1ef0A - Casanha","isPartOf":{"@id":"https:\/\/casanha.com\/vi\/#website"},"primaryImageOfPage":{"@id":"https:\/\/casanha.com\/en\/product\/rose-vo-goi-tua\/#primaryimage"},"image":{"@id":"https:\/\/casanha.com\/en\/product\/rose-vo-goi-tua\/#primaryimage"},"thumbnailUrl":"https:\/\/casanha-beta.s3.ap-southeast-1.amazonaws.com\/2023\/12\/ROSE-\u2013-VO-GOI-TUA.png","datePublished":"2023-12-27T09:18:59+00:00","dateModified":"2026-03-10T01:58:11+00:00","breadcrumb":{"@id":"https:\/\/casanha.com\/en\/product\/rose-vo-goi-tua\/#breadcrumb"},"inLanguage":"en-US","potentialAction":[{"@type":"ReadAction","target":["https:\/\/casanha.com\/en\/product\/rose-vo-goi-tua\/"]}]},{"@type":"ImageObject","inLanguage":"en-US","@id":"https:\/\/casanha.com\/en\/product\/rose-vo-goi-tua\/#primaryimage","url":"https:\/\/casanha-beta.s3.ap-southeast-1.amazonaws.com\/2023\/12\/ROSE-\u2013-VO-GOI-TUA.png","contentUrl":"https:\/\/casanha-beta.s3.ap-southeast-1.amazonaws.com\/2023\/12\/ROSE-\u2013-VO-GOI-TUA.png","width":1080,"height":1350},{"@type":"BreadcrumbList","@id":"https:\/\/casanha.com\/en\/product\/rose-vo-goi-tua\/#breadcrumb","itemListElement":[{"@type":"ListItem","position":1,"name":"Home","item":"https:\/\/casanha.com\/"},{"@type":"ListItem","position":2,"name":"C\u1eeda h\u00e0ng","item":"https:\/\/casanha.com\/vi\/cua-hang\/"},{"@type":"ListItem","position":3,"name":"ROSE &#8211; V\u1ece G\u1ed0I T\u1ef0A"}]},{"@type":"WebSite","@id":"https:\/\/casanha.com\/vi\/#website","url":"https:\/\/casanha.com\/vi\/","name":"Casanha","description":"Home Decor &amp; Furniture","publisher":{"@id":"https:\/\/casanha.com\/vi\/#organization"},"potentialAction":[{"@type":"SearchAction","target":{"@type":"EntryPoint","urlTemplate":"https:\/\/casanha.com\/vi\/?s={search_term_string}"},"query-input":{"@type":"PropertyValueSpecification","valueRequired":true,"valueName":"search_term_string"}}],"inLanguage":"en-US"},{"@type":"Organization","@id":"https:\/\/casanha.com\/vi\/#organization","name":"Casanha","url":"https:\/\/casanha.com\/vi\/","logo":{"@type":"ImageObject","inLanguage":"en-US","@id":"https:\/\/casanha.com\/vi\/#\/schema\/logo\/image\/","url":"https:\/\/casanha-beta.s3.ap-southeast-1.amazonaws.com\/2026\/02\/logo-2026.jpg","contentUrl":"https:\/\/casanha-beta.s3.ap-southeast-1.amazonaws.com\/2026\/02\/logo-2026.jpg","width":1500,"height":1500,"caption":"Casanha"},"image":{"@id":"https:\/\/casanha.com\/vi\/#\/schema\/logo\/image\/"},"sameAs":["https:\/\/www.facebook.com\/CasanhaHome","https:\/\/www.instagram.com\/casanhahome\/","https:\/\/www.youtube.com\/@casanha","https:\/\/www.tiktok.com\/@casanha.com","https:\/\/zalo.me\/casanhahome"]}]}},"_links":{"self":[{"href":"https:\/\/casanha.com\/en\/wp-json\/wp\/v2\/product\/53049","targetHints":{"allow":["GET"]}}],"collection":[{"href":"https:\/\/casanha.com\/en\/wp-json\/wp\/v2\/product"}],"about":[{"href":"https:\/\/casanha.com\/en\/wp-json\/wp\/v2\/types\/product"}],"replies":[{"embeddable":true,"href":"https:\/\/casanha.com\/en\/wp-json\/wp\/v2\/comments?post=53049"}],"version-history":[{"count":8,"href":"https:\/\/casanha.com\/en\/wp-json\/wp\/v2\/product\/53049\/revisions"}],"predecessor-version":[{"id":110982,"href":"https:\/\/casanha.com\/en\/wp-json\/wp\/v2\/product\/53049\/revisions\/110982"}],"wp:featuredmedia":[{"embeddable":true,"href":"https:\/\/casanha.com\/en\/wp-json\/wp\/v2\/media\/85390"}],"wp:attachment":[{"href":"https:\/\/casanha.com\/en\/wp-json\/wp\/v2\/media?parent=53049"}],"wp:term":[{"taxonomy":"product_brand","embeddable":true,"href":"https:\/\/casanha.com\/en\/wp-json\/wp\/v2\/product_brand?post=53049"},{"taxonomy":"product_cat","embeddable":true,"href":"https:\/\/casanha.com\/en\/wp-json\/wp\/v2\/product_cat?post=53049"},{"taxonomy":"product_tag","embeddable":true,"href":"https:\/\/casanha.com\/en\/wp-json\/wp\/v2\/product_tag?post=53049"}],"curies":[{"name":"wp","href":"https:\/\/api.w.org\/{rel}","templated":true}]}}