{"id":42840,"date":"2023-09-25T12:19:17","date_gmt":"2023-09-25T05:19:17","guid":{"rendered":"https:\/\/casanha.com\/product\/casaglione-pomegra-nen-thom\/"},"modified":"2026-02-18T10:53:46","modified_gmt":"2026-02-18T03:53:46","slug":"casaglione-pomegra-nen-thom","status":"publish","type":"product","link":"https:\/\/casanha.com\/en\/product\/casaglione-pomegra-nen-thom\/","title":{"rendered":"CASAGLIONE &#8220;POMEGRA&#8221; &#8211; N\u1ebeN TH\u01a0M"},"content":{"rendered":"","protected":false},"excerpt":{"rendered":"<p>L\u1ef1u c\u00f3 h\u01b0\u01a1ng th\u01a1m t\u01b0\u01a1i s\u00e1ng v\u00e0 m\u1ecdng n\u01b0\u1edbc, v\u1edbi s\u1eafc th\u00e1i chua ng\u1ecdt l\u1ea5p l\u00e1nh c\u00f9ng chi\u1ec1u s\u00e2u tr\u00e1i c\u00e2y nh\u1eb9 nh\u00e0ng, mang l\u1ea1i c\u1ea3m gi\u00e1c t\u01b0\u01a1i m\u1edbi, s\u1ed1ng \u0111\u1ed9ng v\u00e0 h\u01a1i quy\u1ebfn r\u0169\/\u00a0<em>Pomegranate has a bright, juicy fragrance with a sweet-tart sparkle and a subtle fruity depth that feels fresh, vibrant, and slightly seductive.<\/em><\/p>\n","protected":false},"featured_media":111556,"comment_status":"open","ping_status":"closed","template":"","meta":[],"product_brand":[17],"product_cat":[2518],"product_tag":[],"class_list":{"0":"post-42840","1":"product","2":"type-product","3":"status-publish","4":"has-post-thumbnail","6":"product_brand-casanha","7":"product_cat-fragranced-candle","8":"product_shipping_class-normal-items","9":"pa_dimension-l","10":"pa_dimension-s","12":"first","13":"instock","14":"shipping-taxable","15":"purchasable","16":"product-type-variable","17":"rtwpvs-product"},"yoast_head":"<!-- This site is optimized with the Yoast SEO plugin v27.1.1 - https:\/\/yoast.com\/product\/yoast-seo-wordpress\/ -->\n<title>CASAGLIONE &quot;POMEGRA&quot; - N\u1ebeN TH\u01a0M - Casanha<\/title>\n<meta name=\"robots\" content=\"index, follow, max-snippet:-1, max-image-preview:large, max-video-preview:-1\" \/>\n<link rel=\"canonical\" href=\"https:\/\/casanha.com\/en\/san-pham\/casaglione-pomegra-nen-thom\/\" \/>\n<meta property=\"og:locale\" content=\"en_US\" \/>\n<meta property=\"og:type\" content=\"article\" \/>\n<meta property=\"og:title\" content=\"CASAGLIONE &quot;POMEGRA&quot; - N\u1ebeN TH\u01a0M - Casanha\" \/>\n<meta property=\"og:description\" content=\"L\u1ef1u c\u00f3 h\u01b0\u01a1ng th\u01a1m t\u01b0\u01a1i s\u00e1ng v\u00e0 m\u1ecdng n\u01b0\u1edbc, v\u1edbi s\u1eafc th\u00e1i chua ng\u1ecdt l\u1ea5p l\u00e1nh c\u00f9ng chi\u1ec1u s\u00e2u tr\u00e1i c\u00e2y nh\u1eb9 nh\u00e0ng, mang l\u1ea1i c\u1ea3m gi\u00e1c t\u01b0\u01a1i m\u1edbi, s\u1ed1ng \u0111\u1ed9ng v\u00e0 h\u01a1i quy\u1ebfn r\u0169\/\u00a0Pomegranate has a bright, juicy fragrance with a sweet-tart sparkle and a subtle fruity depth that feels fresh, vibrant, and slightly seductive.\" \/>\n<meta property=\"og:url\" content=\"https:\/\/casanha.com\/en\/san-pham\/casaglione-pomegra-nen-thom\/\" \/>\n<meta property=\"og:site_name\" content=\"Casanha\" \/>\n<meta property=\"article:publisher\" content=\"https:\/\/www.facebook.com\/CasanhaHome\" \/>\n<meta property=\"article:modified_time\" content=\"2026-02-18T03:53:46+00:00\" \/>\n<meta property=\"og:image\" content=\"https:\/\/casanha-beta.s3.ap-southeast-1.amazonaws.com\/2023\/09\/CASAGLIONE-22POMEGRA22-candle-S-pic-1.png\" \/>\n\t<meta property=\"og:image:width\" content=\"1080\" \/>\n\t<meta property=\"og:image:height\" content=\"1350\" \/>\n\t<meta property=\"og:image:type\" content=\"image\/png\" \/>\n<meta name=\"twitter:card\" content=\"summary_large_image\" \/>\n<script type=\"application\/ld+json\" class=\"yoast-schema-graph\">{\"@context\":\"https:\/\/schema.org\",\"@graph\":[{\"@type\":\"WebPage\",\"@id\":\"https:\/\/casanha.com\/vi\/san-pham\/casaglione-pomegra-nen-thom\/\",\"url\":\"https:\/\/casanha.com\/vi\/san-pham\/casaglione-pomegra-nen-thom\/\",\"name\":\"CASAGLIONE \\\"POMEGRA\\\" - N\u1ebeN TH\u01a0M - Casanha\",\"isPartOf\":{\"@id\":\"https:\/\/casanha.com\/vi\/#website\"},\"primaryImageOfPage\":{\"@id\":\"https:\/\/casanha.com\/vi\/san-pham\/casaglione-pomegra-nen-thom\/#primaryimage\"},\"image\":{\"@id\":\"https:\/\/casanha.com\/vi\/san-pham\/casaglione-pomegra-nen-thom\/#primaryimage\"},\"thumbnailUrl\":\"https:\/\/casanha-beta.s3.ap-southeast-1.amazonaws.com\/2023\/09\/CASAGLIONE-22POMEGRA22-candle-S-pic-1.png\",\"datePublished\":\"2023-09-25T05:19:17+00:00\",\"dateModified\":\"2026-02-18T03:53:46+00:00\",\"breadcrumb\":{\"@id\":\"https:\/\/casanha.com\/vi\/san-pham\/casaglione-pomegra-nen-thom\/#breadcrumb\"},\"inLanguage\":\"en-US\",\"potentialAction\":[{\"@type\":\"ReadAction\",\"target\":[\"https:\/\/casanha.com\/vi\/san-pham\/casaglione-pomegra-nen-thom\/\"]}]},{\"@type\":\"ImageObject\",\"inLanguage\":\"en-US\",\"@id\":\"https:\/\/casanha.com\/vi\/san-pham\/casaglione-pomegra-nen-thom\/#primaryimage\",\"url\":\"https:\/\/casanha-beta.s3.ap-southeast-1.amazonaws.com\/2023\/09\/CASAGLIONE-22POMEGRA22-candle-S-pic-1.png\",\"contentUrl\":\"https:\/\/casanha-beta.s3.ap-southeast-1.amazonaws.com\/2023\/09\/CASAGLIONE-22POMEGRA22-candle-S-pic-1.png\",\"width\":1080,\"height\":1350},{\"@type\":\"BreadcrumbList\",\"@id\":\"https:\/\/casanha.com\/vi\/san-pham\/casaglione-pomegra-nen-thom\/#breadcrumb\",\"itemListElement\":[{\"@type\":\"ListItem\",\"position\":1,\"name\":\"Home\",\"item\":\"https:\/\/casanha.com\/\"},{\"@type\":\"ListItem\",\"position\":2,\"name\":\"C\u1eeda h\u00e0ng\",\"item\":\"https:\/\/casanha.com\/vi\/cua-hang\/\"},{\"@type\":\"ListItem\",\"position\":3,\"name\":\"CASAGLIONE &#8220;POMEGRA&#8221; &#8211; N\u1ebeN TH\u01a0M\"}]},{\"@type\":\"WebSite\",\"@id\":\"https:\/\/casanha.com\/vi\/#website\",\"url\":\"https:\/\/casanha.com\/vi\/\",\"name\":\"Casanha\",\"description\":\"Home Decor &amp; Furniture\",\"publisher\":{\"@id\":\"https:\/\/casanha.com\/vi\/#organization\"},\"potentialAction\":[{\"@type\":\"SearchAction\",\"target\":{\"@type\":\"EntryPoint\",\"urlTemplate\":\"https:\/\/casanha.com\/vi\/?s={search_term_string}\"},\"query-input\":{\"@type\":\"PropertyValueSpecification\",\"valueRequired\":true,\"valueName\":\"search_term_string\"}}],\"inLanguage\":\"en-US\"},{\"@type\":\"Organization\",\"@id\":\"https:\/\/casanha.com\/vi\/#organization\",\"name\":\"Casanha\",\"url\":\"https:\/\/casanha.com\/vi\/\",\"logo\":{\"@type\":\"ImageObject\",\"inLanguage\":\"en-US\",\"@id\":\"https:\/\/casanha.com\/vi\/#\/schema\/logo\/image\/\",\"url\":\"https:\/\/casanha-beta.s3.ap-southeast-1.amazonaws.com\/2026\/02\/logo-2026.jpg\",\"contentUrl\":\"https:\/\/casanha-beta.s3.ap-southeast-1.amazonaws.com\/2026\/02\/logo-2026.jpg\",\"width\":1500,\"height\":1500,\"caption\":\"Casanha\"},\"image\":{\"@id\":\"https:\/\/casanha.com\/vi\/#\/schema\/logo\/image\/\"},\"sameAs\":[\"https:\/\/www.facebook.com\/CasanhaHome\",\"https:\/\/www.instagram.com\/casanhahome\/\",\"https:\/\/www.youtube.com\/@casanha\",\"https:\/\/www.tiktok.com\/@casanha.com\",\"https:\/\/zalo.me\/casanhahome\"]}]}<\/script>\n<!-- \/ Yoast SEO plugin. -->","yoast_head_json":{"title":"CASAGLIONE \"POMEGRA\" - N\u1ebeN TH\u01a0M - Casanha","robots":{"index":"index","follow":"follow","max-snippet":"max-snippet:-1","max-image-preview":"max-image-preview:large","max-video-preview":"max-video-preview:-1"},"canonical":"https:\/\/casanha.com\/en\/san-pham\/casaglione-pomegra-nen-thom\/","og_locale":"en_US","og_type":"article","og_title":"CASAGLIONE \"POMEGRA\" - N\u1ebeN TH\u01a0M - Casanha","og_description":"L\u1ef1u c\u00f3 h\u01b0\u01a1ng th\u01a1m t\u01b0\u01a1i s\u00e1ng v\u00e0 m\u1ecdng n\u01b0\u1edbc, v\u1edbi s\u1eafc th\u00e1i chua ng\u1ecdt l\u1ea5p l\u00e1nh c\u00f9ng chi\u1ec1u s\u00e2u tr\u00e1i c\u00e2y nh\u1eb9 nh\u00e0ng, mang l\u1ea1i c\u1ea3m gi\u00e1c t\u01b0\u01a1i m\u1edbi, s\u1ed1ng \u0111\u1ed9ng v\u00e0 h\u01a1i quy\u1ebfn r\u0169\/\u00a0Pomegranate has a bright, juicy fragrance with a sweet-tart sparkle and a subtle fruity depth that feels fresh, vibrant, and slightly seductive.","og_url":"https:\/\/casanha.com\/en\/san-pham\/casaglione-pomegra-nen-thom\/","og_site_name":"Casanha","article_publisher":"https:\/\/www.facebook.com\/CasanhaHome","article_modified_time":"2026-02-18T03:53:46+00:00","og_image":[{"width":1080,"height":1350,"url":"https:\/\/casanha-beta.s3.ap-southeast-1.amazonaws.com\/2023\/09\/CASAGLIONE-22POMEGRA22-candle-S-pic-1.png","type":"image\/png"}],"twitter_card":"summary_large_image","schema":{"@context":"https:\/\/schema.org","@graph":[{"@type":"WebPage","@id":"https:\/\/casanha.com\/vi\/san-pham\/casaglione-pomegra-nen-thom\/","url":"https:\/\/casanha.com\/vi\/san-pham\/casaglione-pomegra-nen-thom\/","name":"CASAGLIONE \"POMEGRA\" - N\u1ebeN TH\u01a0M - Casanha","isPartOf":{"@id":"https:\/\/casanha.com\/vi\/#website"},"primaryImageOfPage":{"@id":"https:\/\/casanha.com\/vi\/san-pham\/casaglione-pomegra-nen-thom\/#primaryimage"},"image":{"@id":"https:\/\/casanha.com\/vi\/san-pham\/casaglione-pomegra-nen-thom\/#primaryimage"},"thumbnailUrl":"https:\/\/casanha-beta.s3.ap-southeast-1.amazonaws.com\/2023\/09\/CASAGLIONE-22POMEGRA22-candle-S-pic-1.png","datePublished":"2023-09-25T05:19:17+00:00","dateModified":"2026-02-18T03:53:46+00:00","breadcrumb":{"@id":"https:\/\/casanha.com\/vi\/san-pham\/casaglione-pomegra-nen-thom\/#breadcrumb"},"inLanguage":"en-US","potentialAction":[{"@type":"ReadAction","target":["https:\/\/casanha.com\/vi\/san-pham\/casaglione-pomegra-nen-thom\/"]}]},{"@type":"ImageObject","inLanguage":"en-US","@id":"https:\/\/casanha.com\/vi\/san-pham\/casaglione-pomegra-nen-thom\/#primaryimage","url":"https:\/\/casanha-beta.s3.ap-southeast-1.amazonaws.com\/2023\/09\/CASAGLIONE-22POMEGRA22-candle-S-pic-1.png","contentUrl":"https:\/\/casanha-beta.s3.ap-southeast-1.amazonaws.com\/2023\/09\/CASAGLIONE-22POMEGRA22-candle-S-pic-1.png","width":1080,"height":1350},{"@type":"BreadcrumbList","@id":"https:\/\/casanha.com\/vi\/san-pham\/casaglione-pomegra-nen-thom\/#breadcrumb","itemListElement":[{"@type":"ListItem","position":1,"name":"Home","item":"https:\/\/casanha.com\/"},{"@type":"ListItem","position":2,"name":"C\u1eeda h\u00e0ng","item":"https:\/\/casanha.com\/vi\/cua-hang\/"},{"@type":"ListItem","position":3,"name":"CASAGLIONE &#8220;POMEGRA&#8221; &#8211; N\u1ebeN TH\u01a0M"}]},{"@type":"WebSite","@id":"https:\/\/casanha.com\/vi\/#website","url":"https:\/\/casanha.com\/vi\/","name":"Casanha","description":"Home Decor &amp; Furniture","publisher":{"@id":"https:\/\/casanha.com\/vi\/#organization"},"potentialAction":[{"@type":"SearchAction","target":{"@type":"EntryPoint","urlTemplate":"https:\/\/casanha.com\/vi\/?s={search_term_string}"},"query-input":{"@type":"PropertyValueSpecification","valueRequired":true,"valueName":"search_term_string"}}],"inLanguage":"en-US"},{"@type":"Organization","@id":"https:\/\/casanha.com\/vi\/#organization","name":"Casanha","url":"https:\/\/casanha.com\/vi\/","logo":{"@type":"ImageObject","inLanguage":"en-US","@id":"https:\/\/casanha.com\/vi\/#\/schema\/logo\/image\/","url":"https:\/\/casanha-beta.s3.ap-southeast-1.amazonaws.com\/2026\/02\/logo-2026.jpg","contentUrl":"https:\/\/casanha-beta.s3.ap-southeast-1.amazonaws.com\/2026\/02\/logo-2026.jpg","width":1500,"height":1500,"caption":"Casanha"},"image":{"@id":"https:\/\/casanha.com\/vi\/#\/schema\/logo\/image\/"},"sameAs":["https:\/\/www.facebook.com\/CasanhaHome","https:\/\/www.instagram.com\/casanhahome\/","https:\/\/www.youtube.com\/@casanha","https:\/\/www.tiktok.com\/@casanha.com","https:\/\/zalo.me\/casanhahome"]}]}},"_links":{"self":[{"href":"https:\/\/casanha.com\/en\/wp-json\/wp\/v2\/product\/42840","targetHints":{"allow":["GET"]}}],"collection":[{"href":"https:\/\/casanha.com\/en\/wp-json\/wp\/v2\/product"}],"about":[{"href":"https:\/\/casanha.com\/en\/wp-json\/wp\/v2\/types\/product"}],"replies":[{"embeddable":true,"href":"https:\/\/casanha.com\/en\/wp-json\/wp\/v2\/comments?post=42840"}],"version-history":[{"count":4,"href":"https:\/\/casanha.com\/en\/wp-json\/wp\/v2\/product\/42840\/revisions"}],"predecessor-version":[{"id":111899,"href":"https:\/\/casanha.com\/en\/wp-json\/wp\/v2\/product\/42840\/revisions\/111899"}],"wp:featuredmedia":[{"embeddable":true,"href":"https:\/\/casanha.com\/en\/wp-json\/wp\/v2\/media\/111556"}],"wp:attachment":[{"href":"https:\/\/casanha.com\/en\/wp-json\/wp\/v2\/media?parent=42840"}],"wp:term":[{"taxonomy":"product_brand","embeddable":true,"href":"https:\/\/casanha.com\/en\/wp-json\/wp\/v2\/product_brand?post=42840"},{"taxonomy":"product_cat","embeddable":true,"href":"https:\/\/casanha.com\/en\/wp-json\/wp\/v2\/product_cat?post=42840"},{"taxonomy":"product_tag","embeddable":true,"href":"https:\/\/casanha.com\/en\/wp-json\/wp\/v2\/product_tag?post=42840"}],"curies":[{"name":"wp","href":"https:\/\/api.w.org\/{rel}","templated":true}]}}