{"id":40988,"date":"2023-05-15T11:26:19","date_gmt":"2023-05-15T04:26:19","guid":{"rendered":"https:\/\/casanha.com\/product\/trapeze-musk-vanilla-tinh-dau-khuech-tan\/"},"modified":"2026-02-18T12:18:25","modified_gmt":"2026-02-18T05:18:25","slug":"trapeze-musk-vanilla-tinh-dau-khuech-tan","status":"publish","type":"product","link":"https:\/\/casanha.com\/en\/product\/trapeze-musk-vanilla-tinh-dau-khuech-tan\/","title":{"rendered":"TRAPEZE &#8220;MUSK &#038; VANILLA&#8221; &#8211; TINH D\u1ea6U KHU\u1ebeCH T\u00c1N"},"content":{"rendered":"","protected":false},"excerpt":{"rendered":"<p>Th\u00f4ng tin s\u1ea3n ph\u1ea9m\/Product Information<br \/>\nM\u00e0u s\u1eafc\/Color: V\u00e0ng \u0111en hun kh\u00f3i (Fumed glass Black)<br \/>\nM\u00f9i\/Fragrance: X\u1ea1 h\u01b0\u01a1ng Va-ni (Vanilla Musk).<br \/>\nCh\u1ea5t li\u1ec7u\/Material: Th\u1ee7y tinh th\u1ed5i th\u1ee7 c\u00f4ng (Hand-blown glass), Tinh d\u1ea7u \u0111\u01b0\u1ee3c ph\u00e1t tri\u1ec3n t\u1ea1i Ph\u00e1p (Ethanol fragrance created in France),<br \/>\nDung t\u00edch\/Capacity: 150ml.<br \/>\nTh\u1eddi gian khu\u1ebfch t\u00e1n\/Diffusion time: +\/- 7 tu\u1ea7n\/weeks.<br \/>\nMi\u1ec5n tr\u1eeb tr\u00e1ch nhi\u1ec7m\/Disclaimer: \u0110\u1ecdc k\u1ef9 ch\u1ec9 d\u1eabn tr\u00ean h\u1ed9p (Read carefully the indication on the box).<\/p>\n<p>K\u00edch th\u01b0\u1edbc\/ Product Dimension<br \/>\n[B\u00ecnh\/Bottle] D7.5 x H13.5 cm<br \/>\n[V\u1edbi que\/with sticks] H28cm<br \/>\n0.4kg<\/p>\n","protected":false},"featured_media":100067,"comment_status":"open","ping_status":"closed","template":"","meta":[],"product_brand":[17],"product_cat":[2521],"product_tag":[],"class_list":{"0":"post-40988","1":"product","2":"type-product","3":"status-publish","4":"has-post-thumbnail","6":"product_brand-casanha","7":"product_cat-diffuser","8":"product_shipping_class-normal-items","9":"pa_specification-1000ml","10":"pa_specification-150ml","11":"pa_specification-300ml","13":"first","14":"instock","15":"shipping-taxable","16":"purchasable","17":"product-type-variable","18":"rtwpvs-product"},"yoast_head":"<!-- This site is optimized with the Yoast SEO plugin v27.1.1 - https:\/\/yoast.com\/product\/yoast-seo-wordpress\/ -->\n<title>TRAPEZE &quot;MUSK &amp; VANILLA&quot; - TINH D\u1ea6U KHU\u1ebeCH T\u00c1N - Casanha<\/title>\n<meta name=\"robots\" content=\"index, follow, max-snippet:-1, max-image-preview:large, max-video-preview:-1\" \/>\n<link rel=\"canonical\" href=\"https:\/\/casanha.com\/en\/product\/trapeze-musk-vanilla-tinh-dau-khuech-tan\/\" \/>\n<meta property=\"og:locale\" content=\"en_US\" \/>\n<meta property=\"og:type\" content=\"article\" \/>\n<meta property=\"og:title\" content=\"TRAPEZE &quot;MUSK &amp; VANILLA&quot; - TINH D\u1ea6U KHU\u1ebeCH T\u00c1N - Casanha\" \/>\n<meta property=\"og:description\" content=\"Th\u00f4ng tin s\u1ea3n ph\u1ea9m\/Product Information M\u00e0u s\u1eafc\/Color: V\u00e0ng \u0111en hun kh\u00f3i (Fumed glass Black) M\u00f9i\/Fragrance: X\u1ea1 h\u01b0\u01a1ng Va-ni (Vanilla Musk). Ch\u1ea5t li\u1ec7u\/Material: Th\u1ee7y tinh th\u1ed5i th\u1ee7 c\u00f4ng (Hand-blown glass), Tinh d\u1ea7u \u0111\u01b0\u1ee3c ph\u00e1t tri\u1ec3n t\u1ea1i Ph\u00e1p (Ethanol fragrance created in France), Dung t\u00edch\/Capacity: 150ml. Th\u1eddi gian khu\u1ebfch t\u00e1n\/Diffusion time: +\/- 7 tu\u1ea7n\/weeks. Mi\u1ec5n tr\u1eeb tr\u00e1ch nhi\u1ec7m\/Disclaimer: \u0110\u1ecdc k\u1ef9 ch\u1ec9 d\u1eabn tr\u00ean h\u1ed9p (Read carefully the indication on the box).  K\u00edch th\u01b0\u1edbc\/ Product Dimension [B\u00ecnh\/Bottle] D7.5 x H13.5 cm [V\u1edbi que\/with sticks] H28cm 0.4kg\" \/>\n<meta property=\"og:url\" content=\"https:\/\/casanha.com\/en\/product\/trapeze-musk-vanilla-tinh-dau-khuech-tan\/\" \/>\n<meta property=\"og:site_name\" content=\"Casanha\" \/>\n<meta property=\"article:publisher\" content=\"https:\/\/www.facebook.com\/CasanhaHome\" \/>\n<meta property=\"article:modified_time\" content=\"2026-02-18T05:18:25+00:00\" \/>\n<meta property=\"og:image\" content=\"https:\/\/casanha-beta.s3.ap-southeast-1.amazonaws.com\/2025\/06\/kiotviet_98faef93aa373007673ec9d0c779710a.jpeg\" \/>\n\t<meta property=\"og:image:width\" content=\"600\" \/>\n\t<meta property=\"og:image:height\" content=\"600\" \/>\n\t<meta property=\"og:image:type\" content=\"image\/jpeg\" \/>\n<meta name=\"twitter:card\" content=\"summary_large_image\" \/>\n<script type=\"application\/ld+json\" class=\"yoast-schema-graph\">{\"@context\":\"https:\/\/schema.org\",\"@graph\":[{\"@type\":\"WebPage\",\"@id\":\"https:\/\/casanha.com\/en\/product\/trapeze-musk-vanilla-tinh-dau-khuech-tan\/\",\"url\":\"https:\/\/casanha.com\/en\/product\/trapeze-musk-vanilla-tinh-dau-khuech-tan\/\",\"name\":\"TRAPEZE \\\"MUSK & VANILLA\\\" - TINH D\u1ea6U KHU\u1ebeCH T\u00c1N - Casanha\",\"isPartOf\":{\"@id\":\"https:\/\/casanha.com\/vi\/#website\"},\"primaryImageOfPage\":{\"@id\":\"https:\/\/casanha.com\/en\/product\/trapeze-musk-vanilla-tinh-dau-khuech-tan\/#primaryimage\"},\"image\":{\"@id\":\"https:\/\/casanha.com\/en\/product\/trapeze-musk-vanilla-tinh-dau-khuech-tan\/#primaryimage\"},\"thumbnailUrl\":\"https:\/\/casanha-beta.s3.ap-southeast-1.amazonaws.com\/2025\/06\/kiotviet_98faef93aa373007673ec9d0c779710a.jpeg\",\"datePublished\":\"2023-05-15T04:26:19+00:00\",\"dateModified\":\"2026-02-18T05:18:25+00:00\",\"breadcrumb\":{\"@id\":\"https:\/\/casanha.com\/en\/product\/trapeze-musk-vanilla-tinh-dau-khuech-tan\/#breadcrumb\"},\"inLanguage\":\"en-US\",\"potentialAction\":[{\"@type\":\"ReadAction\",\"target\":[\"https:\/\/casanha.com\/en\/product\/trapeze-musk-vanilla-tinh-dau-khuech-tan\/\"]}]},{\"@type\":\"ImageObject\",\"inLanguage\":\"en-US\",\"@id\":\"https:\/\/casanha.com\/en\/product\/trapeze-musk-vanilla-tinh-dau-khuech-tan\/#primaryimage\",\"url\":\"https:\/\/casanha-beta.s3.ap-southeast-1.amazonaws.com\/2025\/06\/kiotviet_98faef93aa373007673ec9d0c779710a.jpeg\",\"contentUrl\":\"https:\/\/casanha-beta.s3.ap-southeast-1.amazonaws.com\/2025\/06\/kiotviet_98faef93aa373007673ec9d0c779710a.jpeg\",\"width\":600,\"height\":600},{\"@type\":\"BreadcrumbList\",\"@id\":\"https:\/\/casanha.com\/en\/product\/trapeze-musk-vanilla-tinh-dau-khuech-tan\/#breadcrumb\",\"itemListElement\":[{\"@type\":\"ListItem\",\"position\":1,\"name\":\"Home\",\"item\":\"https:\/\/casanha.com\/\"},{\"@type\":\"ListItem\",\"position\":2,\"name\":\"C\u1eeda h\u00e0ng\",\"item\":\"https:\/\/casanha.com\/vi\/cua-hang\/\"},{\"@type\":\"ListItem\",\"position\":3,\"name\":\"TRAPEZE &#8220;MUSK &#038; VANILLA&#8221; &#8211; TINH D\u1ea6U KHU\u1ebeCH T\u00c1N\"}]},{\"@type\":\"WebSite\",\"@id\":\"https:\/\/casanha.com\/vi\/#website\",\"url\":\"https:\/\/casanha.com\/vi\/\",\"name\":\"Casanha\",\"description\":\"Home Decor &amp; Furniture\",\"publisher\":{\"@id\":\"https:\/\/casanha.com\/vi\/#organization\"},\"potentialAction\":[{\"@type\":\"SearchAction\",\"target\":{\"@type\":\"EntryPoint\",\"urlTemplate\":\"https:\/\/casanha.com\/vi\/?s={search_term_string}\"},\"query-input\":{\"@type\":\"PropertyValueSpecification\",\"valueRequired\":true,\"valueName\":\"search_term_string\"}}],\"inLanguage\":\"en-US\"},{\"@type\":\"Organization\",\"@id\":\"https:\/\/casanha.com\/vi\/#organization\",\"name\":\"Casanha\",\"url\":\"https:\/\/casanha.com\/vi\/\",\"logo\":{\"@type\":\"ImageObject\",\"inLanguage\":\"en-US\",\"@id\":\"https:\/\/casanha.com\/vi\/#\/schema\/logo\/image\/\",\"url\":\"https:\/\/casanha-beta.s3.ap-southeast-1.amazonaws.com\/2026\/02\/logo-2026.jpg\",\"contentUrl\":\"https:\/\/casanha-beta.s3.ap-southeast-1.amazonaws.com\/2026\/02\/logo-2026.jpg\",\"width\":1500,\"height\":1500,\"caption\":\"Casanha\"},\"image\":{\"@id\":\"https:\/\/casanha.com\/vi\/#\/schema\/logo\/image\/\"},\"sameAs\":[\"https:\/\/www.facebook.com\/CasanhaHome\",\"https:\/\/www.instagram.com\/casanhahome\/\",\"https:\/\/www.youtube.com\/@casanha\",\"https:\/\/www.tiktok.com\/@casanha.com\",\"https:\/\/zalo.me\/casanhahome\"]}]}<\/script>\n<!-- \/ Yoast SEO plugin. -->","yoast_head_json":{"title":"TRAPEZE \"MUSK & VANILLA\" - TINH D\u1ea6U KHU\u1ebeCH T\u00c1N - Casanha","robots":{"index":"index","follow":"follow","max-snippet":"max-snippet:-1","max-image-preview":"max-image-preview:large","max-video-preview":"max-video-preview:-1"},"canonical":"https:\/\/casanha.com\/en\/product\/trapeze-musk-vanilla-tinh-dau-khuech-tan\/","og_locale":"en_US","og_type":"article","og_title":"TRAPEZE \"MUSK & VANILLA\" - TINH D\u1ea6U KHU\u1ebeCH T\u00c1N - Casanha","og_description":"Th\u00f4ng tin s\u1ea3n ph\u1ea9m\/Product Information M\u00e0u s\u1eafc\/Color: V\u00e0ng \u0111en hun kh\u00f3i (Fumed glass Black) M\u00f9i\/Fragrance: X\u1ea1 h\u01b0\u01a1ng Va-ni (Vanilla Musk). Ch\u1ea5t li\u1ec7u\/Material: Th\u1ee7y tinh th\u1ed5i th\u1ee7 c\u00f4ng (Hand-blown glass), Tinh d\u1ea7u \u0111\u01b0\u1ee3c ph\u00e1t tri\u1ec3n t\u1ea1i Ph\u00e1p (Ethanol fragrance created in France), Dung t\u00edch\/Capacity: 150ml. Th\u1eddi gian khu\u1ebfch t\u00e1n\/Diffusion time: +\/- 7 tu\u1ea7n\/weeks. Mi\u1ec5n tr\u1eeb tr\u00e1ch nhi\u1ec7m\/Disclaimer: \u0110\u1ecdc k\u1ef9 ch\u1ec9 d\u1eabn tr\u00ean h\u1ed9p (Read carefully the indication on the box).  K\u00edch th\u01b0\u1edbc\/ Product Dimension [B\u00ecnh\/Bottle] D7.5 x H13.5 cm [V\u1edbi que\/with sticks] H28cm 0.4kg","og_url":"https:\/\/casanha.com\/en\/product\/trapeze-musk-vanilla-tinh-dau-khuech-tan\/","og_site_name":"Casanha","article_publisher":"https:\/\/www.facebook.com\/CasanhaHome","article_modified_time":"2026-02-18T05:18:25+00:00","og_image":[{"width":600,"height":600,"url":"https:\/\/casanha-beta.s3.ap-southeast-1.amazonaws.com\/2025\/06\/kiotviet_98faef93aa373007673ec9d0c779710a.jpeg","type":"image\/jpeg"}],"twitter_card":"summary_large_image","schema":{"@context":"https:\/\/schema.org","@graph":[{"@type":"WebPage","@id":"https:\/\/casanha.com\/en\/product\/trapeze-musk-vanilla-tinh-dau-khuech-tan\/","url":"https:\/\/casanha.com\/en\/product\/trapeze-musk-vanilla-tinh-dau-khuech-tan\/","name":"TRAPEZE \"MUSK & VANILLA\" - TINH D\u1ea6U KHU\u1ebeCH T\u00c1N - Casanha","isPartOf":{"@id":"https:\/\/casanha.com\/vi\/#website"},"primaryImageOfPage":{"@id":"https:\/\/casanha.com\/en\/product\/trapeze-musk-vanilla-tinh-dau-khuech-tan\/#primaryimage"},"image":{"@id":"https:\/\/casanha.com\/en\/product\/trapeze-musk-vanilla-tinh-dau-khuech-tan\/#primaryimage"},"thumbnailUrl":"https:\/\/casanha-beta.s3.ap-southeast-1.amazonaws.com\/2025\/06\/kiotviet_98faef93aa373007673ec9d0c779710a.jpeg","datePublished":"2023-05-15T04:26:19+00:00","dateModified":"2026-02-18T05:18:25+00:00","breadcrumb":{"@id":"https:\/\/casanha.com\/en\/product\/trapeze-musk-vanilla-tinh-dau-khuech-tan\/#breadcrumb"},"inLanguage":"en-US","potentialAction":[{"@type":"ReadAction","target":["https:\/\/casanha.com\/en\/product\/trapeze-musk-vanilla-tinh-dau-khuech-tan\/"]}]},{"@type":"ImageObject","inLanguage":"en-US","@id":"https:\/\/casanha.com\/en\/product\/trapeze-musk-vanilla-tinh-dau-khuech-tan\/#primaryimage","url":"https:\/\/casanha-beta.s3.ap-southeast-1.amazonaws.com\/2025\/06\/kiotviet_98faef93aa373007673ec9d0c779710a.jpeg","contentUrl":"https:\/\/casanha-beta.s3.ap-southeast-1.amazonaws.com\/2025\/06\/kiotviet_98faef93aa373007673ec9d0c779710a.jpeg","width":600,"height":600},{"@type":"BreadcrumbList","@id":"https:\/\/casanha.com\/en\/product\/trapeze-musk-vanilla-tinh-dau-khuech-tan\/#breadcrumb","itemListElement":[{"@type":"ListItem","position":1,"name":"Home","item":"https:\/\/casanha.com\/"},{"@type":"ListItem","position":2,"name":"C\u1eeda h\u00e0ng","item":"https:\/\/casanha.com\/vi\/cua-hang\/"},{"@type":"ListItem","position":3,"name":"TRAPEZE &#8220;MUSK &#038; VANILLA&#8221; &#8211; TINH D\u1ea6U KHU\u1ebeCH T\u00c1N"}]},{"@type":"WebSite","@id":"https:\/\/casanha.com\/vi\/#website","url":"https:\/\/casanha.com\/vi\/","name":"Casanha","description":"Home Decor &amp; Furniture","publisher":{"@id":"https:\/\/casanha.com\/vi\/#organization"},"potentialAction":[{"@type":"SearchAction","target":{"@type":"EntryPoint","urlTemplate":"https:\/\/casanha.com\/vi\/?s={search_term_string}"},"query-input":{"@type":"PropertyValueSpecification","valueRequired":true,"valueName":"search_term_string"}}],"inLanguage":"en-US"},{"@type":"Organization","@id":"https:\/\/casanha.com\/vi\/#organization","name":"Casanha","url":"https:\/\/casanha.com\/vi\/","logo":{"@type":"ImageObject","inLanguage":"en-US","@id":"https:\/\/casanha.com\/vi\/#\/schema\/logo\/image\/","url":"https:\/\/casanha-beta.s3.ap-southeast-1.amazonaws.com\/2026\/02\/logo-2026.jpg","contentUrl":"https:\/\/casanha-beta.s3.ap-southeast-1.amazonaws.com\/2026\/02\/logo-2026.jpg","width":1500,"height":1500,"caption":"Casanha"},"image":{"@id":"https:\/\/casanha.com\/vi\/#\/schema\/logo\/image\/"},"sameAs":["https:\/\/www.facebook.com\/CasanhaHome","https:\/\/www.instagram.com\/casanhahome\/","https:\/\/www.youtube.com\/@casanha","https:\/\/www.tiktok.com\/@casanha.com","https:\/\/zalo.me\/casanhahome"]}]}},"_links":{"self":[{"href":"https:\/\/casanha.com\/en\/wp-json\/wp\/v2\/product\/40988","targetHints":{"allow":["GET"]}}],"collection":[{"href":"https:\/\/casanha.com\/en\/wp-json\/wp\/v2\/product"}],"about":[{"href":"https:\/\/casanha.com\/en\/wp-json\/wp\/v2\/types\/product"}],"replies":[{"embeddable":true,"href":"https:\/\/casanha.com\/en\/wp-json\/wp\/v2\/comments?post=40988"}],"version-history":[{"count":2,"href":"https:\/\/casanha.com\/en\/wp-json\/wp\/v2\/product\/40988\/revisions"}],"predecessor-version":[{"id":111971,"href":"https:\/\/casanha.com\/en\/wp-json\/wp\/v2\/product\/40988\/revisions\/111971"}],"wp:featuredmedia":[{"embeddable":true,"href":"https:\/\/casanha.com\/en\/wp-json\/wp\/v2\/media\/100067"}],"wp:attachment":[{"href":"https:\/\/casanha.com\/en\/wp-json\/wp\/v2\/media?parent=40988"}],"wp:term":[{"taxonomy":"product_brand","embeddable":true,"href":"https:\/\/casanha.com\/en\/wp-json\/wp\/v2\/product_brand?post=40988"},{"taxonomy":"product_cat","embeddable":true,"href":"https:\/\/casanha.com\/en\/wp-json\/wp\/v2\/product_cat?post=40988"},{"taxonomy":"product_tag","embeddable":true,"href":"https:\/\/casanha.com\/en\/wp-json\/wp\/v2\/product_tag?post=40988"}],"curies":[{"name":"wp","href":"https:\/\/api.w.org\/{rel}","templated":true}]}}