{"id":112109,"date":"2026-02-18T15:42:32","date_gmt":"2026-02-18T08:42:32","guid":{"rendered":"https:\/\/casanha.com\/?post_type=product&#038;p=112109"},"modified":"2026-02-18T15:42:34","modified_gmt":"2026-02-18T08:42:34","slug":"intimu-ambre-intime-nen-thom","status":"publish","type":"product","link":"https:\/\/casanha.com\/en\/product\/intimu-ambre-intime-nen-thom\/","title":{"rendered":"INTIMU &#8220;AMBRE INTIME&#8221; &#8211; N\u1ebeN TH\u01a0M"},"content":{"rendered":"","protected":false},"excerpt":{"rendered":"<div>Kh\u00e1m ph\u00e1 s\u1ee9c quy\u1ebfn r\u0169 \u0111\u1ea7y m\u00ea ho\u1eb7c c\u1ee7a\u00a0<strong data-start=\"38\" data-end=\"54\">Ambre Intime<\/strong>, m\u1ed9t h\u01b0\u01a1ng th\u01a1m ph\u01b0\u01a1ng \u0110\u00f4ng \u0111\u1ea7y cu\u1ed1n h\u00fat v\u00e0 say \u0111\u1eafm d\u00e0nh cho kh\u00f4ng gian s\u1ed1ng. H\u1ee3p h\u01b0\u01a1ng h\u1ed5 ph\u00e1ch mang s\u1eafc th\u00e1i nh\u1ef1a th\u01a1m v\u00e0 \u1ea5m \u00e1p t\u1ea1o n\u00ean b\u1ea7u kh\u00f4ng kh\u00ed g\u1ea7n g\u0169i, \u00eam \u00e1i, ph\u1ea3ng ph\u1ea5t n\u00e9t b\u00ed \u1ea9n. \u0110\u1eafm m\u00ecnh trong h\u01b0\u01a1ng th\u01a1m \u0111\u1ea7y m\u00ea ho\u1eb7c \u1ea5y v\u00e0 \u0111\u1ec3 n\u00f3 \u0111\u01b0a b\u1ea1n b\u01b0\u1edbc v\u00e0o mi\u1ec1n c\u1ea3m x\u00fac c\u1ee7a t\u00f2 m\u00f2 v\u00e0 k\u1ef3 di\u1ec7u. T\u00f4 \u0111i\u1ec3m cho m\u1ecdi c\u0103n ph\u00f2ng v\u1edbi\u00a0<strong data-start=\"383\" data-end=\"399\">Ambre Intime<\/strong>\u00a0\u2013 bi\u1ec3u t\u01b0\u1ee3ng c\u1ee7a s\u1ef1 th\u00e2n m\u1eadt v\u00e0 \u1ea5m \u00e1p \/\u00a0<em>Unveil the alluring charm of Ambre Intime, a bewitching and mesmerising oriental home fragrance. The resinous and balmy amber accord creates a close and cosy atmosphere, filled with a touch of mystery. Plunge into its enticing aroma and let it carry you to a realm of curiosity and wonder. Adorn any room with Ambre Intime, the epitome of intimacy and warmth.<\/em><\/div>\n<div><\/div>\n<div><strong><span lang=\"EN-US\">Th\u00f4ng tin s\u1ea3n ph\u1ea9m\/\u00a0<em>Product information<\/em><\/span><\/strong><\/div>\n<p><span lang=\"EN-US\">M\u00e0u s\u1eafc\/\u00a0<em>Color:\u00a0<\/em><\/span>H\u1ed5 ph\u00e1ch<span lang=\"EN-US\">\u00a0&amp;\u00a0<\/span><span lang=\"VI\">t\u1ef1 nhi\u00ean<\/span><span lang=\"EN-US\">\/\u00a0<em>Amber<\/em><em>\u00a0&amp; natural<br \/>\n<\/em><\/span><span lang=\"EN-US\">Ch\u1ea5t li\u1ec7u\/\u00a0<em>Materials<\/em>:\u00a0<\/span>K\u00ednh, MDF<span lang=\"EN-US\">\u00a0&amp; s<\/span><span lang=\"EN-US\">\u00e1p\/<em>\u00a0Glass, MDF &amp; wax<br \/>\n<\/em><\/span><span lang=\"EN-US\">K\u00edch th\u01b0\u1edbc\/\u00a0<em>Dimensions<\/em>: D11.5 x H10cm<br \/>\n<\/span><span lang=\"EN-US\">H\u01b0\u01a1ng th\u01a1m\/\u00a0<em>Fragranced<\/em>:\u00a0<\/span><span lang=\"EN-US\">\u0110\u00fang\/\u00a0<em>Yes\u00a0<\/em>(<\/span>H\u1ed5 ph\u00e1ch<span lang=\"EN-US\">\/\u00a0<em>Amber<\/em><\/span><span lang=\"EN-US\">)<br \/>\n<\/span><span lang=\"EN-US\">Th\u1eddi gian ch\u00e1y\/ <em>Burning time<\/em>\u00a0: (+\/-) 30H\u00a0<\/span><\/p>\n<p><span lang=\"EN-US\">B\u1ed9 s\u01b0u t\u1eadp\/\u00a0<em>Collection<\/em>: Intimu line<br \/>\n<\/span><span lang=\"EN-US\">Phong c\u00e1ch\/\u00a0<em>Style<\/em>: Casanh\u00e0<\/span><\/p>\n<p><span lang=\"EN-US\">C\u00e2n n\u1eb7ng\/\u00a0<em>Weight<\/em>: 1kg<br \/>\n<\/span><span lang=\"EN-US\">Bao b\u00ec\/\u00a0<em>Packaging<\/em>: Standard<\/span><\/p>\n<p><span lang=\"EN-US\">N\u01b0\u1edbc xu\u1ea5t x\u1ee9\/\u00a0<em>Country of origin<\/em>:\u00a0<\/span><span lang=\"VI\">Trung Qu\u1ed1c\/\u00a0<\/span><em><span lang=\"EN-US\">China<\/span><\/em><\/p>\n","protected":false},"featured_media":111485,"comment_status":"open","ping_status":"closed","template":"","meta":[],"product_brand":[17],"product_cat":[2518],"product_tag":[],"class_list":{"0":"post-112109","1":"product","2":"type-product","3":"status-publish","4":"has-post-thumbnail","6":"product_brand-casanha","7":"product_cat-fragranced-candle","8":"product_shipping_class-normal-items","10":"first","11":"instock","12":"shipping-taxable","13":"purchasable","14":"product-type-simple"},"yoast_head":"<!-- This site is optimized with the Yoast SEO plugin v27.1.1 - https:\/\/yoast.com\/product\/yoast-seo-wordpress\/ -->\n<title>INTIMU &quot;AMBRE INTIME&quot; - N\u1ebeN TH\u01a0M - Casanha<\/title>\n<meta name=\"robots\" content=\"index, follow, max-snippet:-1, max-image-preview:large, max-video-preview:-1\" \/>\n<link rel=\"canonical\" href=\"https:\/\/casanha.com\/en\/product\/intimu-ambre-intime-nen-thom\/\" \/>\n<meta property=\"og:locale\" content=\"en_US\" \/>\n<meta property=\"og:type\" content=\"article\" \/>\n<meta property=\"og:title\" content=\"INTIMU &quot;AMBRE INTIME&quot; - N\u1ebeN TH\u01a0M - Casanha\" \/>\n<meta property=\"og:description\" content=\"Kh\u00e1m ph\u00e1 s\u1ee9c quy\u1ebfn r\u0169 \u0111\u1ea7y m\u00ea ho\u1eb7c c\u1ee7a\u00a0Ambre Intime, m\u1ed9t h\u01b0\u01a1ng th\u01a1m ph\u01b0\u01a1ng \u0110\u00f4ng \u0111\u1ea7y cu\u1ed1n h\u00fat v\u00e0 say \u0111\u1eafm d\u00e0nh cho kh\u00f4ng gian s\u1ed1ng. H\u1ee3p h\u01b0\u01a1ng h\u1ed5 ph\u00e1ch mang s\u1eafc th\u00e1i nh\u1ef1a th\u01a1m v\u00e0 \u1ea5m \u00e1p t\u1ea1o n\u00ean b\u1ea7u kh\u00f4ng kh\u00ed g\u1ea7n g\u0169i, \u00eam \u00e1i, ph\u1ea3ng ph\u1ea5t n\u00e9t b\u00ed \u1ea9n. \u0110\u1eafm m\u00ecnh trong h\u01b0\u01a1ng th\u01a1m \u0111\u1ea7y m\u00ea ho\u1eb7c \u1ea5y v\u00e0 \u0111\u1ec3 n\u00f3 \u0111\u01b0a b\u1ea1n b\u01b0\u1edbc v\u00e0o mi\u1ec1n c\u1ea3m x\u00fac c\u1ee7a t\u00f2 m\u00f2 v\u00e0 k\u1ef3 di\u1ec7u. T\u00f4 \u0111i\u1ec3m cho m\u1ecdi c\u0103n ph\u00f2ng v\u1edbi\u00a0Ambre Intime\u00a0\u2013 bi\u1ec3u t\u01b0\u1ee3ng c\u1ee7a s\u1ef1 th\u00e2n m\u1eadt v\u00e0 \u1ea5m \u00e1p \/\u00a0Unveil the alluring charm of Ambre Intime, a bewitching and mesmerising oriental home fragrance. The resinous and balmy amber accord creates a close and cosy atmosphere, filled with a touch of mystery. Plunge into its enticing aroma and let it carry you to a realm of curiosity and wonder. Adorn any room with Ambre Intime, the epitome of intimacy and warmth.  Th\u00f4ng tin s\u1ea3n ph\u1ea9m\/\u00a0Product information M\u00e0u s\u1eafc\/\u00a0Color:\u00a0H\u1ed5 ph\u00e1ch\u00a0&amp;\u00a0t\u1ef1 nhi\u00ean\/\u00a0Amber\u00a0&amp; natural Ch\u1ea5t li\u1ec7u\/\u00a0Materials:\u00a0K\u00ednh, MDF\u00a0&amp; s\u00e1p\/\u00a0Glass, MDF &amp; wax K\u00edch th\u01b0\u1edbc\/\u00a0Dimensions: D11.5 x H10cm H\u01b0\u01a1ng th\u01a1m\/\u00a0Fragranced:\u00a0\u0110\u00fang\/\u00a0Yes\u00a0(H\u1ed5 ph\u00e1ch\/\u00a0Amber) Th\u1eddi gian ch\u00e1y\/ Burning time\u00a0: (+\/-) 30H\u00a0  B\u1ed9 s\u01b0u t\u1eadp\/\u00a0Collection: Intimu line Phong c\u00e1ch\/\u00a0Style: Casanh\u00e0  C\u00e2n n\u1eb7ng\/\u00a0Weight: 1kg Bao b\u00ec\/\u00a0Packaging: Standard  N\u01b0\u1edbc xu\u1ea5t x\u1ee9\/\u00a0Country of origin:\u00a0Trung Qu\u1ed1c\/\u00a0China\" \/>\n<meta property=\"og:url\" content=\"https:\/\/casanha.com\/en\/product\/intimu-ambre-intime-nen-thom\/\" \/>\n<meta property=\"og:site_name\" content=\"Casanha\" \/>\n<meta property=\"article:publisher\" content=\"https:\/\/www.facebook.com\/CasanhaHome\" \/>\n<meta property=\"article:modified_time\" content=\"2026-02-18T08:42:34+00:00\" \/>\n<meta property=\"og:image\" content=\"https:\/\/casanha-beta.s3.ap-southeast-1.amazonaws.com\/2025\/03\/Intimu-candle-Ambre-pic-1.png\" \/>\n\t<meta property=\"og:image:width\" content=\"1080\" \/>\n\t<meta property=\"og:image:height\" content=\"1350\" \/>\n\t<meta property=\"og:image:type\" content=\"image\/png\" \/>\n<meta name=\"twitter:card\" content=\"summary_large_image\" \/>\n<script type=\"application\/ld+json\" class=\"yoast-schema-graph\">{\"@context\":\"https:\/\/schema.org\",\"@graph\":[{\"@type\":\"WebPage\",\"@id\":\"https:\/\/casanha.com\/product\/intimu-ambre-intime-nen-thom\/\",\"url\":\"https:\/\/casanha.com\/product\/intimu-ambre-intime-nen-thom\/\",\"name\":\"INTIMU \\\"AMBRE INTIME\\\" - N\u1ebeN TH\u01a0M - Casanha\",\"isPartOf\":{\"@id\":\"https:\/\/casanha.com\/vi\/#website\"},\"primaryImageOfPage\":{\"@id\":\"https:\/\/casanha.com\/product\/intimu-ambre-intime-nen-thom\/#primaryimage\"},\"image\":{\"@id\":\"https:\/\/casanha.com\/product\/intimu-ambre-intime-nen-thom\/#primaryimage\"},\"thumbnailUrl\":\"https:\/\/casanha-beta.s3.ap-southeast-1.amazonaws.com\/2025\/03\/Intimu-candle-Ambre-pic-1.png\",\"datePublished\":\"2026-02-18T08:42:32+00:00\",\"dateModified\":\"2026-02-18T08:42:34+00:00\",\"breadcrumb\":{\"@id\":\"https:\/\/casanha.com\/product\/intimu-ambre-intime-nen-thom\/#breadcrumb\"},\"inLanguage\":\"en-US\",\"potentialAction\":[{\"@type\":\"ReadAction\",\"target\":[\"https:\/\/casanha.com\/product\/intimu-ambre-intime-nen-thom\/\"]}]},{\"@type\":\"ImageObject\",\"inLanguage\":\"en-US\",\"@id\":\"https:\/\/casanha.com\/product\/intimu-ambre-intime-nen-thom\/#primaryimage\",\"url\":\"https:\/\/casanha-beta.s3.ap-southeast-1.amazonaws.com\/2025\/03\/Intimu-candle-Ambre-pic-1.png\",\"contentUrl\":\"https:\/\/casanha-beta.s3.ap-southeast-1.amazonaws.com\/2025\/03\/Intimu-candle-Ambre-pic-1.png\",\"width\":1080,\"height\":1350},{\"@type\":\"BreadcrumbList\",\"@id\":\"https:\/\/casanha.com\/product\/intimu-ambre-intime-nen-thom\/#breadcrumb\",\"itemListElement\":[{\"@type\":\"ListItem\",\"position\":1,\"name\":\"Home\",\"item\":\"https:\/\/casanha.com\/\"},{\"@type\":\"ListItem\",\"position\":2,\"name\":\"C\u1eeda h\u00e0ng\",\"item\":\"https:\/\/casanha.com\/vi\/cua-hang\/\"},{\"@type\":\"ListItem\",\"position\":3,\"name\":\"INTIMU &#8220;AMBRE INTIME&#8221; &#8211; N\u1ebeN TH\u01a0M\"}]},{\"@type\":\"WebSite\",\"@id\":\"https:\/\/casanha.com\/vi\/#website\",\"url\":\"https:\/\/casanha.com\/vi\/\",\"name\":\"Casanha\",\"description\":\"Home Decor &amp; Furniture\",\"publisher\":{\"@id\":\"https:\/\/casanha.com\/vi\/#organization\"},\"potentialAction\":[{\"@type\":\"SearchAction\",\"target\":{\"@type\":\"EntryPoint\",\"urlTemplate\":\"https:\/\/casanha.com\/vi\/?s={search_term_string}\"},\"query-input\":{\"@type\":\"PropertyValueSpecification\",\"valueRequired\":true,\"valueName\":\"search_term_string\"}}],\"inLanguage\":\"en-US\"},{\"@type\":\"Organization\",\"@id\":\"https:\/\/casanha.com\/vi\/#organization\",\"name\":\"Casanha\",\"url\":\"https:\/\/casanha.com\/vi\/\",\"logo\":{\"@type\":\"ImageObject\",\"inLanguage\":\"en-US\",\"@id\":\"https:\/\/casanha.com\/vi\/#\/schema\/logo\/image\/\",\"url\":\"https:\/\/casanha-beta.s3.ap-southeast-1.amazonaws.com\/2026\/02\/logo-2026.jpg\",\"contentUrl\":\"https:\/\/casanha-beta.s3.ap-southeast-1.amazonaws.com\/2026\/02\/logo-2026.jpg\",\"width\":1500,\"height\":1500,\"caption\":\"Casanha\"},\"image\":{\"@id\":\"https:\/\/casanha.com\/vi\/#\/schema\/logo\/image\/\"},\"sameAs\":[\"https:\/\/www.facebook.com\/CasanhaHome\",\"https:\/\/www.instagram.com\/casanhahome\/\",\"https:\/\/www.youtube.com\/@casanha\",\"https:\/\/www.tiktok.com\/@casanha.com\",\"https:\/\/zalo.me\/casanhahome\"]}]}<\/script>\n<!-- \/ Yoast SEO plugin. -->","yoast_head_json":{"title":"INTIMU \"AMBRE INTIME\" - N\u1ebeN TH\u01a0M - Casanha","robots":{"index":"index","follow":"follow","max-snippet":"max-snippet:-1","max-image-preview":"max-image-preview:large","max-video-preview":"max-video-preview:-1"},"canonical":"https:\/\/casanha.com\/en\/product\/intimu-ambre-intime-nen-thom\/","og_locale":"en_US","og_type":"article","og_title":"INTIMU \"AMBRE INTIME\" - N\u1ebeN TH\u01a0M - Casanha","og_description":"Kh\u00e1m ph\u00e1 s\u1ee9c quy\u1ebfn r\u0169 \u0111\u1ea7y m\u00ea ho\u1eb7c c\u1ee7a\u00a0Ambre Intime, m\u1ed9t h\u01b0\u01a1ng th\u01a1m ph\u01b0\u01a1ng \u0110\u00f4ng \u0111\u1ea7y cu\u1ed1n h\u00fat v\u00e0 say \u0111\u1eafm d\u00e0nh cho kh\u00f4ng gian s\u1ed1ng. H\u1ee3p h\u01b0\u01a1ng h\u1ed5 ph\u00e1ch mang s\u1eafc th\u00e1i nh\u1ef1a th\u01a1m v\u00e0 \u1ea5m \u00e1p t\u1ea1o n\u00ean b\u1ea7u kh\u00f4ng kh\u00ed g\u1ea7n g\u0169i, \u00eam \u00e1i, ph\u1ea3ng ph\u1ea5t n\u00e9t b\u00ed \u1ea9n. \u0110\u1eafm m\u00ecnh trong h\u01b0\u01a1ng th\u01a1m \u0111\u1ea7y m\u00ea ho\u1eb7c \u1ea5y v\u00e0 \u0111\u1ec3 n\u00f3 \u0111\u01b0a b\u1ea1n b\u01b0\u1edbc v\u00e0o mi\u1ec1n c\u1ea3m x\u00fac c\u1ee7a t\u00f2 m\u00f2 v\u00e0 k\u1ef3 di\u1ec7u. T\u00f4 \u0111i\u1ec3m cho m\u1ecdi c\u0103n ph\u00f2ng v\u1edbi\u00a0Ambre Intime\u00a0\u2013 bi\u1ec3u t\u01b0\u1ee3ng c\u1ee7a s\u1ef1 th\u00e2n m\u1eadt v\u00e0 \u1ea5m \u00e1p \/\u00a0Unveil the alluring charm of Ambre Intime, a bewitching and mesmerising oriental home fragrance. The resinous and balmy amber accord creates a close and cosy atmosphere, filled with a touch of mystery. Plunge into its enticing aroma and let it carry you to a realm of curiosity and wonder. Adorn any room with Ambre Intime, the epitome of intimacy and warmth.  Th\u00f4ng tin s\u1ea3n ph\u1ea9m\/\u00a0Product information M\u00e0u s\u1eafc\/\u00a0Color:\u00a0H\u1ed5 ph\u00e1ch\u00a0&amp;\u00a0t\u1ef1 nhi\u00ean\/\u00a0Amber\u00a0&amp; natural Ch\u1ea5t li\u1ec7u\/\u00a0Materials:\u00a0K\u00ednh, MDF\u00a0&amp; s\u00e1p\/\u00a0Glass, MDF &amp; wax K\u00edch th\u01b0\u1edbc\/\u00a0Dimensions: D11.5 x H10cm H\u01b0\u01a1ng th\u01a1m\/\u00a0Fragranced:\u00a0\u0110\u00fang\/\u00a0Yes\u00a0(H\u1ed5 ph\u00e1ch\/\u00a0Amber) Th\u1eddi gian ch\u00e1y\/ Burning time\u00a0: (+\/-) 30H\u00a0  B\u1ed9 s\u01b0u t\u1eadp\/\u00a0Collection: Intimu line Phong c\u00e1ch\/\u00a0Style: Casanh\u00e0  C\u00e2n n\u1eb7ng\/\u00a0Weight: 1kg Bao b\u00ec\/\u00a0Packaging: Standard  N\u01b0\u1edbc xu\u1ea5t x\u1ee9\/\u00a0Country of origin:\u00a0Trung Qu\u1ed1c\/\u00a0China","og_url":"https:\/\/casanha.com\/en\/product\/intimu-ambre-intime-nen-thom\/","og_site_name":"Casanha","article_publisher":"https:\/\/www.facebook.com\/CasanhaHome","article_modified_time":"2026-02-18T08:42:34+00:00","og_image":[{"width":1080,"height":1350,"url":"https:\/\/casanha-beta.s3.ap-southeast-1.amazonaws.com\/2025\/03\/Intimu-candle-Ambre-pic-1.png","type":"image\/png"}],"twitter_card":"summary_large_image","schema":{"@context":"https:\/\/schema.org","@graph":[{"@type":"WebPage","@id":"https:\/\/casanha.com\/product\/intimu-ambre-intime-nen-thom\/","url":"https:\/\/casanha.com\/product\/intimu-ambre-intime-nen-thom\/","name":"INTIMU \"AMBRE INTIME\" - N\u1ebeN TH\u01a0M - Casanha","isPartOf":{"@id":"https:\/\/casanha.com\/vi\/#website"},"primaryImageOfPage":{"@id":"https:\/\/casanha.com\/product\/intimu-ambre-intime-nen-thom\/#primaryimage"},"image":{"@id":"https:\/\/casanha.com\/product\/intimu-ambre-intime-nen-thom\/#primaryimage"},"thumbnailUrl":"https:\/\/casanha-beta.s3.ap-southeast-1.amazonaws.com\/2025\/03\/Intimu-candle-Ambre-pic-1.png","datePublished":"2026-02-18T08:42:32+00:00","dateModified":"2026-02-18T08:42:34+00:00","breadcrumb":{"@id":"https:\/\/casanha.com\/product\/intimu-ambre-intime-nen-thom\/#breadcrumb"},"inLanguage":"en-US","potentialAction":[{"@type":"ReadAction","target":["https:\/\/casanha.com\/product\/intimu-ambre-intime-nen-thom\/"]}]},{"@type":"ImageObject","inLanguage":"en-US","@id":"https:\/\/casanha.com\/product\/intimu-ambre-intime-nen-thom\/#primaryimage","url":"https:\/\/casanha-beta.s3.ap-southeast-1.amazonaws.com\/2025\/03\/Intimu-candle-Ambre-pic-1.png","contentUrl":"https:\/\/casanha-beta.s3.ap-southeast-1.amazonaws.com\/2025\/03\/Intimu-candle-Ambre-pic-1.png","width":1080,"height":1350},{"@type":"BreadcrumbList","@id":"https:\/\/casanha.com\/product\/intimu-ambre-intime-nen-thom\/#breadcrumb","itemListElement":[{"@type":"ListItem","position":1,"name":"Home","item":"https:\/\/casanha.com\/"},{"@type":"ListItem","position":2,"name":"C\u1eeda h\u00e0ng","item":"https:\/\/casanha.com\/vi\/cua-hang\/"},{"@type":"ListItem","position":3,"name":"INTIMU &#8220;AMBRE INTIME&#8221; &#8211; N\u1ebeN TH\u01a0M"}]},{"@type":"WebSite","@id":"https:\/\/casanha.com\/vi\/#website","url":"https:\/\/casanha.com\/vi\/","name":"Casanha","description":"Home Decor &amp; Furniture","publisher":{"@id":"https:\/\/casanha.com\/vi\/#organization"},"potentialAction":[{"@type":"SearchAction","target":{"@type":"EntryPoint","urlTemplate":"https:\/\/casanha.com\/vi\/?s={search_term_string}"},"query-input":{"@type":"PropertyValueSpecification","valueRequired":true,"valueName":"search_term_string"}}],"inLanguage":"en-US"},{"@type":"Organization","@id":"https:\/\/casanha.com\/vi\/#organization","name":"Casanha","url":"https:\/\/casanha.com\/vi\/","logo":{"@type":"ImageObject","inLanguage":"en-US","@id":"https:\/\/casanha.com\/vi\/#\/schema\/logo\/image\/","url":"https:\/\/casanha-beta.s3.ap-southeast-1.amazonaws.com\/2026\/02\/logo-2026.jpg","contentUrl":"https:\/\/casanha-beta.s3.ap-southeast-1.amazonaws.com\/2026\/02\/logo-2026.jpg","width":1500,"height":1500,"caption":"Casanha"},"image":{"@id":"https:\/\/casanha.com\/vi\/#\/schema\/logo\/image\/"},"sameAs":["https:\/\/www.facebook.com\/CasanhaHome","https:\/\/www.instagram.com\/casanhahome\/","https:\/\/www.youtube.com\/@casanha","https:\/\/www.tiktok.com\/@casanha.com","https:\/\/zalo.me\/casanhahome"]}]}},"_links":{"self":[{"href":"https:\/\/casanha.com\/en\/wp-json\/wp\/v2\/product\/112109","targetHints":{"allow":["GET"]}}],"collection":[{"href":"https:\/\/casanha.com\/en\/wp-json\/wp\/v2\/product"}],"about":[{"href":"https:\/\/casanha.com\/en\/wp-json\/wp\/v2\/types\/product"}],"replies":[{"embeddable":true,"href":"https:\/\/casanha.com\/en\/wp-json\/wp\/v2\/comments?post=112109"}],"version-history":[{"count":1,"href":"https:\/\/casanha.com\/en\/wp-json\/wp\/v2\/product\/112109\/revisions"}],"predecessor-version":[{"id":112110,"href":"https:\/\/casanha.com\/en\/wp-json\/wp\/v2\/product\/112109\/revisions\/112110"}],"wp:featuredmedia":[{"embeddable":true,"href":"https:\/\/casanha.com\/en\/wp-json\/wp\/v2\/media\/111485"}],"wp:attachment":[{"href":"https:\/\/casanha.com\/en\/wp-json\/wp\/v2\/media?parent=112109"}],"wp:term":[{"taxonomy":"product_brand","embeddable":true,"href":"https:\/\/casanha.com\/en\/wp-json\/wp\/v2\/product_brand?post=112109"},{"taxonomy":"product_cat","embeddable":true,"href":"https:\/\/casanha.com\/en\/wp-json\/wp\/v2\/product_cat?post=112109"},{"taxonomy":"product_tag","embeddable":true,"href":"https:\/\/casanha.com\/en\/wp-json\/wp\/v2\/product_tag?post=112109"}],"curies":[{"name":"wp","href":"https:\/\/api.w.org\/{rel}","templated":true}]}}