{"id":112082,"date":"2026-02-18T15:00:32","date_gmt":"2026-02-18T08:00:32","guid":{"rendered":"https:\/\/casanha.com\/?post_type=product&#038;p=112082"},"modified":"2026-04-17T10:25:52","modified_gmt":"2026-04-17T03:25:52","slug":"neda-morello-cherry-tinh-dau-khuech-tan","status":"publish","type":"product","link":"https:\/\/casanha.com\/en\/product\/neda-morello-cherry-tinh-dau-khuech-tan\/","title":{"rendered":"NEDA &#8220;MORELLO CHERRY&#8221; &#8211; TINH D\u1ea6U KHU\u1ebeCH T\u00c1N"},"content":{"rendered":"","protected":false},"excerpt":{"rendered":"<p>H\u01b0\u01a1ng anh \u0111\u00e0o Morello l\u00e0 s\u1ef1 h\u00f2a quy\u1ec7n quy\u1ebfn r\u0169 gi\u1eefa v\u1ecb ng\u1ecdt v\u00e0 chua thanh c\u1ee7a tr\u00e1i anh \u0111\u00e0o ch\u00edn m\u1ecdng, \u0111i\u1ec3m ch\u00fat \u1ea5m \u00e1p nh\u01b0 h\u1ea1nh nh\u00e2n v\u00e0 chi\u1ec1u s\u00e2u ng\u1ecdt d\u1ecbu nh\u01b0 siro\/\u00a0<em>Morello cherry fragrance is a luscious blend of tart and sweet notes, capturing the juicy sharpness of ripe sour cherries with a subtle hint of almond-like warmth and syrupy depth.<\/em><\/p>\n<p><strong><span lang=\"EN-US\">Th\u00f4ng tin s\u1ea3n ph\u1ea9m\/\u00a0<em>Product information<\/em><\/span><\/strong><\/p>\n<p><span lang=\"EN-US\">M\u00e0u s\u1eafc\/\u00a0<em>Color:\u00a0<\/em><\/span><span lang=\"EN-US\">Trong su\u00f4\u0341t\u00a0<\/span><span lang=\"VI\">t\u1ef1 nhi\u00ean<\/span><span lang=\"EN-US\">\/\u00a0<em>Clear &amp; natural<br \/>\n<\/em><\/span><span lang=\"EN-US\">Ch\u1ea5t li\u1ec7u\/\u00a0<em>Materials<\/em>:\u00a0<\/span>K\u00ednh &amp; ethanol<span lang=\"EN-US\">\/<em>\u00a0Glass &amp; ethanol<br \/>\n<\/em><\/span>Th\u1ec3 t\u00edch\/\u00a0<em>Volume<\/em>\u00a0: 200ML<br \/>\n<span lang=\"EN-US\">K\u00edch th\u01b0\u1edbc\/\u00a0<em>Dimensions<\/em>: D9 x H27cm<br \/>\n<\/span><span lang=\"EN-US\">H\u01b0\u01a1ng th\u01a1m\/\u00a0<em>Fragranced<\/em>:\u00a0<\/span><span lang=\"EN-US\">\u0110\u00fang\/\u00a0<em>Yes\u00a0<\/em>(<\/span>Anh \u0111\u00e0o \u0111en\/\u00a0<em>Black cherry fragrance<\/em><span lang=\"EN-US\">)<br \/>\n<\/span>Th\u1eddi gian t\u00e1n h\u01b0\u01a1ng<span lang=\"EN-US\">\/\u00a0<\/span><em>Diffusing time<\/em><span lang=\"EN-US\">\u00a0: (+\/-) 1\u00a0<\/span>th\u00e1ng\/\u00a0<em>months<br \/>\n<\/em>N\u01b0\u1edbc hoa \u0111\u01b0\u1ee3c s\u1ea3n xu\u1ea5t t\u1ea1i Ph\u00e1p\/\u00a0<em>Perfume made in France<\/em><\/p>\n<p><span lang=\"EN-US\">B\u1ed9 s\u01b0u t\u1eadp\/\u00a0<em>Collection<\/em>: Neda line<br \/>\n<\/span><span lang=\"EN-US\">Phong c\u00e1ch\/\u00a0<em>Style<\/em>: Casanh\u00e0<\/span><\/p>\n<p><span lang=\"EN-US\">C\u00e2n n\u1eb7ng\/\u00a0<em>Weight<\/em>: 0.6kg<br \/>\n<\/span><span lang=\"EN-US\">Bao b\u00ec\/\u00a0<em>Packaging<\/em>: Standard<\/span><\/p>\n<p><span lang=\"EN-US\">N\u01b0\u1edbc xu\u1ea5t x\u1ee9\/\u00a0<em>Country of origin<\/em>:\u00a0<\/span><span lang=\"VI\">Trung Qu\u1ed1c\/\u00a0<\/span><em><span lang=\"EN-US\">China<\/span><\/em><\/p>\n","protected":false},"featured_media":112075,"comment_status":"open","ping_status":"closed","template":"","meta":[],"product_brand":[17],"product_cat":[2521],"product_tag":[],"class_list":{"0":"post-112082","1":"product","2":"type-product","3":"status-publish","4":"has-post-thumbnail","6":"product_brand-casanha","7":"product_cat-diffuser","8":"product_shipping_class-small-scale-items","10":"first","11":"instock","12":"shipping-taxable","13":"purchasable","14":"product-type-simple"},"yoast_head":"<!-- This site is optimized with the Yoast SEO plugin v27.1.1 - https:\/\/yoast.com\/product\/yoast-seo-wordpress\/ -->\n<title>NEDA &quot;MORELLO CHERRY&quot; - TINH D\u1ea6U KHU\u1ebeCH T\u00c1N - Casanha<\/title>\n<meta name=\"robots\" content=\"index, follow, max-snippet:-1, max-image-preview:large, max-video-preview:-1\" \/>\n<link rel=\"canonical\" href=\"https:\/\/casanha.com\/en\/product\/neda-morello-cherry-tinh-dau-khuech-tan\/\" \/>\n<meta property=\"og:locale\" content=\"en_US\" \/>\n<meta property=\"og:type\" content=\"article\" \/>\n<meta property=\"og:title\" content=\"NEDA &quot;MORELLO CHERRY&quot; - TINH D\u1ea6U KHU\u1ebeCH T\u00c1N - Casanha\" \/>\n<meta property=\"og:description\" content=\"H\u01b0\u01a1ng anh \u0111\u00e0o Morello l\u00e0 s\u1ef1 h\u00f2a quy\u1ec7n quy\u1ebfn r\u0169 gi\u1eefa v\u1ecb ng\u1ecdt v\u00e0 chua thanh c\u1ee7a tr\u00e1i anh \u0111\u00e0o ch\u00edn m\u1ecdng, \u0111i\u1ec3m ch\u00fat \u1ea5m \u00e1p nh\u01b0 h\u1ea1nh nh\u00e2n v\u00e0 chi\u1ec1u s\u00e2u ng\u1ecdt d\u1ecbu nh\u01b0 siro\/\u00a0Morello cherry fragrance is a luscious blend of tart and sweet notes, capturing the juicy sharpness of ripe sour cherries with a subtle hint of almond-like warmth and syrupy depth.  Th\u00f4ng tin s\u1ea3n ph\u1ea9m\/\u00a0Product information  M\u00e0u s\u1eafc\/\u00a0Color:\u00a0Trong su\u00f4\u0341t\u00a0t\u1ef1 nhi\u00ean\/\u00a0Clear &amp; natural Ch\u1ea5t li\u1ec7u\/\u00a0Materials:\u00a0K\u00ednh &amp; ethanol\/\u00a0Glass &amp; ethanol Th\u1ec3 t\u00edch\/\u00a0Volume\u00a0: 200ML K\u00edch th\u01b0\u1edbc\/\u00a0Dimensions: D9 x H27cm H\u01b0\u01a1ng th\u01a1m\/\u00a0Fragranced:\u00a0\u0110\u00fang\/\u00a0Yes\u00a0(Anh \u0111\u00e0o \u0111en\/\u00a0Black cherry fragrance) Th\u1eddi gian t\u00e1n h\u01b0\u01a1ng\/\u00a0Diffusing time\u00a0: (+\/-) 1\u00a0th\u00e1ng\/\u00a0months N\u01b0\u1edbc hoa \u0111\u01b0\u1ee3c s\u1ea3n xu\u1ea5t t\u1ea1i Ph\u00e1p\/\u00a0Perfume made in France  B\u1ed9 s\u01b0u t\u1eadp\/\u00a0Collection: Neda line Phong c\u00e1ch\/\u00a0Style: Casanh\u00e0  C\u00e2n n\u1eb7ng\/\u00a0Weight: 0.6kg Bao b\u00ec\/\u00a0Packaging: Standard  N\u01b0\u1edbc xu\u1ea5t x\u1ee9\/\u00a0Country of origin:\u00a0Trung Qu\u1ed1c\/\u00a0China\" \/>\n<meta property=\"og:url\" content=\"https:\/\/casanha.com\/en\/product\/neda-morello-cherry-tinh-dau-khuech-tan\/\" \/>\n<meta property=\"og:site_name\" content=\"Casanha\" \/>\n<meta property=\"article:publisher\" content=\"https:\/\/www.facebook.com\/CasanhaHome\" \/>\n<meta property=\"article:modified_time\" content=\"2026-04-17T03:25:52+00:00\" \/>\n<meta property=\"og:image\" content=\"https:\/\/casanha-beta.s3.ap-southeast-1.amazonaws.com\/2026\/02\/Neda-diffuser-morello-cherry.png\" \/>\n\t<meta property=\"og:image:width\" content=\"1080\" \/>\n\t<meta property=\"og:image:height\" content=\"1350\" \/>\n\t<meta property=\"og:image:type\" content=\"image\/png\" \/>\n<meta name=\"twitter:card\" content=\"summary_large_image\" \/>\n<script type=\"application\/ld+json\" class=\"yoast-schema-graph\">{\"@context\":\"https:\/\/schema.org\",\"@graph\":[{\"@type\":\"WebPage\",\"@id\":\"https:\/\/casanha.com\/product\/neda-morello-cherry-tinh-dau-khuech-tan\/\",\"url\":\"https:\/\/casanha.com\/product\/neda-morello-cherry-tinh-dau-khuech-tan\/\",\"name\":\"NEDA \\\"MORELLO CHERRY\\\" - TINH D\u1ea6U KHU\u1ebeCH T\u00c1N - Casanha\",\"isPartOf\":{\"@id\":\"https:\/\/casanha.com\/vi\/#website\"},\"primaryImageOfPage\":{\"@id\":\"https:\/\/casanha.com\/product\/neda-morello-cherry-tinh-dau-khuech-tan\/#primaryimage\"},\"image\":{\"@id\":\"https:\/\/casanha.com\/product\/neda-morello-cherry-tinh-dau-khuech-tan\/#primaryimage\"},\"thumbnailUrl\":\"https:\/\/casanha-beta.s3.ap-southeast-1.amazonaws.com\/2026\/02\/Neda-diffuser-morello-cherry.png\",\"datePublished\":\"2026-02-18T08:00:32+00:00\",\"dateModified\":\"2026-04-17T03:25:52+00:00\",\"breadcrumb\":{\"@id\":\"https:\/\/casanha.com\/product\/neda-morello-cherry-tinh-dau-khuech-tan\/#breadcrumb\"},\"inLanguage\":\"en-US\",\"potentialAction\":[{\"@type\":\"ReadAction\",\"target\":[\"https:\/\/casanha.com\/product\/neda-morello-cherry-tinh-dau-khuech-tan\/\"]}]},{\"@type\":\"ImageObject\",\"inLanguage\":\"en-US\",\"@id\":\"https:\/\/casanha.com\/product\/neda-morello-cherry-tinh-dau-khuech-tan\/#primaryimage\",\"url\":\"https:\/\/casanha-beta.s3.ap-southeast-1.amazonaws.com\/2026\/02\/Neda-diffuser-morello-cherry.png\",\"contentUrl\":\"https:\/\/casanha-beta.s3.ap-southeast-1.amazonaws.com\/2026\/02\/Neda-diffuser-morello-cherry.png\",\"width\":1080,\"height\":1350},{\"@type\":\"BreadcrumbList\",\"@id\":\"https:\/\/casanha.com\/product\/neda-morello-cherry-tinh-dau-khuech-tan\/#breadcrumb\",\"itemListElement\":[{\"@type\":\"ListItem\",\"position\":1,\"name\":\"Home\",\"item\":\"https:\/\/casanha.com\/\"},{\"@type\":\"ListItem\",\"position\":2,\"name\":\"C\u1eeda h\u00e0ng\",\"item\":\"https:\/\/casanha.com\/vi\/cua-hang\/\"},{\"@type\":\"ListItem\",\"position\":3,\"name\":\"NEDA &#8220;MORELLO CHERRY&#8221; &#8211; TINH D\u1ea6U KHU\u1ebeCH T\u00c1N\"}]},{\"@type\":\"WebSite\",\"@id\":\"https:\/\/casanha.com\/vi\/#website\",\"url\":\"https:\/\/casanha.com\/vi\/\",\"name\":\"Casanha\",\"description\":\"Home Decor &amp; Furniture\",\"publisher\":{\"@id\":\"https:\/\/casanha.com\/vi\/#organization\"},\"potentialAction\":[{\"@type\":\"SearchAction\",\"target\":{\"@type\":\"EntryPoint\",\"urlTemplate\":\"https:\/\/casanha.com\/vi\/?s={search_term_string}\"},\"query-input\":{\"@type\":\"PropertyValueSpecification\",\"valueRequired\":true,\"valueName\":\"search_term_string\"}}],\"inLanguage\":\"en-US\"},{\"@type\":\"Organization\",\"@id\":\"https:\/\/casanha.com\/vi\/#organization\",\"name\":\"Casanha\",\"url\":\"https:\/\/casanha.com\/vi\/\",\"logo\":{\"@type\":\"ImageObject\",\"inLanguage\":\"en-US\",\"@id\":\"https:\/\/casanha.com\/vi\/#\/schema\/logo\/image\/\",\"url\":\"https:\/\/casanha-beta.s3.ap-southeast-1.amazonaws.com\/2026\/02\/logo-2026.jpg\",\"contentUrl\":\"https:\/\/casanha-beta.s3.ap-southeast-1.amazonaws.com\/2026\/02\/logo-2026.jpg\",\"width\":1500,\"height\":1500,\"caption\":\"Casanha\"},\"image\":{\"@id\":\"https:\/\/casanha.com\/vi\/#\/schema\/logo\/image\/\"},\"sameAs\":[\"https:\/\/www.facebook.com\/CasanhaHome\",\"https:\/\/www.instagram.com\/casanhahome\/\",\"https:\/\/www.youtube.com\/@casanha\",\"https:\/\/www.tiktok.com\/@casanha.com\",\"https:\/\/zalo.me\/casanhahome\"]}]}<\/script>\n<!-- \/ Yoast SEO plugin. -->","yoast_head_json":{"title":"NEDA \"MORELLO CHERRY\" - TINH D\u1ea6U KHU\u1ebeCH T\u00c1N - Casanha","robots":{"index":"index","follow":"follow","max-snippet":"max-snippet:-1","max-image-preview":"max-image-preview:large","max-video-preview":"max-video-preview:-1"},"canonical":"https:\/\/casanha.com\/en\/product\/neda-morello-cherry-tinh-dau-khuech-tan\/","og_locale":"en_US","og_type":"article","og_title":"NEDA \"MORELLO CHERRY\" - TINH D\u1ea6U KHU\u1ebeCH T\u00c1N - Casanha","og_description":"H\u01b0\u01a1ng anh \u0111\u00e0o Morello l\u00e0 s\u1ef1 h\u00f2a quy\u1ec7n quy\u1ebfn r\u0169 gi\u1eefa v\u1ecb ng\u1ecdt v\u00e0 chua thanh c\u1ee7a tr\u00e1i anh \u0111\u00e0o ch\u00edn m\u1ecdng, \u0111i\u1ec3m ch\u00fat \u1ea5m \u00e1p nh\u01b0 h\u1ea1nh nh\u00e2n v\u00e0 chi\u1ec1u s\u00e2u ng\u1ecdt d\u1ecbu nh\u01b0 siro\/\u00a0Morello cherry fragrance is a luscious blend of tart and sweet notes, capturing the juicy sharpness of ripe sour cherries with a subtle hint of almond-like warmth and syrupy depth.  Th\u00f4ng tin s\u1ea3n ph\u1ea9m\/\u00a0Product information  M\u00e0u s\u1eafc\/\u00a0Color:\u00a0Trong su\u00f4\u0341t\u00a0t\u1ef1 nhi\u00ean\/\u00a0Clear &amp; natural Ch\u1ea5t li\u1ec7u\/\u00a0Materials:\u00a0K\u00ednh &amp; ethanol\/\u00a0Glass &amp; ethanol Th\u1ec3 t\u00edch\/\u00a0Volume\u00a0: 200ML K\u00edch th\u01b0\u1edbc\/\u00a0Dimensions: D9 x H27cm H\u01b0\u01a1ng th\u01a1m\/\u00a0Fragranced:\u00a0\u0110\u00fang\/\u00a0Yes\u00a0(Anh \u0111\u00e0o \u0111en\/\u00a0Black cherry fragrance) Th\u1eddi gian t\u00e1n h\u01b0\u01a1ng\/\u00a0Diffusing time\u00a0: (+\/-) 1\u00a0th\u00e1ng\/\u00a0months N\u01b0\u1edbc hoa \u0111\u01b0\u1ee3c s\u1ea3n xu\u1ea5t t\u1ea1i Ph\u00e1p\/\u00a0Perfume made in France  B\u1ed9 s\u01b0u t\u1eadp\/\u00a0Collection: Neda line Phong c\u00e1ch\/\u00a0Style: Casanh\u00e0  C\u00e2n n\u1eb7ng\/\u00a0Weight: 0.6kg Bao b\u00ec\/\u00a0Packaging: Standard  N\u01b0\u1edbc xu\u1ea5t x\u1ee9\/\u00a0Country of origin:\u00a0Trung Qu\u1ed1c\/\u00a0China","og_url":"https:\/\/casanha.com\/en\/product\/neda-morello-cherry-tinh-dau-khuech-tan\/","og_site_name":"Casanha","article_publisher":"https:\/\/www.facebook.com\/CasanhaHome","article_modified_time":"2026-04-17T03:25:52+00:00","og_image":[{"width":1080,"height":1350,"url":"https:\/\/casanha-beta.s3.ap-southeast-1.amazonaws.com\/2026\/02\/Neda-diffuser-morello-cherry.png","type":"image\/png"}],"twitter_card":"summary_large_image","schema":{"@context":"https:\/\/schema.org","@graph":[{"@type":"WebPage","@id":"https:\/\/casanha.com\/product\/neda-morello-cherry-tinh-dau-khuech-tan\/","url":"https:\/\/casanha.com\/product\/neda-morello-cherry-tinh-dau-khuech-tan\/","name":"NEDA \"MORELLO CHERRY\" - TINH D\u1ea6U KHU\u1ebeCH T\u00c1N - Casanha","isPartOf":{"@id":"https:\/\/casanha.com\/vi\/#website"},"primaryImageOfPage":{"@id":"https:\/\/casanha.com\/product\/neda-morello-cherry-tinh-dau-khuech-tan\/#primaryimage"},"image":{"@id":"https:\/\/casanha.com\/product\/neda-morello-cherry-tinh-dau-khuech-tan\/#primaryimage"},"thumbnailUrl":"https:\/\/casanha-beta.s3.ap-southeast-1.amazonaws.com\/2026\/02\/Neda-diffuser-morello-cherry.png","datePublished":"2026-02-18T08:00:32+00:00","dateModified":"2026-04-17T03:25:52+00:00","breadcrumb":{"@id":"https:\/\/casanha.com\/product\/neda-morello-cherry-tinh-dau-khuech-tan\/#breadcrumb"},"inLanguage":"en-US","potentialAction":[{"@type":"ReadAction","target":["https:\/\/casanha.com\/product\/neda-morello-cherry-tinh-dau-khuech-tan\/"]}]},{"@type":"ImageObject","inLanguage":"en-US","@id":"https:\/\/casanha.com\/product\/neda-morello-cherry-tinh-dau-khuech-tan\/#primaryimage","url":"https:\/\/casanha-beta.s3.ap-southeast-1.amazonaws.com\/2026\/02\/Neda-diffuser-morello-cherry.png","contentUrl":"https:\/\/casanha-beta.s3.ap-southeast-1.amazonaws.com\/2026\/02\/Neda-diffuser-morello-cherry.png","width":1080,"height":1350},{"@type":"BreadcrumbList","@id":"https:\/\/casanha.com\/product\/neda-morello-cherry-tinh-dau-khuech-tan\/#breadcrumb","itemListElement":[{"@type":"ListItem","position":1,"name":"Home","item":"https:\/\/casanha.com\/"},{"@type":"ListItem","position":2,"name":"C\u1eeda h\u00e0ng","item":"https:\/\/casanha.com\/vi\/cua-hang\/"},{"@type":"ListItem","position":3,"name":"NEDA &#8220;MORELLO CHERRY&#8221; &#8211; TINH D\u1ea6U KHU\u1ebeCH T\u00c1N"}]},{"@type":"WebSite","@id":"https:\/\/casanha.com\/vi\/#website","url":"https:\/\/casanha.com\/vi\/","name":"Casanha","description":"Home Decor &amp; Furniture","publisher":{"@id":"https:\/\/casanha.com\/vi\/#organization"},"potentialAction":[{"@type":"SearchAction","target":{"@type":"EntryPoint","urlTemplate":"https:\/\/casanha.com\/vi\/?s={search_term_string}"},"query-input":{"@type":"PropertyValueSpecification","valueRequired":true,"valueName":"search_term_string"}}],"inLanguage":"en-US"},{"@type":"Organization","@id":"https:\/\/casanha.com\/vi\/#organization","name":"Casanha","url":"https:\/\/casanha.com\/vi\/","logo":{"@type":"ImageObject","inLanguage":"en-US","@id":"https:\/\/casanha.com\/vi\/#\/schema\/logo\/image\/","url":"https:\/\/casanha-beta.s3.ap-southeast-1.amazonaws.com\/2026\/02\/logo-2026.jpg","contentUrl":"https:\/\/casanha-beta.s3.ap-southeast-1.amazonaws.com\/2026\/02\/logo-2026.jpg","width":1500,"height":1500,"caption":"Casanha"},"image":{"@id":"https:\/\/casanha.com\/vi\/#\/schema\/logo\/image\/"},"sameAs":["https:\/\/www.facebook.com\/CasanhaHome","https:\/\/www.instagram.com\/casanhahome\/","https:\/\/www.youtube.com\/@casanha","https:\/\/www.tiktok.com\/@casanha.com","https:\/\/zalo.me\/casanhahome"]}]}},"_links":{"self":[{"href":"https:\/\/casanha.com\/en\/wp-json\/wp\/v2\/product\/112082","targetHints":{"allow":["GET"]}}],"collection":[{"href":"https:\/\/casanha.com\/en\/wp-json\/wp\/v2\/product"}],"about":[{"href":"https:\/\/casanha.com\/en\/wp-json\/wp\/v2\/types\/product"}],"replies":[{"embeddable":true,"href":"https:\/\/casanha.com\/en\/wp-json\/wp\/v2\/comments?post=112082"}],"version-history":[{"count":1,"href":"https:\/\/casanha.com\/en\/wp-json\/wp\/v2\/product\/112082\/revisions"}],"predecessor-version":[{"id":112083,"href":"https:\/\/casanha.com\/en\/wp-json\/wp\/v2\/product\/112082\/revisions\/112083"}],"wp:featuredmedia":[{"embeddable":true,"href":"https:\/\/casanha.com\/en\/wp-json\/wp\/v2\/media\/112075"}],"wp:attachment":[{"href":"https:\/\/casanha.com\/en\/wp-json\/wp\/v2\/media?parent=112082"}],"wp:term":[{"taxonomy":"product_brand","embeddable":true,"href":"https:\/\/casanha.com\/en\/wp-json\/wp\/v2\/product_brand?post=112082"},{"taxonomy":"product_cat","embeddable":true,"href":"https:\/\/casanha.com\/en\/wp-json\/wp\/v2\/product_cat?post=112082"},{"taxonomy":"product_tag","embeddable":true,"href":"https:\/\/casanha.com\/en\/wp-json\/wp\/v2\/product_tag?post=112082"}],"curies":[{"name":"wp","href":"https:\/\/api.w.org\/{rel}","templated":true}]}}