{"id":109078,"date":"2026-01-11T12:40:06","date_gmt":"2026-01-11T05:40:06","guid":{"rendered":"https:\/\/casanha.com\/?post_type=product&#038;p=109078"},"modified":"2026-02-24T15:43:14","modified_gmt":"2026-02-24T08:43:14","slug":"hover-ghe-bang","status":"publish","type":"product","link":"https:\/\/casanha.com\/en\/product\/hover-ghe-bang\/","title":{"rendered":"HOVER &#8211; GH\u1ebe B\u0102NG"},"content":{"rendered":"<p>Ph\u1ea7n ch\u00e2n b\u0103ng d\u1ea1ng c\u00e0ng tr\u01b0\u1ee3t \u0111\u01b0\u1ee3c ch\u1ebf t\u00e1c tinh x\u1ea3o c\u1ee7a chi\u1ebfc b\u0103ng gh\u1ebf n\u00e0y ph\u1ea3n chi\u1ebfu thi\u1ebft k\u1ebf ch\u00e2n c\u1ee7a b\u00e0n \u0103n Hover. M\u1eb7t gh\u1ebf g\u1ed3m hai t\u1ea5m g\u1ed7 s\u1ed3i nguy\u00ean kh\u1ed1i \u0111\u01b0\u1ee3c bo tr\u00f2n m\u1ec1m m\u1ea1i, ho\u1eb7c m\u1ed9t bi\u1ebfn th\u1ec3 h\u00ecnh th\u1ee9c v\u1edbi c\u00e1c t\u1ea5m b\u1ecdc n\u1ec7m, \u0111\u01b0\u1ee3c c\u1ed1 \u0111\u1ecbnh \u1edf hai \u0111\u1ea7u b\u1eb1ng c\u00e1c ch\u1ed1t g\u1ed7. C\u0169ng nh\u01b0 h\u1ea7u h\u1ebft c\u00e1c thi\u1ebft k\u1ebf c\u1ee7a Patryk Koca, ch\u00ednh s\u1ef1 h\u00f2a quy\u1ec7n c\u1ee7a nh\u1eefng chi ti\u1ebft tinh t\u1ebf kh\u00f3 nh\u1eadn ra, s\u1ef1 gi\u1ea3n l\u01b0\u1ee3c v\u00e0 t\u1ef7 l\u1ec7 \u0111\u01b0\u1ee3c c\u00e2n nh\u1eafc k\u1ef9 l\u01b0\u1ee1ng \u0111\u00e3 t\u1ea1o n\u00ean m\u1ed9t thi\u1ebft k\u1ebf \u0111\u1eb9p \u0111\u1ebd v\u00e0 v\u01b0\u1ee3t th\u1eddi gian\/ <em>The finely-crafted sled legs of this bench mirror those of the Hover dining table. The seat comes as two smoothly rounded-off planks of solid oak, or a variation in form with upholstered panels, anchored on the ends with wooden plugs. As with most designs by Patryk Koca it is a chorus of barely-noticed subtle details, simplicity and thoughtful proportions, which create something beautiful and timeless.\u00a0<\/em><\/p>\n<p><strong>Th\u00f4ng tin s\u1ea3n ph\u1ea9m\/\u00a0<em>Product information<\/em><\/strong><br \/>\n<span lang=\"EN-US\">M\u00e0u s\u1eafc\/\u00a0<em>Color:\u00a0<\/em><\/span><span lang=\"VI\">T\u1ef1 nhi\u00ean<\/span><span lang=\"EN-US\">\u00a0&amp;\u00a0<\/span>N\u00e2u s\u00e1ng<span lang=\"EN-US\">\/\u00a0<em>Natural &amp; light\u00a0<\/em><\/span><em><span lang=\"EN-US\">brown<\/span><\/em><br \/>\nCh\u1ea5t li\u1ec7u\/\u00a0<em>Materials<\/em><br \/>\nL\u1edbp \u0111\u1ec7m gh\u1ebf &amp; ru\u1ed9t g\u1ed1i\/\u00a0<em>Seating &amp; cushion filling<\/em>\u00a0:\u00a0G\u1ed7 s\u1ed3i nguy\u00ean kh\u1ed1i, m\u00fat \u0111\u00e0n h\u1ed3i cao &amp; da thu\u1ed9\/\u00a0<em>Solid oak, h<\/em><em>igh density foam &amp; leather<\/em><br \/>\nB\u1ecdc n\u1ec7m\/\u00a0<em>Upholstery<\/em>:\u00a0Montana Canyon (110% Anniline)<br \/>\nCh\u00e2n\/\u00a0<em>Legs<\/em>\u00a0:\u00a0G\u1ed7 s\u1ed3i nguy\u00ean kh\u1ed1i\/\u00a0<em>Solid oak<\/em><br \/>\nK\u1ebft c\u1ea5u\/\u00a0<em>structure<\/em>\u00a0:\u00a0G\u1ed7 s\u1ed3i nguy\u00ean kh\u1ed1i\/\u00a0<em>Solid oak<\/em><em><br \/>\n<\/em>K\u00edch th\u01b0\u1edbc\/\u00a0<em>Dimensions<\/em>: W140 x D44 x H45cm<\/p>\n<p>B\u1ed9 s\u01b0u t\u1eadp\/\u00a0<em>Collection<\/em>: Hover line<br \/>\nPhong c\u00e1ch\/\u00a0<em>Style<\/em>: Casanh\u00e0<br \/>\n<span lang=\"EN-US\">Nh\u00e0 thi\u1ebft k\u1ebf\/\u00a0<em>Designer<\/em>\u00a0: Patryck Koca<\/span><br \/>\n\u00cam \u00e1i\/\u00a0<em>Comfort<\/em>\u00a0: \u0110\u1ec7m c\u1ee9ng v\u1eeba\/\u00a0<em>Firm<\/em><\/p>\n<p><span lang=\"VI\">\u0110\u1eb7t h\u00e0ng tr\u01b0\u1edbc<\/span><span lang=\"EN-US\">\/<em>\u00a0Backorder<\/em><\/span><span lang=\"VI\">\u00a0<\/span><span lang=\"EN-US\">:<\/span><span lang=\"EN-US\">\u00a0<\/span><span lang=\"VI\">\u0110\u00fang\/<em>\u00a0Yes<\/em><\/span><br \/>\n<span lang=\"EN-US\">T<\/span><span lang=\"VI\">h\u1eddi gian d\u1eabn<\/span><span lang=\"EN-US\">\/\u00a0<em>Lead time\u00a0<\/em>:<em>\u00a0<\/em>4-5\u00a0<\/span><span lang=\"VI\">Tu\u1ea7n<\/span><span lang=\"EN-US\">\/\u00a0<em>Weeks<\/em><\/span><br \/>\nG\u1ed1i c\u00f3 th\u1ec3 th\u00e1o v\u1ecf\/\u00a0<em>Removable cover<\/em>: Kh\u00f4ng\/\u00a0<em>No<\/em><br \/>\nCh\u00e2n c\u00f3 th\u1ec3 \u0111i\u1ec1u ch\u1ec9nh\/\u00a0<em>Adjustable legs<\/em>: Kh\u00f4ng\/\u00a0<em>No<\/em><\/p>\n<p>C\u00e2n n\u1eb7ng\/\u00a0<em>Weight<\/em>: 18kg<br \/>\nBao b\u00ec\/\u00a0<em>Packaging<\/em>: 1 carton (W146 x D50 x H53cm)<br \/>\nY\u00eau c\u1ea7u l\u1eafp r\u00e1p\/<em>Assembly required<\/em>: Kh\u00f4ng\/\u00a0<em>No<\/em><\/p>\n<p>N\u01b0\u1edbc xu\u1ea5t x\u1ee9\/\u00a0<em>Country of origin<\/em>:\u00a0Vi\u1ec7t Nam\/\u00a0<em>Vietnam<\/em><\/p>\n","protected":false},"excerpt":{"rendered":"<p><strong>Tolv l\u00e0 m\u1ed9t th\u01b0\u01a1ng hi\u1ec7u n\u1ed9i th\u1ea5t thu\u1ed9c s\u1edf h\u1eefu c\u1ee7a \u0110an M\u1ea1ch, chuy\u00ean thi\u1ebft k\u1ebf v\u00e0 s\u1ea3n xu\u1ea5t nh\u1eefng s\u1ea3n ph\u1ea9m nguy\u00ean b\u1ea3n, mang t\u00ednh bi\u1ec3u t\u01b0\u1ee3ng cho kh\u00f4ng gian s\u1ed1ng v\u00e0 n\u1ed9i th\u1ea5t tr\u00ean to\u00e0n th\u1ebf gi\u1edbi t\u1eeb n\u0103m 2014\/\u00a0<\/strong><em>Tolv is a Danish-owned furniture brand that has been designing and producing original and iconic products for homes and interior spaces worldwide since 2014.<\/em><\/p>\n<p>Tolv \u0111\u01b0\u1ee3c x\u00e2y d\u1ef1ng d\u1ef1a tr\u00ean ni\u1ec1m tin r\u1eb1ng thi\u1ebft k\u1ebf t\u1ed1t th\u1ec3 hi\u1ec7n m\u1ed9t c\u00e1ch nh\u1eb9 nh\u00e0ng nh\u01b0ng r\u00f5 r\u00e0ng. Ch\u00fang t\u00f4i b\u1ecb cu\u1ed1n h\u00fat b\u1edfi nh\u1eefng s\u1ea3n ph\u1ea9m ch\u00e2n th\u1eadt \u2014 n\u01a1i kh\u00f4ng c\u00f3 \u0111i\u1ec1u g\u00ec b\u1ecb g\u01b0\u1ee3ng \u00e9p, v\u00e0 m\u1ed7i chi ti\u1ebft \u0111\u1ec1u c\u00f3 l\u00fd do \u0111\u1ec3 t\u1ed3n t\u1ea1i. C\u00e1ch ti\u1ebfp c\u1eadn c\u1ee7a ch\u00fang t\u00f4i \u0111\u1ec1 cao s\u1ef1 t\u1ed1i gi\u1ea3n, t\u1ef7 l\u1ec7 h\u00e0i h\u00f2a v\u00e0 vi\u1ec7c s\u1eed d\u1ee5ng v\u1eadt li\u1ec7u v\u1edbi s\u1ef1 tr\u00e2n tr\u1ecdng. M\u1ee5c ti\u00eau l\u00e0 \u0111\u1ea1t \u0111\u01b0\u1ee3c nhi\u1ec1u nh\u1ea5t b\u1eb1ng \u00edt nh\u1ea5t\/\u00a0<em>Tolv is built on the belief that good design speaks quietly but with clarity. We\u2019re drawn to pieces that feel honest\u2014where nothing is forced, and every element has a reason for being there. Our approach favours simplicity, thoughtful proportions, and materials used with respect. It\u2019s about achieving the most with the least.<\/em><em><br \/>\n<\/em><br \/>\nC\u1ed1t l\u00f5i c\u1ee7a Tolv l\u00e0 t\u1ea1o ra nh\u1eefng m\u00f3n \u0111\u1ed3 n\u1ed9i th\u1ea5t mang l\u1ea1i c\u1ea3m gi\u00e1c ho\u00e0n thi\u1ec7n \u2014 v\u1ec1 m\u1eb7t th\u1ecb gi\u00e1c, c\u00f4ng n\u0103ng v\u00e0 c\u1ea3m x\u00fac. Ch\u00fang t\u00f4i h\u1ee3p t\u00e1c v\u1edbi nh\u1eefng nh\u00e0 thi\u1ebft k\u1ebf c\u00f9ng chung tri\u1ebft l\u00fd n\u00e0y \u2014 nh\u1eefng ng\u01b0\u1eddi hi\u1ec3u r\u1eb1ng v\u1ebb \u0111\u1eb9p th\u00f4i l\u00e0 ch\u01b0a \u0111\u1ee7. M\u1ed9t s\u1ea3n ph\u1ea9m c\u00f2n ph\u1ea3i d\u1ec5 s\u1eed d\u1ee5ng, b\u1ec1n b\u1ec9 v\u00e0 ph\u00f9 h\u1ee3p v\u1edbi m\u1ee5c \u0111\u00edch c\u1ee7a n\u00f3. Ch\u00fang t\u00f4i xem thi\u1ebft k\u1ebf l\u00e0 m\u1ed9t qu\u00e1 tr\u00ecnh gi\u1ea3i quy\u1ebft v\u1ea5n \u0111\u1ec1, ch\u1ee9 kh\u00f4ng ch\u1ec9 l\u00e0 s\u1ef1 th\u1ec3 hi\u1ec7n\/\u00a0<em>At its core, Tolv exists to make furniture that feels resolved\u2014visually, practically, and emotionally. We work with designers who share this ethos, who understand that beauty is not enough on its own. A product must also be usable, durable, and appropriate to its purpose. We see design as a process of solving\u2014not just expressing.<\/em><\/p>\n<p>Ch\u00fang t\u00f4i kh\u00f4ng ch\u1ea1y theo xu h\u01b0\u1edbng hay t\u00ecm ki\u1ebfm s\u1ef1 m\u1edbi l\u1ea1 nh\u1ea5t th\u1eddi. Thay v\u00e0o \u0111\u00f3, ch\u00fang t\u00f4i h\u01b0\u1edbng \u0111\u1ebfn vi\u1ec7c t\u1ea1o ra nh\u1eefng s\u1ea3n ph\u1ea9m b\u1ec1n v\u1eefng theo th\u1eddi gian. M\u1ed7i thi\u1ebft k\u1ebf c\u1ee7a ch\u00fang t\u00f4i l\u00e0 k\u1ebft qu\u1ea3 c\u1ee7a s\u1ef1 h\u1ee3p t\u00e1c t\u1ec9 m\u1ec9, n\u01a1i \u00fd t\u01b0\u1edfng \u0111\u01b0\u1ee3c th\u1eed nghi\u1ec7m, \u0111i\u1ec1u ch\u1ec9nh v\u00e0 ho\u00e0n thi\u1ec7n cho \u0111\u1ebfn khi \u0111\u1ea1t \u0111\u01b0\u1ee3c s\u1ef1 c\u00e2n b\u1eb1ng. Kh\u00f4ng c\u00f3 chi\u00eau tr\u00f2, kh\u00f4ng c\u00f3 chi ti\u1ebft th\u1eeba \u2014 ch\u1ec9 l\u00e0 nh\u1eefng s\u1ea3n ph\u1ea9m n\u1ed9i th\u1ea5t tinh t\u1ebf, \u0111\u01b0\u1ee3c ch\u1ebf t\u00e1c c\u1ea9n th\u1eadn, th\u1ec3 hi\u1ec7n gi\u00e1 tr\u1ecb c\u1ee7a m\u00ecnh m\u1ed9t c\u00e1ch l\u1eb7ng l\u1ebd\/\u00a0<em>We don\u2019t follow trends or chase novelty. Instead, we aim to create enduring objects that hold their own over time. Everything we make is the result of careful collaboration, where ideas are tested, adapted, and refined until they feel right. There are no gimmicks, no unnecessary gestures\u2014just thoughtful, well-made furniture that carries its weight quietly.<\/em><\/p>\n","protected":false},"featured_media":109087,"comment_status":"open","ping_status":"closed","template":"","meta":[],"product_brand":[3002],"product_cat":[2543],"product_tag":[],"class_list":{"0":"post-109078","1":"product","2":"type-product","3":"status-publish","4":"has-post-thumbnail","6":"product_brand-tolv","7":"product_cat-bench-stool","8":"product_shipping_class-bulky-items","10":"first","11":"onbackorder","12":"shipping-taxable","13":"purchasable","14":"product-type-simple"},"yoast_head":"<!-- This site is optimized with the Yoast SEO plugin v27.1.1 - https:\/\/yoast.com\/product\/yoast-seo-wordpress\/ -->\n<title>HOVER - GH\u1ebe B\u0102NG - Casanha<\/title>\n<meta name=\"robots\" content=\"index, follow, max-snippet:-1, max-image-preview:large, max-video-preview:-1\" \/>\n<link rel=\"canonical\" href=\"https:\/\/casanha.com\/en\/product\/hover-ghe-bang\/\" \/>\n<meta property=\"og:locale\" content=\"en_US\" \/>\n<meta property=\"og:type\" content=\"article\" \/>\n<meta property=\"og:title\" content=\"HOVER - GH\u1ebe B\u0102NG - Casanha\" \/>\n<meta property=\"og:description\" content=\"Tolv l\u00e0 m\u1ed9t th\u01b0\u01a1ng hi\u1ec7u n\u1ed9i th\u1ea5t thu\u1ed9c s\u1edf h\u1eefu c\u1ee7a \u0110an M\u1ea1ch, chuy\u00ean thi\u1ebft k\u1ebf v\u00e0 s\u1ea3n xu\u1ea5t nh\u1eefng s\u1ea3n ph\u1ea9m nguy\u00ean b\u1ea3n, mang t\u00ednh bi\u1ec3u t\u01b0\u1ee3ng cho kh\u00f4ng gian s\u1ed1ng v\u00e0 n\u1ed9i th\u1ea5t tr\u00ean to\u00e0n th\u1ebf gi\u1edbi t\u1eeb n\u0103m 2014\/\u00a0Tolv is a Danish-owned furniture brand that has been designing and producing original and iconic products for homes and interior spaces worldwide since 2014.  Tolv \u0111\u01b0\u1ee3c x\u00e2y d\u1ef1ng d\u1ef1a tr\u00ean ni\u1ec1m tin r\u1eb1ng thi\u1ebft k\u1ebf t\u1ed1t th\u1ec3 hi\u1ec7n m\u1ed9t c\u00e1ch nh\u1eb9 nh\u00e0ng nh\u01b0ng r\u00f5 r\u00e0ng. Ch\u00fang t\u00f4i b\u1ecb cu\u1ed1n h\u00fat b\u1edfi nh\u1eefng s\u1ea3n ph\u1ea9m ch\u00e2n th\u1eadt \u2014 n\u01a1i kh\u00f4ng c\u00f3 \u0111i\u1ec1u g\u00ec b\u1ecb g\u01b0\u1ee3ng \u00e9p, v\u00e0 m\u1ed7i chi ti\u1ebft \u0111\u1ec1u c\u00f3 l\u00fd do \u0111\u1ec3 t\u1ed3n t\u1ea1i. C\u00e1ch ti\u1ebfp c\u1eadn c\u1ee7a ch\u00fang t\u00f4i \u0111\u1ec1 cao s\u1ef1 t\u1ed1i gi\u1ea3n, t\u1ef7 l\u1ec7 h\u00e0i h\u00f2a v\u00e0 vi\u1ec7c s\u1eed d\u1ee5ng v\u1eadt li\u1ec7u v\u1edbi s\u1ef1 tr\u00e2n tr\u1ecdng. M\u1ee5c ti\u00eau l\u00e0 \u0111\u1ea1t \u0111\u01b0\u1ee3c nhi\u1ec1u nh\u1ea5t b\u1eb1ng \u00edt nh\u1ea5t\/\u00a0Tolv is built on the belief that good design speaks quietly but with clarity. We\u2019re drawn to pieces that feel honest\u2014where nothing is forced, and every element has a reason for being there. Our approach favours simplicity, thoughtful proportions, and materials used with respect. It\u2019s about achieving the most with the least.  C\u1ed1t l\u00f5i c\u1ee7a Tolv l\u00e0 t\u1ea1o ra nh\u1eefng m\u00f3n \u0111\u1ed3 n\u1ed9i th\u1ea5t mang l\u1ea1i c\u1ea3m gi\u00e1c ho\u00e0n thi\u1ec7n \u2014 v\u1ec1 m\u1eb7t th\u1ecb gi\u00e1c, c\u00f4ng n\u0103ng v\u00e0 c\u1ea3m x\u00fac. Ch\u00fang t\u00f4i h\u1ee3p t\u00e1c v\u1edbi nh\u1eefng nh\u00e0 thi\u1ebft k\u1ebf c\u00f9ng chung tri\u1ebft l\u00fd n\u00e0y \u2014 nh\u1eefng ng\u01b0\u1eddi hi\u1ec3u r\u1eb1ng v\u1ebb \u0111\u1eb9p th\u00f4i l\u00e0 ch\u01b0a \u0111\u1ee7. M\u1ed9t s\u1ea3n ph\u1ea9m c\u00f2n ph\u1ea3i d\u1ec5 s\u1eed d\u1ee5ng, b\u1ec1n b\u1ec9 v\u00e0 ph\u00f9 h\u1ee3p v\u1edbi m\u1ee5c \u0111\u00edch c\u1ee7a n\u00f3. Ch\u00fang t\u00f4i xem thi\u1ebft k\u1ebf l\u00e0 m\u1ed9t qu\u00e1 tr\u00ecnh gi\u1ea3i quy\u1ebft v\u1ea5n \u0111\u1ec1, ch\u1ee9 kh\u00f4ng ch\u1ec9 l\u00e0 s\u1ef1 th\u1ec3 hi\u1ec7n\/\u00a0At its core, Tolv exists to make furniture that feels resolved\u2014visually, practically, and emotionally. We work with designers who share this ethos, who understand that beauty is not enough on its own. A product must also be usable, durable, and appropriate to its purpose. We see design as a process of solving\u2014not just expressing.  Ch\u00fang t\u00f4i kh\u00f4ng ch\u1ea1y theo xu h\u01b0\u1edbng hay t\u00ecm ki\u1ebfm s\u1ef1 m\u1edbi l\u1ea1 nh\u1ea5t th\u1eddi. Thay v\u00e0o \u0111\u00f3, ch\u00fang t\u00f4i h\u01b0\u1edbng \u0111\u1ebfn vi\u1ec7c t\u1ea1o ra nh\u1eefng s\u1ea3n ph\u1ea9m b\u1ec1n v\u1eefng theo th\u1eddi gian. M\u1ed7i thi\u1ebft k\u1ebf c\u1ee7a ch\u00fang t\u00f4i l\u00e0 k\u1ebft qu\u1ea3 c\u1ee7a s\u1ef1 h\u1ee3p t\u00e1c t\u1ec9 m\u1ec9, n\u01a1i \u00fd t\u01b0\u1edfng \u0111\u01b0\u1ee3c th\u1eed nghi\u1ec7m, \u0111i\u1ec1u ch\u1ec9nh v\u00e0 ho\u00e0n thi\u1ec7n cho \u0111\u1ebfn khi \u0111\u1ea1t \u0111\u01b0\u1ee3c s\u1ef1 c\u00e2n b\u1eb1ng. Kh\u00f4ng c\u00f3 chi\u00eau tr\u00f2, kh\u00f4ng c\u00f3 chi ti\u1ebft th\u1eeba \u2014 ch\u1ec9 l\u00e0 nh\u1eefng s\u1ea3n ph\u1ea9m n\u1ed9i th\u1ea5t tinh t\u1ebf, \u0111\u01b0\u1ee3c ch\u1ebf t\u00e1c c\u1ea9n th\u1eadn, th\u1ec3 hi\u1ec7n gi\u00e1 tr\u1ecb c\u1ee7a m\u00ecnh m\u1ed9t c\u00e1ch l\u1eb7ng l\u1ebd\/\u00a0We don\u2019t follow trends or chase novelty. Instead, we aim to create enduring objects that hold their own over time. Everything we make is the result of careful collaboration, where ideas are tested, adapted, and refined until they feel right. There are no gimmicks, no unnecessary gestures\u2014just thoughtful, well-made furniture that carries its weight quietly.\" \/>\n<meta property=\"og:url\" content=\"https:\/\/casanha.com\/en\/product\/hover-ghe-bang\/\" \/>\n<meta property=\"og:site_name\" content=\"Casanha\" \/>\n<meta property=\"article:publisher\" content=\"https:\/\/www.facebook.com\/CasanhaHome\" \/>\n<meta property=\"article:modified_time\" content=\"2026-02-24T08:43:14+00:00\" \/>\n<meta property=\"og:image\" content=\"https:\/\/casanha-beta.s3.ap-southeast-1.amazonaws.com\/2026\/01\/Hover-bench-montana-profil-pic1.png\" \/>\n\t<meta property=\"og:image:width\" content=\"1080\" \/>\n\t<meta property=\"og:image:height\" content=\"1350\" \/>\n\t<meta property=\"og:image:type\" content=\"image\/png\" \/>\n<meta name=\"twitter:card\" content=\"summary_large_image\" \/>\n<script type=\"application\/ld+json\" class=\"yoast-schema-graph\">{\"@context\":\"https:\/\/schema.org\",\"@graph\":[{\"@type\":\"WebPage\",\"@id\":\"https:\/\/casanha.com\/product\/hover-ghe-bang\/\",\"url\":\"https:\/\/casanha.com\/product\/hover-ghe-bang\/\",\"name\":\"HOVER - GH\u1ebe B\u0102NG - Casanha\",\"isPartOf\":{\"@id\":\"https:\/\/casanha.com\/vi\/#website\"},\"primaryImageOfPage\":{\"@id\":\"https:\/\/casanha.com\/product\/hover-ghe-bang\/#primaryimage\"},\"image\":{\"@id\":\"https:\/\/casanha.com\/product\/hover-ghe-bang\/#primaryimage\"},\"thumbnailUrl\":\"https:\/\/casanha-beta.s3.ap-southeast-1.amazonaws.com\/2026\/01\/Hover-bench-montana-profil-pic1.png\",\"datePublished\":\"2026-01-11T05:40:06+00:00\",\"dateModified\":\"2026-02-24T08:43:14+00:00\",\"breadcrumb\":{\"@id\":\"https:\/\/casanha.com\/product\/hover-ghe-bang\/#breadcrumb\"},\"inLanguage\":\"en-US\",\"potentialAction\":[{\"@type\":\"ReadAction\",\"target\":[\"https:\/\/casanha.com\/product\/hover-ghe-bang\/\"]}]},{\"@type\":\"ImageObject\",\"inLanguage\":\"en-US\",\"@id\":\"https:\/\/casanha.com\/product\/hover-ghe-bang\/#primaryimage\",\"url\":\"https:\/\/casanha-beta.s3.ap-southeast-1.amazonaws.com\/2026\/01\/Hover-bench-montana-profil-pic1.png\",\"contentUrl\":\"https:\/\/casanha-beta.s3.ap-southeast-1.amazonaws.com\/2026\/01\/Hover-bench-montana-profil-pic1.png\",\"width\":1080,\"height\":1350},{\"@type\":\"BreadcrumbList\",\"@id\":\"https:\/\/casanha.com\/product\/hover-ghe-bang\/#breadcrumb\",\"itemListElement\":[{\"@type\":\"ListItem\",\"position\":1,\"name\":\"Home\",\"item\":\"https:\/\/casanha.com\/\"},{\"@type\":\"ListItem\",\"position\":2,\"name\":\"C\u1eeda h\u00e0ng\",\"item\":\"https:\/\/casanha.com\/vi\/cua-hang\/\"},{\"@type\":\"ListItem\",\"position\":3,\"name\":\"HOVER &#8211; GH\u1ebe B\u0102NG\"}]},{\"@type\":\"WebSite\",\"@id\":\"https:\/\/casanha.com\/vi\/#website\",\"url\":\"https:\/\/casanha.com\/vi\/\",\"name\":\"Casanha\",\"description\":\"Home Decor &amp; Furniture\",\"publisher\":{\"@id\":\"https:\/\/casanha.com\/vi\/#organization\"},\"potentialAction\":[{\"@type\":\"SearchAction\",\"target\":{\"@type\":\"EntryPoint\",\"urlTemplate\":\"https:\/\/casanha.com\/vi\/?s={search_term_string}\"},\"query-input\":{\"@type\":\"PropertyValueSpecification\",\"valueRequired\":true,\"valueName\":\"search_term_string\"}}],\"inLanguage\":\"en-US\"},{\"@type\":\"Organization\",\"@id\":\"https:\/\/casanha.com\/vi\/#organization\",\"name\":\"Casanha\",\"url\":\"https:\/\/casanha.com\/vi\/\",\"logo\":{\"@type\":\"ImageObject\",\"inLanguage\":\"en-US\",\"@id\":\"https:\/\/casanha.com\/vi\/#\/schema\/logo\/image\/\",\"url\":\"https:\/\/casanha-beta.s3.ap-southeast-1.amazonaws.com\/2026\/02\/logo-2026.jpg\",\"contentUrl\":\"https:\/\/casanha-beta.s3.ap-southeast-1.amazonaws.com\/2026\/02\/logo-2026.jpg\",\"width\":1500,\"height\":1500,\"caption\":\"Casanha\"},\"image\":{\"@id\":\"https:\/\/casanha.com\/vi\/#\/schema\/logo\/image\/\"},\"sameAs\":[\"https:\/\/www.facebook.com\/CasanhaHome\",\"https:\/\/www.instagram.com\/casanhahome\/\",\"https:\/\/www.youtube.com\/@casanha\",\"https:\/\/www.tiktok.com\/@casanha.com\",\"https:\/\/zalo.me\/casanhahome\"]}]}<\/script>\n<!-- \/ Yoast SEO plugin. -->","yoast_head_json":{"title":"HOVER - GH\u1ebe B\u0102NG - Casanha","robots":{"index":"index","follow":"follow","max-snippet":"max-snippet:-1","max-image-preview":"max-image-preview:large","max-video-preview":"max-video-preview:-1"},"canonical":"https:\/\/casanha.com\/en\/product\/hover-ghe-bang\/","og_locale":"en_US","og_type":"article","og_title":"HOVER - GH\u1ebe B\u0102NG - Casanha","og_description":"Tolv l\u00e0 m\u1ed9t th\u01b0\u01a1ng hi\u1ec7u n\u1ed9i th\u1ea5t thu\u1ed9c s\u1edf h\u1eefu c\u1ee7a \u0110an M\u1ea1ch, chuy\u00ean thi\u1ebft k\u1ebf v\u00e0 s\u1ea3n xu\u1ea5t nh\u1eefng s\u1ea3n ph\u1ea9m nguy\u00ean b\u1ea3n, mang t\u00ednh bi\u1ec3u t\u01b0\u1ee3ng cho kh\u00f4ng gian s\u1ed1ng v\u00e0 n\u1ed9i th\u1ea5t tr\u00ean to\u00e0n th\u1ebf gi\u1edbi t\u1eeb n\u0103m 2014\/\u00a0Tolv is a Danish-owned furniture brand that has been designing and producing original and iconic products for homes and interior spaces worldwide since 2014.  Tolv \u0111\u01b0\u1ee3c x\u00e2y d\u1ef1ng d\u1ef1a tr\u00ean ni\u1ec1m tin r\u1eb1ng thi\u1ebft k\u1ebf t\u1ed1t th\u1ec3 hi\u1ec7n m\u1ed9t c\u00e1ch nh\u1eb9 nh\u00e0ng nh\u01b0ng r\u00f5 r\u00e0ng. Ch\u00fang t\u00f4i b\u1ecb cu\u1ed1n h\u00fat b\u1edfi nh\u1eefng s\u1ea3n ph\u1ea9m ch\u00e2n th\u1eadt \u2014 n\u01a1i kh\u00f4ng c\u00f3 \u0111i\u1ec1u g\u00ec b\u1ecb g\u01b0\u1ee3ng \u00e9p, v\u00e0 m\u1ed7i chi ti\u1ebft \u0111\u1ec1u c\u00f3 l\u00fd do \u0111\u1ec3 t\u1ed3n t\u1ea1i. C\u00e1ch ti\u1ebfp c\u1eadn c\u1ee7a ch\u00fang t\u00f4i \u0111\u1ec1 cao s\u1ef1 t\u1ed1i gi\u1ea3n, t\u1ef7 l\u1ec7 h\u00e0i h\u00f2a v\u00e0 vi\u1ec7c s\u1eed d\u1ee5ng v\u1eadt li\u1ec7u v\u1edbi s\u1ef1 tr\u00e2n tr\u1ecdng. M\u1ee5c ti\u00eau l\u00e0 \u0111\u1ea1t \u0111\u01b0\u1ee3c nhi\u1ec1u nh\u1ea5t b\u1eb1ng \u00edt nh\u1ea5t\/\u00a0Tolv is built on the belief that good design speaks quietly but with clarity. We\u2019re drawn to pieces that feel honest\u2014where nothing is forced, and every element has a reason for being there. Our approach favours simplicity, thoughtful proportions, and materials used with respect. It\u2019s about achieving the most with the least.  C\u1ed1t l\u00f5i c\u1ee7a Tolv l\u00e0 t\u1ea1o ra nh\u1eefng m\u00f3n \u0111\u1ed3 n\u1ed9i th\u1ea5t mang l\u1ea1i c\u1ea3m gi\u00e1c ho\u00e0n thi\u1ec7n \u2014 v\u1ec1 m\u1eb7t th\u1ecb gi\u00e1c, c\u00f4ng n\u0103ng v\u00e0 c\u1ea3m x\u00fac. Ch\u00fang t\u00f4i h\u1ee3p t\u00e1c v\u1edbi nh\u1eefng nh\u00e0 thi\u1ebft k\u1ebf c\u00f9ng chung tri\u1ebft l\u00fd n\u00e0y \u2014 nh\u1eefng ng\u01b0\u1eddi hi\u1ec3u r\u1eb1ng v\u1ebb \u0111\u1eb9p th\u00f4i l\u00e0 ch\u01b0a \u0111\u1ee7. M\u1ed9t s\u1ea3n ph\u1ea9m c\u00f2n ph\u1ea3i d\u1ec5 s\u1eed d\u1ee5ng, b\u1ec1n b\u1ec9 v\u00e0 ph\u00f9 h\u1ee3p v\u1edbi m\u1ee5c \u0111\u00edch c\u1ee7a n\u00f3. Ch\u00fang t\u00f4i xem thi\u1ebft k\u1ebf l\u00e0 m\u1ed9t qu\u00e1 tr\u00ecnh gi\u1ea3i quy\u1ebft v\u1ea5n \u0111\u1ec1, ch\u1ee9 kh\u00f4ng ch\u1ec9 l\u00e0 s\u1ef1 th\u1ec3 hi\u1ec7n\/\u00a0At its core, Tolv exists to make furniture that feels resolved\u2014visually, practically, and emotionally. We work with designers who share this ethos, who understand that beauty is not enough on its own. A product must also be usable, durable, and appropriate to its purpose. We see design as a process of solving\u2014not just expressing.  Ch\u00fang t\u00f4i kh\u00f4ng ch\u1ea1y theo xu h\u01b0\u1edbng hay t\u00ecm ki\u1ebfm s\u1ef1 m\u1edbi l\u1ea1 nh\u1ea5t th\u1eddi. Thay v\u00e0o \u0111\u00f3, ch\u00fang t\u00f4i h\u01b0\u1edbng \u0111\u1ebfn vi\u1ec7c t\u1ea1o ra nh\u1eefng s\u1ea3n ph\u1ea9m b\u1ec1n v\u1eefng theo th\u1eddi gian. M\u1ed7i thi\u1ebft k\u1ebf c\u1ee7a ch\u00fang t\u00f4i l\u00e0 k\u1ebft qu\u1ea3 c\u1ee7a s\u1ef1 h\u1ee3p t\u00e1c t\u1ec9 m\u1ec9, n\u01a1i \u00fd t\u01b0\u1edfng \u0111\u01b0\u1ee3c th\u1eed nghi\u1ec7m, \u0111i\u1ec1u ch\u1ec9nh v\u00e0 ho\u00e0n thi\u1ec7n cho \u0111\u1ebfn khi \u0111\u1ea1t \u0111\u01b0\u1ee3c s\u1ef1 c\u00e2n b\u1eb1ng. Kh\u00f4ng c\u00f3 chi\u00eau tr\u00f2, kh\u00f4ng c\u00f3 chi ti\u1ebft th\u1eeba \u2014 ch\u1ec9 l\u00e0 nh\u1eefng s\u1ea3n ph\u1ea9m n\u1ed9i th\u1ea5t tinh t\u1ebf, \u0111\u01b0\u1ee3c ch\u1ebf t\u00e1c c\u1ea9n th\u1eadn, th\u1ec3 hi\u1ec7n gi\u00e1 tr\u1ecb c\u1ee7a m\u00ecnh m\u1ed9t c\u00e1ch l\u1eb7ng l\u1ebd\/\u00a0We don\u2019t follow trends or chase novelty. Instead, we aim to create enduring objects that hold their own over time. Everything we make is the result of careful collaboration, where ideas are tested, adapted, and refined until they feel right. There are no gimmicks, no unnecessary gestures\u2014just thoughtful, well-made furniture that carries its weight quietly.","og_url":"https:\/\/casanha.com\/en\/product\/hover-ghe-bang\/","og_site_name":"Casanha","article_publisher":"https:\/\/www.facebook.com\/CasanhaHome","article_modified_time":"2026-02-24T08:43:14+00:00","og_image":[{"width":1080,"height":1350,"url":"https:\/\/casanha-beta.s3.ap-southeast-1.amazonaws.com\/2026\/01\/Hover-bench-montana-profil-pic1.png","type":"image\/png"}],"twitter_card":"summary_large_image","schema":{"@context":"https:\/\/schema.org","@graph":[{"@type":"WebPage","@id":"https:\/\/casanha.com\/product\/hover-ghe-bang\/","url":"https:\/\/casanha.com\/product\/hover-ghe-bang\/","name":"HOVER - GH\u1ebe B\u0102NG - Casanha","isPartOf":{"@id":"https:\/\/casanha.com\/vi\/#website"},"primaryImageOfPage":{"@id":"https:\/\/casanha.com\/product\/hover-ghe-bang\/#primaryimage"},"image":{"@id":"https:\/\/casanha.com\/product\/hover-ghe-bang\/#primaryimage"},"thumbnailUrl":"https:\/\/casanha-beta.s3.ap-southeast-1.amazonaws.com\/2026\/01\/Hover-bench-montana-profil-pic1.png","datePublished":"2026-01-11T05:40:06+00:00","dateModified":"2026-02-24T08:43:14+00:00","breadcrumb":{"@id":"https:\/\/casanha.com\/product\/hover-ghe-bang\/#breadcrumb"},"inLanguage":"en-US","potentialAction":[{"@type":"ReadAction","target":["https:\/\/casanha.com\/product\/hover-ghe-bang\/"]}]},{"@type":"ImageObject","inLanguage":"en-US","@id":"https:\/\/casanha.com\/product\/hover-ghe-bang\/#primaryimage","url":"https:\/\/casanha-beta.s3.ap-southeast-1.amazonaws.com\/2026\/01\/Hover-bench-montana-profil-pic1.png","contentUrl":"https:\/\/casanha-beta.s3.ap-southeast-1.amazonaws.com\/2026\/01\/Hover-bench-montana-profil-pic1.png","width":1080,"height":1350},{"@type":"BreadcrumbList","@id":"https:\/\/casanha.com\/product\/hover-ghe-bang\/#breadcrumb","itemListElement":[{"@type":"ListItem","position":1,"name":"Home","item":"https:\/\/casanha.com\/"},{"@type":"ListItem","position":2,"name":"C\u1eeda h\u00e0ng","item":"https:\/\/casanha.com\/vi\/cua-hang\/"},{"@type":"ListItem","position":3,"name":"HOVER &#8211; GH\u1ebe B\u0102NG"}]},{"@type":"WebSite","@id":"https:\/\/casanha.com\/vi\/#website","url":"https:\/\/casanha.com\/vi\/","name":"Casanha","description":"Home Decor &amp; Furniture","publisher":{"@id":"https:\/\/casanha.com\/vi\/#organization"},"potentialAction":[{"@type":"SearchAction","target":{"@type":"EntryPoint","urlTemplate":"https:\/\/casanha.com\/vi\/?s={search_term_string}"},"query-input":{"@type":"PropertyValueSpecification","valueRequired":true,"valueName":"search_term_string"}}],"inLanguage":"en-US"},{"@type":"Organization","@id":"https:\/\/casanha.com\/vi\/#organization","name":"Casanha","url":"https:\/\/casanha.com\/vi\/","logo":{"@type":"ImageObject","inLanguage":"en-US","@id":"https:\/\/casanha.com\/vi\/#\/schema\/logo\/image\/","url":"https:\/\/casanha-beta.s3.ap-southeast-1.amazonaws.com\/2026\/02\/logo-2026.jpg","contentUrl":"https:\/\/casanha-beta.s3.ap-southeast-1.amazonaws.com\/2026\/02\/logo-2026.jpg","width":1500,"height":1500,"caption":"Casanha"},"image":{"@id":"https:\/\/casanha.com\/vi\/#\/schema\/logo\/image\/"},"sameAs":["https:\/\/www.facebook.com\/CasanhaHome","https:\/\/www.instagram.com\/casanhahome\/","https:\/\/www.youtube.com\/@casanha","https:\/\/www.tiktok.com\/@casanha.com","https:\/\/zalo.me\/casanhahome"]}]}},"_links":{"self":[{"href":"https:\/\/casanha.com\/en\/wp-json\/wp\/v2\/product\/109078","targetHints":{"allow":["GET"]}}],"collection":[{"href":"https:\/\/casanha.com\/en\/wp-json\/wp\/v2\/product"}],"about":[{"href":"https:\/\/casanha.com\/en\/wp-json\/wp\/v2\/types\/product"}],"replies":[{"embeddable":true,"href":"https:\/\/casanha.com\/en\/wp-json\/wp\/v2\/comments?post=109078"}],"version-history":[{"count":2,"href":"https:\/\/casanha.com\/en\/wp-json\/wp\/v2\/product\/109078\/revisions"}],"predecessor-version":[{"id":111594,"href":"https:\/\/casanha.com\/en\/wp-json\/wp\/v2\/product\/109078\/revisions\/111594"}],"wp:featuredmedia":[{"embeddable":true,"href":"https:\/\/casanha.com\/en\/wp-json\/wp\/v2\/media\/109087"}],"wp:attachment":[{"href":"https:\/\/casanha.com\/en\/wp-json\/wp\/v2\/media?parent=109078"}],"wp:term":[{"taxonomy":"product_brand","embeddable":true,"href":"https:\/\/casanha.com\/en\/wp-json\/wp\/v2\/product_brand?post=109078"},{"taxonomy":"product_cat","embeddable":true,"href":"https:\/\/casanha.com\/en\/wp-json\/wp\/v2\/product_cat?post=109078"},{"taxonomy":"product_tag","embeddable":true,"href":"https:\/\/casanha.com\/en\/wp-json\/wp\/v2\/product_tag?post=109078"}],"curies":[{"name":"wp","href":"https:\/\/api.w.org\/{rel}","templated":true}]}}