{"id":108981,"date":"2026-01-13T17:42:21","date_gmt":"2026-01-13T10:42:21","guid":{"rendered":"https:\/\/casanha.com\/?post_type=product&#038;p=108981"},"modified":"2026-04-07T12:47:39","modified_gmt":"2026-04-07T05:47:39","slug":"desan-ghe-dau","status":"publish","type":"product","link":"https:\/\/casanha.com\/en\/product\/desan-ghe-dau\/","title":{"rendered":"DESAN &#8211; GH\u1ebe \u0110\u1ea8U"},"content":{"rendered":"<p>PHONG C\u00c1CH \u0110A D\u1ea0NG\/ <em>ECLECTIC<\/em><\/p>\n<p>Phong c\u00e1ch v\u00e0 c\u00e1ch th\u1ec3 hi\u1ec7n s\u1ea3n ph\u1ea9m c\u1ee7a ch\u00fang t\u00f4i \u0111\u01b0\u1ee3c \u0111\u1ecbnh h\u00ecnh \u0111\u1ec3 n\u1ed5i b\u1eadt \u2014 ch\u00fang t\u00f4i kh\u00f4ng ng\u1ea1i kh\u00e1c bi\u1ec7t\/ <em>Style and preposition of the items. We are set to be distinguished, and we aren\u2019t afraid of being different.<\/em><\/p>\n<p>TRUY T\u00ccM S\u1ef0 S\u00c1NG T\u1ea0O V\u00c0 \u0110\u1ed4I M\u1edaI\/ <em>IN QUEST OF INNOVATION &amp; CREATIVITY<\/em><\/p>\n<p>Casanh\u00e0 l\u00e0 m\u1ed9t c\u00f4ng ty c\u00f3 tr\u1ee5 s\u1edf t\u1ea1i S\u00e0i G\u00f2n, kh\u00f4ng ng\u1eebng h\u1ee3p t\u00e1c v\u1edbi c\u00e1c \u0111\u1ed1i t\u00e1c tr\u00ean to\u00e0n th\u1ebf gi\u1edbi nh\u1eb1m \u0111\u00e1p \u1ee9ng nhu c\u1ea7u v\u1ec1 nh\u1eefng s\u1ea3n ph\u1ea9m n\u1ed9i th\u1ea5t tinh t\u1ebf, ti\u1ec7n d\u1ee5ng, b\u1eaft k\u1ecbp xu h\u01b0\u1edbng hi\u1ec7n \u0111\u1ea1i nh\u01b0ng v\u1eabn mang \u0111\u1eadm n\u00e9t truy\u1ec1n th\u1ed1ng c\u1ee7a g\u1ed7 t\u1ef1 nhi\u00ean v\u00e0 tay ngh\u1ec1 th\u1ee7 c\u00f4ng tinh x\u1ea3o\/ <em>Casanh\u00e0 is a Saigon-based company that works tirelessly with partners all over the world to fulfill the need to have fine and well-functioned home goods with the latest in trend, combined with a traditional sense of fine woods and fine craftsmanship.<\/em><\/p>\n<p>Ch\u00fang t\u00f4i tin r\u1eb1ng c\u00e1c s\u1ea3n ph\u1ea9m c\u1ee7a m\u00ecnh mang m\u1ed9t b\u1ea3n s\u1eafc ri\u00eang bi\u1ec7t, th\u1ec3 hi\u1ec7n s\u1ef1 tr\u00e2n tr\u1ecdng ch\u1ea5t l\u01b0\u1ee3ng v\u00e0 t\u1ef1 do kh\u1ecfi nh\u1eefng r\u00e0ng bu\u1ed9c v\u1ec1 gi\u00e1 c\u1ea3 \u2014 th\u1ec3 hi\u1ec7n r\u00f5 c\u00e1ch ch\u00fang \u0111\u01b0\u1ee3c t\u1ea1o n\u00ean, gi\u00fap ch\u00fang kh\u00e1c bi\u1ec7t so v\u1edbi th\u1ecb tr\u01b0\u1eddng hi\u1ec7n t\u1ea1i\/ <em>We believe that our products have an inherent individuality, with the appreciation of quality and the lack of price constraints, revealing how they have been made, setting them apart from the current market.<\/em><\/p>\n","protected":false},"excerpt":{"rendered":"<p><strong>Th\u00f4ng tin s\u1ea3n ph\u1ea9m\/\u00a0<em>Product information<\/em><\/strong><\/p>\n<p>M\u00e0u s\u1eafc \/\u00a0<em>Color<\/em>\u00a0: T<span lang=\"VI\">\u1ef1 nhi\u00ean<\/span>\/\u00a0<em>Natural<\/em><br \/>\nCh\u1ea5t li\u1ec7u\/\u00a0<em>Materials<\/em><br \/>\nL\u1edbp \u0111\u1ec7m gh\u1ebf &amp; ru\u1ed9t g\u1ed1i\/\u00a0<em>Seating &amp; cushion filling<\/em>\u00a0: C\u00f3i\/<em>\u00a0Seagrass<\/em><br \/>\nB\u1ecdc n\u1ec7m\/\u00a0<em>Upholstery<\/em>: Kh\u00f4ng c\u00f3\/ None<br \/>\nCh\u00e2n\/\u00a0<em>Legs<\/em>\u00a0:\u00a0G\u1ed7 h\u00f4ng\/\u00a0<em>Solid paulownia<\/em><br \/>\nK\u1ebft c\u1ea5u\/\u00a0<em>structure<\/em>\u00a0:\u00a0G\u1ed7 h\u00f4ng\/\u00a0<em>Solid paulownia<\/em><em><br \/>\n<\/em>K\u00edch th\u01b0\u1edbc\/\u00a0<em>Dimensions<\/em>: W41 x D39 x H42cm<br \/>\nH\u01b0\u01a1ng ph\u00e1p\/\u00a0<em>Method<\/em>: Hoa tay\/\u00a0<em>Handicraft<\/em><\/p>\n<p>B\u1ed9 s\u01b0u t\u1eadp\/\u00a0<em>Collection<\/em>: Kh\u00f4ng c\u00f3\/ None<br \/>\nPhong c\u00e1ch\/\u00a0<em>Style<\/em>: Casanh\u00e0<br \/>\n\u00cam \u00e1i\/\u00a0<em>Comfort<\/em>\u00a0: \u0110\u1ec7m c\u1ee9ng v\u1eeba\/\u00a0<em>Firm<\/em><\/p>\n<p>G\u1ed1i c\u00f3 th\u1ec3 th\u00e1o v\u1ecf\/\u00a0<em>Removable cover<\/em>: Kh\u00f4ng\/\u00a0<em>No<\/em><br \/>\nCh\u00e2n c\u00f3 th\u1ec3 \u0111i\u1ec1u ch\u1ec9nh\/\u00a0<em>Adjustable legs<\/em>: Kh\u00f4ng\/\u00a0<em>No<\/em><\/p>\n<p>C\u00e2n n\u1eb7ng\/\u00a0<em>Weight<\/em>: kg<br \/>\nBao b\u00ec\/\u00a0<em>Packaging<\/em>: Standard<br \/>\nY\u00eau c\u1ea7u l\u1eafp r\u00e1p\/<em>Assembly required<\/em>: Kh\u00f4ng\/\u00a0<em>No<\/em><\/p>\n<p>N\u01b0\u1edbc xu\u1ea5t x\u1ee9\/\u00a0<em>Country of origin<\/em>: Indonesia<\/p>\n<p><span lang=\"EN-US\">M\u1ed7i s\u1ea3n ph\u1ea9m l\u00e0 \u0111\u1ed9c nh\u1ea5t; k\u00edch th\u01b0\u1edbc, h\u00ecnh d\u1ea1ng v\u00e0 m\u00e0u s\u1eafc c\u00f3 th\u1ec3 kh\u00e1c nhau gi\u1eefa c\u00e1c s\u1ea3n ph\u1ea9m\/\u00a0<\/span><em>Each item is unique; size, shape, and color may vary from one to another<\/em><span lang=\"EN-US\">\u00a0<\/span><\/p>\n","protected":false},"featured_media":109284,"comment_status":"open","ping_status":"closed","template":"","meta":[],"product_brand":[18],"product_cat":[2504,3063],"product_tag":[],"class_list":{"0":"post-108981","1":"product","2":"type-product","3":"status-publish","4":"has-post-thumbnail","6":"product_brand-nomanha","7":"product_cat-pouf-living-stool","8":"product_cat-tropic-loom","9":"product_shipping_class-normal-items","11":"first","12":"instock","13":"shipping-taxable","14":"purchasable","15":"product-type-simple"},"yoast_head":"<!-- This site is optimized with the Yoast SEO plugin v27.1.1 - https:\/\/yoast.com\/product\/yoast-seo-wordpress\/ -->\n<title>DESAN - GH\u1ebe \u0110\u1ea8U - Casanha<\/title>\n<meta name=\"robots\" content=\"index, follow, max-snippet:-1, max-image-preview:large, max-video-preview:-1\" \/>\n<link rel=\"canonical\" href=\"https:\/\/casanha.com\/en\/product\/desan-ghe-dau\/\" \/>\n<meta property=\"og:locale\" content=\"en_US\" \/>\n<meta property=\"og:type\" content=\"article\" \/>\n<meta property=\"og:title\" content=\"DESAN - GH\u1ebe \u0110\u1ea8U - Casanha\" \/>\n<meta property=\"og:description\" content=\"Th\u00f4ng tin s\u1ea3n ph\u1ea9m\/\u00a0Product information  M\u00e0u s\u1eafc \/\u00a0Color\u00a0: T\u1ef1 nhi\u00ean\/\u00a0Natural Ch\u1ea5t li\u1ec7u\/\u00a0Materials L\u1edbp \u0111\u1ec7m gh\u1ebf &amp; ru\u1ed9t g\u1ed1i\/\u00a0Seating &amp; cushion filling\u00a0: C\u00f3i\/\u00a0Seagrass B\u1ecdc n\u1ec7m\/\u00a0Upholstery: Kh\u00f4ng c\u00f3\/ None Ch\u00e2n\/\u00a0Legs\u00a0:\u00a0G\u1ed7 h\u00f4ng\/\u00a0Solid paulownia K\u1ebft c\u1ea5u\/\u00a0structure\u00a0:\u00a0G\u1ed7 h\u00f4ng\/\u00a0Solid paulownia K\u00edch th\u01b0\u1edbc\/\u00a0Dimensions: W41 x D39 x H42cm H\u01b0\u01a1ng ph\u00e1p\/\u00a0Method: Hoa tay\/\u00a0Handicraft  B\u1ed9 s\u01b0u t\u1eadp\/\u00a0Collection: Kh\u00f4ng c\u00f3\/ None Phong c\u00e1ch\/\u00a0Style: Casanh\u00e0 \u00cam \u00e1i\/\u00a0Comfort\u00a0: \u0110\u1ec7m c\u1ee9ng v\u1eeba\/\u00a0Firm  G\u1ed1i c\u00f3 th\u1ec3 th\u00e1o v\u1ecf\/\u00a0Removable cover: Kh\u00f4ng\/\u00a0No Ch\u00e2n c\u00f3 th\u1ec3 \u0111i\u1ec1u ch\u1ec9nh\/\u00a0Adjustable legs: Kh\u00f4ng\/\u00a0No  C\u00e2n n\u1eb7ng\/\u00a0Weight: kg Bao b\u00ec\/\u00a0Packaging: Standard Y\u00eau c\u1ea7u l\u1eafp r\u00e1p\/Assembly required: Kh\u00f4ng\/\u00a0No  N\u01b0\u1edbc xu\u1ea5t x\u1ee9\/\u00a0Country of origin: Indonesia  M\u1ed7i s\u1ea3n ph\u1ea9m l\u00e0 \u0111\u1ed9c nh\u1ea5t; k\u00edch th\u01b0\u1edbc, h\u00ecnh d\u1ea1ng v\u00e0 m\u00e0u s\u1eafc c\u00f3 th\u1ec3 kh\u00e1c nhau gi\u1eefa c\u00e1c s\u1ea3n ph\u1ea9m\/\u00a0Each item is unique; size, shape, and color may vary from one to another\u00a0\" \/>\n<meta property=\"og:url\" content=\"https:\/\/casanha.com\/en\/product\/desan-ghe-dau\/\" \/>\n<meta property=\"og:site_name\" content=\"Casanha\" \/>\n<meta property=\"article:publisher\" content=\"https:\/\/www.facebook.com\/CasanhaHome\" \/>\n<meta property=\"article:modified_time\" content=\"2026-04-07T05:47:39+00:00\" \/>\n<meta property=\"og:image\" content=\"https:\/\/casanha-beta.s3.ap-southeast-1.amazonaws.com\/2026\/01\/DESAN-TEAK-STOOL.jpg\" \/>\n\t<meta property=\"og:image:width\" content=\"1080\" \/>\n\t<meta property=\"og:image:height\" content=\"1350\" \/>\n\t<meta property=\"og:image:type\" content=\"image\/jpeg\" \/>\n<meta name=\"twitter:card\" content=\"summary_large_image\" \/>\n<script type=\"application\/ld+json\" class=\"yoast-schema-graph\">{\"@context\":\"https:\/\/schema.org\",\"@graph\":[{\"@type\":\"WebPage\",\"@id\":\"https:\/\/casanha.com\/product\/desan-ghe-dau\/\",\"url\":\"https:\/\/casanha.com\/product\/desan-ghe-dau\/\",\"name\":\"DESAN - GH\u1ebe \u0110\u1ea8U - Casanha\",\"isPartOf\":{\"@id\":\"https:\/\/casanha.com\/vi\/#website\"},\"primaryImageOfPage\":{\"@id\":\"https:\/\/casanha.com\/product\/desan-ghe-dau\/#primaryimage\"},\"image\":{\"@id\":\"https:\/\/casanha.com\/product\/desan-ghe-dau\/#primaryimage\"},\"thumbnailUrl\":\"https:\/\/casanha-beta.s3.ap-southeast-1.amazonaws.com\/2026\/01\/DESAN-TEAK-STOOL.jpg\",\"datePublished\":\"2026-01-13T10:42:21+00:00\",\"dateModified\":\"2026-04-07T05:47:39+00:00\",\"breadcrumb\":{\"@id\":\"https:\/\/casanha.com\/product\/desan-ghe-dau\/#breadcrumb\"},\"inLanguage\":\"en-US\",\"potentialAction\":[{\"@type\":\"ReadAction\",\"target\":[\"https:\/\/casanha.com\/product\/desan-ghe-dau\/\"]}]},{\"@type\":\"ImageObject\",\"inLanguage\":\"en-US\",\"@id\":\"https:\/\/casanha.com\/product\/desan-ghe-dau\/#primaryimage\",\"url\":\"https:\/\/casanha-beta.s3.ap-southeast-1.amazonaws.com\/2026\/01\/DESAN-TEAK-STOOL.jpg\",\"contentUrl\":\"https:\/\/casanha-beta.s3.ap-southeast-1.amazonaws.com\/2026\/01\/DESAN-TEAK-STOOL.jpg\",\"width\":1080,\"height\":1350},{\"@type\":\"BreadcrumbList\",\"@id\":\"https:\/\/casanha.com\/product\/desan-ghe-dau\/#breadcrumb\",\"itemListElement\":[{\"@type\":\"ListItem\",\"position\":1,\"name\":\"Home\",\"item\":\"https:\/\/casanha.com\/\"},{\"@type\":\"ListItem\",\"position\":2,\"name\":\"C\u1eeda h\u00e0ng\",\"item\":\"https:\/\/casanha.com\/vi\/cua-hang\/\"},{\"@type\":\"ListItem\",\"position\":3,\"name\":\"DESAN &#8211; GH\u1ebe \u0110\u1ea8U\"}]},{\"@type\":\"WebSite\",\"@id\":\"https:\/\/casanha.com\/vi\/#website\",\"url\":\"https:\/\/casanha.com\/vi\/\",\"name\":\"Casanha\",\"description\":\"Home Decor &amp; Furniture\",\"publisher\":{\"@id\":\"https:\/\/casanha.com\/vi\/#organization\"},\"potentialAction\":[{\"@type\":\"SearchAction\",\"target\":{\"@type\":\"EntryPoint\",\"urlTemplate\":\"https:\/\/casanha.com\/vi\/?s={search_term_string}\"},\"query-input\":{\"@type\":\"PropertyValueSpecification\",\"valueRequired\":true,\"valueName\":\"search_term_string\"}}],\"inLanguage\":\"en-US\"},{\"@type\":\"Organization\",\"@id\":\"https:\/\/casanha.com\/vi\/#organization\",\"name\":\"Casanha\",\"url\":\"https:\/\/casanha.com\/vi\/\",\"logo\":{\"@type\":\"ImageObject\",\"inLanguage\":\"en-US\",\"@id\":\"https:\/\/casanha.com\/vi\/#\/schema\/logo\/image\/\",\"url\":\"https:\/\/casanha-beta.s3.ap-southeast-1.amazonaws.com\/2026\/02\/logo-2026.jpg\",\"contentUrl\":\"https:\/\/casanha-beta.s3.ap-southeast-1.amazonaws.com\/2026\/02\/logo-2026.jpg\",\"width\":1500,\"height\":1500,\"caption\":\"Casanha\"},\"image\":{\"@id\":\"https:\/\/casanha.com\/vi\/#\/schema\/logo\/image\/\"},\"sameAs\":[\"https:\/\/www.facebook.com\/CasanhaHome\",\"https:\/\/www.instagram.com\/casanhahome\/\",\"https:\/\/www.youtube.com\/@casanha\",\"https:\/\/www.tiktok.com\/@casanha.com\",\"https:\/\/zalo.me\/casanhahome\"]}]}<\/script>\n<!-- \/ Yoast SEO plugin. -->","yoast_head_json":{"title":"DESAN - GH\u1ebe \u0110\u1ea8U - Casanha","robots":{"index":"index","follow":"follow","max-snippet":"max-snippet:-1","max-image-preview":"max-image-preview:large","max-video-preview":"max-video-preview:-1"},"canonical":"https:\/\/casanha.com\/en\/product\/desan-ghe-dau\/","og_locale":"en_US","og_type":"article","og_title":"DESAN - GH\u1ebe \u0110\u1ea8U - Casanha","og_description":"Th\u00f4ng tin s\u1ea3n ph\u1ea9m\/\u00a0Product information  M\u00e0u s\u1eafc \/\u00a0Color\u00a0: T\u1ef1 nhi\u00ean\/\u00a0Natural Ch\u1ea5t li\u1ec7u\/\u00a0Materials L\u1edbp \u0111\u1ec7m gh\u1ebf &amp; ru\u1ed9t g\u1ed1i\/\u00a0Seating &amp; cushion filling\u00a0: C\u00f3i\/\u00a0Seagrass B\u1ecdc n\u1ec7m\/\u00a0Upholstery: Kh\u00f4ng c\u00f3\/ None Ch\u00e2n\/\u00a0Legs\u00a0:\u00a0G\u1ed7 h\u00f4ng\/\u00a0Solid paulownia K\u1ebft c\u1ea5u\/\u00a0structure\u00a0:\u00a0G\u1ed7 h\u00f4ng\/\u00a0Solid paulownia K\u00edch th\u01b0\u1edbc\/\u00a0Dimensions: W41 x D39 x H42cm H\u01b0\u01a1ng ph\u00e1p\/\u00a0Method: Hoa tay\/\u00a0Handicraft  B\u1ed9 s\u01b0u t\u1eadp\/\u00a0Collection: Kh\u00f4ng c\u00f3\/ None Phong c\u00e1ch\/\u00a0Style: Casanh\u00e0 \u00cam \u00e1i\/\u00a0Comfort\u00a0: \u0110\u1ec7m c\u1ee9ng v\u1eeba\/\u00a0Firm  G\u1ed1i c\u00f3 th\u1ec3 th\u00e1o v\u1ecf\/\u00a0Removable cover: Kh\u00f4ng\/\u00a0No Ch\u00e2n c\u00f3 th\u1ec3 \u0111i\u1ec1u ch\u1ec9nh\/\u00a0Adjustable legs: Kh\u00f4ng\/\u00a0No  C\u00e2n n\u1eb7ng\/\u00a0Weight: kg Bao b\u00ec\/\u00a0Packaging: Standard Y\u00eau c\u1ea7u l\u1eafp r\u00e1p\/Assembly required: Kh\u00f4ng\/\u00a0No  N\u01b0\u1edbc xu\u1ea5t x\u1ee9\/\u00a0Country of origin: Indonesia  M\u1ed7i s\u1ea3n ph\u1ea9m l\u00e0 \u0111\u1ed9c nh\u1ea5t; k\u00edch th\u01b0\u1edbc, h\u00ecnh d\u1ea1ng v\u00e0 m\u00e0u s\u1eafc c\u00f3 th\u1ec3 kh\u00e1c nhau gi\u1eefa c\u00e1c s\u1ea3n ph\u1ea9m\/\u00a0Each item is unique; size, shape, and color may vary from one to another\u00a0","og_url":"https:\/\/casanha.com\/en\/product\/desan-ghe-dau\/","og_site_name":"Casanha","article_publisher":"https:\/\/www.facebook.com\/CasanhaHome","article_modified_time":"2026-04-07T05:47:39+00:00","og_image":[{"width":1080,"height":1350,"url":"https:\/\/casanha-beta.s3.ap-southeast-1.amazonaws.com\/2026\/01\/DESAN-TEAK-STOOL.jpg","type":"image\/jpeg"}],"twitter_card":"summary_large_image","schema":{"@context":"https:\/\/schema.org","@graph":[{"@type":"WebPage","@id":"https:\/\/casanha.com\/product\/desan-ghe-dau\/","url":"https:\/\/casanha.com\/product\/desan-ghe-dau\/","name":"DESAN - GH\u1ebe \u0110\u1ea8U - Casanha","isPartOf":{"@id":"https:\/\/casanha.com\/vi\/#website"},"primaryImageOfPage":{"@id":"https:\/\/casanha.com\/product\/desan-ghe-dau\/#primaryimage"},"image":{"@id":"https:\/\/casanha.com\/product\/desan-ghe-dau\/#primaryimage"},"thumbnailUrl":"https:\/\/casanha-beta.s3.ap-southeast-1.amazonaws.com\/2026\/01\/DESAN-TEAK-STOOL.jpg","datePublished":"2026-01-13T10:42:21+00:00","dateModified":"2026-04-07T05:47:39+00:00","breadcrumb":{"@id":"https:\/\/casanha.com\/product\/desan-ghe-dau\/#breadcrumb"},"inLanguage":"en-US","potentialAction":[{"@type":"ReadAction","target":["https:\/\/casanha.com\/product\/desan-ghe-dau\/"]}]},{"@type":"ImageObject","inLanguage":"en-US","@id":"https:\/\/casanha.com\/product\/desan-ghe-dau\/#primaryimage","url":"https:\/\/casanha-beta.s3.ap-southeast-1.amazonaws.com\/2026\/01\/DESAN-TEAK-STOOL.jpg","contentUrl":"https:\/\/casanha-beta.s3.ap-southeast-1.amazonaws.com\/2026\/01\/DESAN-TEAK-STOOL.jpg","width":1080,"height":1350},{"@type":"BreadcrumbList","@id":"https:\/\/casanha.com\/product\/desan-ghe-dau\/#breadcrumb","itemListElement":[{"@type":"ListItem","position":1,"name":"Home","item":"https:\/\/casanha.com\/"},{"@type":"ListItem","position":2,"name":"C\u1eeda h\u00e0ng","item":"https:\/\/casanha.com\/vi\/cua-hang\/"},{"@type":"ListItem","position":3,"name":"DESAN &#8211; GH\u1ebe \u0110\u1ea8U"}]},{"@type":"WebSite","@id":"https:\/\/casanha.com\/vi\/#website","url":"https:\/\/casanha.com\/vi\/","name":"Casanha","description":"Home Decor &amp; Furniture","publisher":{"@id":"https:\/\/casanha.com\/vi\/#organization"},"potentialAction":[{"@type":"SearchAction","target":{"@type":"EntryPoint","urlTemplate":"https:\/\/casanha.com\/vi\/?s={search_term_string}"},"query-input":{"@type":"PropertyValueSpecification","valueRequired":true,"valueName":"search_term_string"}}],"inLanguage":"en-US"},{"@type":"Organization","@id":"https:\/\/casanha.com\/vi\/#organization","name":"Casanha","url":"https:\/\/casanha.com\/vi\/","logo":{"@type":"ImageObject","inLanguage":"en-US","@id":"https:\/\/casanha.com\/vi\/#\/schema\/logo\/image\/","url":"https:\/\/casanha-beta.s3.ap-southeast-1.amazonaws.com\/2026\/02\/logo-2026.jpg","contentUrl":"https:\/\/casanha-beta.s3.ap-southeast-1.amazonaws.com\/2026\/02\/logo-2026.jpg","width":1500,"height":1500,"caption":"Casanha"},"image":{"@id":"https:\/\/casanha.com\/vi\/#\/schema\/logo\/image\/"},"sameAs":["https:\/\/www.facebook.com\/CasanhaHome","https:\/\/www.instagram.com\/casanhahome\/","https:\/\/www.youtube.com\/@casanha","https:\/\/www.tiktok.com\/@casanha.com","https:\/\/zalo.me\/casanhahome"]}]}},"_links":{"self":[{"href":"https:\/\/casanha.com\/en\/wp-json\/wp\/v2\/product\/108981","targetHints":{"allow":["GET"]}}],"collection":[{"href":"https:\/\/casanha.com\/en\/wp-json\/wp\/v2\/product"}],"about":[{"href":"https:\/\/casanha.com\/en\/wp-json\/wp\/v2\/types\/product"}],"replies":[{"embeddable":true,"href":"https:\/\/casanha.com\/en\/wp-json\/wp\/v2\/comments?post=108981"}],"version-history":[{"count":2,"href":"https:\/\/casanha.com\/en\/wp-json\/wp\/v2\/product\/108981\/revisions"}],"predecessor-version":[{"id":113566,"href":"https:\/\/casanha.com\/en\/wp-json\/wp\/v2\/product\/108981\/revisions\/113566"}],"wp:featuredmedia":[{"embeddable":true,"href":"https:\/\/casanha.com\/en\/wp-json\/wp\/v2\/media\/109284"}],"wp:attachment":[{"href":"https:\/\/casanha.com\/en\/wp-json\/wp\/v2\/media?parent=108981"}],"wp:term":[{"taxonomy":"product_brand","embeddable":true,"href":"https:\/\/casanha.com\/en\/wp-json\/wp\/v2\/product_brand?post=108981"},{"taxonomy":"product_cat","embeddable":true,"href":"https:\/\/casanha.com\/en\/wp-json\/wp\/v2\/product_cat?post=108981"},{"taxonomy":"product_tag","embeddable":true,"href":"https:\/\/casanha.com\/en\/wp-json\/wp\/v2\/product_tag?post=108981"}],"curies":[{"name":"wp","href":"https:\/\/api.w.org\/{rel}","templated":true}]}}