{"id":106999,"date":"2025-11-07T11:19:31","date_gmt":"2025-11-07T04:19:31","guid":{"rendered":"https:\/\/casanha.com\/?post_type=product&#038;p=106999"},"modified":"2026-04-06T13:13:38","modified_gmt":"2026-04-06T06:13:38","slug":"vetia-tu-tv","status":"publish","type":"product","link":"https:\/\/casanha.com\/en\/product\/vetia-tu-tv\/","title":{"rendered":"VETIA &#8211; T\u1ee6 TV"},"content":{"rendered":"<p><strong>TH\u1edcI TH\u01af\u1ee2NG\/ <em>TRENDY<\/em><\/strong><\/p>\n<p>Ch\u00fang t\u00f4i h\u1ee3p xu h\u01b0\u1edbng nh\u01b0ng kh\u00f4ng ch\u1ea1y theo s\u1ed1 \u0111\u00f4ng. Ch\u00fang t\u00f4i \u0111\u01b0\u1ee3c truy\u1ec1n c\u1ea3m h\u1ee9ng nh\u01b0ng kh\u00f4ng b\u1ecb chi ph\u1ed1i hay \u1ea3nh h\u01b0\u1edfng b\u1edfi th\u1ecb tr\u01b0\u1eddng \u0111\u1ecba ph\u01b0\u01a1ng. Ch\u00fang t\u00f4i l\u00e0 ng\u01b0\u1eddi t\u1ea1o n\u00ean xu h\u01b0\u1edbng\/ <em>We are trendy but we aren\u2019t mainstream. We\u2019re inspired without being biased or influenced by the local market. We\u2019re creating the trend.<\/em><\/p>\n<p><strong>IN QUEST OF INNOVATION &amp; CREATIVITY\/ <\/strong><strong><em>TRUY T\u00ccM S\u1ef0 \u0110\u1ed4I M\u1edaI &amp; S\u00c1NG T\u1ea0O<\/em><\/strong><\/p>\n<p>Casanh\u00e0 l\u00e0 m\u1ed9t c\u00f4ng ty c\u00f3 tr\u1ee5 s\u1edf t\u1ea1i S\u00e0i G\u00f2n, lu\u00f4n n\u1ed7 l\u1ef1c h\u1ee3p t\u00e1c c\u00f9ng c\u00e1c \u0111\u1ed1i t\u00e1c tr\u00ean to\u00e0n th\u1ebf gi\u1edbi \u0111\u1ec3 mang \u0111\u1ebfn nh\u1eefng s\u1ea3n ph\u1ea9m n\u1ed9i th\u1ea5t tinh t\u1ebf, ti\u1ec7n d\u1ee5ng, b\u1eaft k\u1ecbp xu h\u01b0\u1edbng hi\u1ec7n \u0111\u1ea1i nh\u01b0ng v\u1eabn gi\u1eef \u0111\u01b0\u1ee3c n\u00e9t truy\u1ec1n th\u1ed1ng c\u1ee7a g\u1ed7 t\u1ef1 nhi\u00ean v\u00e0 tay ngh\u1ec1 th\u1ee7 c\u00f4ng tinh x\u1ea3o. Ch\u00fang t\u00f4i tin r\u1eb1ng c\u00e1c s\u1ea3n ph\u1ea9m c\u1ee7a m\u00ecnh mang trong ch\u00fang n\u00e9t c\u00e1 t\u00ednh ri\u00eang bi\u1ec7t, \u0111\u01b0\u1ee3c t\u1ea1o n\u00ean t\u1eeb s\u1ef1 tr\u00e2n tr\u1ecdng ch\u1ea5t l\u01b0\u1ee3ng v\u00e0 kh\u00f4ng b\u1ecb r\u00e0ng bu\u1ed9c b\u1edfi gi\u00e1 c\u1ea3. Ch\u00ednh \u0111i\u1ec1u \u0111\u00f3 th\u1ec3 hi\u1ec7n c\u00e1ch ch\u00fang \u0111\u01b0\u1ee3c ch\u1ebf t\u00e1c v\u00e0 gi\u00fap ch\u00fang n\u1ed5i b\u1eadt gi\u1eefa th\u1ecb tr\u01b0\u1eddng hi\u1ec7n nay\/ <em>Casanh\u00e0 is a Saigon-based company that works tirelessly with partners all over the world to fulfill the need to have fine and well-functioned home goods with the latest in trend, combined with a traditional sense of fine woods and fine craftsmanship.We believe that our products have an inherent individuality, with the appreciation of quality and the lack of price constraints, revealing how they have been made, setting them apart from the current market.<\/em><\/p>\n","protected":false},"excerpt":{"rendered":"<p>K\u1ec7 tivi Vetia k\u1ebft h\u1ee3p gi\u1eefa t\u1ef7 l\u1ec7 r\u1ed9ng r\u00e3i v\u00e0 v\u1ebb \u0111\u1eb9p t\u1ef1 nhi\u00ean, thanh l\u1ecbch\/ <em>The Vetia TV stand combines generous proportions with natural elegance.<\/em><\/p>\n<p><strong>Th\u00f4ng tin s\u1ea3n ph\u1ea9m\/\u00a0<em>Product<\/em>\u00a0<em>information<\/em><br \/>\n<\/strong>M\u00e0u s\u1eafc\/ Color: G\u1ed7 t\u1ef1 nhi\u00ean\/\u00a0<em>Natural<\/em>\u00a0<em>wood<\/em><br \/>\nCh\u1ea5t li\u1ec7u\/\u00a0<em>Materials<\/em><br \/>\nM\u1eb7t b\u00e0n\/\u00a0<em>Top<\/em>: G\u1ed7 s\u1ed3i nguy\u00ean kh\u1ed1i, veneer s\u1ed3i &amp; MDF\/\u00a0<em>Solid oak, oak veneer &amp; MDF<\/em><br \/>\nCh\u00e2n\/\u00a0<em>Leg(s<\/em>): G\u1ed7 s\u1ed3i nguy\u00ean kh\u1ed1i\/\u00a0<em>Solid oak<\/em><br \/>\nHo\u00e0n thi\u1ec7n\/\u00a0<em>Finishing<\/em>: Tr\u01a1n nh\u1eb5n\/\u00a0<em>Smooth<\/em><br \/>\nK\u00edch th\u01b0\u1edbc\/\u00a0<em>Dimensions<\/em>: W160 x D52 x H42cm<br \/>\nCh\u1ee9ng nh\u1eadn\/<em>Certification<\/em>: FSC 100%<\/p>\n<p>B\u1ed9 s\u01b0u t\u1eadp\/\u00a0<em>Collection<\/em>: Kh\u00f4ng c\u00f3\/\u00a0<em>None<\/em><br \/>\nPhong c\u00e1ch\/\u00a0<em>Style<\/em>: Casanh\u00e0<br \/>\nCh\u00e2n c\u00f3 th\u1ec3 \u0111i\u1ec1u ch\u1ec9nh\/\u00a0<em>Adjustable legs<\/em>: Kh\u00f4ng\/\u00a0<em>No<\/em><\/p>\n<p>C\u00e2n n\u1eb7ng\/\u00a0<em>Weight<\/em>: 35kg<br \/>\nBao b\u00ec\/\u00a0<em>Packaging<\/em>: 2 cartons (W163 x D47 x H15cm &#8211; W59.5 x D49 x H15cm)<br \/>\nY\u00eau c\u1ea7u l\u1eafp r\u00e1p\/<em>Assembly required:<\/em>\u00a0\u0110\u00fang\/\u00a0<em>Yes<\/em><br \/>\nN\u01b0\u1edbc xu\u1ea5t x\u1ee9\/\u00a0<em>Country of origin<\/em>: Vi\u1ec7t Nam\/\u00a0<em>Vietnam<\/em><\/p>\n","protected":false},"featured_media":107667,"comment_status":"open","ping_status":"closed","template":"","meta":[],"product_brand":[17],"product_cat":[3056,2508],"product_tag":[],"class_list":{"0":"post-106999","1":"product","2":"type-product","3":"status-publish","4":"has-post-thumbnail","6":"product_brand-casanha","7":"product_cat-goldinosa","8":"product_cat-tv-stand","9":"product_shipping_class-heavy-packages","11":"first","12":"instock","13":"shipping-taxable","14":"purchasable","15":"product-type-simple"},"yoast_head":"<!-- This site is optimized with the Yoast SEO plugin v27.1.1 - https:\/\/yoast.com\/product\/yoast-seo-wordpress\/ -->\n<title>VETIA - T\u1ee6 TV - Casanha<\/title>\n<meta name=\"robots\" content=\"index, follow, max-snippet:-1, max-image-preview:large, max-video-preview:-1\" \/>\n<link rel=\"canonical\" href=\"https:\/\/casanha.com\/en\/product\/vetia-tu-tv\/\" \/>\n<meta property=\"og:locale\" content=\"en_US\" \/>\n<meta property=\"og:type\" content=\"article\" \/>\n<meta property=\"og:title\" content=\"VETIA - T\u1ee6 TV - Casanha\" \/>\n<meta property=\"og:description\" content=\"K\u1ec7 tivi Vetia k\u1ebft h\u1ee3p gi\u1eefa t\u1ef7 l\u1ec7 r\u1ed9ng r\u00e3i v\u00e0 v\u1ebb \u0111\u1eb9p t\u1ef1 nhi\u00ean, thanh l\u1ecbch\/ The Vetia TV stand combines generous proportions with natural elegance.  Th\u00f4ng tin s\u1ea3n ph\u1ea9m\/\u00a0Product\u00a0information M\u00e0u s\u1eafc\/ Color: G\u1ed7 t\u1ef1 nhi\u00ean\/\u00a0Natural\u00a0wood Ch\u1ea5t li\u1ec7u\/\u00a0Materials M\u1eb7t b\u00e0n\/\u00a0Top: G\u1ed7 s\u1ed3i nguy\u00ean kh\u1ed1i, veneer s\u1ed3i &amp; MDF\/\u00a0Solid oak, oak veneer &amp; MDF Ch\u00e2n\/\u00a0Leg(s): G\u1ed7 s\u1ed3i nguy\u00ean kh\u1ed1i\/\u00a0Solid oak Ho\u00e0n thi\u1ec7n\/\u00a0Finishing: Tr\u01a1n nh\u1eb5n\/\u00a0Smooth K\u00edch th\u01b0\u1edbc\/\u00a0Dimensions: W160 x D52 x H42cm Ch\u1ee9ng nh\u1eadn\/Certification: FSC 100%  B\u1ed9 s\u01b0u t\u1eadp\/\u00a0Collection: Kh\u00f4ng c\u00f3\/\u00a0None Phong c\u00e1ch\/\u00a0Style: Casanh\u00e0 Ch\u00e2n c\u00f3 th\u1ec3 \u0111i\u1ec1u ch\u1ec9nh\/\u00a0Adjustable legs: Kh\u00f4ng\/\u00a0No  C\u00e2n n\u1eb7ng\/\u00a0Weight: 35kg Bao b\u00ec\/\u00a0Packaging: 2 cartons (W163 x D47 x H15cm - W59.5 x D49 x H15cm) Y\u00eau c\u1ea7u l\u1eafp r\u00e1p\/Assembly required:\u00a0\u0110\u00fang\/\u00a0Yes N\u01b0\u1edbc xu\u1ea5t x\u1ee9\/\u00a0Country of origin: Vi\u1ec7t Nam\/\u00a0Vietnam\" \/>\n<meta property=\"og:url\" content=\"https:\/\/casanha.com\/en\/product\/vetia-tu-tv\/\" \/>\n<meta property=\"og:site_name\" content=\"Casanha\" \/>\n<meta property=\"article:publisher\" content=\"https:\/\/www.facebook.com\/CasanhaHome\" \/>\n<meta property=\"article:modified_time\" content=\"2026-04-06T06:13:38+00:00\" \/>\n<meta property=\"og:image\" content=\"https:\/\/casanha.com\/wp-content\/uploads\/2025\/11\/Vetia-Tv-stand-1-1024x1024.png\" \/>\n\t<meta property=\"og:image:width\" content=\"1024\" \/>\n\t<meta property=\"og:image:height\" content=\"1024\" \/>\n\t<meta property=\"og:image:type\" content=\"image\/png\" \/>\n<meta name=\"twitter:card\" content=\"summary_large_image\" \/>\n<script type=\"application\/ld+json\" class=\"yoast-schema-graph\">{\"@context\":\"https:\/\/schema.org\",\"@graph\":[{\"@type\":\"WebPage\",\"@id\":\"https:\/\/casanha.com\/product\/vetia-tu-tv\/\",\"url\":\"https:\/\/casanha.com\/product\/vetia-tu-tv\/\",\"name\":\"VETIA - T\u1ee6 TV - Casanha\",\"isPartOf\":{\"@id\":\"https:\/\/casanha.com\/vi\/#website\"},\"primaryImageOfPage\":{\"@id\":\"https:\/\/casanha.com\/product\/vetia-tu-tv\/#primaryimage\"},\"image\":{\"@id\":\"https:\/\/casanha.com\/product\/vetia-tu-tv\/#primaryimage\"},\"thumbnailUrl\":\"https:\/\/casanha-beta.s3.ap-southeast-1.amazonaws.com\/2025\/11\/Vetia-Tv-stand-1.png\",\"datePublished\":\"2025-11-07T04:19:31+00:00\",\"dateModified\":\"2026-04-06T06:13:38+00:00\",\"breadcrumb\":{\"@id\":\"https:\/\/casanha.com\/product\/vetia-tu-tv\/#breadcrumb\"},\"inLanguage\":\"en-US\",\"potentialAction\":[{\"@type\":\"ReadAction\",\"target\":[\"https:\/\/casanha.com\/product\/vetia-tu-tv\/\"]}]},{\"@type\":\"ImageObject\",\"inLanguage\":\"en-US\",\"@id\":\"https:\/\/casanha.com\/product\/vetia-tu-tv\/#primaryimage\",\"url\":\"https:\/\/casanha-beta.s3.ap-southeast-1.amazonaws.com\/2025\/11\/Vetia-Tv-stand-1.png\",\"contentUrl\":\"https:\/\/casanha-beta.s3.ap-southeast-1.amazonaws.com\/2025\/11\/Vetia-Tv-stand-1.png\",\"width\":1446,\"height\":1448},{\"@type\":\"BreadcrumbList\",\"@id\":\"https:\/\/casanha.com\/product\/vetia-tu-tv\/#breadcrumb\",\"itemListElement\":[{\"@type\":\"ListItem\",\"position\":1,\"name\":\"Home\",\"item\":\"https:\/\/casanha.com\/\"},{\"@type\":\"ListItem\",\"position\":2,\"name\":\"C\u1eeda h\u00e0ng\",\"item\":\"https:\/\/casanha.com\/vi\/cua-hang\/\"},{\"@type\":\"ListItem\",\"position\":3,\"name\":\"VETIA &#8211; T\u1ee6 TV\"}]},{\"@type\":\"WebSite\",\"@id\":\"https:\/\/casanha.com\/vi\/#website\",\"url\":\"https:\/\/casanha.com\/vi\/\",\"name\":\"Casanha\",\"description\":\"Home Decor &amp; Furniture\",\"publisher\":{\"@id\":\"https:\/\/casanha.com\/vi\/#organization\"},\"potentialAction\":[{\"@type\":\"SearchAction\",\"target\":{\"@type\":\"EntryPoint\",\"urlTemplate\":\"https:\/\/casanha.com\/vi\/?s={search_term_string}\"},\"query-input\":{\"@type\":\"PropertyValueSpecification\",\"valueRequired\":true,\"valueName\":\"search_term_string\"}}],\"inLanguage\":\"en-US\"},{\"@type\":\"Organization\",\"@id\":\"https:\/\/casanha.com\/vi\/#organization\",\"name\":\"Casanha\",\"url\":\"https:\/\/casanha.com\/vi\/\",\"logo\":{\"@type\":\"ImageObject\",\"inLanguage\":\"en-US\",\"@id\":\"https:\/\/casanha.com\/vi\/#\/schema\/logo\/image\/\",\"url\":\"https:\/\/casanha-beta.s3.ap-southeast-1.amazonaws.com\/2026\/02\/logo-2026.jpg\",\"contentUrl\":\"https:\/\/casanha-beta.s3.ap-southeast-1.amazonaws.com\/2026\/02\/logo-2026.jpg\",\"width\":1500,\"height\":1500,\"caption\":\"Casanha\"},\"image\":{\"@id\":\"https:\/\/casanha.com\/vi\/#\/schema\/logo\/image\/\"},\"sameAs\":[\"https:\/\/www.facebook.com\/CasanhaHome\",\"https:\/\/www.instagram.com\/casanhahome\/\",\"https:\/\/www.youtube.com\/@casanha\",\"https:\/\/www.tiktok.com\/@casanha.com\",\"https:\/\/zalo.me\/casanhahome\"]}]}<\/script>\n<!-- \/ Yoast SEO plugin. -->","yoast_head_json":{"title":"VETIA - T\u1ee6 TV - Casanha","robots":{"index":"index","follow":"follow","max-snippet":"max-snippet:-1","max-image-preview":"max-image-preview:large","max-video-preview":"max-video-preview:-1"},"canonical":"https:\/\/casanha.com\/en\/product\/vetia-tu-tv\/","og_locale":"en_US","og_type":"article","og_title":"VETIA - T\u1ee6 TV - Casanha","og_description":"K\u1ec7 tivi Vetia k\u1ebft h\u1ee3p gi\u1eefa t\u1ef7 l\u1ec7 r\u1ed9ng r\u00e3i v\u00e0 v\u1ebb \u0111\u1eb9p t\u1ef1 nhi\u00ean, thanh l\u1ecbch\/ The Vetia TV stand combines generous proportions with natural elegance.  Th\u00f4ng tin s\u1ea3n ph\u1ea9m\/\u00a0Product\u00a0information M\u00e0u s\u1eafc\/ Color: G\u1ed7 t\u1ef1 nhi\u00ean\/\u00a0Natural\u00a0wood Ch\u1ea5t li\u1ec7u\/\u00a0Materials M\u1eb7t b\u00e0n\/\u00a0Top: G\u1ed7 s\u1ed3i nguy\u00ean kh\u1ed1i, veneer s\u1ed3i &amp; MDF\/\u00a0Solid oak, oak veneer &amp; MDF Ch\u00e2n\/\u00a0Leg(s): G\u1ed7 s\u1ed3i nguy\u00ean kh\u1ed1i\/\u00a0Solid oak Ho\u00e0n thi\u1ec7n\/\u00a0Finishing: Tr\u01a1n nh\u1eb5n\/\u00a0Smooth K\u00edch th\u01b0\u1edbc\/\u00a0Dimensions: W160 x D52 x H42cm Ch\u1ee9ng nh\u1eadn\/Certification: FSC 100%  B\u1ed9 s\u01b0u t\u1eadp\/\u00a0Collection: Kh\u00f4ng c\u00f3\/\u00a0None Phong c\u00e1ch\/\u00a0Style: Casanh\u00e0 Ch\u00e2n c\u00f3 th\u1ec3 \u0111i\u1ec1u ch\u1ec9nh\/\u00a0Adjustable legs: Kh\u00f4ng\/\u00a0No  C\u00e2n n\u1eb7ng\/\u00a0Weight: 35kg Bao b\u00ec\/\u00a0Packaging: 2 cartons (W163 x D47 x H15cm - W59.5 x D49 x H15cm) Y\u00eau c\u1ea7u l\u1eafp r\u00e1p\/Assembly required:\u00a0\u0110\u00fang\/\u00a0Yes N\u01b0\u1edbc xu\u1ea5t x\u1ee9\/\u00a0Country of origin: Vi\u1ec7t Nam\/\u00a0Vietnam","og_url":"https:\/\/casanha.com\/en\/product\/vetia-tu-tv\/","og_site_name":"Casanha","article_publisher":"https:\/\/www.facebook.com\/CasanhaHome","article_modified_time":"2026-04-06T06:13:38+00:00","og_image":[{"width":1024,"height":1024,"url":"https:\/\/casanha.com\/wp-content\/uploads\/2025\/11\/Vetia-Tv-stand-1-1024x1024.png","type":"image\/png"}],"twitter_card":"summary_large_image","schema":{"@context":"https:\/\/schema.org","@graph":[{"@type":"WebPage","@id":"https:\/\/casanha.com\/product\/vetia-tu-tv\/","url":"https:\/\/casanha.com\/product\/vetia-tu-tv\/","name":"VETIA - T\u1ee6 TV - Casanha","isPartOf":{"@id":"https:\/\/casanha.com\/vi\/#website"},"primaryImageOfPage":{"@id":"https:\/\/casanha.com\/product\/vetia-tu-tv\/#primaryimage"},"image":{"@id":"https:\/\/casanha.com\/product\/vetia-tu-tv\/#primaryimage"},"thumbnailUrl":"https:\/\/casanha-beta.s3.ap-southeast-1.amazonaws.com\/2025\/11\/Vetia-Tv-stand-1.png","datePublished":"2025-11-07T04:19:31+00:00","dateModified":"2026-04-06T06:13:38+00:00","breadcrumb":{"@id":"https:\/\/casanha.com\/product\/vetia-tu-tv\/#breadcrumb"},"inLanguage":"en-US","potentialAction":[{"@type":"ReadAction","target":["https:\/\/casanha.com\/product\/vetia-tu-tv\/"]}]},{"@type":"ImageObject","inLanguage":"en-US","@id":"https:\/\/casanha.com\/product\/vetia-tu-tv\/#primaryimage","url":"https:\/\/casanha-beta.s3.ap-southeast-1.amazonaws.com\/2025\/11\/Vetia-Tv-stand-1.png","contentUrl":"https:\/\/casanha-beta.s3.ap-southeast-1.amazonaws.com\/2025\/11\/Vetia-Tv-stand-1.png","width":1446,"height":1448},{"@type":"BreadcrumbList","@id":"https:\/\/casanha.com\/product\/vetia-tu-tv\/#breadcrumb","itemListElement":[{"@type":"ListItem","position":1,"name":"Home","item":"https:\/\/casanha.com\/"},{"@type":"ListItem","position":2,"name":"C\u1eeda h\u00e0ng","item":"https:\/\/casanha.com\/vi\/cua-hang\/"},{"@type":"ListItem","position":3,"name":"VETIA &#8211; T\u1ee6 TV"}]},{"@type":"WebSite","@id":"https:\/\/casanha.com\/vi\/#website","url":"https:\/\/casanha.com\/vi\/","name":"Casanha","description":"Home Decor &amp; Furniture","publisher":{"@id":"https:\/\/casanha.com\/vi\/#organization"},"potentialAction":[{"@type":"SearchAction","target":{"@type":"EntryPoint","urlTemplate":"https:\/\/casanha.com\/vi\/?s={search_term_string}"},"query-input":{"@type":"PropertyValueSpecification","valueRequired":true,"valueName":"search_term_string"}}],"inLanguage":"en-US"},{"@type":"Organization","@id":"https:\/\/casanha.com\/vi\/#organization","name":"Casanha","url":"https:\/\/casanha.com\/vi\/","logo":{"@type":"ImageObject","inLanguage":"en-US","@id":"https:\/\/casanha.com\/vi\/#\/schema\/logo\/image\/","url":"https:\/\/casanha-beta.s3.ap-southeast-1.amazonaws.com\/2026\/02\/logo-2026.jpg","contentUrl":"https:\/\/casanha-beta.s3.ap-southeast-1.amazonaws.com\/2026\/02\/logo-2026.jpg","width":1500,"height":1500,"caption":"Casanha"},"image":{"@id":"https:\/\/casanha.com\/vi\/#\/schema\/logo\/image\/"},"sameAs":["https:\/\/www.facebook.com\/CasanhaHome","https:\/\/www.instagram.com\/casanhahome\/","https:\/\/www.youtube.com\/@casanha","https:\/\/www.tiktok.com\/@casanha.com","https:\/\/zalo.me\/casanhahome"]}]}},"_links":{"self":[{"href":"https:\/\/casanha.com\/en\/wp-json\/wp\/v2\/product\/106999","targetHints":{"allow":["GET"]}}],"collection":[{"href":"https:\/\/casanha.com\/en\/wp-json\/wp\/v2\/product"}],"about":[{"href":"https:\/\/casanha.com\/en\/wp-json\/wp\/v2\/types\/product"}],"replies":[{"embeddable":true,"href":"https:\/\/casanha.com\/en\/wp-json\/wp\/v2\/comments?post=106999"}],"version-history":[{"count":5,"href":"https:\/\/casanha.com\/en\/wp-json\/wp\/v2\/product\/106999\/revisions"}],"predecessor-version":[{"id":107445,"href":"https:\/\/casanha.com\/en\/wp-json\/wp\/v2\/product\/106999\/revisions\/107445"}],"wp:featuredmedia":[{"embeddable":true,"href":"https:\/\/casanha.com\/en\/wp-json\/wp\/v2\/media\/107667"}],"wp:attachment":[{"href":"https:\/\/casanha.com\/en\/wp-json\/wp\/v2\/media?parent=106999"}],"wp:term":[{"taxonomy":"product_brand","embeddable":true,"href":"https:\/\/casanha.com\/en\/wp-json\/wp\/v2\/product_brand?post=106999"},{"taxonomy":"product_cat","embeddable":true,"href":"https:\/\/casanha.com\/en\/wp-json\/wp\/v2\/product_cat?post=106999"},{"taxonomy":"product_tag","embeddable":true,"href":"https:\/\/casanha.com\/en\/wp-json\/wp\/v2\/product_tag?post=106999"}],"curies":[{"name":"wp","href":"https:\/\/api.w.org\/{rel}","templated":true}]}}