{"id":105729,"date":"2025-10-23T11:32:32","date_gmt":"2025-10-23T04:32:32","guid":{"rendered":"https:\/\/casanha.com\/product\/edith-ghe-banh\/"},"modified":"2026-04-01T10:49:25","modified_gmt":"2026-04-01T03:49:25","slug":"edith-ghe-banh","status":"publish","type":"product","link":"https:\/\/casanha.com\/en\/product\/edith-ghe-banh\/","title":{"rendered":"EDITH &#8211; GH\u1ebe B\u00c0NH"},"content":{"rendered":"<p>THEO XU H\u01af\u1edaNG\/ <em>TRENDY<\/em><\/p>\n<p>Ch\u00fang t\u00f4i h\u1ee3p xu th\u1ebf nh\u01b0ng kh\u00f4ng ch\u1ea1y theo s\u1ed1 \u0111\u00f4ng. Ch\u00fang t\u00f4i \u0111\u01b0\u1ee3c truy\u1ec1n c\u1ea3m h\u1ee9ng m\u00e0 kh\u00f4ng b\u1ecb \u1ea3nh h\u01b0\u1edfng hay l\u1ec7 thu\u1ed9c v\u00e0o th\u1ecb tr\u01b0\u1eddng \u0111\u1ecba ph\u01b0\u01a1ng\/ <em>We are trendy but we aren\u2019t mainstream. We\u2019re inspired without being biased or influenced by the local market.<\/em><\/p>\n<p>Ch\u00fang t\u00f4i t\u1ea1o ra xu h\u01b0\u1edbng \/ <em>We\u2019re creating the trend.<\/em><\/p>\n<p>TRUY T\u00ccM S\u1ef0 S\u00c1NG T\u1ea0O V\u00c0 \u0110\u1ed4I M\u1edaI\/ <em>IN QUEST OF INNOVATION &amp; CREATIVITY<\/em><\/p>\n<p>Casanh\u00e0 l\u00e0 m\u1ed9t c\u00f4ng ty c\u00f3 tr\u1ee5 s\u1edf t\u1ea1i S\u00e0i G\u00f2n, kh\u00f4ng ng\u1eebng h\u1ee3p t\u00e1c v\u1edbi c\u00e1c \u0111\u1ed1i t\u00e1c tr\u00ean to\u00e0n th\u1ebf gi\u1edbi nh\u1eb1m \u0111\u00e1p \u1ee9ng nhu c\u1ea7u v\u1ec1 nh\u1eefng s\u1ea3n ph\u1ea9m n\u1ed9i th\u1ea5t tinh t\u1ebf, ti\u1ec7n d\u1ee5ng, b\u1eaft k\u1ecbp xu h\u01b0\u1edbng hi\u1ec7n \u0111\u1ea1i nh\u01b0ng v\u1eabn mang \u0111\u1eadm n\u00e9t truy\u1ec1n th\u1ed1ng c\u1ee7a g\u1ed7 t\u1ef1 nhi\u00ean v\u00e0 tay ngh\u1ec1 th\u1ee7 c\u00f4ng tinh x\u1ea3o\/ <em>Casanh\u00e0 is a Saigon-based company that works tirelessly with partners all over the world to fulfill the need to have fine and well-functioned home goods with the latest in trend, combined with a traditional sense of fine woods and fine craftsmanship.<\/em><\/p>\n<p>Ch\u00fang t\u00f4i tin r\u1eb1ng c\u00e1c s\u1ea3n ph\u1ea9m c\u1ee7a m\u00ecnh mang m\u1ed9t b\u1ea3n s\u1eafc ri\u00eang bi\u1ec7t, th\u1ec3 hi\u1ec7n s\u1ef1 tr\u00e2n tr\u1ecdng ch\u1ea5t l\u01b0\u1ee3ng v\u00e0 t\u1ef1 do kh\u1ecfi nh\u1eefng r\u00e0ng bu\u1ed9c v\u1ec1 gi\u00e1 c\u1ea3 \u2014 th\u1ec3 hi\u1ec7n r\u00f5 c\u00e1ch ch\u00fang \u0111\u01b0\u1ee3c t\u1ea1o n\u00ean, gi\u00fap ch\u00fang kh\u00e1c bi\u1ec7t so v\u1edbi th\u1ecb tr\u01b0\u1eddng hi\u1ec7n t\u1ea1i\/ <em>We believe that our products have an inherent individuality, with the appreciation of quality and the lack of price constraints, revealing how they have been made, setting them apart from the current market.<\/em><\/p>\n<p>&nbsp;<\/p>\n","protected":false},"excerpt":{"rendered":"<p>K\u1ebft h\u1ee3p gi\u1eefa thi\u1ebft k\u1ebf v\u00e0 s\u1ef1 tho\u1ea3i m\u00e1i, gh\u1ebf \u201cEdith\u201d s\u1ebd chinh ph\u1ee5c nh\u1eefng ng\u01b0\u1eddi y\u00eau th\u00edch phong c\u00e1ch trang tr\u00ed n\u1ed9i th\u1ea5t \u0111\u01b0\u01a1ng \u0111\u1ea1i\/ <em>Combining design and comfort, the \u201cEdith\u201d armchair will appeal to fans of contemporary interior style.<\/em><\/p>\n","protected":false},"featured_media":105725,"comment_status":"open","ping_status":"closed","template":"","meta":[],"product_brand":[17],"product_cat":[2501],"product_tag":[],"class_list":{"0":"post-105729","1":"product","2":"type-product","3":"status-publish","4":"has-post-thumbnail","6":"product_brand-casanha","7":"product_cat-armchair","8":"product_shipping_class-bulky-items","9":"pa_color-tho-hoang-ocher","10":"pa_color-trang-white","12":"first","13":"outofstock","14":"shipping-taxable","15":"purchasable","16":"product-type-variable","17":"rtwpvs-product"},"yoast_head":"<!-- This site is optimized with the Yoast SEO plugin v27.1.1 - https:\/\/yoast.com\/product\/yoast-seo-wordpress\/ -->\n<title>EDITH - GH\u1ebe B\u00c0NH - Casanha<\/title>\n<meta name=\"robots\" content=\"index, follow, max-snippet:-1, max-image-preview:large, max-video-preview:-1\" \/>\n<link rel=\"canonical\" href=\"https:\/\/casanha.com\/en\/product\/edith-ghe-banh\/\" \/>\n<meta property=\"og:locale\" content=\"en_US\" \/>\n<meta property=\"og:type\" content=\"article\" \/>\n<meta property=\"og:title\" content=\"EDITH - GH\u1ebe B\u00c0NH - Casanha\" \/>\n<meta property=\"og:description\" content=\"K\u1ebft h\u1ee3p gi\u1eefa thi\u1ebft k\u1ebf v\u00e0 s\u1ef1 tho\u1ea3i m\u00e1i, gh\u1ebf \u201cEdith\u201d s\u1ebd chinh ph\u1ee5c nh\u1eefng ng\u01b0\u1eddi y\u00eau th\u00edch phong c\u00e1ch trang tr\u00ed n\u1ed9i th\u1ea5t \u0111\u01b0\u01a1ng \u0111\u1ea1i\/ Combining design and comfort, the \u201cEdith\u201d armchair will appeal to fans of contemporary interior style.\" \/>\n<meta property=\"og:url\" content=\"https:\/\/casanha.com\/en\/product\/edith-ghe-banh\/\" \/>\n<meta property=\"og:site_name\" content=\"Casanha\" \/>\n<meta property=\"article:publisher\" content=\"https:\/\/www.facebook.com\/CasanhaHome\" \/>\n<meta property=\"article:modified_time\" content=\"2026-04-01T03:49:25+00:00\" \/>\n<meta property=\"og:image\" content=\"https:\/\/casanha-beta.s3.ap-southeast-1.amazonaws.com\/2025\/10\/kiotviet_e4095b5cafd815b6fa6b819dc9740676.jpg\" \/>\n\t<meta property=\"og:image:width\" content=\"600\" \/>\n\t<meta property=\"og:image:height\" content=\"600\" \/>\n\t<meta property=\"og:image:type\" content=\"image\/jpeg\" \/>\n<meta name=\"twitter:card\" content=\"summary_large_image\" \/>\n<script type=\"application\/ld+json\" class=\"yoast-schema-graph\">{\"@context\":\"https:\/\/schema.org\",\"@graph\":[{\"@type\":\"WebPage\",\"@id\":\"https:\/\/casanha.com\/product\/edith-ghe-banh\/\",\"url\":\"https:\/\/casanha.com\/product\/edith-ghe-banh\/\",\"name\":\"EDITH - GH\u1ebe B\u00c0NH - Casanha\",\"isPartOf\":{\"@id\":\"https:\/\/casanha.com\/vi\/#website\"},\"primaryImageOfPage\":{\"@id\":\"https:\/\/casanha.com\/product\/edith-ghe-banh\/#primaryimage\"},\"image\":{\"@id\":\"https:\/\/casanha.com\/product\/edith-ghe-banh\/#primaryimage\"},\"thumbnailUrl\":\"https:\/\/casanha-beta.s3.ap-southeast-1.amazonaws.com\/2025\/10\/kiotviet_e4095b5cafd815b6fa6b819dc9740676.jpg\",\"datePublished\":\"2025-10-23T04:32:32+00:00\",\"dateModified\":\"2026-04-01T03:49:25+00:00\",\"breadcrumb\":{\"@id\":\"https:\/\/casanha.com\/product\/edith-ghe-banh\/#breadcrumb\"},\"inLanguage\":\"en-US\",\"potentialAction\":[{\"@type\":\"ReadAction\",\"target\":[\"https:\/\/casanha.com\/product\/edith-ghe-banh\/\"]}]},{\"@type\":\"ImageObject\",\"inLanguage\":\"en-US\",\"@id\":\"https:\/\/casanha.com\/product\/edith-ghe-banh\/#primaryimage\",\"url\":\"https:\/\/casanha-beta.s3.ap-southeast-1.amazonaws.com\/2025\/10\/kiotviet_e4095b5cafd815b6fa6b819dc9740676.jpg\",\"contentUrl\":\"https:\/\/casanha-beta.s3.ap-southeast-1.amazonaws.com\/2025\/10\/kiotviet_e4095b5cafd815b6fa6b819dc9740676.jpg\",\"width\":600,\"height\":600},{\"@type\":\"BreadcrumbList\",\"@id\":\"https:\/\/casanha.com\/product\/edith-ghe-banh\/#breadcrumb\",\"itemListElement\":[{\"@type\":\"ListItem\",\"position\":1,\"name\":\"Home\",\"item\":\"https:\/\/casanha.com\/\"},{\"@type\":\"ListItem\",\"position\":2,\"name\":\"C\u1eeda h\u00e0ng\",\"item\":\"https:\/\/casanha.com\/vi\/cua-hang\/\"},{\"@type\":\"ListItem\",\"position\":3,\"name\":\"EDITH &#8211; GH\u1ebe B\u00c0NH\"}]},{\"@type\":\"WebSite\",\"@id\":\"https:\/\/casanha.com\/vi\/#website\",\"url\":\"https:\/\/casanha.com\/vi\/\",\"name\":\"Casanha\",\"description\":\"Home Decor &amp; Furniture\",\"publisher\":{\"@id\":\"https:\/\/casanha.com\/vi\/#organization\"},\"potentialAction\":[{\"@type\":\"SearchAction\",\"target\":{\"@type\":\"EntryPoint\",\"urlTemplate\":\"https:\/\/casanha.com\/vi\/?s={search_term_string}\"},\"query-input\":{\"@type\":\"PropertyValueSpecification\",\"valueRequired\":true,\"valueName\":\"search_term_string\"}}],\"inLanguage\":\"en-US\"},{\"@type\":\"Organization\",\"@id\":\"https:\/\/casanha.com\/vi\/#organization\",\"name\":\"Casanha\",\"url\":\"https:\/\/casanha.com\/vi\/\",\"logo\":{\"@type\":\"ImageObject\",\"inLanguage\":\"en-US\",\"@id\":\"https:\/\/casanha.com\/vi\/#\/schema\/logo\/image\/\",\"url\":\"https:\/\/casanha-beta.s3.ap-southeast-1.amazonaws.com\/2026\/02\/logo-2026.jpg\",\"contentUrl\":\"https:\/\/casanha-beta.s3.ap-southeast-1.amazonaws.com\/2026\/02\/logo-2026.jpg\",\"width\":1500,\"height\":1500,\"caption\":\"Casanha\"},\"image\":{\"@id\":\"https:\/\/casanha.com\/vi\/#\/schema\/logo\/image\/\"},\"sameAs\":[\"https:\/\/www.facebook.com\/CasanhaHome\",\"https:\/\/www.instagram.com\/casanhahome\/\",\"https:\/\/www.youtube.com\/@casanha\",\"https:\/\/www.tiktok.com\/@casanha.com\",\"https:\/\/zalo.me\/casanhahome\"]}]}<\/script>\n<!-- \/ Yoast SEO plugin. -->","yoast_head_json":{"title":"EDITH - GH\u1ebe B\u00c0NH - Casanha","robots":{"index":"index","follow":"follow","max-snippet":"max-snippet:-1","max-image-preview":"max-image-preview:large","max-video-preview":"max-video-preview:-1"},"canonical":"https:\/\/casanha.com\/en\/product\/edith-ghe-banh\/","og_locale":"en_US","og_type":"article","og_title":"EDITH - GH\u1ebe B\u00c0NH - Casanha","og_description":"K\u1ebft h\u1ee3p gi\u1eefa thi\u1ebft k\u1ebf v\u00e0 s\u1ef1 tho\u1ea3i m\u00e1i, gh\u1ebf \u201cEdith\u201d s\u1ebd chinh ph\u1ee5c nh\u1eefng ng\u01b0\u1eddi y\u00eau th\u00edch phong c\u00e1ch trang tr\u00ed n\u1ed9i th\u1ea5t \u0111\u01b0\u01a1ng \u0111\u1ea1i\/ Combining design and comfort, the \u201cEdith\u201d armchair will appeal to fans of contemporary interior style.","og_url":"https:\/\/casanha.com\/en\/product\/edith-ghe-banh\/","og_site_name":"Casanha","article_publisher":"https:\/\/www.facebook.com\/CasanhaHome","article_modified_time":"2026-04-01T03:49:25+00:00","og_image":[{"width":600,"height":600,"url":"https:\/\/casanha-beta.s3.ap-southeast-1.amazonaws.com\/2025\/10\/kiotviet_e4095b5cafd815b6fa6b819dc9740676.jpg","type":"image\/jpeg"}],"twitter_card":"summary_large_image","schema":{"@context":"https:\/\/schema.org","@graph":[{"@type":"WebPage","@id":"https:\/\/casanha.com\/product\/edith-ghe-banh\/","url":"https:\/\/casanha.com\/product\/edith-ghe-banh\/","name":"EDITH - GH\u1ebe B\u00c0NH - Casanha","isPartOf":{"@id":"https:\/\/casanha.com\/vi\/#website"},"primaryImageOfPage":{"@id":"https:\/\/casanha.com\/product\/edith-ghe-banh\/#primaryimage"},"image":{"@id":"https:\/\/casanha.com\/product\/edith-ghe-banh\/#primaryimage"},"thumbnailUrl":"https:\/\/casanha-beta.s3.ap-southeast-1.amazonaws.com\/2025\/10\/kiotviet_e4095b5cafd815b6fa6b819dc9740676.jpg","datePublished":"2025-10-23T04:32:32+00:00","dateModified":"2026-04-01T03:49:25+00:00","breadcrumb":{"@id":"https:\/\/casanha.com\/product\/edith-ghe-banh\/#breadcrumb"},"inLanguage":"en-US","potentialAction":[{"@type":"ReadAction","target":["https:\/\/casanha.com\/product\/edith-ghe-banh\/"]}]},{"@type":"ImageObject","inLanguage":"en-US","@id":"https:\/\/casanha.com\/product\/edith-ghe-banh\/#primaryimage","url":"https:\/\/casanha-beta.s3.ap-southeast-1.amazonaws.com\/2025\/10\/kiotviet_e4095b5cafd815b6fa6b819dc9740676.jpg","contentUrl":"https:\/\/casanha-beta.s3.ap-southeast-1.amazonaws.com\/2025\/10\/kiotviet_e4095b5cafd815b6fa6b819dc9740676.jpg","width":600,"height":600},{"@type":"BreadcrumbList","@id":"https:\/\/casanha.com\/product\/edith-ghe-banh\/#breadcrumb","itemListElement":[{"@type":"ListItem","position":1,"name":"Home","item":"https:\/\/casanha.com\/"},{"@type":"ListItem","position":2,"name":"C\u1eeda h\u00e0ng","item":"https:\/\/casanha.com\/vi\/cua-hang\/"},{"@type":"ListItem","position":3,"name":"EDITH &#8211; GH\u1ebe B\u00c0NH"}]},{"@type":"WebSite","@id":"https:\/\/casanha.com\/vi\/#website","url":"https:\/\/casanha.com\/vi\/","name":"Casanha","description":"Home Decor &amp; Furniture","publisher":{"@id":"https:\/\/casanha.com\/vi\/#organization"},"potentialAction":[{"@type":"SearchAction","target":{"@type":"EntryPoint","urlTemplate":"https:\/\/casanha.com\/vi\/?s={search_term_string}"},"query-input":{"@type":"PropertyValueSpecification","valueRequired":true,"valueName":"search_term_string"}}],"inLanguage":"en-US"},{"@type":"Organization","@id":"https:\/\/casanha.com\/vi\/#organization","name":"Casanha","url":"https:\/\/casanha.com\/vi\/","logo":{"@type":"ImageObject","inLanguage":"en-US","@id":"https:\/\/casanha.com\/vi\/#\/schema\/logo\/image\/","url":"https:\/\/casanha-beta.s3.ap-southeast-1.amazonaws.com\/2026\/02\/logo-2026.jpg","contentUrl":"https:\/\/casanha-beta.s3.ap-southeast-1.amazonaws.com\/2026\/02\/logo-2026.jpg","width":1500,"height":1500,"caption":"Casanha"},"image":{"@id":"https:\/\/casanha.com\/vi\/#\/schema\/logo\/image\/"},"sameAs":["https:\/\/www.facebook.com\/CasanhaHome","https:\/\/www.instagram.com\/casanhahome\/","https:\/\/www.youtube.com\/@casanha","https:\/\/www.tiktok.com\/@casanha.com","https:\/\/zalo.me\/casanhahome"]}]}},"_links":{"self":[{"href":"https:\/\/casanha.com\/en\/wp-json\/wp\/v2\/product\/105729","targetHints":{"allow":["GET"]}}],"collection":[{"href":"https:\/\/casanha.com\/en\/wp-json\/wp\/v2\/product"}],"about":[{"href":"https:\/\/casanha.com\/en\/wp-json\/wp\/v2\/types\/product"}],"replies":[{"embeddable":true,"href":"https:\/\/casanha.com\/en\/wp-json\/wp\/v2\/comments?post=105729"}],"version-history":[{"count":4,"href":"https:\/\/casanha.com\/en\/wp-json\/wp\/v2\/product\/105729\/revisions"}],"predecessor-version":[{"id":109327,"href":"https:\/\/casanha.com\/en\/wp-json\/wp\/v2\/product\/105729\/revisions\/109327"}],"wp:featuredmedia":[{"embeddable":true,"href":"https:\/\/casanha.com\/en\/wp-json\/wp\/v2\/media\/105725"}],"wp:attachment":[{"href":"https:\/\/casanha.com\/en\/wp-json\/wp\/v2\/media?parent=105729"}],"wp:term":[{"taxonomy":"product_brand","embeddable":true,"href":"https:\/\/casanha.com\/en\/wp-json\/wp\/v2\/product_brand?post=105729"},{"taxonomy":"product_cat","embeddable":true,"href":"https:\/\/casanha.com\/en\/wp-json\/wp\/v2\/product_cat?post=105729"},{"taxonomy":"product_tag","embeddable":true,"href":"https:\/\/casanha.com\/en\/wp-json\/wp\/v2\/product_tag?post=105729"}],"curies":[{"name":"wp","href":"https:\/\/api.w.org\/{rel}","templated":true}]}}