{"id":105705,"date":"2025-10-23T11:31:36","date_gmt":"2025-10-23T04:31:36","guid":{"rendered":"https:\/\/casanha.com\/product\/calix-ghe-banh\/"},"modified":"2026-04-01T10:49:34","modified_gmt":"2026-04-01T03:49:34","slug":"calix-ghe-banh","status":"publish","type":"product","link":"https:\/\/casanha.com\/en\/product\/calix-ghe-banh\/","title":{"rendered":"CALIX &#8211; GH\u1ebe B\u00c0NH"},"content":{"rendered":"<p>\u0110A D\u1ea0NG\/ <em>VARIETY<\/em><\/p>\n<p>Kh\u00f4ng c\u00f3 s\u1ef1 \u0111\u1ed3ng nh\u1ea5t tuy\u1ec7t \u0111\u1ed1i. Thay \u0111\u1ed5i l\u00e0 \u0111i\u1ec1u t\u1ea5t y\u1ebfu, v\u00e0 ch\u00fang t\u00f4i lu\u00f4n n\u1ed7 l\u1ef1c th\u00edch \u1ee9ng, ph\u00e1t tri\u1ec3n b\u1eb1ng c\u00e1ch mang \u0111\u1ebfn nhi\u1ec1u s\u1ea3n ph\u1ea9m n\u1ed9i th\u1ea5t h\u1ee3p th\u1eddi, truy\u1ec1n t\u1ea3i c\u1ea3m x\u00fac, \u00fd t\u01b0\u1edfng v\u00e0 nhu c\u1ea7u\/ <em>The absence of uniformity. Change is constant and we strive to adapt and evolve by offering a wide range of trendy home goods that offer emotions, concepts, and needs.<\/em><\/p>\n<p>TRUY T\u00ccM S\u1ef0 S\u00c1NG T\u1ea0O V\u00c0 \u0110\u1ed4I M\u1edaI\/ <em>IN QUEST OF INNOVATION &amp; CREATIVITY<\/em><\/p>\n<p>Casanh\u00e0 l\u00e0 m\u1ed9t c\u00f4ng ty c\u00f3 tr\u1ee5 s\u1edf t\u1ea1i S\u00e0i G\u00f2n, kh\u00f4ng ng\u1eebng h\u1ee3p t\u00e1c v\u1edbi c\u00e1c \u0111\u1ed1i t\u00e1c tr\u00ean to\u00e0n th\u1ebf gi\u1edbi nh\u1eb1m \u0111\u00e1p \u1ee9ng nhu c\u1ea7u v\u1ec1 nh\u1eefng s\u1ea3n ph\u1ea9m n\u1ed9i th\u1ea5t tinh t\u1ebf, ti\u1ec7n d\u1ee5ng, b\u1eaft k\u1ecbp xu h\u01b0\u1edbng hi\u1ec7n \u0111\u1ea1i nh\u01b0ng v\u1eabn mang \u0111\u1eadm n\u00e9t truy\u1ec1n th\u1ed1ng c\u1ee7a g\u1ed7 t\u1ef1 nhi\u00ean v\u00e0 tay ngh\u1ec1 th\u1ee7 c\u00f4ng tinh x\u1ea3o\/ <em>Casanh\u00e0 is a Saigon-based company that works tirelessly with partners all over the world to fulfill the need to have fine and well-functioned home goods with the latest in trend, combined with a traditional sense of fine woods and fine craftsmanship.<\/em><\/p>\n<p>Ch\u00fang t\u00f4i tin r\u1eb1ng c\u00e1c s\u1ea3n ph\u1ea9m c\u1ee7a m\u00ecnh mang m\u1ed9t b\u1ea3n s\u1eafc ri\u00eang bi\u1ec7t, th\u1ec3 hi\u1ec7n s\u1ef1 tr\u00e2n tr\u1ecdng ch\u1ea5t l\u01b0\u1ee3ng v\u00e0 t\u1ef1 do kh\u1ecfi nh\u1eefng r\u00e0ng bu\u1ed9c v\u1ec1 gi\u00e1 c\u1ea3 \u2014 th\u1ec3 hi\u1ec7n r\u00f5 c\u00e1ch ch\u00fang \u0111\u01b0\u1ee3c t\u1ea1o n\u00ean, gi\u00fap ch\u00fang kh\u00e1c bi\u1ec7t so v\u1edbi th\u1ecb tr\u01b0\u1eddng hi\u1ec7n t\u1ea1i\/ <em>We believe that our products have an inherent individuality, with the appreciation of quality and the lack of price constraints, revealing how they have been made, setting them apart from the current market.<\/em><\/p>\n<p>&nbsp;<\/p>\n","protected":false},"excerpt":{"rendered":"<p>Gh\u1ebf b\u00e0nh Calix s\u1ebd mang \u0111\u1ebfn v\u1ebb hi\u1ec7n \u0111\u1ea1i cho ph\u00f2ng kh\u00e1ch. Gh\u1ebf c\u00f3 ph\u1ea7n ng\u1ed3i r\u1ed9ng v\u00e0 th\u1ea5p v\u1edbi l\u1edbp \u0111\u1ec7m m\u00fat c\u00f3 \u0111\u1ed9 \u00eam v\u1eeba ph\u1ea3i, mang l\u1ea1i s\u1ef1 n\u00e2ng \u0111\u1ee1 tho\u1ea3i m\u00e1i. Ph\u1ea7n t\u1ef1a l\u01b0ng c\u0169ng \u0111\u01b0\u1ee3c \u0111\u1ec7m d\u00e0y \u0111\u1ec3 \u0111\u1ea3m b\u1ea3o s\u1ef1 tho\u1ea3i m\u00e1i t\u1ed1i \u01b0u. \u0110\u01b0\u1ee3c \u0111\u1eb7t tr\u00ean c\u00e1c ch\u00e2n gh\u1ebf b\u1eb1ng g\u1ed7 cao su, gh\u1ebf Calix \u0111\u01b0\u1ee3c b\u1ecdc b\u1eb1ng v\u1ea3i \u0111\u1eb9p v\u1edbi h\u1ecda ti\u1ebft h\u00ecnh h\u1ecdc\/ <em>The Calix armchair will dress up a living room in a modern way. It offers a wide, low seat with semi-firm cushioning for comfortable support. The backrest is also well padded to ensure optimal comfort. Mounted on rubberwood legs, the Calix armchair is upholstered in a beautiful fabric with geometric patterns.<\/em><\/p>\n","protected":false},"featured_media":109339,"comment_status":"open","ping_status":"closed","template":"","meta":[],"product_brand":[17],"product_cat":[2501],"product_tag":[],"class_list":{"0":"post-105705","1":"product","2":"type-product","3":"status-publish","4":"has-post-thumbnail","6":"product_brand-casanha","7":"product_cat-armchair","8":"product_shipping_class-bulky-items","9":"pa_color-nau-brown","10":"pa_color-trang-white","12":"first","13":"outofstock","14":"shipping-taxable","15":"purchasable","16":"product-type-variable","17":"rtwpvs-product"},"yoast_head":"<!-- This site is optimized with the Yoast SEO plugin v27.1.1 - https:\/\/yoast.com\/product\/yoast-seo-wordpress\/ -->\n<title>CALIX - GH\u1ebe B\u00c0NH - Casanha<\/title>\n<meta name=\"robots\" content=\"index, follow, max-snippet:-1, max-image-preview:large, max-video-preview:-1\" \/>\n<link rel=\"canonical\" href=\"https:\/\/casanha.com\/en\/product\/calix-ghe-banh\/\" \/>\n<meta property=\"og:locale\" content=\"en_US\" \/>\n<meta property=\"og:type\" content=\"article\" \/>\n<meta property=\"og:title\" content=\"CALIX - GH\u1ebe B\u00c0NH - Casanha\" \/>\n<meta property=\"og:description\" content=\"Gh\u1ebf b\u00e0nh Calix s\u1ebd mang \u0111\u1ebfn v\u1ebb hi\u1ec7n \u0111\u1ea1i cho ph\u00f2ng kh\u00e1ch. Gh\u1ebf c\u00f3 ph\u1ea7n ng\u1ed3i r\u1ed9ng v\u00e0 th\u1ea5p v\u1edbi l\u1edbp \u0111\u1ec7m m\u00fat c\u00f3 \u0111\u1ed9 \u00eam v\u1eeba ph\u1ea3i, mang l\u1ea1i s\u1ef1 n\u00e2ng \u0111\u1ee1 tho\u1ea3i m\u00e1i. Ph\u1ea7n t\u1ef1a l\u01b0ng c\u0169ng \u0111\u01b0\u1ee3c \u0111\u1ec7m d\u00e0y \u0111\u1ec3 \u0111\u1ea3m b\u1ea3o s\u1ef1 tho\u1ea3i m\u00e1i t\u1ed1i \u01b0u. \u0110\u01b0\u1ee3c \u0111\u1eb7t tr\u00ean c\u00e1c ch\u00e2n gh\u1ebf b\u1eb1ng g\u1ed7 cao su, gh\u1ebf Calix \u0111\u01b0\u1ee3c b\u1ecdc b\u1eb1ng v\u1ea3i \u0111\u1eb9p v\u1edbi h\u1ecda ti\u1ebft h\u00ecnh h\u1ecdc\/ The Calix armchair will dress up a living room in a modern way. It offers a wide, low seat with semi-firm cushioning for comfortable support. The backrest is also well padded to ensure optimal comfort. Mounted on rubberwood legs, the Calix armchair is upholstered in a beautiful fabric with geometric patterns.\" \/>\n<meta property=\"og:url\" content=\"https:\/\/casanha.com\/en\/product\/calix-ghe-banh\/\" \/>\n<meta property=\"og:site_name\" content=\"Casanha\" \/>\n<meta property=\"article:publisher\" content=\"https:\/\/www.facebook.com\/CasanhaHome\" \/>\n<meta property=\"article:modified_time\" content=\"2026-04-01T03:49:34+00:00\" \/>\n<meta property=\"og:image\" content=\"https:\/\/casanha.com\/wp-content\/uploads\/2025\/10\/Calix-armchair-brown-pic-2-1022x1024.png\" \/>\n\t<meta property=\"og:image:width\" content=\"1022\" \/>\n\t<meta property=\"og:image:height\" content=\"1024\" \/>\n\t<meta property=\"og:image:type\" content=\"image\/png\" \/>\n<meta name=\"twitter:card\" content=\"summary_large_image\" \/>\n<script type=\"application\/ld+json\" class=\"yoast-schema-graph\">{\"@context\":\"https:\/\/schema.org\",\"@graph\":[{\"@type\":\"WebPage\",\"@id\":\"https:\/\/casanha.com\/product\/calix-ghe-banh\/\",\"url\":\"https:\/\/casanha.com\/product\/calix-ghe-banh\/\",\"name\":\"CALIX - GH\u1ebe B\u00c0NH - Casanha\",\"isPartOf\":{\"@id\":\"https:\/\/casanha.com\/vi\/#website\"},\"primaryImageOfPage\":{\"@id\":\"https:\/\/casanha.com\/product\/calix-ghe-banh\/#primaryimage\"},\"image\":{\"@id\":\"https:\/\/casanha.com\/product\/calix-ghe-banh\/#primaryimage\"},\"thumbnailUrl\":\"https:\/\/casanha-beta.s3.ap-southeast-1.amazonaws.com\/2025\/10\/Calix-armchair-brown-pic-2.png\",\"datePublished\":\"2025-10-23T04:31:36+00:00\",\"dateModified\":\"2026-04-01T03:49:34+00:00\",\"breadcrumb\":{\"@id\":\"https:\/\/casanha.com\/product\/calix-ghe-banh\/#breadcrumb\"},\"inLanguage\":\"en-US\",\"potentialAction\":[{\"@type\":\"ReadAction\",\"target\":[\"https:\/\/casanha.com\/product\/calix-ghe-banh\/\"]}]},{\"@type\":\"ImageObject\",\"inLanguage\":\"en-US\",\"@id\":\"https:\/\/casanha.com\/product\/calix-ghe-banh\/#primaryimage\",\"url\":\"https:\/\/casanha-beta.s3.ap-southeast-1.amazonaws.com\/2025\/10\/Calix-armchair-brown-pic-2.png\",\"contentUrl\":\"https:\/\/casanha-beta.s3.ap-southeast-1.amazonaws.com\/2025\/10\/Calix-armchair-brown-pic-2.png\",\"width\":1846,\"height\":1850},{\"@type\":\"BreadcrumbList\",\"@id\":\"https:\/\/casanha.com\/product\/calix-ghe-banh\/#breadcrumb\",\"itemListElement\":[{\"@type\":\"ListItem\",\"position\":1,\"name\":\"Home\",\"item\":\"https:\/\/casanha.com\/\"},{\"@type\":\"ListItem\",\"position\":2,\"name\":\"C\u1eeda h\u00e0ng\",\"item\":\"https:\/\/casanha.com\/vi\/cua-hang\/\"},{\"@type\":\"ListItem\",\"position\":3,\"name\":\"CALIX &#8211; GH\u1ebe B\u00c0NH\"}]},{\"@type\":\"WebSite\",\"@id\":\"https:\/\/casanha.com\/vi\/#website\",\"url\":\"https:\/\/casanha.com\/vi\/\",\"name\":\"Casanha\",\"description\":\"Home Decor &amp; Furniture\",\"publisher\":{\"@id\":\"https:\/\/casanha.com\/vi\/#organization\"},\"potentialAction\":[{\"@type\":\"SearchAction\",\"target\":{\"@type\":\"EntryPoint\",\"urlTemplate\":\"https:\/\/casanha.com\/vi\/?s={search_term_string}\"},\"query-input\":{\"@type\":\"PropertyValueSpecification\",\"valueRequired\":true,\"valueName\":\"search_term_string\"}}],\"inLanguage\":\"en-US\"},{\"@type\":\"Organization\",\"@id\":\"https:\/\/casanha.com\/vi\/#organization\",\"name\":\"Casanha\",\"url\":\"https:\/\/casanha.com\/vi\/\",\"logo\":{\"@type\":\"ImageObject\",\"inLanguage\":\"en-US\",\"@id\":\"https:\/\/casanha.com\/vi\/#\/schema\/logo\/image\/\",\"url\":\"https:\/\/casanha-beta.s3.ap-southeast-1.amazonaws.com\/2026\/02\/logo-2026.jpg\",\"contentUrl\":\"https:\/\/casanha-beta.s3.ap-southeast-1.amazonaws.com\/2026\/02\/logo-2026.jpg\",\"width\":1500,\"height\":1500,\"caption\":\"Casanha\"},\"image\":{\"@id\":\"https:\/\/casanha.com\/vi\/#\/schema\/logo\/image\/\"},\"sameAs\":[\"https:\/\/www.facebook.com\/CasanhaHome\",\"https:\/\/www.instagram.com\/casanhahome\/\",\"https:\/\/www.youtube.com\/@casanha\",\"https:\/\/www.tiktok.com\/@casanha.com\",\"https:\/\/zalo.me\/casanhahome\"]}]}<\/script>\n<!-- \/ Yoast SEO plugin. -->","yoast_head_json":{"title":"CALIX - GH\u1ebe B\u00c0NH - Casanha","robots":{"index":"index","follow":"follow","max-snippet":"max-snippet:-1","max-image-preview":"max-image-preview:large","max-video-preview":"max-video-preview:-1"},"canonical":"https:\/\/casanha.com\/en\/product\/calix-ghe-banh\/","og_locale":"en_US","og_type":"article","og_title":"CALIX - GH\u1ebe B\u00c0NH - Casanha","og_description":"Gh\u1ebf b\u00e0nh Calix s\u1ebd mang \u0111\u1ebfn v\u1ebb hi\u1ec7n \u0111\u1ea1i cho ph\u00f2ng kh\u00e1ch. Gh\u1ebf c\u00f3 ph\u1ea7n ng\u1ed3i r\u1ed9ng v\u00e0 th\u1ea5p v\u1edbi l\u1edbp \u0111\u1ec7m m\u00fat c\u00f3 \u0111\u1ed9 \u00eam v\u1eeba ph\u1ea3i, mang l\u1ea1i s\u1ef1 n\u00e2ng \u0111\u1ee1 tho\u1ea3i m\u00e1i. Ph\u1ea7n t\u1ef1a l\u01b0ng c\u0169ng \u0111\u01b0\u1ee3c \u0111\u1ec7m d\u00e0y \u0111\u1ec3 \u0111\u1ea3m b\u1ea3o s\u1ef1 tho\u1ea3i m\u00e1i t\u1ed1i \u01b0u. \u0110\u01b0\u1ee3c \u0111\u1eb7t tr\u00ean c\u00e1c ch\u00e2n gh\u1ebf b\u1eb1ng g\u1ed7 cao su, gh\u1ebf Calix \u0111\u01b0\u1ee3c b\u1ecdc b\u1eb1ng v\u1ea3i \u0111\u1eb9p v\u1edbi h\u1ecda ti\u1ebft h\u00ecnh h\u1ecdc\/ The Calix armchair will dress up a living room in a modern way. It offers a wide, low seat with semi-firm cushioning for comfortable support. The backrest is also well padded to ensure optimal comfort. Mounted on rubberwood legs, the Calix armchair is upholstered in a beautiful fabric with geometric patterns.","og_url":"https:\/\/casanha.com\/en\/product\/calix-ghe-banh\/","og_site_name":"Casanha","article_publisher":"https:\/\/www.facebook.com\/CasanhaHome","article_modified_time":"2026-04-01T03:49:34+00:00","og_image":[{"width":1022,"height":1024,"url":"https:\/\/casanha.com\/wp-content\/uploads\/2025\/10\/Calix-armchair-brown-pic-2-1022x1024.png","type":"image\/png"}],"twitter_card":"summary_large_image","schema":{"@context":"https:\/\/schema.org","@graph":[{"@type":"WebPage","@id":"https:\/\/casanha.com\/product\/calix-ghe-banh\/","url":"https:\/\/casanha.com\/product\/calix-ghe-banh\/","name":"CALIX - GH\u1ebe B\u00c0NH - Casanha","isPartOf":{"@id":"https:\/\/casanha.com\/vi\/#website"},"primaryImageOfPage":{"@id":"https:\/\/casanha.com\/product\/calix-ghe-banh\/#primaryimage"},"image":{"@id":"https:\/\/casanha.com\/product\/calix-ghe-banh\/#primaryimage"},"thumbnailUrl":"https:\/\/casanha-beta.s3.ap-southeast-1.amazonaws.com\/2025\/10\/Calix-armchair-brown-pic-2.png","datePublished":"2025-10-23T04:31:36+00:00","dateModified":"2026-04-01T03:49:34+00:00","breadcrumb":{"@id":"https:\/\/casanha.com\/product\/calix-ghe-banh\/#breadcrumb"},"inLanguage":"en-US","potentialAction":[{"@type":"ReadAction","target":["https:\/\/casanha.com\/product\/calix-ghe-banh\/"]}]},{"@type":"ImageObject","inLanguage":"en-US","@id":"https:\/\/casanha.com\/product\/calix-ghe-banh\/#primaryimage","url":"https:\/\/casanha-beta.s3.ap-southeast-1.amazonaws.com\/2025\/10\/Calix-armchair-brown-pic-2.png","contentUrl":"https:\/\/casanha-beta.s3.ap-southeast-1.amazonaws.com\/2025\/10\/Calix-armchair-brown-pic-2.png","width":1846,"height":1850},{"@type":"BreadcrumbList","@id":"https:\/\/casanha.com\/product\/calix-ghe-banh\/#breadcrumb","itemListElement":[{"@type":"ListItem","position":1,"name":"Home","item":"https:\/\/casanha.com\/"},{"@type":"ListItem","position":2,"name":"C\u1eeda h\u00e0ng","item":"https:\/\/casanha.com\/vi\/cua-hang\/"},{"@type":"ListItem","position":3,"name":"CALIX &#8211; GH\u1ebe B\u00c0NH"}]},{"@type":"WebSite","@id":"https:\/\/casanha.com\/vi\/#website","url":"https:\/\/casanha.com\/vi\/","name":"Casanha","description":"Home Decor &amp; Furniture","publisher":{"@id":"https:\/\/casanha.com\/vi\/#organization"},"potentialAction":[{"@type":"SearchAction","target":{"@type":"EntryPoint","urlTemplate":"https:\/\/casanha.com\/vi\/?s={search_term_string}"},"query-input":{"@type":"PropertyValueSpecification","valueRequired":true,"valueName":"search_term_string"}}],"inLanguage":"en-US"},{"@type":"Organization","@id":"https:\/\/casanha.com\/vi\/#organization","name":"Casanha","url":"https:\/\/casanha.com\/vi\/","logo":{"@type":"ImageObject","inLanguage":"en-US","@id":"https:\/\/casanha.com\/vi\/#\/schema\/logo\/image\/","url":"https:\/\/casanha-beta.s3.ap-southeast-1.amazonaws.com\/2026\/02\/logo-2026.jpg","contentUrl":"https:\/\/casanha-beta.s3.ap-southeast-1.amazonaws.com\/2026\/02\/logo-2026.jpg","width":1500,"height":1500,"caption":"Casanha"},"image":{"@id":"https:\/\/casanha.com\/vi\/#\/schema\/logo\/image\/"},"sameAs":["https:\/\/www.facebook.com\/CasanhaHome","https:\/\/www.instagram.com\/casanhahome\/","https:\/\/www.youtube.com\/@casanha","https:\/\/www.tiktok.com\/@casanha.com","https:\/\/zalo.me\/casanhahome"]}]}},"_links":{"self":[{"href":"https:\/\/casanha.com\/en\/wp-json\/wp\/v2\/product\/105705","targetHints":{"allow":["GET"]}}],"collection":[{"href":"https:\/\/casanha.com\/en\/wp-json\/wp\/v2\/product"}],"about":[{"href":"https:\/\/casanha.com\/en\/wp-json\/wp\/v2\/types\/product"}],"replies":[{"embeddable":true,"href":"https:\/\/casanha.com\/en\/wp-json\/wp\/v2\/comments?post=105705"}],"version-history":[{"count":5,"href":"https:\/\/casanha.com\/en\/wp-json\/wp\/v2\/product\/105705\/revisions"}],"predecessor-version":[{"id":109348,"href":"https:\/\/casanha.com\/en\/wp-json\/wp\/v2\/product\/105705\/revisions\/109348"}],"wp:featuredmedia":[{"embeddable":true,"href":"https:\/\/casanha.com\/en\/wp-json\/wp\/v2\/media\/109339"}],"wp:attachment":[{"href":"https:\/\/casanha.com\/en\/wp-json\/wp\/v2\/media?parent=105705"}],"wp:term":[{"taxonomy":"product_brand","embeddable":true,"href":"https:\/\/casanha.com\/en\/wp-json\/wp\/v2\/product_brand?post=105705"},{"taxonomy":"product_cat","embeddable":true,"href":"https:\/\/casanha.com\/en\/wp-json\/wp\/v2\/product_cat?post=105705"},{"taxonomy":"product_tag","embeddable":true,"href":"https:\/\/casanha.com\/en\/wp-json\/wp\/v2\/product_tag?post=105705"}],"curies":[{"name":"wp","href":"https:\/\/api.w.org\/{rel}","templated":true}]}}