{"id":75538,"date":"2025-03-29T15:47:56","date_gmt":"2025-03-29T08:47:56","guid":{"rendered":"http:\/\/casanha.test\/?page_id=72564"},"modified":"2025-03-29T15:47:56","modified_gmt":"2025-03-29T08:47:56","slug":"le-commencement-le-cinquieme-anniversaire","status":"publish","type":"page","link":"https:\/\/casanha.com\/en\/le-commencement-le-cinquieme-anniversaire\/","title":{"rendered":"Le commencement | Le cinqui\u00e8me anniversaire"},"content":{"rendered":"\n<p><img decoding=\"async\" alt=\"\" src=\"https:\/\/casanha.com\/wp-content\/uploads\/2022\/10\/Event-Website-Slide.jpg\"><\/p>\n\n\n\n<p>Le commencement hay The Beginning m\u1eddi b\u1ea1n c\u00f9ng du ngo\u1ea1n tr\u1edf l\u1ea1i con \u0111\u01b0\u1eddng k\u00fd \u1ee9c Casanh\u00e0 trong 5 n\u0103m qua.<\/p>\n\n\n\n<p>Th\u00f4ng qua ng\u00f4n ng\u1eef ngh\u1ec7 thu\u1eadt \u0111\u01b0\u01a1ng \u0111\u1ea1i, tri\u1ec3n l\u00e3m n\u00e0y gi\u1edbi thi\u1ec7u m\u1ed9t b\u1ed9 s\u01b0u t\u1eadp c\u00e1c s\u1ea3n ph\u1ea9m v\u00e0 c\u00e2u chuy\u1ec7n ph\u1ea3n \u00e1nh d\u1ea5u v\u1ebft c\u1ee7a th\u1ebf gi\u1edbi hi\u1ec7n \u0111\u1ea1i \u0111\u00e3 h\u00f2a nh\u1eadp v\u1edbi th\u1ecb hi\u1ebfu \u0111\u1ecba ph\u01b0\u01a1ng nh\u01b0 th\u1ebf n\u00e0o, g\u00f3p ph\u1ea7n ph\u00e1t tri\u1ec3n b\u1ea3n s\u1eafc Casanh\u00e0 ng\u00e0y h\u00f4m nay.<\/p>\n\n\n\n<p>H\u00e3y \u0111\u1ebfn v\u00e0 \u0111\u1eafm ch\u00ecm trong kh\u00f4ng gian b\u1ea1n nh\u00e9.<\/p>\n\n\n\n<p>T\u1eeb ng\u00e0y 22 th\u00e1ng 10 \u0111\u1ebfn ng\u00e0y 6 th\u00e1ng 11, 10:00 \u0111\u1ebfn 19:00<br>Casanh\u00e0 Flagship Store<\/p>\n\n\n\n<p>V\u00e0o c\u1eeda t\u1ef1 do<\/p>\n","protected":false},"excerpt":{"rendered":"<p>Le commencement hay The Beginning m\u1eddi b\u1ea1n c\u00f9ng du ngo\u1ea1n tr\u1edf l\u1ea1i con \u0111\u01b0\u1eddng k\u00fd \u1ee9c Casanh\u00e0 trong 5 n\u0103m<\/p>\n","protected":false},"author":1874,"featured_media":0,"parent":0,"menu_order":0,"comment_status":"closed","ping_status":"closed","template":"","meta":{"footnotes":""},"class_list":["post-75538","page","type-page","status-publish","hentry"],"yoast_head":"<!-- This site is optimized with the Yoast SEO plugin v27.1.1 - https:\/\/yoast.com\/product\/yoast-seo-wordpress\/ -->\n<title>Le commencement | Le cinqui\u00e8me anniversaire - Casanha<\/title>\n<meta name=\"robots\" content=\"index, follow, max-snippet:-1, max-image-preview:large, max-video-preview:-1\" \/>\n<link rel=\"canonical\" href=\"https:\/\/casanha.com\/en\/le-commencement-le-cinquieme-anniversaire\/\" \/>\n<meta property=\"og:locale\" content=\"en_US\" \/>\n<meta property=\"og:type\" content=\"article\" \/>\n<meta property=\"og:title\" content=\"Le commencement | Le cinqui\u00e8me anniversaire - Casanha\" \/>\n<meta property=\"og:description\" content=\"Le commencement hay The Beginning m\u1eddi b\u1ea1n c\u00f9ng du ngo\u1ea1n tr\u1edf l\u1ea1i con \u0111\u01b0\u1eddng k\u00fd \u1ee9c Casanh\u00e0 trong 5 n\u0103m\" \/>\n<meta property=\"og:url\" content=\"https:\/\/casanha.com\/en\/le-commencement-le-cinquieme-anniversaire\/\" \/>\n<meta property=\"og:site_name\" content=\"Casanha\" \/>\n<meta property=\"article:publisher\" content=\"https:\/\/www.facebook.com\/CasanhaHome\" \/>\n<meta property=\"og:image\" content=\"https:\/\/casanha.com\/wp-content\/uploads\/2022\/10\/Event-Website-Slide.jpg\" \/>\n<meta name=\"twitter:card\" content=\"summary_large_image\" \/>\n<script type=\"application\/ld+json\" class=\"yoast-schema-graph\">{\"@context\":\"https:\/\/schema.org\",\"@graph\":[{\"@type\":\"WebPage\",\"@id\":\"https:\/\/casanha.com\/en\/le-commencement-le-cinquieme-anniversaire\/\",\"url\":\"https:\/\/casanha.com\/en\/le-commencement-le-cinquieme-anniversaire\/\",\"name\":\"Le commencement | Le cinqui\u00e8me anniversaire - Casanha\",\"isPartOf\":{\"@id\":\"https:\/\/casanha.com\/vi\/#website\"},\"primaryImageOfPage\":{\"@id\":\"https:\/\/casanha.com\/en\/le-commencement-le-cinquieme-anniversaire\/#primaryimage\"},\"image\":{\"@id\":\"https:\/\/casanha.com\/en\/le-commencement-le-cinquieme-anniversaire\/#primaryimage\"},\"thumbnailUrl\":\"https:\/\/casanha.com\/wp-content\/uploads\/2022\/10\/Event-Website-Slide.jpg\",\"datePublished\":\"2025-03-29T08:47:56+00:00\",\"breadcrumb\":{\"@id\":\"https:\/\/casanha.com\/en\/le-commencement-le-cinquieme-anniversaire\/#breadcrumb\"},\"inLanguage\":\"en-US\",\"potentialAction\":[{\"@type\":\"ReadAction\",\"target\":[\"https:\/\/casanha.com\/en\/le-commencement-le-cinquieme-anniversaire\/\"]}]},{\"@type\":\"ImageObject\",\"inLanguage\":\"en-US\",\"@id\":\"https:\/\/casanha.com\/en\/le-commencement-le-cinquieme-anniversaire\/#primaryimage\",\"url\":\"https:\/\/casanha.com\/wp-content\/uploads\/2022\/10\/Event-Website-Slide.jpg\",\"contentUrl\":\"https:\/\/casanha.com\/wp-content\/uploads\/2022\/10\/Event-Website-Slide.jpg\"},{\"@type\":\"BreadcrumbList\",\"@id\":\"https:\/\/casanha.com\/en\/le-commencement-le-cinquieme-anniversaire\/#breadcrumb\",\"itemListElement\":[{\"@type\":\"ListItem\",\"position\":1,\"name\":\"Home\",\"item\":\"https:\/\/casanha.com\/\"},{\"@type\":\"ListItem\",\"position\":2,\"name\":\"Le commencement | Le cinqui\u00e8me anniversaire\"}]},{\"@type\":\"WebSite\",\"@id\":\"https:\/\/casanha.com\/vi\/#website\",\"url\":\"https:\/\/casanha.com\/vi\/\",\"name\":\"Casanha\",\"description\":\"Home Decor &amp; Furniture\",\"publisher\":{\"@id\":\"https:\/\/casanha.com\/vi\/#organization\"},\"potentialAction\":[{\"@type\":\"SearchAction\",\"target\":{\"@type\":\"EntryPoint\",\"urlTemplate\":\"https:\/\/casanha.com\/vi\/?s={search_term_string}\"},\"query-input\":{\"@type\":\"PropertyValueSpecification\",\"valueRequired\":true,\"valueName\":\"search_term_string\"}}],\"inLanguage\":\"en-US\"},{\"@type\":\"Organization\",\"@id\":\"https:\/\/casanha.com\/vi\/#organization\",\"name\":\"Casanha\",\"url\":\"https:\/\/casanha.com\/vi\/\",\"logo\":{\"@type\":\"ImageObject\",\"inLanguage\":\"en-US\",\"@id\":\"https:\/\/casanha.com\/vi\/#\/schema\/logo\/image\/\",\"url\":\"https:\/\/casanha-beta.s3.ap-southeast-1.amazonaws.com\/2026\/02\/logo-2026.jpg\",\"contentUrl\":\"https:\/\/casanha-beta.s3.ap-southeast-1.amazonaws.com\/2026\/02\/logo-2026.jpg\",\"width\":1500,\"height\":1500,\"caption\":\"Casanha\"},\"image\":{\"@id\":\"https:\/\/casanha.com\/vi\/#\/schema\/logo\/image\/\"},\"sameAs\":[\"https:\/\/www.facebook.com\/CasanhaHome\",\"https:\/\/www.instagram.com\/casanhahome\/\",\"https:\/\/www.youtube.com\/@casanha\",\"https:\/\/www.tiktok.com\/@casanha.com\",\"https:\/\/zalo.me\/casanhahome\"]}]}<\/script>\n<!-- \/ Yoast SEO plugin. -->","yoast_head_json":{"title":"Le commencement | Le cinqui\u00e8me anniversaire - Casanha","robots":{"index":"index","follow":"follow","max-snippet":"max-snippet:-1","max-image-preview":"max-image-preview:large","max-video-preview":"max-video-preview:-1"},"canonical":"https:\/\/casanha.com\/en\/le-commencement-le-cinquieme-anniversaire\/","og_locale":"en_US","og_type":"article","og_title":"Le commencement | Le cinqui\u00e8me anniversaire - Casanha","og_description":"Le commencement hay The Beginning m\u1eddi b\u1ea1n c\u00f9ng du ngo\u1ea1n tr\u1edf l\u1ea1i con \u0111\u01b0\u1eddng k\u00fd \u1ee9c Casanh\u00e0 trong 5 n\u0103m","og_url":"https:\/\/casanha.com\/en\/le-commencement-le-cinquieme-anniversaire\/","og_site_name":"Casanha","article_publisher":"https:\/\/www.facebook.com\/CasanhaHome","og_image":[{"url":"https:\/\/casanha.com\/wp-content\/uploads\/2022\/10\/Event-Website-Slide.jpg","type":"","width":"","height":""}],"twitter_card":"summary_large_image","schema":{"@context":"https:\/\/schema.org","@graph":[{"@type":"WebPage","@id":"https:\/\/casanha.com\/en\/le-commencement-le-cinquieme-anniversaire\/","url":"https:\/\/casanha.com\/en\/le-commencement-le-cinquieme-anniversaire\/","name":"Le commencement | Le cinqui\u00e8me anniversaire - Casanha","isPartOf":{"@id":"https:\/\/casanha.com\/vi\/#website"},"primaryImageOfPage":{"@id":"https:\/\/casanha.com\/en\/le-commencement-le-cinquieme-anniversaire\/#primaryimage"},"image":{"@id":"https:\/\/casanha.com\/en\/le-commencement-le-cinquieme-anniversaire\/#primaryimage"},"thumbnailUrl":"https:\/\/casanha.com\/wp-content\/uploads\/2022\/10\/Event-Website-Slide.jpg","datePublished":"2025-03-29T08:47:56+00:00","breadcrumb":{"@id":"https:\/\/casanha.com\/en\/le-commencement-le-cinquieme-anniversaire\/#breadcrumb"},"inLanguage":"en-US","potentialAction":[{"@type":"ReadAction","target":["https:\/\/casanha.com\/en\/le-commencement-le-cinquieme-anniversaire\/"]}]},{"@type":"ImageObject","inLanguage":"en-US","@id":"https:\/\/casanha.com\/en\/le-commencement-le-cinquieme-anniversaire\/#primaryimage","url":"https:\/\/casanha.com\/wp-content\/uploads\/2022\/10\/Event-Website-Slide.jpg","contentUrl":"https:\/\/casanha.com\/wp-content\/uploads\/2022\/10\/Event-Website-Slide.jpg"},{"@type":"BreadcrumbList","@id":"https:\/\/casanha.com\/en\/le-commencement-le-cinquieme-anniversaire\/#breadcrumb","itemListElement":[{"@type":"ListItem","position":1,"name":"Home","item":"https:\/\/casanha.com\/"},{"@type":"ListItem","position":2,"name":"Le commencement | Le cinqui\u00e8me anniversaire"}]},{"@type":"WebSite","@id":"https:\/\/casanha.com\/vi\/#website","url":"https:\/\/casanha.com\/vi\/","name":"Casanha","description":"Home Decor &amp; Furniture","publisher":{"@id":"https:\/\/casanha.com\/vi\/#organization"},"potentialAction":[{"@type":"SearchAction","target":{"@type":"EntryPoint","urlTemplate":"https:\/\/casanha.com\/vi\/?s={search_term_string}"},"query-input":{"@type":"PropertyValueSpecification","valueRequired":true,"valueName":"search_term_string"}}],"inLanguage":"en-US"},{"@type":"Organization","@id":"https:\/\/casanha.com\/vi\/#organization","name":"Casanha","url":"https:\/\/casanha.com\/vi\/","logo":{"@type":"ImageObject","inLanguage":"en-US","@id":"https:\/\/casanha.com\/vi\/#\/schema\/logo\/image\/","url":"https:\/\/casanha-beta.s3.ap-southeast-1.amazonaws.com\/2026\/02\/logo-2026.jpg","contentUrl":"https:\/\/casanha-beta.s3.ap-southeast-1.amazonaws.com\/2026\/02\/logo-2026.jpg","width":1500,"height":1500,"caption":"Casanha"},"image":{"@id":"https:\/\/casanha.com\/vi\/#\/schema\/logo\/image\/"},"sameAs":["https:\/\/www.facebook.com\/CasanhaHome","https:\/\/www.instagram.com\/casanhahome\/","https:\/\/www.youtube.com\/@casanha","https:\/\/www.tiktok.com\/@casanha.com","https:\/\/zalo.me\/casanhahome"]}]}},"_links":{"self":[{"href":"https:\/\/casanha.com\/en\/wp-json\/wp\/v2\/pages\/75538","targetHints":{"allow":["GET"]}}],"collection":[{"href":"https:\/\/casanha.com\/en\/wp-json\/wp\/v2\/pages"}],"about":[{"href":"https:\/\/casanha.com\/en\/wp-json\/wp\/v2\/types\/page"}],"author":[{"embeddable":true,"href":"https:\/\/casanha.com\/en\/wp-json\/wp\/v2\/users\/1874"}],"replies":[{"embeddable":true,"href":"https:\/\/casanha.com\/en\/wp-json\/wp\/v2\/comments?post=75538"}],"version-history":[{"count":0,"href":"https:\/\/casanha.com\/en\/wp-json\/wp\/v2\/pages\/75538\/revisions"}],"wp:attachment":[{"href":"https:\/\/casanha.com\/en\/wp-json\/wp\/v2\/media?parent=75538"}],"curies":[{"name":"wp","href":"https:\/\/api.w.org\/{rel}","templated":true}]}}