{"id":75519,"date":"2025-03-29T12:37:46","date_gmt":"2025-03-29T05:37:46","guid":{"rendered":"http:\/\/casanha.test\/?page_id=72430"},"modified":"2025-03-29T12:37:46","modified_gmt":"2025-03-29T05:37:46","slug":"delivery-policies-2","status":"publish","type":"page","link":"https:\/\/casanha.com\/en\/delivery-policies-2\/","title":{"rendered":"Delivery Policies"},"content":{"rendered":"\n<h5 class=\"wp-block-heading\"><strong>Th\u1eddi gian giao h\u00e0ng<\/strong><\/h5>\n\n\n\n<p>N\u1ebfu qu\u00fd kh\u00e1ch mu\u1ed1n giao h\u00e0ng \u1edf nhi\u1ec1u \u0111\u1ecba \u0111i\u1ec3m kh\u00e1c nhau cho c\u00e1c s\u1ea3n ph\u1ea9m trong c\u00f9ng \u0111\u01a1n h\u00e0ng, qu\u00fd kh\u00e1ch s\u1ebd ph\u1ea3i tr\u1ea3 th\u00eam ph\u00ed cho m\u1ed7i \u0111\u1ecba \u0111i\u1ec3m c\u00f3 t\u1ed5ng s\u1ed1 l\u01b0\u1ee3ng s\u1ea3n ph\u1ea9m gi\u00e1 tr\u1ecb d\u01b0\u1edbi 10,000,000\u0111.<\/p>\n\n\n\n<p>Ch\u00fang t\u00f4i s\u1ebd s\u1eafp x\u1ebfp l\u1ecbch giao h\u00e0ng sao cho thu\u1eadn ti\u1ec7n v\u1edbi qu\u00fd kh\u00e1ch v\u00e0 d\u1ef1a tr\u00ean l\u1ecbch tr\u00ecnh giao h\u00e0ng c\u1ee7a ng\u00e0y. Khi ng\u00e0y giao h\u00e0ng \u0111\u00e3 \u0111\u01b0\u1ee3c \u0111\u1ed3ng \u00fd b\u1edfi hai b\u00ean qua \u0111i\u1ec7n tho\u1ea1i, tin nh\u1eafn,v\u0103n b\u1ea3n, email, Qu\u00fd kh\u00e1ch c\u00f3 th\u1ec3 chuy\u1ec3n ng\u00e0y giao h\u00e0ng m\u1ed9t l\u1ea7n. N\u1ebfu Qu\u00fd kh\u00e1ch ti\u1ebfp t\u1ee5c \u0111\u1ed5i ng\u00e0y giao l\u1ea7n th\u1ee9 hai, th\u00ec ng\u00e0y giao h\u00e0ng s\u1ebd do CASANHA s\u1eafp x\u1ebfp t\u00f9y thu\u1ed9c v\u00e0o l\u1ed9 tr\u00ecnh thu\u1eadn ti\u1ec7n c\u1ee7a CASANHA.<\/p>\n\n\n\n<h5 class=\"wp-block-heading\">Vui l\u00f2ng \u0111\u1ecdc k\u1ef9&nbsp;<em><strong>\u0110i\u1ec1u kho\u1ea3n v\u00e0 \u0110i\u1ec1u ki\u1ec7n<\/strong><\/em>&nbsp;<a href=\"https:\/\/casanha.com\/vi\/terms-and-conditions\/\">t\u1ea1i \u0111\u00e2y<\/a>!<\/h5>\n","protected":false},"excerpt":{"rendered":"<p>Th\u1eddi gian giao h\u00e0ng N\u1ebfu qu\u00fd kh\u00e1ch mu\u1ed1n giao h\u00e0ng \u1edf nhi\u1ec1u \u0111\u1ecba \u0111i\u1ec3m kh\u00e1c nhau cho c\u00e1c s\u1ea3n ph\u1ea9m<\/p>\n","protected":false},"author":1874,"featured_media":0,"parent":0,"menu_order":0,"comment_status":"closed","ping_status":"closed","template":"","meta":{"footnotes":""},"class_list":["post-75519","page","type-page","status-publish","hentry"],"yoast_head":"<!-- This site is optimized with the Yoast SEO plugin v27.1.1 - https:\/\/yoast.com\/product\/yoast-seo-wordpress\/ -->\n<title>Delivery Policies - Casanha<\/title>\n<meta name=\"robots\" content=\"index, follow, max-snippet:-1, max-image-preview:large, max-video-preview:-1\" \/>\n<link rel=\"canonical\" href=\"https:\/\/casanha.com\/en\/delivery-policies-2\/\" \/>\n<meta property=\"og:locale\" content=\"en_US\" \/>\n<meta property=\"og:type\" content=\"article\" \/>\n<meta property=\"og:title\" content=\"Delivery Policies - Casanha\" \/>\n<meta property=\"og:description\" content=\"Th\u1eddi gian giao h\u00e0ng N\u1ebfu qu\u00fd kh\u00e1ch mu\u1ed1n giao h\u00e0ng \u1edf nhi\u1ec1u \u0111\u1ecba \u0111i\u1ec3m kh\u00e1c nhau cho c\u00e1c s\u1ea3n ph\u1ea9m\" \/>\n<meta property=\"og:url\" content=\"https:\/\/casanha.com\/en\/delivery-policies-2\/\" \/>\n<meta property=\"og:site_name\" content=\"Casanha\" \/>\n<meta property=\"article:publisher\" content=\"https:\/\/www.facebook.com\/CasanhaHome\" \/>\n<meta name=\"twitter:card\" content=\"summary_large_image\" \/>\n<script type=\"application\/ld+json\" class=\"yoast-schema-graph\">{\"@context\":\"https:\/\/schema.org\",\"@graph\":[{\"@type\":\"WebPage\",\"@id\":\"https:\/\/casanha.com\/delivery-policies-2\/\",\"url\":\"https:\/\/casanha.com\/delivery-policies-2\/\",\"name\":\"Delivery Policies - Casanha\",\"isPartOf\":{\"@id\":\"https:\/\/casanha.com\/vi\/#website\"},\"datePublished\":\"2025-03-29T05:37:46+00:00\",\"breadcrumb\":{\"@id\":\"https:\/\/casanha.com\/delivery-policies-2\/#breadcrumb\"},\"inLanguage\":\"en-US\",\"potentialAction\":[{\"@type\":\"ReadAction\",\"target\":[\"https:\/\/casanha.com\/delivery-policies-2\/\"]}]},{\"@type\":\"BreadcrumbList\",\"@id\":\"https:\/\/casanha.com\/delivery-policies-2\/#breadcrumb\",\"itemListElement\":[{\"@type\":\"ListItem\",\"position\":1,\"name\":\"Home\",\"item\":\"https:\/\/casanha.com\/\"},{\"@type\":\"ListItem\",\"position\":2,\"name\":\"Delivery Policies\"}]},{\"@type\":\"WebSite\",\"@id\":\"https:\/\/casanha.com\/vi\/#website\",\"url\":\"https:\/\/casanha.com\/vi\/\",\"name\":\"Casanha\",\"description\":\"Home Decor &amp; Furniture\",\"publisher\":{\"@id\":\"https:\/\/casanha.com\/vi\/#organization\"},\"potentialAction\":[{\"@type\":\"SearchAction\",\"target\":{\"@type\":\"EntryPoint\",\"urlTemplate\":\"https:\/\/casanha.com\/vi\/?s={search_term_string}\"},\"query-input\":{\"@type\":\"PropertyValueSpecification\",\"valueRequired\":true,\"valueName\":\"search_term_string\"}}],\"inLanguage\":\"en-US\"},{\"@type\":\"Organization\",\"@id\":\"https:\/\/casanha.com\/vi\/#organization\",\"name\":\"Casanha\",\"url\":\"https:\/\/casanha.com\/vi\/\",\"logo\":{\"@type\":\"ImageObject\",\"inLanguage\":\"en-US\",\"@id\":\"https:\/\/casanha.com\/vi\/#\/schema\/logo\/image\/\",\"url\":\"https:\/\/casanha-beta.s3.ap-southeast-1.amazonaws.com\/2026\/02\/logo-2026.jpg\",\"contentUrl\":\"https:\/\/casanha-beta.s3.ap-southeast-1.amazonaws.com\/2026\/02\/logo-2026.jpg\",\"width\":1500,\"height\":1500,\"caption\":\"Casanha\"},\"image\":{\"@id\":\"https:\/\/casanha.com\/vi\/#\/schema\/logo\/image\/\"},\"sameAs\":[\"https:\/\/www.facebook.com\/CasanhaHome\",\"https:\/\/www.instagram.com\/casanhahome\/\",\"https:\/\/www.youtube.com\/@casanha\",\"https:\/\/www.tiktok.com\/@casanha.com\",\"https:\/\/zalo.me\/casanhahome\"]}]}<\/script>\n<!-- \/ Yoast SEO plugin. -->","yoast_head_json":{"title":"Delivery Policies - Casanha","robots":{"index":"index","follow":"follow","max-snippet":"max-snippet:-1","max-image-preview":"max-image-preview:large","max-video-preview":"max-video-preview:-1"},"canonical":"https:\/\/casanha.com\/en\/delivery-policies-2\/","og_locale":"en_US","og_type":"article","og_title":"Delivery Policies - Casanha","og_description":"Th\u1eddi gian giao h\u00e0ng N\u1ebfu qu\u00fd kh\u00e1ch mu\u1ed1n giao h\u00e0ng \u1edf nhi\u1ec1u \u0111\u1ecba \u0111i\u1ec3m kh\u00e1c nhau cho c\u00e1c s\u1ea3n ph\u1ea9m","og_url":"https:\/\/casanha.com\/en\/delivery-policies-2\/","og_site_name":"Casanha","article_publisher":"https:\/\/www.facebook.com\/CasanhaHome","twitter_card":"summary_large_image","schema":{"@context":"https:\/\/schema.org","@graph":[{"@type":"WebPage","@id":"https:\/\/casanha.com\/delivery-policies-2\/","url":"https:\/\/casanha.com\/delivery-policies-2\/","name":"Delivery Policies - Casanha","isPartOf":{"@id":"https:\/\/casanha.com\/vi\/#website"},"datePublished":"2025-03-29T05:37:46+00:00","breadcrumb":{"@id":"https:\/\/casanha.com\/delivery-policies-2\/#breadcrumb"},"inLanguage":"en-US","potentialAction":[{"@type":"ReadAction","target":["https:\/\/casanha.com\/delivery-policies-2\/"]}]},{"@type":"BreadcrumbList","@id":"https:\/\/casanha.com\/delivery-policies-2\/#breadcrumb","itemListElement":[{"@type":"ListItem","position":1,"name":"Home","item":"https:\/\/casanha.com\/"},{"@type":"ListItem","position":2,"name":"Delivery Policies"}]},{"@type":"WebSite","@id":"https:\/\/casanha.com\/vi\/#website","url":"https:\/\/casanha.com\/vi\/","name":"Casanha","description":"Home Decor &amp; Furniture","publisher":{"@id":"https:\/\/casanha.com\/vi\/#organization"},"potentialAction":[{"@type":"SearchAction","target":{"@type":"EntryPoint","urlTemplate":"https:\/\/casanha.com\/vi\/?s={search_term_string}"},"query-input":{"@type":"PropertyValueSpecification","valueRequired":true,"valueName":"search_term_string"}}],"inLanguage":"en-US"},{"@type":"Organization","@id":"https:\/\/casanha.com\/vi\/#organization","name":"Casanha","url":"https:\/\/casanha.com\/vi\/","logo":{"@type":"ImageObject","inLanguage":"en-US","@id":"https:\/\/casanha.com\/vi\/#\/schema\/logo\/image\/","url":"https:\/\/casanha-beta.s3.ap-southeast-1.amazonaws.com\/2026\/02\/logo-2026.jpg","contentUrl":"https:\/\/casanha-beta.s3.ap-southeast-1.amazonaws.com\/2026\/02\/logo-2026.jpg","width":1500,"height":1500,"caption":"Casanha"},"image":{"@id":"https:\/\/casanha.com\/vi\/#\/schema\/logo\/image\/"},"sameAs":["https:\/\/www.facebook.com\/CasanhaHome","https:\/\/www.instagram.com\/casanhahome\/","https:\/\/www.youtube.com\/@casanha","https:\/\/www.tiktok.com\/@casanha.com","https:\/\/zalo.me\/casanhahome"]}]}},"_links":{"self":[{"href":"https:\/\/casanha.com\/en\/wp-json\/wp\/v2\/pages\/75519","targetHints":{"allow":["GET"]}}],"collection":[{"href":"https:\/\/casanha.com\/en\/wp-json\/wp\/v2\/pages"}],"about":[{"href":"https:\/\/casanha.com\/en\/wp-json\/wp\/v2\/types\/page"}],"author":[{"embeddable":true,"href":"https:\/\/casanha.com\/en\/wp-json\/wp\/v2\/users\/1874"}],"replies":[{"embeddable":true,"href":"https:\/\/casanha.com\/en\/wp-json\/wp\/v2\/comments?post=75519"}],"version-history":[{"count":0,"href":"https:\/\/casanha.com\/en\/wp-json\/wp\/v2\/pages\/75519\/revisions"}],"wp:attachment":[{"href":"https:\/\/casanha.com\/en\/wp-json\/wp\/v2\/media?parent=75519"}],"curies":[{"name":"wp","href":"https:\/\/api.w.org\/{rel}","templated":true}]}}