{"id":75518,"date":"2025-03-29T12:36:20","date_gmt":"2025-03-29T05:36:20","guid":{"rendered":"http:\/\/casanha.test\/?page_id=72425"},"modified":"2025-03-29T12:36:20","modified_gmt":"2025-03-29T05:36:20","slug":"core-values","status":"publish","type":"page","link":"https:\/\/casanha.com\/en\/core-values\/","title":{"rendered":"Core Values"},"content":{"rendered":"\t\t<div data-elementor-type=\"wp-page\" data-elementor-id=\"75518\" class=\"elementor elementor-75518\">\n\t\t\t\t<div class=\"wd-negative-gap elementor-element elementor-element-8b3afbe e-flex e-con-boxed e-con e-parent\" data-id=\"8b3afbe\" data-element_type=\"container\">\n\t\t\t\t\t<div class=\"e-con-inner\">\n\t\t\t\t<div class=\"elementor-element elementor-element-a4c897d elementor-widget elementor-widget-wd_text_block\" data-id=\"a4c897d\" data-element_type=\"widget\" data-widget_type=\"wd_text_block.default\">\n\t\t\t\t<div class=\"elementor-widget-container\">\n\t\t\t\t\t\t\t<div class=\"wd-text-block reset-last-child text-left\">\n\t\t\t\n\t\t\t<div id=\"inner_content-1-48\" class=\"ct-inner-content\"><div id=\"text_block-4-37439\" class=\"ct-text-block\"><div style=\"text-align: center;\"><b>T\u00e2n ti\u1ebfn<\/b><\/div><div style=\"text-align: center;\">T\u00e2n ti\u1ebfn nh\u01b0ng kh\u00f4ng \u0111\u1ea1i tr\u00e0.&nbsp;<\/div><div style=\"text-align: center;\">Ch\u00fang t\u00f4i \u0111\u01b0\u1ee3c truy\u1ec1n c\u1ea3m h\u1ee9ng m\u00e0 kh\u00f4ng thi\u00ean v\u1ecb \u200b\u200bho\u1eb7c b\u1ecb \u1ea3nh h\u01b0\u1edfng b\u1edfi th\u1ecb tr\u01b0\u1eddng n\u1ed9i \u0111\u1ecba.<\/div><div style=\"text-align: center;\">Casanh\u00e0 \u0111ang t\u1ea1o ra xu h\u01b0\u1edbng<\/div><br><br><\/div><div id=\"text_block-5-37439\" class=\"ct-text-block\"><div style=\"text-align: center;\"><b>Thi\u1ebft k\u1ebf<\/b><\/div><div style=\"text-align: center;\">\u0110\u1ed1i v\u1edbi Casanh\u00e0, thi\u1ebft k\u1ebf kh\u00f4ng ch\u1ec9 l\u00e0 v\u1ec1 h\u00ecnh th\u1ee9c m\u00e0 c\u00f2n v\u1ec1 s\u1ef1 th\u00f4ng minh, v\u1ec1 ti\u1ec7n \u00edch c\u1ee7a c\u00e1c m\u1eb7t h\u00e0ng.<br><\/div><br><br><\/div><div id=\"text_block-16-37439\" class=\"ct-text-block\"><div style=\"text-align: center;\"><b>Ch\u1ea5t l\u01b0\u1ee3ng<\/b><\/div><div style=\"text-align: center;\">Ch\u1ea5t l\u01b0\u1ee3ng c\u1ee7a m\u1ed9t s\u1ea3n ph\u1ea9m kh\u00f4ng ch\u1ec9 v\u1ec1 nguy\u00ean li\u1ec7u t\u1ea1o th\u00e0nh, kh\u00f4ng ch\u1ec9 v\u1ec1 thi\u1ebft k\u1ebf m\u00e0 c\u00f2n v\u1ec1 k\u1ebft qu\u1ea3 c\u1ee7a s\u1ef1 k\u1ebft h\u1ee3p c\u1ee7a c\u1ea3 hai \u0111i\u1ec1u n\u00f3i tr\u00ean. N\u1ed7 l\u1ef1c c\u1ea3i thi\u1ec7n, trau chu\u1ed1t, n\u1eb1m \u1edf nh\u1eefng chi ti\u1ebft nh\u1ecf d\u1eabn \u0111\u1ebfn k\u1ebft qu\u1ea3 t\u1ed1t nh\u1ea5t m\u00e0 b\u1ea1n c\u00f3 th\u1ec3 c\u00f3 - s\u1ef1 tho\u1ea3i m\u00e1i tuy\u1ec7t \u0111\u1ed1i. \"B\u1ea1n c\u00f3 th\u1ec3 sao ch\u00e9p thi\u1ebft k\u1ebf nh\u01b0ng b\u1ea1n kh\u00f4ng th\u1ec3 sao ch\u00e9p s\u1ef1 tho\u1ea3i m\u00e1i\".<\/div><div style=\"text-align: center;\"><\/div><div style=\"text-align: center;\"><br><\/div><br><\/div><div id=\"text_block-22-37439\" class=\"ct-text-block\"><div style=\"text-align: center;\"><b>Chi\u1ebft trung<\/b><\/div><div style=\"text-align: center;\"><\/div><div style=\"text-align: center;\">Phong c\u00e1ch v\u00e0 k\u1ebft n\u1ed1i. Casanh\u00e0 \u0111\u01b0\u1ee3c thi\u1ebft l\u1eadp \u0111\u1ec3 tr\u1edf n\u00ean kh\u00e1c bi\u1ec7t v\u00e0 ch\u00fang t\u00f4i kh\u00f4ng s\u1ee3 s\u1ef1 kh\u00e1c bi\u1ec7t.<\/div><div style=\"text-align: center;\">Casanh\u00e0 l\u00e0 s\u1ef1 \u0111\u1ed9c \u0111\u00e1o v\u00e0 Casanh\u00e0 l\u00e0 ch\u1ee7 ngh\u0129a chi\u1ebft trung.<\/div><div style=\"text-align: center;\"><br><\/div><br><\/div><div id=\"text_block-29-37439\" class=\"ct-text-block\"><div style=\"text-align: center;\"><b>\u0110a d\u1ea1ng<\/b><\/div><div style=\"text-align: center;\"><\/div><div style=\"text-align: center;\">S\u1ef1 kh\u00f4ng \u0111\u1ed3ng nh\u1ea5t. S\u1ef1 thay \u0111\u1ed5i l\u00e0 y\u1ebfu t\u1ed1 m\u1eb7c \u0111\u1ecbnh trong cu\u1ed9c s\u1ed1ng v\u00e0 Casanh\u00e0 lu\u00f4n c\u1ed1 g\u1eafng th\u00edch \u1ee9ng v\u00e0 ph\u00e1t tri\u1ec3n b\u1eb1ng c\u00e1ch cung c\u1ea5p nhi\u1ec1u lo\u1ea1i h\u00e0ng h\u00f3a h\u1ee3p th\u1eddi trang mang l\u1ea1i c\u1ea3m x\u00fac, \u00fd t\u01b0\u1edfng v\u00e0 nhu c\u1ea7u.<\/div><div style=\"text-align: center;\"><\/div><br><\/div><\/div>\n\t\t\t\t\t<\/div>\n\t\t\t\t\t\t<\/div>\n\t\t\t\t<\/div>\n\t\t\t\t\t<\/div>\n\t\t\t\t<\/div>\n\t\t\t\t<\/div>\n\t\t","protected":false},"excerpt":{"rendered":"<p>T\u00e2n ti\u1ebfnT\u00e2n ti\u1ebfn nh\u01b0ng kh\u00f4ng \u0111\u1ea1i tr\u00e0.&nbsp;Ch\u00fang t\u00f4i \u0111\u01b0\u1ee3c truy\u1ec1n c\u1ea3m h\u1ee9ng m\u00e0 kh\u00f4ng thi\u00ean v\u1ecb \u200b\u200bho\u1eb7c b\u1ecb \u1ea3nh h\u01b0\u1edfng<\/p>\n","protected":false},"author":1874,"featured_media":0,"parent":0,"menu_order":0,"comment_status":"closed","ping_status":"closed","template":"","meta":{"footnotes":""},"class_list":["post-75518","page","type-page","status-publish","hentry"],"yoast_head":"<!-- This site is optimized with the Yoast SEO plugin v27.1.1 - https:\/\/yoast.com\/product\/yoast-seo-wordpress\/ -->\n<title>Core Values - Casanha<\/title>\n<meta name=\"robots\" content=\"index, follow, max-snippet:-1, max-image-preview:large, max-video-preview:-1\" \/>\n<link rel=\"canonical\" href=\"https:\/\/casanha.com\/en\/core-values\/\" \/>\n<meta property=\"og:locale\" content=\"en_US\" \/>\n<meta property=\"og:type\" content=\"article\" \/>\n<meta property=\"og:title\" content=\"Core Values - Casanha\" \/>\n<meta property=\"og:description\" content=\"T\u00e2n ti\u1ebfnT\u00e2n ti\u1ebfn nh\u01b0ng kh\u00f4ng \u0111\u1ea1i tr\u00e0.&nbsp;Ch\u00fang t\u00f4i \u0111\u01b0\u1ee3c truy\u1ec1n c\u1ea3m h\u1ee9ng m\u00e0 kh\u00f4ng thi\u00ean v\u1ecb \u200b\u200bho\u1eb7c b\u1ecb \u1ea3nh h\u01b0\u1edfng\" \/>\n<meta property=\"og:url\" content=\"https:\/\/casanha.com\/en\/core-values\/\" \/>\n<meta property=\"og:site_name\" content=\"Casanha\" \/>\n<meta property=\"article:publisher\" content=\"https:\/\/www.facebook.com\/CasanhaHome\" \/>\n<meta name=\"twitter:card\" content=\"summary_large_image\" \/>\n<script type=\"application\/ld+json\" class=\"yoast-schema-graph\">{\"@context\":\"https:\/\/schema.org\",\"@graph\":[{\"@type\":\"WebPage\",\"@id\":\"https:\/\/casanha.com\/core-values\/\",\"url\":\"https:\/\/casanha.com\/core-values\/\",\"name\":\"Core Values - Casanha\",\"isPartOf\":{\"@id\":\"https:\/\/casanha.com\/vi\/#website\"},\"datePublished\":\"2025-03-29T05:36:20+00:00\",\"breadcrumb\":{\"@id\":\"https:\/\/casanha.com\/core-values\/#breadcrumb\"},\"inLanguage\":\"en-US\",\"potentialAction\":[{\"@type\":\"ReadAction\",\"target\":[\"https:\/\/casanha.com\/core-values\/\"]}]},{\"@type\":\"BreadcrumbList\",\"@id\":\"https:\/\/casanha.com\/core-values\/#breadcrumb\",\"itemListElement\":[{\"@type\":\"ListItem\",\"position\":1,\"name\":\"Home\",\"item\":\"https:\/\/casanha.com\/\"},{\"@type\":\"ListItem\",\"position\":2,\"name\":\"Core Values\"}]},{\"@type\":\"WebSite\",\"@id\":\"https:\/\/casanha.com\/vi\/#website\",\"url\":\"https:\/\/casanha.com\/vi\/\",\"name\":\"Casanha\",\"description\":\"Home Decor &amp; Furniture\",\"publisher\":{\"@id\":\"https:\/\/casanha.com\/vi\/#organization\"},\"potentialAction\":[{\"@type\":\"SearchAction\",\"target\":{\"@type\":\"EntryPoint\",\"urlTemplate\":\"https:\/\/casanha.com\/vi\/?s={search_term_string}\"},\"query-input\":{\"@type\":\"PropertyValueSpecification\",\"valueRequired\":true,\"valueName\":\"search_term_string\"}}],\"inLanguage\":\"en-US\"},{\"@type\":\"Organization\",\"@id\":\"https:\/\/casanha.com\/vi\/#organization\",\"name\":\"Casanha\",\"url\":\"https:\/\/casanha.com\/vi\/\",\"logo\":{\"@type\":\"ImageObject\",\"inLanguage\":\"en-US\",\"@id\":\"https:\/\/casanha.com\/vi\/#\/schema\/logo\/image\/\",\"url\":\"https:\/\/casanha-beta.s3.ap-southeast-1.amazonaws.com\/2026\/02\/logo-2026.jpg\",\"contentUrl\":\"https:\/\/casanha-beta.s3.ap-southeast-1.amazonaws.com\/2026\/02\/logo-2026.jpg\",\"width\":1500,\"height\":1500,\"caption\":\"Casanha\"},\"image\":{\"@id\":\"https:\/\/casanha.com\/vi\/#\/schema\/logo\/image\/\"},\"sameAs\":[\"https:\/\/www.facebook.com\/CasanhaHome\",\"https:\/\/www.instagram.com\/casanhahome\/\",\"https:\/\/www.youtube.com\/@casanha\",\"https:\/\/www.tiktok.com\/@casanha.com\",\"https:\/\/zalo.me\/casanhahome\"]}]}<\/script>\n<!-- \/ Yoast SEO plugin. -->","yoast_head_json":{"title":"Core Values - Casanha","robots":{"index":"index","follow":"follow","max-snippet":"max-snippet:-1","max-image-preview":"max-image-preview:large","max-video-preview":"max-video-preview:-1"},"canonical":"https:\/\/casanha.com\/en\/core-values\/","og_locale":"en_US","og_type":"article","og_title":"Core Values - Casanha","og_description":"T\u00e2n ti\u1ebfnT\u00e2n ti\u1ebfn nh\u01b0ng kh\u00f4ng \u0111\u1ea1i tr\u00e0.&nbsp;Ch\u00fang t\u00f4i \u0111\u01b0\u1ee3c truy\u1ec1n c\u1ea3m h\u1ee9ng m\u00e0 kh\u00f4ng thi\u00ean v\u1ecb \u200b\u200bho\u1eb7c b\u1ecb \u1ea3nh h\u01b0\u1edfng","og_url":"https:\/\/casanha.com\/en\/core-values\/","og_site_name":"Casanha","article_publisher":"https:\/\/www.facebook.com\/CasanhaHome","twitter_card":"summary_large_image","schema":{"@context":"https:\/\/schema.org","@graph":[{"@type":"WebPage","@id":"https:\/\/casanha.com\/core-values\/","url":"https:\/\/casanha.com\/core-values\/","name":"Core Values - Casanha","isPartOf":{"@id":"https:\/\/casanha.com\/vi\/#website"},"datePublished":"2025-03-29T05:36:20+00:00","breadcrumb":{"@id":"https:\/\/casanha.com\/core-values\/#breadcrumb"},"inLanguage":"en-US","potentialAction":[{"@type":"ReadAction","target":["https:\/\/casanha.com\/core-values\/"]}]},{"@type":"BreadcrumbList","@id":"https:\/\/casanha.com\/core-values\/#breadcrumb","itemListElement":[{"@type":"ListItem","position":1,"name":"Home","item":"https:\/\/casanha.com\/"},{"@type":"ListItem","position":2,"name":"Core Values"}]},{"@type":"WebSite","@id":"https:\/\/casanha.com\/vi\/#website","url":"https:\/\/casanha.com\/vi\/","name":"Casanha","description":"Home Decor &amp; Furniture","publisher":{"@id":"https:\/\/casanha.com\/vi\/#organization"},"potentialAction":[{"@type":"SearchAction","target":{"@type":"EntryPoint","urlTemplate":"https:\/\/casanha.com\/vi\/?s={search_term_string}"},"query-input":{"@type":"PropertyValueSpecification","valueRequired":true,"valueName":"search_term_string"}}],"inLanguage":"en-US"},{"@type":"Organization","@id":"https:\/\/casanha.com\/vi\/#organization","name":"Casanha","url":"https:\/\/casanha.com\/vi\/","logo":{"@type":"ImageObject","inLanguage":"en-US","@id":"https:\/\/casanha.com\/vi\/#\/schema\/logo\/image\/","url":"https:\/\/casanha-beta.s3.ap-southeast-1.amazonaws.com\/2026\/02\/logo-2026.jpg","contentUrl":"https:\/\/casanha-beta.s3.ap-southeast-1.amazonaws.com\/2026\/02\/logo-2026.jpg","width":1500,"height":1500,"caption":"Casanha"},"image":{"@id":"https:\/\/casanha.com\/vi\/#\/schema\/logo\/image\/"},"sameAs":["https:\/\/www.facebook.com\/CasanhaHome","https:\/\/www.instagram.com\/casanhahome\/","https:\/\/www.youtube.com\/@casanha","https:\/\/www.tiktok.com\/@casanha.com","https:\/\/zalo.me\/casanhahome"]}]}},"_links":{"self":[{"href":"https:\/\/casanha.com\/en\/wp-json\/wp\/v2\/pages\/75518","targetHints":{"allow":["GET"]}}],"collection":[{"href":"https:\/\/casanha.com\/en\/wp-json\/wp\/v2\/pages"}],"about":[{"href":"https:\/\/casanha.com\/en\/wp-json\/wp\/v2\/types\/page"}],"author":[{"embeddable":true,"href":"https:\/\/casanha.com\/en\/wp-json\/wp\/v2\/users\/1874"}],"replies":[{"embeddable":true,"href":"https:\/\/casanha.com\/en\/wp-json\/wp\/v2\/comments?post=75518"}],"version-history":[{"count":0,"href":"https:\/\/casanha.com\/en\/wp-json\/wp\/v2\/pages\/75518\/revisions"}],"wp:attachment":[{"href":"https:\/\/casanha.com\/en\/wp-json\/wp\/v2\/media?parent=75518"}],"curies":[{"name":"wp","href":"https:\/\/api.w.org\/{rel}","templated":true}]}}