{"id":75517,"date":"2025-03-29T12:35:19","date_gmt":"2025-03-29T05:35:19","guid":{"rendered":"http:\/\/casanha.test\/?page_id=72420"},"modified":"2025-03-29T12:35:19","modified_gmt":"2025-03-29T05:35:19","slug":"co-hoi-viec-lam","status":"publish","type":"page","link":"https:\/\/casanha.com\/en\/co-hoi-viec-lam\/","title":{"rendered":"C\u01a1 h\u1ed9i vi\u1ec7c l\u00e0m"},"content":{"rendered":"\t\t<div data-elementor-type=\"wp-page\" data-elementor-id=\"75517\" class=\"elementor elementor-75517\">\n\t\t\t\t<div class=\"wd-negative-gap elementor-element elementor-element-7e8019a e-flex e-con-boxed e-con e-parent\" data-id=\"7e8019a\" data-element_type=\"container\">\n\t\t\t\t\t<div class=\"e-con-inner\">\n\t\t\t\t<div class=\"elementor-element elementor-element-174b5d8 elementor-widget elementor-widget-wd_text_block\" data-id=\"174b5d8\" data-element_type=\"widget\" data-widget_type=\"wd_text_block.default\">\n\t\t\t\t<div class=\"elementor-widget-container\">\n\t\t\t\t\t\t\t<div class=\"wd-text-block reset-last-child text-left\">\n\t\t\t\n\t\t\t<div id=\"inner_content-1-48\" class=\"ct-inner-content\"><img decoding=\"async\" id=\"image-4-14749\" alt=\"\" src=\"https:\/\/casanha.s3-accelerate.amazonaws.com\/2022\/03\/CasanhaDay16354-scaled.jpg\" class=\"ct-image\" data-src=\"https:\/\/casanha.s3-accelerate.amazonaws.com\/2022\/03\/CasanhaDay16354-scaled.jpg\" loading=\"lazy\"><div id=\"text_block-6-14749\" class=\"ct-text-block\">Casanh\u00e0 l\u00e0 n\u01a1i quy t\u1ee5 nh\u1eefng con ng\u01b0\u1eddi t\u00e0i n\u0103ng nh\u1ea5t trong ng\u00e0nh n\u1ed9i th\u1ea5t v\u00e0 trang tr\u00ed n\u1ed9i th\u1ea5t t\u1ea1i Vi\u1ec7t Nam. <br><br>V\u1edbi truy\u1ec1n th\u1ed1ng nu\u00f4i d\u01b0\u1ee1ng v\u0103n h\u00f3a s\u00e1ng t\u1ea1o v\u1edbi tr\u1ecdng t\u00e2m l\u00e0 giao ti\u1ebfp v\u00e0 c\u1ed9ng t\u00e1c gi\u1eefa c\u00e1c th\u00e0nh vi\u00ean v\u1edbi nhau. Team c\u00f9ng l\u00e0m vi\u1ec7c v\u00e0 \u0111\u01b0a \u00fd t\u01b0\u1edfng v\u00e0o th\u1ef1c t\u1ebf v\u00e0 t\u1eadn t\u00e2m truy\u1ec1n c\u1ea3m h\u1ee9ng cho c\u00e1c v\u1ecb kh\u00e1ch c\u1ee7a Casanh\u00e0 qua c\u00e1c s\u1ea3n ph\u1ea9m, ho\u1ea1t \u0111\u1ed9ng b\u00e1n h\u00e0ng v\u00e0 tr\u01b0ng b\u00e0y. <br><br>N\u1ebfu b\u1ea1n mu\u1ed1n tham gia team s\u00e1ng t\u1ea1o n\u00e0y, Casanh\u00e0 mu\u1ed1n g\u1eb7p b\u1ea1n!<br>-<br>Casanh\u00e0 is home to the most talented people in the home furniture &amp; interior decor industry. <br><br>Our store fosters a creative culture with an emphasis on communication and collaboration. Our teams love bringing their ideas to life and are dedicated to inspiring our devoted customers through products, merchandising, and display. <br><br>If you want to join this community of creatives, we want to meet you!<br><br><\/div><div id=\"text_block-5-14749\" class=\"ct-text-block\"><b>C\u00d4NG TY TNHH CASANH\u00c0 TUY\u1ec2N D\u1ee4NG<br><\/b><br><b>[V\u1ecb tr\u00ed\/ Position] Nh\u00e2n vi\u00ean b\u00e1n h\u00e0ng - Sales Associate&nbsp;<\/b><br>Xem th\u00f4ng tin chi ti\u1ebft\/ View details - <a href=\"https:\/\/drive.google.com\/file\/d\/15NRG7Nh8JTlRhZPt-GqKBFm-zGbAKPP4\/view?usp=sharing\">T\u1ea1i \u0111\u00e2y\/Here<\/a><br><br>-----------------------<br>\u1ee8ng vi\u00ean quan t\u00e2m vui l\u00f2ng g\u1eedi CV v\u1ec1 email info@casanha.com<br>Vui l\u00f2ng ghi r\u00f5: [H\u1ecc T\u00caN] [V\u1eca TR\u00cd \u1ee8NG TUY\u1ec2N]<br><br><\/div><\/div>\n\t\t\t\t\t<\/div>\n\t\t\t\t\t\t<\/div>\n\t\t\t\t<\/div>\n\t\t\t\t\t<\/div>\n\t\t\t\t<\/div>\n\t\t\t\t<\/div>\n\t\t","protected":false},"excerpt":{"rendered":"<p>Casanh\u00e0 l\u00e0 n\u01a1i quy t\u1ee5 nh\u1eefng con ng\u01b0\u1eddi t\u00e0i n\u0103ng nh\u1ea5t trong ng\u00e0nh n\u1ed9i th\u1ea5t v\u00e0 trang tr\u00ed n\u1ed9i th\u1ea5t<\/p>\n","protected":false},"author":1874,"featured_media":0,"parent":0,"menu_order":0,"comment_status":"closed","ping_status":"closed","template":"","meta":{"footnotes":""},"class_list":["post-75517","page","type-page","status-publish","hentry"],"yoast_head":"<!-- This site is optimized with the Yoast SEO plugin v27.1.1 - https:\/\/yoast.com\/product\/yoast-seo-wordpress\/ -->\n<title>C\u01a1 h\u1ed9i vi\u1ec7c l\u00e0m - Casanha<\/title>\n<meta name=\"robots\" content=\"index, follow, max-snippet:-1, max-image-preview:large, max-video-preview:-1\" \/>\n<link rel=\"canonical\" href=\"https:\/\/casanha.com\/en\/co-hoi-viec-lam\/\" \/>\n<meta property=\"og:locale\" content=\"en_US\" \/>\n<meta property=\"og:type\" content=\"article\" \/>\n<meta property=\"og:title\" content=\"C\u01a1 h\u1ed9i vi\u1ec7c l\u00e0m - Casanha\" \/>\n<meta property=\"og:description\" content=\"Casanh\u00e0 l\u00e0 n\u01a1i quy t\u1ee5 nh\u1eefng con ng\u01b0\u1eddi t\u00e0i n\u0103ng nh\u1ea5t trong ng\u00e0nh n\u1ed9i th\u1ea5t v\u00e0 trang tr\u00ed n\u1ed9i th\u1ea5t\" \/>\n<meta property=\"og:url\" content=\"https:\/\/casanha.com\/en\/co-hoi-viec-lam\/\" \/>\n<meta property=\"og:site_name\" content=\"Casanha\" \/>\n<meta property=\"article:publisher\" content=\"https:\/\/www.facebook.com\/CasanhaHome\" \/>\n<meta property=\"og:image\" content=\"https:\/\/casanha.com\/wp-content\/uploads\/2022\/03\/CasanhaDay16354-scaled.jpg\" \/>\n<meta name=\"twitter:card\" content=\"summary_large_image\" \/>\n<script type=\"application\/ld+json\" class=\"yoast-schema-graph\">{\"@context\":\"https:\/\/schema.org\",\"@graph\":[{\"@type\":\"WebPage\",\"@id\":\"https:\/\/casanha.com\/vi\/co-hoi-viec-lam\/\",\"url\":\"https:\/\/casanha.com\/vi\/co-hoi-viec-lam\/\",\"name\":\"C\u01a1 h\u1ed9i vi\u1ec7c l\u00e0m - Casanha\",\"isPartOf\":{\"@id\":\"https:\/\/casanha.com\/vi\/#website\"},\"primaryImageOfPage\":{\"@id\":\"https:\/\/casanha.com\/vi\/co-hoi-viec-lam\/#primaryimage\"},\"image\":{\"@id\":\"https:\/\/casanha.com\/vi\/co-hoi-viec-lam\/#primaryimage\"},\"thumbnailUrl\":\"https:\/\/casanha.com\/wp-content\/uploads\/2022\/03\/CasanhaDay16354-scaled.jpg\",\"datePublished\":\"2025-03-29T05:35:19+00:00\",\"breadcrumb\":{\"@id\":\"https:\/\/casanha.com\/vi\/co-hoi-viec-lam\/#breadcrumb\"},\"inLanguage\":\"en-US\",\"potentialAction\":[{\"@type\":\"ReadAction\",\"target\":[\"https:\/\/casanha.com\/vi\/co-hoi-viec-lam\/\"]}]},{\"@type\":\"ImageObject\",\"inLanguage\":\"en-US\",\"@id\":\"https:\/\/casanha.com\/vi\/co-hoi-viec-lam\/#primaryimage\",\"url\":\"https:\/\/casanha.com\/wp-content\/uploads\/2022\/03\/CasanhaDay16354-scaled.jpg\",\"contentUrl\":\"https:\/\/casanha.com\/wp-content\/uploads\/2022\/03\/CasanhaDay16354-scaled.jpg\"},{\"@type\":\"BreadcrumbList\",\"@id\":\"https:\/\/casanha.com\/vi\/co-hoi-viec-lam\/#breadcrumb\",\"itemListElement\":[{\"@type\":\"ListItem\",\"position\":1,\"name\":\"Home\",\"item\":\"https:\/\/casanha.com\/\"},{\"@type\":\"ListItem\",\"position\":2,\"name\":\"C\u01a1 h\u1ed9i vi\u1ec7c l\u00e0m\"}]},{\"@type\":\"WebSite\",\"@id\":\"https:\/\/casanha.com\/vi\/#website\",\"url\":\"https:\/\/casanha.com\/vi\/\",\"name\":\"Casanha\",\"description\":\"Home Decor &amp; Furniture\",\"publisher\":{\"@id\":\"https:\/\/casanha.com\/vi\/#organization\"},\"potentialAction\":[{\"@type\":\"SearchAction\",\"target\":{\"@type\":\"EntryPoint\",\"urlTemplate\":\"https:\/\/casanha.com\/vi\/?s={search_term_string}\"},\"query-input\":{\"@type\":\"PropertyValueSpecification\",\"valueRequired\":true,\"valueName\":\"search_term_string\"}}],\"inLanguage\":\"en-US\"},{\"@type\":\"Organization\",\"@id\":\"https:\/\/casanha.com\/vi\/#organization\",\"name\":\"Casanha\",\"url\":\"https:\/\/casanha.com\/vi\/\",\"logo\":{\"@type\":\"ImageObject\",\"inLanguage\":\"en-US\",\"@id\":\"https:\/\/casanha.com\/vi\/#\/schema\/logo\/image\/\",\"url\":\"https:\/\/casanha-beta.s3.ap-southeast-1.amazonaws.com\/2026\/02\/logo-2026.jpg\",\"contentUrl\":\"https:\/\/casanha-beta.s3.ap-southeast-1.amazonaws.com\/2026\/02\/logo-2026.jpg\",\"width\":1500,\"height\":1500,\"caption\":\"Casanha\"},\"image\":{\"@id\":\"https:\/\/casanha.com\/vi\/#\/schema\/logo\/image\/\"},\"sameAs\":[\"https:\/\/www.facebook.com\/CasanhaHome\",\"https:\/\/www.instagram.com\/casanhahome\/\",\"https:\/\/www.youtube.com\/@casanha\",\"https:\/\/www.tiktok.com\/@casanha.com\",\"https:\/\/zalo.me\/casanhahome\"]}]}<\/script>\n<!-- \/ Yoast SEO plugin. -->","yoast_head_json":{"title":"C\u01a1 h\u1ed9i vi\u1ec7c l\u00e0m - Casanha","robots":{"index":"index","follow":"follow","max-snippet":"max-snippet:-1","max-image-preview":"max-image-preview:large","max-video-preview":"max-video-preview:-1"},"canonical":"https:\/\/casanha.com\/en\/co-hoi-viec-lam\/","og_locale":"en_US","og_type":"article","og_title":"C\u01a1 h\u1ed9i vi\u1ec7c l\u00e0m - Casanha","og_description":"Casanh\u00e0 l\u00e0 n\u01a1i quy t\u1ee5 nh\u1eefng con ng\u01b0\u1eddi t\u00e0i n\u0103ng nh\u1ea5t trong ng\u00e0nh n\u1ed9i th\u1ea5t v\u00e0 trang tr\u00ed n\u1ed9i th\u1ea5t","og_url":"https:\/\/casanha.com\/en\/co-hoi-viec-lam\/","og_site_name":"Casanha","article_publisher":"https:\/\/www.facebook.com\/CasanhaHome","og_image":[{"url":"https:\/\/casanha.com\/wp-content\/uploads\/2022\/03\/CasanhaDay16354-scaled.jpg","type":"","width":"","height":""}],"twitter_card":"summary_large_image","schema":{"@context":"https:\/\/schema.org","@graph":[{"@type":"WebPage","@id":"https:\/\/casanha.com\/vi\/co-hoi-viec-lam\/","url":"https:\/\/casanha.com\/vi\/co-hoi-viec-lam\/","name":"C\u01a1 h\u1ed9i vi\u1ec7c l\u00e0m - Casanha","isPartOf":{"@id":"https:\/\/casanha.com\/vi\/#website"},"primaryImageOfPage":{"@id":"https:\/\/casanha.com\/vi\/co-hoi-viec-lam\/#primaryimage"},"image":{"@id":"https:\/\/casanha.com\/vi\/co-hoi-viec-lam\/#primaryimage"},"thumbnailUrl":"https:\/\/casanha.com\/wp-content\/uploads\/2022\/03\/CasanhaDay16354-scaled.jpg","datePublished":"2025-03-29T05:35:19+00:00","breadcrumb":{"@id":"https:\/\/casanha.com\/vi\/co-hoi-viec-lam\/#breadcrumb"},"inLanguage":"en-US","potentialAction":[{"@type":"ReadAction","target":["https:\/\/casanha.com\/vi\/co-hoi-viec-lam\/"]}]},{"@type":"ImageObject","inLanguage":"en-US","@id":"https:\/\/casanha.com\/vi\/co-hoi-viec-lam\/#primaryimage","url":"https:\/\/casanha.com\/wp-content\/uploads\/2022\/03\/CasanhaDay16354-scaled.jpg","contentUrl":"https:\/\/casanha.com\/wp-content\/uploads\/2022\/03\/CasanhaDay16354-scaled.jpg"},{"@type":"BreadcrumbList","@id":"https:\/\/casanha.com\/vi\/co-hoi-viec-lam\/#breadcrumb","itemListElement":[{"@type":"ListItem","position":1,"name":"Home","item":"https:\/\/casanha.com\/"},{"@type":"ListItem","position":2,"name":"C\u01a1 h\u1ed9i vi\u1ec7c l\u00e0m"}]},{"@type":"WebSite","@id":"https:\/\/casanha.com\/vi\/#website","url":"https:\/\/casanha.com\/vi\/","name":"Casanha","description":"Home Decor &amp; Furniture","publisher":{"@id":"https:\/\/casanha.com\/vi\/#organization"},"potentialAction":[{"@type":"SearchAction","target":{"@type":"EntryPoint","urlTemplate":"https:\/\/casanha.com\/vi\/?s={search_term_string}"},"query-input":{"@type":"PropertyValueSpecification","valueRequired":true,"valueName":"search_term_string"}}],"inLanguage":"en-US"},{"@type":"Organization","@id":"https:\/\/casanha.com\/vi\/#organization","name":"Casanha","url":"https:\/\/casanha.com\/vi\/","logo":{"@type":"ImageObject","inLanguage":"en-US","@id":"https:\/\/casanha.com\/vi\/#\/schema\/logo\/image\/","url":"https:\/\/casanha-beta.s3.ap-southeast-1.amazonaws.com\/2026\/02\/logo-2026.jpg","contentUrl":"https:\/\/casanha-beta.s3.ap-southeast-1.amazonaws.com\/2026\/02\/logo-2026.jpg","width":1500,"height":1500,"caption":"Casanha"},"image":{"@id":"https:\/\/casanha.com\/vi\/#\/schema\/logo\/image\/"},"sameAs":["https:\/\/www.facebook.com\/CasanhaHome","https:\/\/www.instagram.com\/casanhahome\/","https:\/\/www.youtube.com\/@casanha","https:\/\/www.tiktok.com\/@casanha.com","https:\/\/zalo.me\/casanhahome"]}]}},"_links":{"self":[{"href":"https:\/\/casanha.com\/en\/wp-json\/wp\/v2\/pages\/75517","targetHints":{"allow":["GET"]}}],"collection":[{"href":"https:\/\/casanha.com\/en\/wp-json\/wp\/v2\/pages"}],"about":[{"href":"https:\/\/casanha.com\/en\/wp-json\/wp\/v2\/types\/page"}],"author":[{"embeddable":true,"href":"https:\/\/casanha.com\/en\/wp-json\/wp\/v2\/users\/1874"}],"replies":[{"embeddable":true,"href":"https:\/\/casanha.com\/en\/wp-json\/wp\/v2\/comments?post=75517"}],"version-history":[{"count":0,"href":"https:\/\/casanha.com\/en\/wp-json\/wp\/v2\/pages\/75517\/revisions"}],"wp:attachment":[{"href":"https:\/\/casanha.com\/en\/wp-json\/wp\/v2\/media?parent=75517"}],"curies":[{"name":"wp","href":"https:\/\/api.w.org\/{rel}","templated":true}]}}