{"id":75516,"date":"2025-03-29T12:24:38","date_gmt":"2025-03-29T05:24:38","guid":{"rendered":"http:\/\/casanha.test\/?page_id=72412"},"modified":"2025-03-29T12:24:38","modified_gmt":"2025-03-29T05:24:38","slug":"fsc-certified","status":"publish","type":"page","link":"https:\/\/casanha.com\/en\/fsc-certified\/","title":{"rendered":"CH\u1ee8NG NH\u1eacN H\u1ed8I \u0110\u1ed2NG QU\u1ea2N L\u00dd R\u1eeaNG &#8211; FSC\u00ae"},"content":{"rendered":"\t\t<div data-elementor-type=\"wp-page\" data-elementor-id=\"75516\" class=\"elementor elementor-75516\">\n\t\t\t\t<div class=\"wd-negative-gap elementor-element elementor-element-7f68f03 e-flex e-con-boxed e-con e-parent\" data-id=\"7f68f03\" data-element_type=\"container\">\n\t\t\t\t\t<div class=\"e-con-inner\">\n\t\t<div class=\"elementor-element elementor-element-b78aaec e-con-full e-flex e-con e-child\" data-id=\"b78aaec\" data-element_type=\"container\" data-settings=\"{&quot;background_background&quot;:&quot;classic&quot;}\">\n\t\t\t\t<div class=\"elementor-element elementor-element-bdd4209 elementor-position-top elementor-widget elementor-widget-image-box\" data-id=\"bdd4209\" data-element_type=\"widget\" data-widget_type=\"image-box.default\">\n\t\t\t\t<div class=\"elementor-widget-container\">\n\t\t\t\t\t<div class=\"elementor-image-box-wrapper\"><figure class=\"elementor-image-box-img\"><img decoding=\"async\" src=\"https:\/\/casanha-beta.s3.ap-southeast-1.amazonaws.com\/2022\/11\/forest-icon.png\" title=\"\" alt=\"\" loading=\"lazy\" \/><\/figure><\/div>\t\t\t\t<\/div>\n\t\t\t\t<\/div>\n\t\t\t\t<div class=\"elementor-element elementor-element-6f75852 elementor-widget elementor-widget-heading\" data-id=\"6f75852\" data-element_type=\"widget\" data-widget_type=\"heading.default\">\n\t\t\t\t<div class=\"elementor-widget-container\">\n\t\t\t\t\t<h2 class=\"elementor-heading-title elementor-size-default\">Qu\u1ea3n l\u00fd v\u00e0 ch\u0103m s\u00f3c r\u1eebng b\u1ec1n v\u1eefng<\/h2>\t\t\t\t<\/div>\n\t\t\t\t<\/div>\n\t\t\t\t<\/div>\n\t\t<div class=\"elementor-element elementor-element-a94111a e-con-full e-flex e-con e-child\" data-id=\"a94111a\" data-element_type=\"container\">\n\t\t<div class=\"elementor-element elementor-element-f989807 e-con-full e-flex e-con e-child\" data-id=\"f989807\" data-element_type=\"container\">\n\t\t<div class=\"elementor-element elementor-element-d870708 e-con-full e-flex e-con e-child\" data-id=\"d870708\" data-element_type=\"container\" data-settings=\"{&quot;background_background&quot;:&quot;classic&quot;}\">\n\t\t\t\t<div class=\"elementor-element elementor-element-885ae67 elementor-position-top elementor-widget elementor-widget-image-box\" data-id=\"885ae67\" data-element_type=\"widget\" data-widget_type=\"image-box.default\">\n\t\t\t\t<div class=\"elementor-widget-container\">\n\t\t\t\t\t<div class=\"elementor-image-box-wrapper\"><figure class=\"elementor-image-box-img\"><img decoding=\"async\" src=\"https:\/\/casanha-beta.s3.ap-southeast-1.amazonaws.com\/2022\/11\/trees.png\" title=\"\" alt=\"\" loading=\"lazy\" \/><\/figure><\/div>\t\t\t\t<\/div>\n\t\t\t\t<\/div>\n\t\t\t\t<div class=\"elementor-element elementor-element-818c922 elementor-widget elementor-widget-wd_text_block\" data-id=\"818c922\" data-element_type=\"widget\" data-widget_type=\"wd_text_block.default\">\n\t\t\t\t<div class=\"elementor-widget-container\">\n\t\t\t\t\t\t\t<div class=\"wd-text-block reset-last-child text-left\">\n\t\t\t\n\t\t\t<p style=\"text-align: center;\"><strong>QU\u1ea2N L\u00dd R\u1eeaNG FSC\u00ae<\/strong><\/p>\n\t\t\t\t\t<\/div>\n\t\t\t\t\t\t<\/div>\n\t\t\t\t<\/div>\n\t\t\t\t<div class=\"elementor-element elementor-element-35df4ed elementor-widget elementor-widget-wd_text_block\" data-id=\"35df4ed\" data-element_type=\"widget\" data-widget_type=\"wd_text_block.default\">\n\t\t\t\t<div class=\"elementor-widget-container\">\n\t\t\t\t\t\t\t<div class=\"wd-text-block reset-last-child text-left\">\n\t\t\t\n\t\t\t<p style=\"text-align: center;\">Ch\u1ee9ng ch\u1ec9 qu\u1ea3n l\u00fd r\u1eebng FSC\u00ae d\u00e0nh cho c\u00e1c c\u00f4ng ty qu\u1ea3n l\u00fd ho\u1eb7c s\u1edf h\u1eefu t\u00e0i nguy\u00ean r\u1eebng v\u00e0 mu\u1ed1n thi\u1ebft l\u1eadp v\u00e0 truy\u1ec1n \u0111\u1ea1t t\u00ednh th\u1ef1c h\u00e0nh c\u00f3 tr\u00e1ch nhi\u1ec7m c\u1ee7a h\u1ecd t\u1edbi ng\u01b0\u1eddi ti\u00eau d\u00f9ng.<\/p><p style=\"text-align: center;\">C\u00e1c nh\u00e0 qu\u1ea3n l\u00fd r\u1eebng mu\u1ed1n tr\u1edf th\u00e0nh \u0111\u01a1n v\u1ecb \u0111\u01b0\u1ee3c ch\u1ee9ng nh\u1eadn FSC\u00ae c\u0169ng ph\u1ea3i \u0111\u1ea1t \u0111\u01b0\u1ee3c Ch\u1ee9ng nh\u1eadn chu\u1ed7i h\u00e0nh tr\u00ecnh s\u1ea3n ph\u1ea9m FSC\u00ae \u0111\u1ec3 b\u00e1n s\u1ea3n ph\u1ea9m.<\/p>\n\t\t\t\t\t<\/div>\n\t\t\t\t\t\t<\/div>\n\t\t\t\t<\/div>\n\t\t\t\t<\/div>\n\t\t<div class=\"elementor-element elementor-element-e443429 e-con-full e-flex e-con e-child\" data-id=\"e443429\" data-element_type=\"container\" data-settings=\"{&quot;background_background&quot;:&quot;classic&quot;}\">\n\t\t\t\t<div class=\"elementor-element elementor-element-a222064 elementor-position-top elementor-widget elementor-widget-image-box\" data-id=\"a222064\" data-element_type=\"widget\" data-widget_type=\"image-box.default\">\n\t\t\t\t<div class=\"elementor-widget-container\">\n\t\t\t\t\t<div class=\"elementor-image-box-wrapper\"><figure class=\"elementor-image-box-img\"><img decoding=\"async\" src=\"https:\/\/casanha-beta.s3.ap-southeast-1.amazonaws.com\/2022\/11\/tree-stump.png\" title=\"\" alt=\"\" loading=\"lazy\" \/><\/figure><\/div>\t\t\t\t<\/div>\n\t\t\t\t<\/div>\n\t\t\t\t<div class=\"elementor-element elementor-element-0436cc8 elementor-widget elementor-widget-wd_text_block\" data-id=\"0436cc8\" data-element_type=\"widget\" data-widget_type=\"wd_text_block.default\">\n\t\t\t\t<div class=\"elementor-widget-container\">\n\t\t\t\t\t\t\t<div class=\"wd-text-block reset-last-child text-left\">\n\t\t\t\n\t\t\t<p style=\"text-align: center;\"><strong>CHU\u1ed6I CH\u0102M S\u00d3C R\u1eeaNG FSC\u00ae<\/strong><\/p>\n\t\t\t\t\t<\/div>\n\t\t\t\t\t\t<\/div>\n\t\t\t\t<\/div>\n\t\t\t\t<div class=\"elementor-element elementor-element-b565fc2 elementor-widget elementor-widget-wd_text_block\" data-id=\"b565fc2\" data-element_type=\"widget\" data-widget_type=\"wd_text_block.default\">\n\t\t\t\t<div class=\"elementor-widget-container\">\n\t\t\t\t\t\t\t<div class=\"wd-text-block reset-last-child text-left\">\n\t\t\t\n\t\t\t<p style=\"text-align: center;\">Ch\u1ee9ng nh\u1eadn Chu\u1ed7i h\u00e0nh tr\u00ecnh s\u1ea3n ph\u1ea9m FSC\u00ae d\u00e0nh cho b\u1ea5t k\u1ef3 c\u00f4ng ty n\u00e0o x\u1eed l\u00fd ho\u1eb7c s\u1eed d\u1ee5ng l\u00e2m s\u1ea3n \u0111\u01b0\u1ee3c ch\u1ee9ng nh\u1eadn FSC\u00ae (nh\u00e0 s\u1ea3n xu\u1ea5t n\u1ed9i th\u1ea5t, nh\u00e0 xu\u1ea5t b\u1ea3n, ng\u00e0nh c\u00f4ng nghi\u1ec7p b\u1ed9t gi\u1ea5y v\u00e0 t\u1ea5t c\u1ea3 c\u00e1c s\u1ea3n ph\u1ea9m g\u1ed7 kh\u00e1c) \u0111\u1ec3 ch\u1ee9ng th\u1ef1c truy xu\u1ea5t ngu\u1ed3n g\u1ed1c v\u00e0 h\u1ee3p ph\u00e1p c\u1ee7a g\u1ed7 v\u00e0 c\u00f3 th\u1ec3 s\u1eed d\u1ee5ng nh\u00e3n hi\u1ec7u FSC\u00ae .<\/p>\n\t\t\t\t\t<\/div>\n\t\t\t\t\t\t<\/div>\n\t\t\t\t<\/div>\n\t\t\t\t<\/div>\n\t\t\t\t<\/div>\n\t\t<div class=\"elementor-element elementor-element-52bc2b2 e-con-full e-flex e-con e-child\" data-id=\"52bc2b2\" data-element_type=\"container\">\n\t\t\t\t<div class=\"elementor-element elementor-element-3e796bd elementor-widget elementor-widget-image\" data-id=\"3e796bd\" data-element_type=\"widget\" data-widget_type=\"image.default\">\n\t\t\t\t<div class=\"elementor-widget-container\">\n\t\t\t\t\t\t\t\t\t\t\t\t\t\t\t<img decoding=\"async\" src=\"https:\/\/casanha-beta.s3.ap-southeast-1.amazonaws.com\/2022\/11\/fsc-mark.png\" title=\"\" alt=\"\" loading=\"lazy\" \/>\t\t\t\t\t\t\t\t\t\t\t\t\t\t\t<\/div>\n\t\t\t\t<\/div>\n\t\t\t\t<\/div>\n\t\t<div class=\"elementor-element elementor-element-c22ef19 e-con-full e-flex e-con e-child\" data-id=\"c22ef19\" data-element_type=\"container\">\n\t\t\t\t<div class=\"elementor-element elementor-element-6842a57 elementor-widget elementor-widget-wd_text_block\" data-id=\"6842a57\" data-element_type=\"widget\" data-widget_type=\"wd_text_block.default\">\n\t\t\t\t<div class=\"elementor-widget-container\">\n\t\t\t\t\t\t\t<div class=\"wd-text-block reset-last-child text-left\">\n\t\t\t\n\t\t\t<h1>H\u1ed9i \u0111\u1ed3ng Qu\u1ea3n l\u00fd R\u1eebng\u00ae (FSC\u00ae)<\/h1><p>H\u1ed9i \u0111\u1ed3ng Qu\u1ea3n l\u00fd R\u1eebng\u00ae (FSC\u00ae) l\u00e0 m\u1ed9t t\u1ed5 ch\u1ee9c phi ch\u00ednh ph\u1ee7 \u0111\u1ed9c l\u1eadp \u0111\u01b0\u1ee3c th\u00e0nh l\u1eadp \u0111\u1ec3 \u0111\u00e1p \u1ee9ng m\u1ed1i lo ng\u1ea1i ng\u00e0y c\u00e0ng t\u0103ng \u0111\u1ed1i v\u1edbi n\u1ea1n ph\u00e1 r\u1eebng.<\/p><p>\u0110\u01b0\u1ee3c th\u00e0nh l\u1eadp v\u00e0o n\u0103m 1993, ng\u00e0y nay n\u00f3 \u0111\u01b0\u1ee3c c\u00f4ng nh\u1eadn tr\u00ean to\u00e0n c\u1ea7u v\u1ec1 vi\u1ec7c th\u00fac \u0111\u1ea9y ch\u1ee9ng nh\u1eadn r\u1eebng.<\/p><p>Ch\u1ee9ng ch\u1ec9 FSC\u00ae l\u00e0 m\u1ed9t ti\u00eau chu\u1ea9n t\u1ef1 nguy\u1ec7n nh\u1eb1m h\u1ed7 tr\u1ee3 qu\u1ea3n l\u00fd r\u1eebng c\u00f3 tr\u00e1ch nhi\u1ec7m tr\u00ean ph\u1ea1m vi to\u00e0n c\u1ea7u.<\/p><p>T\u1ea5t c\u1ea3 c\u00e1c l\u00e2m s\u1ea3n \u0111\u01b0\u1ee3c ch\u1ee9ng nh\u1eadn FSC\u00ae \u0111\u00e3 \u0111\u01b0\u1ee3c x\u00e1c minh trong to\u00e0n b\u1ed9 chu\u1ed7i cung \u1ee9ng c\u1ee7a h\u1ecd - t\u1eeb ngu\u1ed3n g\u1ed1c \u0111\u1ebfn \u0111i\u1ec3m \u0111\u1ebfn cu\u1ed1i c\u00f9ng<\/p>\n\t\t\t\t\t<\/div>\n\t\t\t\t\t\t<\/div>\n\t\t\t\t<\/div>\n\t\t\t\t<\/div>\n\t\t\t\t<\/div>\n\t\t\t\t\t<\/div>\n\t\t\t\t<\/div>\n\t\t\t\t<\/div>\n\t\t","protected":false},"excerpt":{"rendered":"<p>Qu\u1ea3n l\u00fd v\u00e0 ch\u0103m s\u00f3c r\u1eebng b\u1ec1n v\u1eefng QU\u1ea2N L\u00dd R\u1eeaNG FSC\u00ae Ch\u1ee9ng ch\u1ec9 qu\u1ea3n l\u00fd r\u1eebng FSC\u00ae d\u00e0nh cho<\/p>\n","protected":false},"author":1874,"featured_media":0,"parent":0,"menu_order":0,"comment_status":"closed","ping_status":"closed","template":"","meta":{"footnotes":""},"class_list":["post-75516","page","type-page","status-publish","hentry"],"yoast_head":"<!-- This site is optimized with the Yoast SEO plugin v27.1.1 - https:\/\/yoast.com\/product\/yoast-seo-wordpress\/ -->\n<title>CH\u1ee8NG NH\u1eacN H\u1ed8I \u0110\u1ed2NG QU\u1ea2N L\u00dd R\u1eeaNG - FSC\u00ae - Casanha<\/title>\n<meta name=\"robots\" content=\"index, follow, max-snippet:-1, max-image-preview:large, max-video-preview:-1\" \/>\n<link rel=\"canonical\" href=\"https:\/\/casanha.com\/en\/fsc-certified\/\" \/>\n<meta property=\"og:locale\" content=\"en_US\" \/>\n<meta property=\"og:type\" content=\"article\" \/>\n<meta property=\"og:title\" content=\"CH\u1ee8NG NH\u1eacN H\u1ed8I \u0110\u1ed2NG QU\u1ea2N L\u00dd R\u1eeaNG - FSC\u00ae - Casanha\" \/>\n<meta property=\"og:description\" content=\"Qu\u1ea3n l\u00fd v\u00e0 ch\u0103m s\u00f3c r\u1eebng b\u1ec1n v\u1eefng QU\u1ea2N L\u00dd R\u1eeaNG FSC\u00ae Ch\u1ee9ng ch\u1ec9 qu\u1ea3n l\u00fd r\u1eebng FSC\u00ae d\u00e0nh cho\" \/>\n<meta property=\"og:url\" content=\"https:\/\/casanha.com\/en\/fsc-certified\/\" \/>\n<meta property=\"og:site_name\" content=\"Casanha\" \/>\n<meta property=\"article:publisher\" content=\"https:\/\/www.facebook.com\/CasanhaHome\" \/>\n<meta property=\"og:image\" content=\"https:\/\/casanha.com\/wp-content\/uploads\/2022\/11\/forest-icon.png\" \/>\n<meta name=\"twitter:card\" content=\"summary_large_image\" \/>\n<script type=\"application\/ld+json\" class=\"yoast-schema-graph\">{\"@context\":\"https:\/\/schema.org\",\"@graph\":[{\"@type\":\"WebPage\",\"@id\":\"https:\/\/casanha.com\/fsc-certified\/\",\"url\":\"https:\/\/casanha.com\/fsc-certified\/\",\"name\":\"CH\u1ee8NG NH\u1eacN H\u1ed8I \u0110\u1ed2NG QU\u1ea2N L\u00dd R\u1eeaNG - FSC\u00ae - Casanha\",\"isPartOf\":{\"@id\":\"https:\/\/casanha.com\/vi\/#website\"},\"primaryImageOfPage\":{\"@id\":\"https:\/\/casanha.com\/fsc-certified\/#primaryimage\"},\"image\":{\"@id\":\"https:\/\/casanha.com\/fsc-certified\/#primaryimage\"},\"thumbnailUrl\":\"https:\/\/casanha.com\/wp-content\/uploads\/2022\/11\/forest-icon.png\",\"datePublished\":\"2025-03-29T05:24:38+00:00\",\"breadcrumb\":{\"@id\":\"https:\/\/casanha.com\/fsc-certified\/#breadcrumb\"},\"inLanguage\":\"en-US\",\"potentialAction\":[{\"@type\":\"ReadAction\",\"target\":[\"https:\/\/casanha.com\/fsc-certified\/\"]}]},{\"@type\":\"ImageObject\",\"inLanguage\":\"en-US\",\"@id\":\"https:\/\/casanha.com\/fsc-certified\/#primaryimage\",\"url\":\"https:\/\/casanha.com\/wp-content\/uploads\/2022\/11\/forest-icon.png\",\"contentUrl\":\"https:\/\/casanha.com\/wp-content\/uploads\/2022\/11\/forest-icon.png\"},{\"@type\":\"BreadcrumbList\",\"@id\":\"https:\/\/casanha.com\/fsc-certified\/#breadcrumb\",\"itemListElement\":[{\"@type\":\"ListItem\",\"position\":1,\"name\":\"Home\",\"item\":\"https:\/\/casanha.com\/\"},{\"@type\":\"ListItem\",\"position\":2,\"name\":\"CH\u1ee8NG NH\u1eacN H\u1ed8I \u0110\u1ed2NG QU\u1ea2N L\u00dd R\u1eeaNG &#8211; FSC\u00ae\"}]},{\"@type\":\"WebSite\",\"@id\":\"https:\/\/casanha.com\/vi\/#website\",\"url\":\"https:\/\/casanha.com\/vi\/\",\"name\":\"Casanha\",\"description\":\"Home Decor &amp; Furniture\",\"publisher\":{\"@id\":\"https:\/\/casanha.com\/vi\/#organization\"},\"potentialAction\":[{\"@type\":\"SearchAction\",\"target\":{\"@type\":\"EntryPoint\",\"urlTemplate\":\"https:\/\/casanha.com\/vi\/?s={search_term_string}\"},\"query-input\":{\"@type\":\"PropertyValueSpecification\",\"valueRequired\":true,\"valueName\":\"search_term_string\"}}],\"inLanguage\":\"en-US\"},{\"@type\":\"Organization\",\"@id\":\"https:\/\/casanha.com\/vi\/#organization\",\"name\":\"Casanha\",\"url\":\"https:\/\/casanha.com\/vi\/\",\"logo\":{\"@type\":\"ImageObject\",\"inLanguage\":\"en-US\",\"@id\":\"https:\/\/casanha.com\/vi\/#\/schema\/logo\/image\/\",\"url\":\"https:\/\/casanha-beta.s3.ap-southeast-1.amazonaws.com\/2026\/02\/logo-2026.jpg\",\"contentUrl\":\"https:\/\/casanha-beta.s3.ap-southeast-1.amazonaws.com\/2026\/02\/logo-2026.jpg\",\"width\":1500,\"height\":1500,\"caption\":\"Casanha\"},\"image\":{\"@id\":\"https:\/\/casanha.com\/vi\/#\/schema\/logo\/image\/\"},\"sameAs\":[\"https:\/\/www.facebook.com\/CasanhaHome\",\"https:\/\/www.instagram.com\/casanhahome\/\",\"https:\/\/www.youtube.com\/@casanha\",\"https:\/\/www.tiktok.com\/@casanha.com\",\"https:\/\/zalo.me\/casanhahome\"]}]}<\/script>\n<!-- \/ Yoast SEO plugin. -->","yoast_head_json":{"title":"CH\u1ee8NG NH\u1eacN H\u1ed8I \u0110\u1ed2NG QU\u1ea2N L\u00dd R\u1eeaNG - FSC\u00ae - Casanha","robots":{"index":"index","follow":"follow","max-snippet":"max-snippet:-1","max-image-preview":"max-image-preview:large","max-video-preview":"max-video-preview:-1"},"canonical":"https:\/\/casanha.com\/en\/fsc-certified\/","og_locale":"en_US","og_type":"article","og_title":"CH\u1ee8NG NH\u1eacN H\u1ed8I \u0110\u1ed2NG QU\u1ea2N L\u00dd R\u1eeaNG - FSC\u00ae - Casanha","og_description":"Qu\u1ea3n l\u00fd v\u00e0 ch\u0103m s\u00f3c r\u1eebng b\u1ec1n v\u1eefng QU\u1ea2N L\u00dd R\u1eeaNG FSC\u00ae Ch\u1ee9ng ch\u1ec9 qu\u1ea3n l\u00fd r\u1eebng FSC\u00ae d\u00e0nh cho","og_url":"https:\/\/casanha.com\/en\/fsc-certified\/","og_site_name":"Casanha","article_publisher":"https:\/\/www.facebook.com\/CasanhaHome","og_image":[{"url":"https:\/\/casanha.com\/wp-content\/uploads\/2022\/11\/forest-icon.png","type":"","width":"","height":""}],"twitter_card":"summary_large_image","schema":{"@context":"https:\/\/schema.org","@graph":[{"@type":"WebPage","@id":"https:\/\/casanha.com\/fsc-certified\/","url":"https:\/\/casanha.com\/fsc-certified\/","name":"CH\u1ee8NG NH\u1eacN H\u1ed8I \u0110\u1ed2NG QU\u1ea2N L\u00dd R\u1eeaNG - FSC\u00ae - Casanha","isPartOf":{"@id":"https:\/\/casanha.com\/vi\/#website"},"primaryImageOfPage":{"@id":"https:\/\/casanha.com\/fsc-certified\/#primaryimage"},"image":{"@id":"https:\/\/casanha.com\/fsc-certified\/#primaryimage"},"thumbnailUrl":"https:\/\/casanha.com\/wp-content\/uploads\/2022\/11\/forest-icon.png","datePublished":"2025-03-29T05:24:38+00:00","breadcrumb":{"@id":"https:\/\/casanha.com\/fsc-certified\/#breadcrumb"},"inLanguage":"en-US","potentialAction":[{"@type":"ReadAction","target":["https:\/\/casanha.com\/fsc-certified\/"]}]},{"@type":"ImageObject","inLanguage":"en-US","@id":"https:\/\/casanha.com\/fsc-certified\/#primaryimage","url":"https:\/\/casanha.com\/wp-content\/uploads\/2022\/11\/forest-icon.png","contentUrl":"https:\/\/casanha.com\/wp-content\/uploads\/2022\/11\/forest-icon.png"},{"@type":"BreadcrumbList","@id":"https:\/\/casanha.com\/fsc-certified\/#breadcrumb","itemListElement":[{"@type":"ListItem","position":1,"name":"Home","item":"https:\/\/casanha.com\/"},{"@type":"ListItem","position":2,"name":"CH\u1ee8NG NH\u1eacN H\u1ed8I \u0110\u1ed2NG QU\u1ea2N L\u00dd R\u1eeaNG &#8211; FSC\u00ae"}]},{"@type":"WebSite","@id":"https:\/\/casanha.com\/vi\/#website","url":"https:\/\/casanha.com\/vi\/","name":"Casanha","description":"Home Decor &amp; Furniture","publisher":{"@id":"https:\/\/casanha.com\/vi\/#organization"},"potentialAction":[{"@type":"SearchAction","target":{"@type":"EntryPoint","urlTemplate":"https:\/\/casanha.com\/vi\/?s={search_term_string}"},"query-input":{"@type":"PropertyValueSpecification","valueRequired":true,"valueName":"search_term_string"}}],"inLanguage":"en-US"},{"@type":"Organization","@id":"https:\/\/casanha.com\/vi\/#organization","name":"Casanha","url":"https:\/\/casanha.com\/vi\/","logo":{"@type":"ImageObject","inLanguage":"en-US","@id":"https:\/\/casanha.com\/vi\/#\/schema\/logo\/image\/","url":"https:\/\/casanha-beta.s3.ap-southeast-1.amazonaws.com\/2026\/02\/logo-2026.jpg","contentUrl":"https:\/\/casanha-beta.s3.ap-southeast-1.amazonaws.com\/2026\/02\/logo-2026.jpg","width":1500,"height":1500,"caption":"Casanha"},"image":{"@id":"https:\/\/casanha.com\/vi\/#\/schema\/logo\/image\/"},"sameAs":["https:\/\/www.facebook.com\/CasanhaHome","https:\/\/www.instagram.com\/casanhahome\/","https:\/\/www.youtube.com\/@casanha","https:\/\/www.tiktok.com\/@casanha.com","https:\/\/zalo.me\/casanhahome"]}]}},"_links":{"self":[{"href":"https:\/\/casanha.com\/en\/wp-json\/wp\/v2\/pages\/75516","targetHints":{"allow":["GET"]}}],"collection":[{"href":"https:\/\/casanha.com\/en\/wp-json\/wp\/v2\/pages"}],"about":[{"href":"https:\/\/casanha.com\/en\/wp-json\/wp\/v2\/types\/page"}],"author":[{"embeddable":true,"href":"https:\/\/casanha.com\/en\/wp-json\/wp\/v2\/users\/1874"}],"replies":[{"embeddable":true,"href":"https:\/\/casanha.com\/en\/wp-json\/wp\/v2\/comments?post=75516"}],"version-history":[{"count":0,"href":"https:\/\/casanha.com\/en\/wp-json\/wp\/v2\/pages\/75516\/revisions"}],"wp:attachment":[{"href":"https:\/\/casanha.com\/en\/wp-json\/wp\/v2\/media?parent=75516"}],"curies":[{"name":"wp","href":"https:\/\/api.w.org\/{rel}","templated":true}]}}